{"id":1345,"date":"2024-06-10T20:00:59","date_gmt":"2024-06-10T18:00:59","guid":{"rendered":"https:\/\/agora.xtec.cat\/cfacanbatllo\/?page_id=1345"},"modified":"2024-12-30T21:57:35","modified_gmt":"2024-12-30T20:57:35","slug":"preparacio-proves-daptitud-personal-pap","status":"publish","type":"page","link":"https:\/\/agora.xtec.cat\/cfacanbatllo\/ensenyaments\/ensenyaments-per-a-la-preparacio-de-proves-dacces\/preparacio-proves-daptitud-personal-pap\/","title":{"rendered":"Preparaci\u00f3 proves d\u2019aptitud personal (PAP)"},"content":{"rendered":"<p style=\"text-align: justify;\">Per a l&#8217;admissi\u00f3 a alguns estudis de grau de les universitats de Catalunya, es demana com a requisit superar una prova d&#8217;aptitud personal (PAP).<\/p>\n<h4>CURS 2024-2025<\/h4>\n<p style=\"text-align: justify;\">El <strong>CFA Can Batll\u00f3<\/strong> ofereix la preparaci\u00f3 a la PAP dels graus en <strong>Educaci\u00f3 infantil <\/strong>i en<strong> Educaci\u00f3 prim\u00e0ria<\/strong> en modalitat presencial a partir del mes de gener fins a la convocat\u00f2ria de la prova, el mes d\u2019abril.<\/p>\n<ul>\n<li style=\"list-style-type: none;\">\n<ul>\n<li><strong>SESSI\u00d3 INFORMATIVA:<\/strong>\u00a0 Casal de Joves de les Corts (C\/ Dolors Masferrer i Bosch, 33-35). 21 de gener de 18:30 a 20:00h.<\/li>\n<\/ul>\n<\/li>\n<li style=\"list-style-type: none;\">\n<ul>\n<li><strong>INSCRIPCI\u00d3 CURS DE PREPARACI\u00d3:<\/strong>\u00a0 CFA Can Batll\u00f3, del 9 al 28 de gener. Secretaria del centre.\n<ul>\n<li style=\"list-style-type: none;\">\n<ul>\n<li><strong>Els menors d&#8217;edat han de venir acompanyats del tutor legal i complimentar la seg\u00fcent documentaci\u00f3<\/strong>:\n<ul>\n<li style=\"list-style-type: none;\">\n<ul>\n<li style=\"list-style-type: none;\">\n<ul>\n<li style=\"list-style-type: none;\">\n<ul>\n<li style=\"list-style-type: none;\">\n<ul>\n<li style=\"list-style-type: none;\">\n<ul>\n<li><a href=\"https:\/\/drive.google.com\/file\/d\/1gixQu59WyuTqgZi2dsuMqc96ItP0ujrm\/view?usp=sharing\" target=\"_blank\" rel=\"noopener\">Autoritzaci\u00f3 a menors d&#8217;edat per cursar ensenyaments d&#8217;educaci\u00f3 d&#8217;adults.<\/a><\/li>\n<li><a href=\"https:\/\/drive.google.com\/file\/d\/1mSZqsD66QkxhVJWUUlNHNLVbrs_BICBp\/view?usp=sharing\" target=\"_blank\" rel=\"noopener\">Sol\u00b7licitud de menors d&#8217;edat per cursar ensenyaments d&#8217;educaci\u00f3 d&#8217;adults.<\/a><\/li>\n<\/ul>\n<\/li>\n<\/ul>\n<\/li>\n<\/ul>\n<\/li>\n<\/ul>\n<\/li>\n<\/ul>\n<\/li>\n<\/ul>\n<\/li>\n<\/ul>\n<\/li>\n<\/ul>\n<\/li>\n<\/ul>\n<\/li>\n<li style=\"list-style-type: none;\">\n<ul>\n<li><strong>HORARI D&#8217;INSCRIPCI\u00d3:\u00a0 <\/strong>De dilluns a divendres de 10:30 a 13:00h i dimecres de 16:00 a 18:00h.<\/li>\n<\/ul>\n<\/li>\n<li style=\"list-style-type: none;\">\n<ul>\n<li><strong>DURADA DEL CURS:\u00a0\u00a0<\/strong>del 29 de gener al 2 d&#8217;abril.<\/li>\n<\/ul>\n<\/li>\n<li style=\"list-style-type: none;\">\n<ul>\n<li><strong>ESTRUCTURA DEL CURS:<\/strong> els dimecres de 16:00 a 20:00h (10 sessions)\n<ul>\n<li style=\"list-style-type: none;\">\n<ul>\n<li style=\"list-style-type: none;\">\n<ul>\n<li>De 16:00h a 18:00h.\u00a0 Compet\u00e8ncia logicomatem\u00e0tica (CLOM).<\/li>\n<li>De 18:00h a 20:00h.\u00a0 \u00a0Compet\u00e8ncia comunicativa i raonament cr\u00edtic (CCIRC).<\/li>\n<\/ul>\n<\/li>\n<\/ul>\n<\/li>\n<\/ul>\n<\/li>\n<\/ul>\n<\/li>\n<li style=\"list-style-type: none;\">\n<ul>\n<li><strong>COST:<\/strong>\u00a0 35 \u20ac en concepte de material did\u00e0ctic.<\/li>\n<\/ul>\n<\/li>\n<\/ul>\n<h4><span style=\"font-size: 16px; font-weight: 400;\">Pots consultar m\u00e9s informaci\u00f3 sobre a\u00a0<\/span><a style=\"font-size: 16px; font-weight: 400;\" href=\"https:\/\/universitats.gencat.cat\/ca\/proves-acces-PAU-PAP\/sobre-proves-aptitud-personal\/pap-educacio-infantil-primaria\/\" target=\"_blank\" rel=\"noopener\">prova d\u2019aptitud personal (PAP)<\/a><\/h4>\n<p>&nbsp;<\/p>\n<p>&nbsp;<\/p>\n","protected":false},"excerpt":{"rendered":"<p>Per a l&#8217;admissi\u00f3 a alguns estudis de grau de les universitats de Catalunya, es demana com a requisit superar una prova d&#8217;aptitud personal (PAP).<br \/>\nCURS 2024-2025<br \/>\nEl CFA Can Batll\u00f3 ofereix la preparaci\u00f3 a la PAP dels graus en Educaci\u00f3 infantil i en Educaci\u00f3 prim\u00e0ria en modalitat&hellip;  <a href=\"https:\/\/agora.xtec.cat\/cfacanbatllo\/ensenyaments\/ensenyaments-per-a-la-preparacio-de-proves-dacces\/preparacio-proves-daptitud-personal-pap\/\" title=\"Read Preparaci\u00f3 proves d\u2019aptitud personal (PAP)\">Llegeix m\u00e9s\u00bb<\/a><\/p>\n","protected":false},"author":1,"featured_media":0,"parent":288,"menu_order":1,"comment_status":"closed","ping_status":"closed","template":"","meta":{"_bbp_topic_count":0,"_bbp_reply_count":0,"_bbp_total_topic_count":0,"_bbp_total_reply_count":0,"_bbp_voice_count":0,"_bbp_anonymous_reply_count":0,"_bbp_topic_count_hidden":0,"_bbp_reply_count_hidden":0,"_bbp_forum_subforum_count":0,"footnotes":""},"class_list":["post-1345","page","type-page","status-publish","hentry"],"post_mailing_queue_ids":[],"_links":{"self":[{"href":"https:\/\/agora.xtec.cat\/cfacanbatllo\/wp-json\/wp\/v2\/pages\/1345","targetHints":{"allow":["GET"]}}],"collection":[{"href":"https:\/\/agora.xtec.cat\/cfacanbatllo\/wp-json\/wp\/v2\/pages"}],"about":[{"href":"https:\/\/agora.xtec.cat\/cfacanbatllo\/wp-json\/wp\/v2\/types\/page"}],"author":[{"embeddable":true,"href":"https:\/\/agora.xtec.cat\/cfacanbatllo\/wp-json\/wp\/v2\/users\/1"}],"replies":[{"embeddable":true,"href":"https:\/\/agora.xtec.cat\/cfacanbatllo\/wp-json\/wp\/v2\/comments?post=1345"}],"version-history":[{"count":6,"href":"https:\/\/agora.xtec.cat\/cfacanbatllo\/wp-json\/wp\/v2\/pages\/1345\/revisions"}],"predecessor-version":[{"id":1687,"href":"https:\/\/agora.xtec.cat\/cfacanbatllo\/wp-json\/wp\/v2\/pages\/1345\/revisions\/1687"}],"up":[{"embeddable":true,"href":"https:\/\/agora.xtec.cat\/cfacanbatllo\/wp-json\/wp\/v2\/pages\/288"}],"wp:attachment":[{"href":"https:\/\/agora.xtec.cat\/cfacanbatllo\/wp-json\/wp\/v2\/media?parent=1345"}],"curies":[{"name":"wp","href":"https:\/\/api.w.org\/{rel}","templated":true}]}}