{"id":1125,"date":"2024-01-17T11:45:10","date_gmt":"2024-01-17T10:45:10","guid":{"rendered":"https:\/\/agora.xtec.cat\/cfacanbatllo\/?page_id=1125"},"modified":"2024-12-03T13:34:41","modified_gmt":"2024-12-03T12:34:41","slug":"horari-datencio-orientativa","status":"publish","type":"page","link":"https:\/\/agora.xtec.cat\/cfacanbatllo\/el-centre\/horari-datencio-orientativa\/","title":{"rendered":"Equip d&#8217;orientaci\u00f3"},"content":{"rendered":"<h5>Qu\u00e8 fem?<\/h5>\n<p>Som un servei d&#8217;orientaci\u00f3 acad\u00e8mica i professional que vol proporcionar informaci\u00f3 i recursos sobre sobre diversos \u00e0mbits relacionats amb les proves d&#8217;acc\u00e9s a grau superior i acc\u00e9s a la universitat per major de 25 anys i les sortides acad\u00e8miques i professionals.<\/p>\n<h5>Qui som?<\/h5>\n<p>Amparo Fern\u00e1ndez, Carme S\u00e1nchez, Rosa Rodrigo i Jose Becerra.<\/p>\n<h5>Horari d&#8217;atenci\u00f3 presencial<\/h5>\n<table style=\"width: 100%; border-collapse: collapse;\">\n<tbody>\n<tr>\n<td style=\"width: 33.3333%;\"><\/td>\n<td style=\"width: 33.3333%;\">Mat\u00ed<\/td>\n<td style=\"width: 33.3333%;\">Tarda<\/td>\n<\/tr>\n<tr>\n<td style=\"width: 33.3333%;\">Dilluns<\/td>\n<td style=\"width: 33.3333%;\">de 11:15 a 12:15 h<\/td>\n<td style=\"width: 33.3333%;\">de 17:30 a 18:30 h<\/td>\n<\/tr>\n<tr>\n<td style=\"width: 33.3333%;\">Dijous<\/td>\n<td style=\"width: 33.3333%;\">de 11:15 a 12:15 h<\/td>\n<td style=\"width: 33.3333%;\"><\/td>\n<\/tr>\n<\/tbody>\n<\/table>\n<ul>\n<li style=\"list-style-type: none;\">\n<ul>\n<li>Si tens dubtes sobre les assignatures que has escollit per fer les proves de grau superior o les d&#8217;acc\u00e9s universitat.<\/li>\n<li>Si encara no tens clar quina opci\u00f3 estudiar.<\/li>\n<li>Si consideres que no pots amb tot.<\/li>\n<li>Si no saps qu\u00e8 fer despr\u00e9s de la prova.<\/li>\n<\/ul>\n<\/li>\n<\/ul>\n<p style=\"text-align: center;\"><strong>Reserva cita i en parlem!<\/strong><\/p>\n<p style=\"text-align: center;\">orientacio@cfacanbatllo.cat<\/p>\n","protected":false},"excerpt":{"rendered":"<p>Qu\u00e8 fem?<br \/>\nSom un servei d&#8217;orientaci\u00f3 acad\u00e8mica i professional que vol proporcionar informaci\u00f3 i recursos sobre sobre diversos \u00e0mbits relacionats amb les proves d&#8217;acc\u00e9s a grau superior i acc\u00e9s a la universitat per major de 25 anys i les sortides acad\u00e8miques i professionals.<br \/>\nQui som?<br \/>\nAmparo Fern\u00e1ndez, Carme&hellip;  <a href=\"https:\/\/agora.xtec.cat\/cfacanbatllo\/el-centre\/horari-datencio-orientativa\/\" title=\"Read Equip d&#8217;orientaci\u00f3\">Llegeix m\u00e9s\u00bb<\/a><\/p>\n","protected":false},"author":1,"featured_media":0,"parent":261,"menu_order":2,"comment_status":"closed","ping_status":"closed","template":"","meta":{"_bbp_topic_count":0,"_bbp_reply_count":0,"_bbp_total_topic_count":0,"_bbp_total_reply_count":0,"_bbp_voice_count":0,"_bbp_anonymous_reply_count":0,"_bbp_topic_count_hidden":0,"_bbp_reply_count_hidden":0,"_bbp_forum_subforum_count":0,"footnotes":""},"class_list":["post-1125","page","type-page","status-publish","hentry"],"post_mailing_queue_ids":[],"_links":{"self":[{"href":"https:\/\/agora.xtec.cat\/cfacanbatllo\/wp-json\/wp\/v2\/pages\/1125","targetHints":{"allow":["GET"]}}],"collection":[{"href":"https:\/\/agora.xtec.cat\/cfacanbatllo\/wp-json\/wp\/v2\/pages"}],"about":[{"href":"https:\/\/agora.xtec.cat\/cfacanbatllo\/wp-json\/wp\/v2\/types\/page"}],"author":[{"embeddable":true,"href":"https:\/\/agora.xtec.cat\/cfacanbatllo\/wp-json\/wp\/v2\/users\/1"}],"replies":[{"embeddable":true,"href":"https:\/\/agora.xtec.cat\/cfacanbatllo\/wp-json\/wp\/v2\/comments?post=1125"}],"version-history":[{"count":6,"href":"https:\/\/agora.xtec.cat\/cfacanbatllo\/wp-json\/wp\/v2\/pages\/1125\/revisions"}],"predecessor-version":[{"id":1623,"href":"https:\/\/agora.xtec.cat\/cfacanbatllo\/wp-json\/wp\/v2\/pages\/1125\/revisions\/1623"}],"up":[{"embeddable":true,"href":"https:\/\/agora.xtec.cat\/cfacanbatllo\/wp-json\/wp\/v2\/pages\/261"}],"wp:attachment":[{"href":"https:\/\/agora.xtec.cat\/cfacanbatllo\/wp-json\/wp\/v2\/media?parent=1125"}],"curies":[{"name":"wp","href":"https:\/\/api.w.org\/{rel}","templated":true}]}}