{"id":1024,"date":"2024-06-06T21:31:24","date_gmt":"2024-06-06T19:31:24","guid":{"rendered":"https:\/\/agora.xtec.cat\/cfacanbatllo\/?page_id=1024"},"modified":"2025-05-23T15:45:00","modified_gmt":"2025-05-23T13:45:00","slug":"matricula","status":"publish","type":"page","link":"https:\/\/agora.xtec.cat\/cfacanbatllo\/secretaria-2\/matricula\/","title":{"rendered":"Matr\u00edcula"},"content":{"rendered":"<ul>\n<li><strong>Curs 2025-26<\/strong><\/li>\n<\/ul>\n<p>Calendari matriculaci\u00f3:<\/p>\n<ul>\n<li style=\"list-style-type: none;\">\n<ul>\n<li><b>PER\u00cdODE ORDINARI: <\/b>del 2 al 9 de setembre.\n<ul>\n<li style=\"list-style-type: none;\">\n<ul>\n<li>Amb preinscripci\u00f3: dates pendents de publicaci\u00f3.<\/li>\n<li>Sense preinscripci\u00f3: dates pendents de publicaci\u00f3.<\/li>\n<\/ul>\n<\/li>\n<\/ul>\n<\/li>\n<\/ul>\n<\/li>\n<\/ul>\n<ul>\n<li style=\"list-style-type: none;\">\n<ul>\n<li><strong>PER\u00cdODE EXTRAORDINARI<\/strong>: a partir del 10 de setembre.\n<ul>\n<li style=\"list-style-type: none;\">\n<ul>\n<li>Formalitzaci\u00f3 de la matr\u00edcula a l&#8217;alumnat sense preinscripci\u00f3 (en cas de places vacants).<\/li>\n<\/ul>\n<\/li>\n<\/ul>\n<\/li>\n<\/ul>\n<\/li>\n<\/ul>\n<p>En el cas de <strong>persones sense preinscripci\u00f3<\/strong> i per a garantir un nivell \u00f2ptim d&#8217;atenci\u00f3 caldr\u00e0 inscriure&#8217;s al formulari de cita pr\u00e8via que estar\u00e0 obert a finals d&#8217;agost.<\/p>\n<p>Per a totes aquelles persones que no heu assistit a les jornades de portes obertes o a les sessions personals d&#8217;orientaci\u00f3 durant el proc\u00e9s de preinscripci\u00f3 us recomanem que mireu <a href=\"https:\/\/agora.xtec.cat\/cfacanbatllo\/categoria\/preinscripcio\/\"><strong>l&#8217;oferta del centre<\/strong><\/a>.<\/p>\n","protected":false},"excerpt":{"rendered":"<ul>\n<li>Curs 2025-26<\/li>\n<\/ul>\n<p>Calendari matriculaci\u00f3:<\/p>\n<ul>\n<li style=\"list-style-type: none;\">\n<ul>\n<li>PER\u00cdODE ORDINARI: del 2 al 9 de setembre.\n<ul>\n<li style=\"list-style-type: none;\">\n<ul>\n<li>Amb preinscripci\u00f3: dates pendents de publicaci\u00f3.<\/li>\n<li>Sense preinscripci\u00f3: dates pendents de publicaci\u00f3.<\/li>\n<\/ul>\n<\/li>\n<\/ul>\n<\/li>\n<\/ul>\n<\/li>\n<\/ul>\n<ul>\n<li style=\"list-style-type: none;\">\n<ul>\n<li>PER\u00cdODE EXTRAORDINARI: a partir del 10 de setembre.\n<ul>\n<li style=\"list-style-type: none;\">\n<ul>\n<li>Formalitzaci\u00f3 de la matr\u00edcula a l&#8217;alumnat sense preinscripci\u00f3 (en cas de&hellip;  <a href=\"https:\/\/agora.xtec.cat\/cfacanbatllo\/secretaria-2\/matricula\/\" title=\"Read Matr\u00edcula\">Llegeix m\u00e9s\u00bb<\/a><br \/>\n","protected":false},"author":1,"featured_media":0,"parent":539,"menu_order":0,"comment_status":"closed","ping_status":"closed","template":"","meta":{"_bbp_topic_count":0,"_bbp_reply_count":0,"_bbp_total_topic_count":0,"_bbp_total_reply_count":0,"_bbp_voice_count":0,"_bbp_anonymous_reply_count":0,"_bbp_topic_count_hidden":0,"_bbp_reply_count_hidden":0,"_bbp_forum_subforum_count":0,"footnotes":""},"class_list":["post-1024","page","type-page","status-publish","hentry"],"post_mailing_queue_ids":[],"_links":{"self":[{"href":"https:\/\/agora.xtec.cat\/cfacanbatllo\/wp-json\/wp\/v2\/pages\/1024","targetHints":{"allow":["GET"]}}],"collection":[{"href":"https:\/\/agora.xtec.cat\/cfacanbatllo\/wp-json\/wp\/v2\/pages"}],"about":[{"href":"https:\/\/agora.xtec.cat\/cfacanbatllo\/wp-json\/wp\/v2\/types\/page"}],"author":[{"embeddable":true,"href":"https:\/\/agora.xtec.cat\/cfacanbatllo\/wp-json\/wp\/v2\/users\/1"}],"replies":[{"embeddable":true,"href":"https:\/\/agora.xtec.cat\/cfacanbatllo\/wp-json\/wp\/v2\/comments?post=1024"}],"version-history":[{"count":6,"href":"https:\/\/agora.xtec.cat\/cfacanbatllo\/wp-json\/wp\/v2\/pages\/1024\/revisions"}],"predecessor-version":[{"id":1946,"href":"https:\/\/agora.xtec.cat\/cfacanbatllo\/wp-json\/wp\/v2\/pages\/1024\/revisions\/1946"}],"up":[{"embeddable":true,"href":"https:\/\/agora.xtec.cat\/cfacanbatllo\/wp-json\/wp\/v2\/pages\/539"}],"wp:attachment":[{"href":"https:\/\/agora.xtec.cat\/cfacanbatllo\/wp-json\/wp\/v2\/media?parent=1024"}],"curies":[{"name":"wp","href":"https:\/\/api.w.org\/{rel}","templated":true}]}}