{"id":915,"date":"2025-07-10T10:16:30","date_gmt":"2025-07-10T08:16:30","guid":{"rendered":"https:\/\/agora.xtec.cat\/cfacalbolava\/?page_id=915"},"modified":"2025-07-10T12:33:13","modified_gmt":"2025-07-10T10:33:13","slug":"organitzacio-interna","status":"publish","type":"page","link":"https:\/\/agora.xtec.cat\/cfacalbolava\/el-centre\/organitzacio-interna\/","title":{"rendered":"Organitzaci\u00f3 interna"},"content":{"rendered":"<header class=\"entry-header\">\n<h3>Organitzaci\u00f3 interna<\/h3>\n<p>En aquesta secci\u00f3, els centres publiquen la informaci\u00f3 relativa a la seva organitzaci\u00f3 interna. Es recomana que els centres educatius dissenyin el nivell d\u2019exhaustivitat de la informaci\u00f3 publicada. Ser\u00e0 convenient que en el seu plantejament singular, els centres vertebrin el contingut tenint en compte els seg\u00fcents aspectes:<\/p>\n<ul style=\"list-style-type: circle;\">\n<li style=\"text-align: left;\">Director<\/li>\n<li style=\"text-align: left;\">Consell escolar<\/li>\n<li style=\"text-align: left;\">Equip docent \/ professorat<\/li>\n<li>PAS<\/li>\n<\/ul>\n<\/header>\n","protected":false},"excerpt":{"rendered":"<p>Organitzaci\u00f3 interna<br \/>\nEn aquesta secci\u00f3, els centres publiquen la informaci\u00f3 relativa a la seva organitzaci\u00f3 interna. Es recomana que els centres educatius dissenyin el nivell d\u2019exhaustivitat de la informaci\u00f3 publicada. Ser\u00e0 convenient que en el seu plantejament singular, els centres vertebrin el contingut tenint en compte&hellip;  <a href=\"https:\/\/agora.xtec.cat\/cfacalbolava\/el-centre\/organitzacio-interna\/\" title=\"Read Organitzaci\u00f3 interna\">Llegeix m\u00e9s\u00bb<\/a><\/p>\n","protected":false},"author":1,"featured_media":0,"parent":261,"menu_order":2,"comment_status":"closed","ping_status":"closed","template":"page-templates\/side-menu.php","meta":{"_bbp_topic_count":0,"_bbp_reply_count":0,"_bbp_total_topic_count":0,"_bbp_total_reply_count":0,"_bbp_voice_count":0,"_bbp_anonymous_reply_count":0,"_bbp_topic_count_hidden":0,"_bbp_reply_count_hidden":0,"_bbp_forum_subforum_count":0,"footnotes":""},"class_list":["post-915","page","type-page","status-publish","hentry"],"post_mailing_queue_ids":[],"_links":{"self":[{"href":"https:\/\/agora.xtec.cat\/cfacalbolava\/wp-json\/wp\/v2\/pages\/915","targetHints":{"allow":["GET"]}}],"collection":[{"href":"https:\/\/agora.xtec.cat\/cfacalbolava\/wp-json\/wp\/v2\/pages"}],"about":[{"href":"https:\/\/agora.xtec.cat\/cfacalbolava\/wp-json\/wp\/v2\/types\/page"}],"author":[{"embeddable":true,"href":"https:\/\/agora.xtec.cat\/cfacalbolava\/wp-json\/wp\/v2\/users\/1"}],"replies":[{"embeddable":true,"href":"https:\/\/agora.xtec.cat\/cfacalbolava\/wp-json\/wp\/v2\/comments?post=915"}],"version-history":[{"count":3,"href":"https:\/\/agora.xtec.cat\/cfacalbolava\/wp-json\/wp\/v2\/pages\/915\/revisions"}],"predecessor-version":[{"id":918,"href":"https:\/\/agora.xtec.cat\/cfacalbolava\/wp-json\/wp\/v2\/pages\/915\/revisions\/918"}],"up":[{"embeddable":true,"href":"https:\/\/agora.xtec.cat\/cfacalbolava\/wp-json\/wp\/v2\/pages\/261"}],"wp:attachment":[{"href":"https:\/\/agora.xtec.cat\/cfacalbolava\/wp-json\/wp\/v2\/media?parent=915"}],"curies":[{"name":"wp","href":"https:\/\/api.w.org\/{rel}","templated":true}]}}