{"id":49,"date":"2014-09-17T16:55:55","date_gmt":"2014-09-17T16:55:55","guid":{"rendered":"http:\/\/agora.xtec.cat\/cfacalbolava\/?page_id=49"},"modified":"2025-07-10T12:39:50","modified_gmt":"2025-07-10T10:39:50","slug":"normes-dorganitzacio-i-funcionament","status":"publish","type":"page","link":"https:\/\/agora.xtec.cat\/cfacalbolava\/el-centre\/normes-dorganitzacio-i-funcionament\/","title":{"rendered":"Normes i funcionament del centre"},"content":{"rendered":"<p><strong>NORMATIVA I FUNCIONAMENT DEL CENTRE<\/strong><\/p>\n<p><strong>1.Puntualitat.<\/strong><\/p>\n<p>Cal ser puntual en tot moment: entre classe i classe es donar\u00e0 5 minuts de cortesia<\/p>\n<p><strong>2.Justificaci\u00f3 dels retards i les abs\u00e8ncies.<\/strong><\/p>\n<p>S&#8217;han de comunicar els retards i abs\u00e8ncies per avan\u00e7at. En cas d&#8217;impossibilitat de comunicar-ho <strong>s&#8217;haur\u00e0 de justificar el retard o abs\u00e8ncia amb un document oficial.<\/strong><br \/>\n<strong>L&#8217;assist\u00e8ncia \u00e9s obligat\u00f2ria.<\/strong><br \/>\nD&#8217;acord amb la Normativa de R\u00e8gim Intern del centre, l&#8217;assist\u00e8ncia a les activitats presencials \u00e9s obligat\u00f2ria. <strong>L\u2019alumnat ha de garantir una assist\u00e8ncia m\u00ednima del 80% del total d&#8217;hores lectives de cada m\u00f2dul o unitat formativa.<\/strong><br \/>\nEn casos degudament justificats i considerats excepcionals, l&#8217;equip docent podr\u00e0 acceptar fins a un 10% d&#8217;abs\u00e8ncies addicionals, <strong>sempre que s&#8217;acreditin mitjan\u00e7ant documentaci\u00f3 oficial (com ara certificats m\u00e8dics, citacions judicials, etc.).<\/strong><br \/>\nL&#8217;incompliment d&#8217;aquesta norma comporta la p\u00e8rdua del dret a convocat\u00f2ria d&#8217;examen, no es podr\u00e0 superar l&#8217;assignatura <strong>NI ES PODR\u00c0 OBTENIR CAP CERTIFICAT NI T\u00cdTOL ACREDITATIU.<\/strong><\/p>\n<p><strong>3.Bona utilitzaci\u00f3 dels espais i materials.<\/strong><\/p>\n<p>No es podr\u00e0 menjar en hores de classe. Es podr\u00e0 beure aigua. No est\u00e0 perm\u00e8s fumar ni consumir begudes alcoh\u00f2liques en el recinte escolar. Cal tenir cura del material tant propi com com\u00fa al llarg de la jornada.<\/p>\n<p><strong>4.Clima de treball a l&#8217;aula.<\/strong><\/p>\n<p>S\u2018ha de venir al Centre amb la feina i el material necessaris per al desenvolupament de les classes | El<br \/>\nprofessorat informar\u00e0 del material necessari per desenvolupar la seva assignatura).<\/p>\n<p>El clima de classe ha de ser de treball. S&#8217;ha d&#8217;estar en silenci, atent a les explicacions del professorat i a les intervencions dels companys. Cal respectar el torn paraula.<\/p>\n<p>Cal ser respectu\u00f3s i tenir una actitud positiva davant dels companys, professors i personal no docent del centre, tot evitant gests, crits i paraules grolleres quan un s&#8217;hi dirigeixi.<\/p>\n<p>La persona, la seva roba i el cabell s\u2019han de presentar al centre amb netedat i correcci\u00f3.<br \/>\nEntre tots hem de procurar mantenir les classes netes i endre\u00e7ades abans de sortir de l&#8217;aula i no ha de quedar res a terra.<\/p>\n<p><strong>5. \u00das d\u2019ordinadors port\u00e0tils.<\/strong><\/p>\n<p>Els port\u00e0tils s\u00f3n una eina d&#8217;aprenentatge reservada a aspectes acad\u00e8mics, i \u00e9s amb aquesta finalitat que el Centre homologa el maquinari i el programari a utilitzar.<br \/>\nEl professorat \u00e9s qui regula l&#8217;\u00fas dels ordinadors a l&#8217;aula i t\u00e9 potestat per demanar-ne la desconnexi\u00f3 en cas de mal \u00fas i restaurar el sistema quan ho cregui necessari<br \/>\nL&#8217;\u00fas dels ordinadors es far\u00e0 sempre seguint les pautes del professorat.<br \/>\nNo est\u00e0 perm\u00e8s la utilitzaci\u00f3 de programes o aplicacions de xarxes socials, jocs online o altres que no siguin d&#8217;aplicaci\u00f3 educativa.<\/p>\n<p><strong>6.Dispositius electr\u00f2nics de comunicaci\u00f3 i oci.<\/strong><\/p>\n<p>No es pot fer \u00fas d&#8217;aparells de comunicaci\u00f3 (tel\u00e8fons) o d&#8217;oci (aparells de m\u00fasica) durant el desenvolupament de les classes.<br \/>\nEn cas d&#8217;urg\u00e8ncia es demanar\u00e0 al professorat i se sortir\u00e0 de classe per fer-ne \u00fas.<\/p>\n<p><strong>7.Ex\u00e0mens i proves trimestrals.<\/strong><\/p>\n<p>La realitzaci\u00f3 de les proves es faran el dia i hora marcat pel professorat, que avisar\u00e0 de la convocat\u00f2ria amb suficient antelaci\u00f3.<\/p>\n<p>Davant l&#8217;evid\u00e8ncia de I\u2019intent o de la c\u00f2pia total o parcial, es perdr\u00e0 el dret de continuar l&#8217;examen i la puntuaci\u00f3 ser\u00e0 d&#8217;un zero.<\/p>\n<p>Davant la tinen\u00e7a d&#8217;informaci\u00f3 dels continguts durant o despr\u00e9s d&#8217;examen, es considerar\u00e0 un intent de c\u00f2pia.<\/p>\n<p>L\u2019alumne\/a que es deixi copiar, se li aplicar\u00e0 la mateixa norma. Presentaci\u00f3 de treballs i activitats.<\/p>\n<p>Cal presentar els treballs i activitats dins del termini de temps establert pel professorat. Si no es presenta el treball dins del termini, es deixar\u00e0 un marge d&#8217;uns dies (a criteri del professorat) de la data fixada, per\u00f2, en aquest cas, la nota m\u00e0xima nom\u00e9s podr\u00e0 ser un 5 o AS.<\/p>\n<p>La copia parcial o total d&#8217;un treball no \u00e9s admesa. La puntuaci\u00f3 d&#8217;un treball copiat parcialment o totalment ser\u00e0 d&#8217;un zero.<\/p>\n<p><strong>Ponderaci\u00f3 notes<\/strong> <sub>*Cada docent podr\u00e0 aplicar la seva pr\u00f2pia ponderaci\u00f3<\/sub><\/p>\n<p><strong>\u2022 Prova final<\/strong><br \/>\n60% (dos parcials 30%+30%)<br \/>\n<strong>\u2022 Activitats, tasques, treballs, portfoli etc.<\/strong><br \/>\n30%<br \/>\n\u2022<strong> Seguiment de l&#8217;activitat di\u00e0ria a classe, participaci\u00f3 i assist\u00e8ncia<\/strong><br \/>\n10%<\/p>\n<p><strong>Qualificacions:<\/strong><br \/>\nInsuficient 1,2,3,4.<br \/>\nSuficient 5.<br \/>\nB\u00e9 6.<br \/>\nNotable 7,8.<br \/>\nExcel\u00b7lent 9,10<\/p>\n<p>&nbsp;<\/p>\n<p><a href=\"https:\/\/agora.xtec.cat\/cfacalbolava\/wp-content\/uploads\/usu2382\/2025\/07\/Normativa_i_funcionament_del_centre.pdf\">Descarrega el document en pdf<\/a><\/p>\n","protected":false},"excerpt":{"rendered":"<p>NORMATIVA I FUNCIONAMENT DEL CENTRE<br \/>\n1.Puntualitat.<br \/>\nCal ser puntual en tot moment: entre classe i classe es donar\u00e0 5 minuts de cortesia<br \/>\n2.Justificaci\u00f3 dels retards i les abs\u00e8ncies.<br \/>\nS&#8217;han de comunicar els retards i abs\u00e8ncies per avan\u00e7at. En cas d&#8217;impossibilitat de comunicar-ho s&#8217;haur\u00e0 de justificar el retard o abs\u00e8ncia&hellip;  <a href=\"https:\/\/agora.xtec.cat\/cfacalbolava\/el-centre\/normes-dorganitzacio-i-funcionament\/\" title=\"Read Normes i funcionament del centre\">Llegeix m\u00e9s\u00bb<\/a><\/p>\n","protected":false},"author":1,"featured_media":0,"parent":261,"menu_order":3,"comment_status":"closed","ping_status":"closed","template":"page-templates\/side-menu.php","meta":{"_bbp_topic_count":0,"_bbp_reply_count":0,"_bbp_total_topic_count":0,"_bbp_total_reply_count":0,"_bbp_voice_count":0,"_bbp_anonymous_reply_count":0,"_bbp_topic_count_hidden":0,"_bbp_reply_count_hidden":0,"_bbp_forum_subforum_count":0,"footnotes":""},"class_list":["post-49","page","type-page","status-publish","hentry"],"post_mailing_queue_ids":[],"_links":{"self":[{"href":"https:\/\/agora.xtec.cat\/cfacalbolava\/wp-json\/wp\/v2\/pages\/49","targetHints":{"allow":["GET"]}}],"collection":[{"href":"https:\/\/agora.xtec.cat\/cfacalbolava\/wp-json\/wp\/v2\/pages"}],"about":[{"href":"https:\/\/agora.xtec.cat\/cfacalbolava\/wp-json\/wp\/v2\/types\/page"}],"author":[{"embeddable":true,"href":"https:\/\/agora.xtec.cat\/cfacalbolava\/wp-json\/wp\/v2\/users\/1"}],"replies":[{"embeddable":true,"href":"https:\/\/agora.xtec.cat\/cfacalbolava\/wp-json\/wp\/v2\/comments?post=49"}],"version-history":[{"count":3,"href":"https:\/\/agora.xtec.cat\/cfacalbolava\/wp-json\/wp\/v2\/pages\/49\/revisions"}],"predecessor-version":[{"id":856,"href":"https:\/\/agora.xtec.cat\/cfacalbolava\/wp-json\/wp\/v2\/pages\/49\/revisions\/856"}],"up":[{"embeddable":true,"href":"https:\/\/agora.xtec.cat\/cfacalbolava\/wp-json\/wp\/v2\/pages\/261"}],"wp:attachment":[{"href":"https:\/\/agora.xtec.cat\/cfacalbolava\/wp-json\/wp\/v2\/media?parent=49"}],"curies":[{"name":"wp","href":"https:\/\/api.w.org\/{rel}","templated":true}]}}