{"id":312,"date":"2015-01-28T11:32:38","date_gmt":"2015-01-28T10:32:38","guid":{"rendered":"http:\/\/agora.xtec.cat\/cfacalbolava\/?page_id=312"},"modified":"2025-07-09T11:45:31","modified_gmt":"2025-07-09T09:45:31","slug":"llengua-anglesa","status":"publish","type":"page","link":"https:\/\/agora.xtec.cat\/cfacalbolava\/ensenyaments\/llengua-anglesa\/","title":{"rendered":"Llengua anglesa"},"content":{"rendered":"<h3><strong><span style=\"color: #ff6600;\">Ensenyament inicial de la llengua anglesa<\/span><\/strong><\/h3>\n<h5><strong>Nivells b\u00e0sics d\u2019angl\u00e8s fins al nivell A2.<\/strong><\/h5>\n<p><span style=\"color: #ff6600;\"><strong>ANGL\u00c8S A1<\/strong><\/span><br \/>\nLlengua anglesa, nivell I \u2013 Angl\u00e8s inicial per a persones que no han estudiat mai aquest idioma. En finalitzar s&#8217;obt\u00e9 un t\u00edtol oficial.<\/p>\n<p><span style=\"color: #ff6600;\"><strong>ANGL\u00c8S A2<\/strong><\/span><br \/>\nLlengua anglesa, nivell II \u2013 Curs indicat per alumnat que ja ha cursat angl\u00e8s anteriorment. En finalitzar s&#8217;obt\u00e9 un t\u00edtol oficial.<\/p>\n","protected":false},"excerpt":{"rendered":"<p>Ensenyament inicial de la llengua anglesa<br \/>\nNivells b\u00e0sics d\u2019angl\u00e8s fins al nivell A2.<br \/>\nANGL\u00c8S A1<br \/>\nLlengua anglesa, nivell I \u2013 Angl\u00e8s inicial per a persones que no han estudiat mai aquest idioma. En finalitzar s&#8217;obt\u00e9 un t\u00edtol oficial.<br \/>\nANGL\u00c8S A2<br \/>\nLlengua anglesa, nivell II \u2013 Curs indicat per alumnat que&hellip;  <a href=\"https:\/\/agora.xtec.cat\/cfacalbolava\/ensenyaments\/llengua-anglesa\/\" title=\"Read Llengua anglesa\">Llegeix m\u00e9s\u00bb<\/a><\/p>\n","protected":false},"author":1,"featured_media":0,"parent":274,"menu_order":3,"comment_status":"closed","ping_status":"closed","template":"page-templates\/side-menu.php","meta":{"_bbp_topic_count":0,"_bbp_reply_count":0,"_bbp_total_topic_count":0,"_bbp_total_reply_count":0,"_bbp_voice_count":0,"_bbp_anonymous_reply_count":0,"_bbp_topic_count_hidden":0,"_bbp_reply_count_hidden":0,"_bbp_forum_subforum_count":0,"footnotes":""},"class_list":["post-312","page","type-page","status-publish","hentry"],"post_mailing_queue_ids":[],"_links":{"self":[{"href":"https:\/\/agora.xtec.cat\/cfacalbolava\/wp-json\/wp\/v2\/pages\/312","targetHints":{"allow":["GET"]}}],"collection":[{"href":"https:\/\/agora.xtec.cat\/cfacalbolava\/wp-json\/wp\/v2\/pages"}],"about":[{"href":"https:\/\/agora.xtec.cat\/cfacalbolava\/wp-json\/wp\/v2\/types\/page"}],"author":[{"embeddable":true,"href":"https:\/\/agora.xtec.cat\/cfacalbolava\/wp-json\/wp\/v2\/users\/1"}],"replies":[{"embeddable":true,"href":"https:\/\/agora.xtec.cat\/cfacalbolava\/wp-json\/wp\/v2\/comments?post=312"}],"version-history":[{"count":5,"href":"https:\/\/agora.xtec.cat\/cfacalbolava\/wp-json\/wp\/v2\/pages\/312\/revisions"}],"predecessor-version":[{"id":896,"href":"https:\/\/agora.xtec.cat\/cfacalbolava\/wp-json\/wp\/v2\/pages\/312\/revisions\/896"}],"up":[{"embeddable":true,"href":"https:\/\/agora.xtec.cat\/cfacalbolava\/wp-json\/wp\/v2\/pages\/274"}],"wp:attachment":[{"href":"https:\/\/agora.xtec.cat\/cfacalbolava\/wp-json\/wp\/v2\/media?parent=312"}],"curies":[{"name":"wp","href":"https:\/\/api.w.org\/{rel}","templated":true}]}}