{"id":303,"date":"2015-01-28T11:23:05","date_gmt":"2015-01-28T10:23:05","guid":{"rendered":"http:\/\/agora.xtec.cat\/cfacalbolava\/?page_id=303"},"modified":"2025-07-09T12:09:21","modified_gmt":"2025-07-09T10:09:21","slug":"graduat-en-educacio-secundaria-per-adults","status":"publish","type":"page","link":"https:\/\/agora.xtec.cat\/cfacalbolava\/ensenyaments\/graduat-en-educacio-secundaria-per-adults\/","title":{"rendered":"Graduat en educaci\u00f3 secundaria per adults (GES)"},"content":{"rendered":"<h3><strong><span style=\"color: #ff6600;\">Curs equivalent a l&#8217;educaci\u00f3 secund\u00e0ria (ESO) destinat a persones adultes que necessiten obtenir aquesta titulaci\u00f3.<\/span><\/strong><\/h3>\n<p>El Graduat en Educaci\u00f3 Secund\u00e0ria obligat\u00f2ria (GES) \u00e9s la titulaci\u00f3 b\u00e0sica que poden obtenir les persones\u00a0<span class=\"ioc-accent\">majors de 18 anys<\/span>\u00a0i \u00e9s\u00a0<span class=\"ioc-accent\">equivalent a l&#8217;ESO<\/span>.<\/p>\n<p>Aquest estudi es realitza en dos cursos: GES i i GES II<\/p>\n<p>Hi ha la possibilitat de comen\u00e7ar directament el GES II si s&#8217;ha superat totalment o parcialment, el tercer curs de l&#8217;ESO, o es supera una prova de nivell que es realitza al mateix centre.<\/p>\n","protected":false},"excerpt":{"rendered":"<p>Curs equivalent a l&#8217;educaci\u00f3 secund\u00e0ria (ESO) destinat a persones adultes que necessiten obtenir aquesta titulaci\u00f3.<br \/>\nEl Graduat en Educaci\u00f3 Secund\u00e0ria obligat\u00f2ria (GES) \u00e9s la titulaci\u00f3 b\u00e0sica que poden obtenir les persones\u00a0majors de 18 anys\u00a0i \u00e9s\u00a0equivalent a l&#8217;ESO.<br \/>\nAquest estudi es realitza en dos cursos: GES i i&hellip;  <a href=\"https:\/\/agora.xtec.cat\/cfacalbolava\/ensenyaments\/graduat-en-educacio-secundaria-per-adults\/\" title=\"Read Graduat en educaci\u00f3 secundaria per adults (GES)\">Llegeix m\u00e9s\u00bb<\/a><\/p>\n","protected":false},"author":1,"featured_media":0,"parent":274,"menu_order":4,"comment_status":"closed","ping_status":"closed","template":"page-templates\/side-menu.php","meta":{"_bbp_topic_count":0,"_bbp_reply_count":0,"_bbp_total_topic_count":0,"_bbp_total_reply_count":0,"_bbp_voice_count":0,"_bbp_anonymous_reply_count":0,"_bbp_topic_count_hidden":0,"_bbp_reply_count_hidden":0,"_bbp_forum_subforum_count":0,"footnotes":""},"class_list":["post-303","page","type-page","status-publish","hentry"],"post_mailing_queue_ids":[],"_links":{"self":[{"href":"https:\/\/agora.xtec.cat\/cfacalbolava\/wp-json\/wp\/v2\/pages\/303","targetHints":{"allow":["GET"]}}],"collection":[{"href":"https:\/\/agora.xtec.cat\/cfacalbolava\/wp-json\/wp\/v2\/pages"}],"about":[{"href":"https:\/\/agora.xtec.cat\/cfacalbolava\/wp-json\/wp\/v2\/types\/page"}],"author":[{"embeddable":true,"href":"https:\/\/agora.xtec.cat\/cfacalbolava\/wp-json\/wp\/v2\/users\/1"}],"replies":[{"embeddable":true,"href":"https:\/\/agora.xtec.cat\/cfacalbolava\/wp-json\/wp\/v2\/comments?post=303"}],"version-history":[{"count":6,"href":"https:\/\/agora.xtec.cat\/cfacalbolava\/wp-json\/wp\/v2\/pages\/303\/revisions"}],"predecessor-version":[{"id":902,"href":"https:\/\/agora.xtec.cat\/cfacalbolava\/wp-json\/wp\/v2\/pages\/303\/revisions\/902"}],"up":[{"embeddable":true,"href":"https:\/\/agora.xtec.cat\/cfacalbolava\/wp-json\/wp\/v2\/pages\/274"}],"wp:attachment":[{"href":"https:\/\/agora.xtec.cat\/cfacalbolava\/wp-json\/wp\/v2\/media?parent=303"}],"curies":[{"name":"wp","href":"https:\/\/api.w.org\/{rel}","templated":true}]}}