{"id":301,"date":"2015-01-28T11:21:46","date_gmt":"2015-01-28T10:21:46","guid":{"rendered":"http:\/\/agora.xtec.cat\/cfacalbolava\/?page_id=301"},"modified":"2025-07-09T11:38:16","modified_gmt":"2025-07-09T09:38:16","slug":"formacio-instrumental","status":"publish","type":"page","link":"https:\/\/agora.xtec.cat\/cfacalbolava\/ensenyaments\/formacio-instrumental\/","title":{"rendered":"Formaci\u00f3 instrumental"},"content":{"rendered":"<p>L\u2019objectiu d\u2019aquests estudis \u00e9s que les persones adultes aprenguin a llegir, a escriure i fer c\u00e0lculs elementals.<\/p>\n<p>Curs indicat per a persones adultes que no han tingut acc\u00e9s a l&#8217;educaci\u00f3 formal o que, per diverses raons, no han apr\u00e8s a llegir i escriure de manera funcional en cap idioma i necessiten adquirir les habilitats b\u00e0siques per comunicar-se per escrit i llegir textos senzills. Un cop superat aquest estudi es pot cursar GES I.<\/p>\n<p>&nbsp;<\/p>\n","protected":false},"excerpt":{"rendered":"<p>L\u2019objectiu d\u2019aquests estudis \u00e9s que les persones adultes aprenguin a llegir, a escriure i fer c\u00e0lculs elementals.<br \/>\nCurs indicat per a persones adultes que no han tingut acc\u00e9s a l&#8217;educaci\u00f3 formal o que, per diverses raons, no han apr\u00e8s a llegir i escriure de manera funcional&hellip;  <a href=\"https:\/\/agora.xtec.cat\/cfacalbolava\/ensenyaments\/formacio-instrumental\/\" title=\"Read Formaci\u00f3 instrumental\">Llegeix m\u00e9s\u00bb<\/a><\/p>\n","protected":false},"author":1,"featured_media":0,"parent":274,"menu_order":1,"comment_status":"closed","ping_status":"closed","template":"page-templates\/side-menu.php","meta":{"_bbp_topic_count":0,"_bbp_reply_count":0,"_bbp_total_topic_count":0,"_bbp_total_reply_count":0,"_bbp_voice_count":0,"_bbp_anonymous_reply_count":0,"_bbp_topic_count_hidden":0,"_bbp_reply_count_hidden":0,"_bbp_forum_subforum_count":0,"footnotes":""},"class_list":["post-301","page","type-page","status-publish","hentry"],"post_mailing_queue_ids":[],"_links":{"self":[{"href":"https:\/\/agora.xtec.cat\/cfacalbolava\/wp-json\/wp\/v2\/pages\/301","targetHints":{"allow":["GET"]}}],"collection":[{"href":"https:\/\/agora.xtec.cat\/cfacalbolava\/wp-json\/wp\/v2\/pages"}],"about":[{"href":"https:\/\/agora.xtec.cat\/cfacalbolava\/wp-json\/wp\/v2\/types\/page"}],"author":[{"embeddable":true,"href":"https:\/\/agora.xtec.cat\/cfacalbolava\/wp-json\/wp\/v2\/users\/1"}],"replies":[{"embeddable":true,"href":"https:\/\/agora.xtec.cat\/cfacalbolava\/wp-json\/wp\/v2\/comments?post=301"}],"version-history":[{"count":3,"href":"https:\/\/agora.xtec.cat\/cfacalbolava\/wp-json\/wp\/v2\/pages\/301\/revisions"}],"predecessor-version":[{"id":891,"href":"https:\/\/agora.xtec.cat\/cfacalbolava\/wp-json\/wp\/v2\/pages\/301\/revisions\/891"}],"up":[{"embeddable":true,"href":"https:\/\/agora.xtec.cat\/cfacalbolava\/wp-json\/wp\/v2\/pages\/274"}],"wp:attachment":[{"href":"https:\/\/agora.xtec.cat\/cfacalbolava\/wp-json\/wp\/v2\/media?parent=301"}],"curies":[{"name":"wp","href":"https:\/\/api.w.org\/{rel}","templated":true}]}}