{"id":299,"date":"2015-01-28T11:21:22","date_gmt":"2015-01-28T10:21:22","guid":{"rendered":"http:\/\/agora.xtec.cat\/cfacalbolava\/?page_id=299"},"modified":"2025-07-09T11:38:08","modified_gmt":"2025-07-09T09:38:08","slug":"llengua-castellana","status":"publish","type":"page","link":"https:\/\/agora.xtec.cat\/cfacalbolava\/ensenyaments\/llengua-castellana\/","title":{"rendered":"Llengua castellana"},"content":{"rendered":"<h3><strong><span style=\"color: #ff6600;\">Formaci\u00f3 b\u00e0sica i avan\u00e7ada de la llengua castellana (castell\u00e0 per a estrangers).<\/span><\/strong><\/h3>\n<p><span style=\"color: #ff6600;\"><strong>CASTELL\u00c0 A1<\/strong><\/span><br \/>\nLlengua castellana nivell I \u2013 Curs de castell\u00e0 inicial. S&#8217;obt\u00e9 un t\u00edtol oficial un cop superat el curs.<\/p>\n<p><span style=\"color: #ff6600;\"><strong>CASTELL\u00c0 A2<\/strong><\/span><br \/>\nLlengua castellana nivell II \u2013 Curs de castell\u00e0. Es pot cursar un cop superat l&#8217;A1 o amb una prova de nivell. S&#8217;obt\u00e9 un t\u00edtol oficial un cop superat el curs.<\/p>\n<p><strong><span style=\"color: #ff6600;\">CASTELL\u00c0 B1:<\/span><\/strong><br \/>\nLlengua castellana nivell III \u2013 Curs de castell\u00e0. Es pot cursar un cop superat l&#8217;A2 o amb una prova de nivell. S&#8217;obt\u00e9 un t\u00edtol oficial un cop superat el curs.<\/p>\n","protected":false},"excerpt":{"rendered":"<p>Formaci\u00f3 b\u00e0sica i avan\u00e7ada de la llengua castellana (castell\u00e0 per a estrangers).<br \/>\nCASTELL\u00c0 A1<br \/>\nLlengua castellana nivell I \u2013 Curs de castell\u00e0 inicial. S&#8217;obt\u00e9 un t\u00edtol oficial un cop superat el curs.<br \/>\nCASTELL\u00c0 A2<br \/>\nLlengua castellana nivell II \u2013 Curs de castell\u00e0. Es pot cursar un cop superat l&#8217;A1&hellip;  <a href=\"https:\/\/agora.xtec.cat\/cfacalbolava\/ensenyaments\/llengua-castellana\/\" title=\"Read Llengua castellana\">Llegeix m\u00e9s\u00bb<\/a><\/p>\n","protected":false},"author":1,"featured_media":0,"parent":274,"menu_order":2,"comment_status":"closed","ping_status":"closed","template":"page-templates\/side-menu.php","meta":{"_bbp_topic_count":0,"_bbp_reply_count":0,"_bbp_total_topic_count":0,"_bbp_total_reply_count":0,"_bbp_voice_count":0,"_bbp_anonymous_reply_count":0,"_bbp_topic_count_hidden":0,"_bbp_reply_count_hidden":0,"_bbp_forum_subforum_count":0,"footnotes":""},"class_list":["post-299","page","type-page","status-publish","hentry"],"post_mailing_queue_ids":[],"_links":{"self":[{"href":"https:\/\/agora.xtec.cat\/cfacalbolava\/wp-json\/wp\/v2\/pages\/299","targetHints":{"allow":["GET"]}}],"collection":[{"href":"https:\/\/agora.xtec.cat\/cfacalbolava\/wp-json\/wp\/v2\/pages"}],"about":[{"href":"https:\/\/agora.xtec.cat\/cfacalbolava\/wp-json\/wp\/v2\/types\/page"}],"author":[{"embeddable":true,"href":"https:\/\/agora.xtec.cat\/cfacalbolava\/wp-json\/wp\/v2\/users\/1"}],"replies":[{"embeddable":true,"href":"https:\/\/agora.xtec.cat\/cfacalbolava\/wp-json\/wp\/v2\/comments?post=299"}],"version-history":[{"count":4,"href":"https:\/\/agora.xtec.cat\/cfacalbolava\/wp-json\/wp\/v2\/pages\/299\/revisions"}],"predecessor-version":[{"id":892,"href":"https:\/\/agora.xtec.cat\/cfacalbolava\/wp-json\/wp\/v2\/pages\/299\/revisions\/892"}],"up":[{"embeddable":true,"href":"https:\/\/agora.xtec.cat\/cfacalbolava\/wp-json\/wp\/v2\/pages\/274"}],"wp:attachment":[{"href":"https:\/\/agora.xtec.cat\/cfacalbolava\/wp-json\/wp\/v2\/media?parent=299"}],"curies":[{"name":"wp","href":"https:\/\/api.w.org\/{rel}","templated":true}]}}