{"id":9154,"date":"2016-06-23T08:32:59","date_gmt":"2016-06-23T07:32:59","guid":{"rendered":"http:\/\/agora.xtec.cat\/demoinstitut\/?page_id=1252"},"modified":"2025-07-11T09:52:43","modified_gmt":"2025-07-11T07:52:43","slug":"curs-scratch-primaria","status":"publish","type":"page","link":"https:\/\/agora.xtec.cat\/cfabonpastor\/projecte-educatiu\/curs-scratch-primaria\/","title":{"rendered":"Mem\u00f2ria cursos"},"content":{"rendered":"<p>Aqu\u00ed tens un resum de la mem\u00f2ria del curs 2021-22<\/p>\n<p><a href=\"https:\/\/agora.xtec.cat\/cfabonpastor\/wp-content\/uploads\/usu260\/2022\/10\/CARTELL-MEMORIA-21-22.pdf\">\u00a0MEM\u00d2RIA 21-22<\/a><\/p>\n<p><a href=\"https:\/\/agora.xtec.cat\/cfabonpastor\/wp-content\/uploads\/usu260\/2023\/10\/cartell-memoria-curs-22-23.pdf\">MEM\u00d2RIA 22-23<\/a><\/p>\n<p><a href=\"https:\/\/drive.google.com\/file\/d\/16LMWndW6pxQWB2FgSRpgEXGYLFXlFtXF\/view?usp=sharing\">MEM\u00d2RIA 23-24<\/a><\/p>\n<p><a href=\"https:\/\/gamma.app\/docs\/Memoria-Curs-2024-2025-Avaluacio-i-Seguiment-del-Projecte-de-Dire-5x1yewx1glzqufp?mode=doc\">MEM\u00d2RIA 24-25<\/a><\/p>\n","protected":false},"excerpt":{"rendered":"<p>Aqu\u00ed tens un resum de la mem\u00f2ria del curs 2021-22<br \/>\n<a href=\"https:\/\/agora.xtec.cat\/cfabonpastor\/wp-content\/uploads\/usu260\/2022\/10\/CARTELL-MEMORIA-21-22.pdf\">\u00a0MEM\u00d2RIA 21-22<\/a><br \/>\n<a href=\"https:\/\/agora.xtec.cat\/cfabonpastor\/wp-content\/uploads\/usu260\/2023\/10\/cartell-memoria-curs-22-23.pdf\">MEM\u00d2RIA 22-23<\/a><br \/>\n<a href=\"https:\/\/drive.google.com\/file\/d\/16LMWndW6pxQWB2FgSRpgEXGYLFXlFtXF\/view?usp=sharing\">MEM\u00d2RIA 23-24<\/a><br \/>\n<a href=\"https:\/\/gamma.app\/docs\/Memoria-Curs-2024-2025-Avaluacio-i-Seguiment-del-Projecte-de-Dire-5x1yewx1glzqufp?mode=doc\">MEM\u00d2RIA 24-25<\/a><\/p>\n","protected":false},"author":1,"featured_media":0,"parent":57,"menu_order":0,"comment_status":"closed","ping_status":"closed","template":"page-templates\/side-menu.php","meta":{"_bbp_topic_count":0,"_bbp_reply_count":0,"_bbp_total_topic_count":0,"_bbp_total_reply_count":0,"_bbp_voice_count":0,"_bbp_anonymous_reply_count":0,"_bbp_topic_count_hidden":0,"_bbp_reply_count_hidden":0,"_bbp_forum_subforum_count":0,"footnotes":""},"class_list":["post-9154","page","type-page","status-publish","hentry"],"post_mailing_queue_ids":[],"_links":{"self":[{"href":"https:\/\/agora.xtec.cat\/cfabonpastor\/wp-json\/wp\/v2\/pages\/9154","targetHints":{"allow":["GET"]}}],"collection":[{"href":"https:\/\/agora.xtec.cat\/cfabonpastor\/wp-json\/wp\/v2\/pages"}],"about":[{"href":"https:\/\/agora.xtec.cat\/cfabonpastor\/wp-json\/wp\/v2\/types\/page"}],"author":[{"embeddable":true,"href":"https:\/\/agora.xtec.cat\/cfabonpastor\/wp-json\/wp\/v2\/users\/1"}],"replies":[{"embeddable":true,"href":"https:\/\/agora.xtec.cat\/cfabonpastor\/wp-json\/wp\/v2\/comments?post=9154"}],"version-history":[{"count":7,"href":"https:\/\/agora.xtec.cat\/cfabonpastor\/wp-json\/wp\/v2\/pages\/9154\/revisions"}],"predecessor-version":[{"id":11969,"href":"https:\/\/agora.xtec.cat\/cfabonpastor\/wp-json\/wp\/v2\/pages\/9154\/revisions\/11969"}],"up":[{"embeddable":true,"href":"https:\/\/agora.xtec.cat\/cfabonpastor\/wp-json\/wp\/v2\/pages\/57"}],"wp:attachment":[{"href":"https:\/\/agora.xtec.cat\/cfabonpastor\/wp-json\/wp\/v2\/media?parent=9154"}],"curies":[{"name":"wp","href":"https:\/\/api.w.org\/{rel}","templated":true}]}}