{"id":562,"date":"2016-02-17T13:07:29","date_gmt":"2016-02-17T12:07:29","guid":{"rendered":"http:\/\/agora.xtec.cat\/cfabonpastor\/?page_id=562"},"modified":"2022-11-09T12:55:30","modified_gmt":"2022-11-09T11:55:30","slug":"el-gust-per-la-lectura","status":"publish","type":"page","link":"https:\/\/agora.xtec.cat\/cfabonpastor\/projecte-educatiu\/el-gust-per-la-lectura\/","title":{"rendered":"El gust per la lectura"},"content":{"rendered":"<p><img loading=\"lazy\" decoding=\"async\" class=\"\" title=\"elgustperlalectura-gran\" src=\"http:\/\/xtec.gencat.cat\/web\/.content\/projectes\/lectura\/gustperlalectura\/Imatges\/elgustperlalectura-gran.jpg\" alt=\"\" width=\"368\" height=\"183\" \/><\/p>\n<p>El passat 6 de juny de 2019 va tenir lloc la cerim\u00f2nia d&#8217;entrega de premis de la XXIV edici\u00f3 del concurs el gust per lectura. El nostres participants van obtenir el primer premi.<\/p>\n<p>Des de l&#8217;escola agra\u00efm la tasca feta per\u00a0 professors i alumnat i tamb\u00e9 el reconeixement a la feina de les escoles d&#8217;adults aix\u00ed com l&#8217;atenci\u00f3 a l&#8217;aprenentatge al llarg de la vida per part del Departament d&#8217;Educaci\u00f3.<\/p>\n<p><img loading=\"lazy\" decoding=\"async\" class=\"wp-image-9666 aligncenter\" src=\"https:\/\/agora.xtec.cat\/cfabonpastor\/wp-content\/uploads\/usu260\/2019\/06\/D8Umf4dV4AAnTNu.jpg-large.jpg\" alt=\"\" width=\"415\" height=\"415\" srcset=\"https:\/\/agora.xtec.cat\/cfabonpastor\/wp-content\/uploads\/usu260\/2019\/06\/D8Umf4dV4AAnTNu.jpg-large.jpg 1024w, https:\/\/agora.xtec.cat\/cfabonpastor\/wp-content\/uploads\/usu260\/2019\/06\/D8Umf4dV4AAnTNu.jpg-large-150x150.jpg 150w, https:\/\/agora.xtec.cat\/cfabonpastor\/wp-content\/uploads\/usu260\/2019\/06\/D8Umf4dV4AAnTNu.jpg-large-300x300.jpg 300w, https:\/\/agora.xtec.cat\/cfabonpastor\/wp-content\/uploads\/usu260\/2019\/06\/D8Umf4dV4AAnTNu.jpg-large-768x768.jpg 768w\" sizes=\"auto, (max-width: 415px) 100vw, 415px\" \/><\/p>\n<p>&nbsp;<\/p>\n<p><img loading=\"lazy\" decoding=\"async\" class=\"aligncenter wp-image-9665\" src=\"https:\/\/agora.xtec.cat\/cfabonpastor\/wp-content\/uploads\/usu260\/2019\/06\/D8T6SoJV4AARv1F.jpg\" alt=\"\" width=\"388\" height=\"291\" srcset=\"https:\/\/agora.xtec.cat\/cfabonpastor\/wp-content\/uploads\/usu260\/2019\/06\/D8T6SoJV4AARv1F.jpg 1200w, https:\/\/agora.xtec.cat\/cfabonpastor\/wp-content\/uploads\/usu260\/2019\/06\/D8T6SoJV4AARv1F-300x225.jpg 300w, https:\/\/agora.xtec.cat\/cfabonpastor\/wp-content\/uploads\/usu260\/2019\/06\/D8T6SoJV4AARv1F-768x576.jpg 768w, https:\/\/agora.xtec.cat\/cfabonpastor\/wp-content\/uploads\/usu260\/2019\/06\/D8T6SoJV4AARv1F-1024x768.jpg 1024w, https:\/\/agora.xtec.cat\/cfabonpastor\/wp-content\/uploads\/usu260\/2019\/06\/D8T6SoJV4AARv1F-200x150.jpg 200w\" sizes=\"auto, (max-width: 388px) 100vw, 388px\" \/><\/p>\n<p><img loading=\"lazy\" decoding=\"async\" class=\"aligncenter wp-image-9565\" src=\"https:\/\/agora.xtec.cat\/cfabonpastor\/wp-content\/uploads\/usu260\/2019\/02\/2019_hi_participem_gran-noulogo.png\" alt=\"\" width=\"244\" height=\"244\" \/><\/p>\n<p>Ja hem comen\u00e7at a preparar la nostra participaci\u00f3 en el programa del gust per la lectura d&#8217;aquest curs.<\/p>\n<p>En aquesta ocasi\u00f3, dins de la <strong>Categoria F. Alumnes d\u2019educaci\u00f3 d\u2019adults (Cicle de formaci\u00f3 instrumental \u2013CFI\u2013),<\/strong><strong>Modalitat F1<\/strong> treballarem l&#8217;obra d&#8217;Oriol Garcia Quera. <strong>L\u2019aventura de la llengua: Pompeu Fabra. Editorial Rafael Dalmau, 2018.<\/strong><\/p>\n<section class=\"padding-xs padding-sm padding-md colorSectionOdd\">\n<article class=\"container fullcontainer-xs\">\n<div class=\"row\">\n<div>\n<div id=\"center_1R\">\n<div id=\"6067bef6-9cee-11e6-b946-005056924a59\" class=\"fpca_article pd-15\">\n<div>\n<div>\n<div class=\"row\">\n<div class=\"basic_text_peq col-xs-12\">\n<div class=\"pd-15x\">\n<p>El programa El Gust per la Lectura t\u00e9 per objectiu la formaci\u00f3 de bons lectors i lectores. Es tracta que, al llarg de la seva formaci\u00f3 educativa, els nostres alumnes esdevinguin lectors competents, cr\u00edtics i capa\u00e7os de gaudir del plaer de la lectura.\u00a0 El programa\u00a0 ofereix material did\u00e0ctic al professorat, i estrat\u00e8gies i recursos per a la dinamitzaci\u00f3 de la lectura, de manera que s\u2019afavoreixi el desenvolupament de les compet\u00e8ncies liter\u00e0ria i social i ciutadana. La dinamitzaci\u00f3 de la lectura es porta a terme relacionant les obres liter\u00e0ries amb altres tipus de discursos, de formats art\u00edstics i d\u2019activitats, amb la intenci\u00f3 que el fet lector, a m\u00e9s de proporcionar sensibilitat est\u00e8tica i contribuir al creixement personal, esdevingui element potenciador del treball compartit i la construcci\u00f3 de la ciutadania.<\/p>\n<\/div>\n<p>M\u00e9s informaci\u00f3 clica <a href=\"http:\/\/xtec.gencat.cat\/ca\/projectes\/lectura\/gustperlalectura\/concurs\/convocatoriaibases\/\">aqu\u00ed<\/a><\/p>\n<\/div>\n<\/div>\n<\/div>\n<\/div>\n<\/div>\n<\/div>\n<\/div>\n<\/div>\n<\/article>\n<\/section>\n<div class=\"fons_footer\">\n<footer class=\"container center-block shadowBox2\">\n<div class=\"shadow2\"><\/div>\n<\/footer>\n<\/div>\n<p>&nbsp;<\/p>\n<p class=\"textLayer\">Not\u00edcies relacionades:<\/p>\n<p class=\"textLayer\"><a href=\"http:\/\/agora.xtec.cat\/cfabonpastor\/general\/concurs-el-gust-per-la-lectura\/\">Edici\u00f3 2018 El ve\u00ed espavilat<\/a><\/p>\n<p class=\"textLayer\">\u00a0<a href=\"http:\/\/agora.xtec.cat\/cfabonpastor\/general\/bon-profit-alumnes-de-cfi-iii\/\">Edici\u00f3 2017 Bon profit<\/a><\/p>\n<p class=\"textLayer\">\u00a0 <a href=\"http:\/\/agora.xtec.cat\/cfabonpastor\/general\/el-gust-per-la-lectura\/\">Edici\u00f3 2016<\/a><\/p>\n<div class=\"textLayer\"><\/div>\n","protected":false},"excerpt":{"rendered":"<p>El passat 6 de juny de 2019 va tenir lloc la cerim\u00f2nia d&#8217;entrega de premis de la XXIV edici\u00f3 del concurs el gust per lectura. El nostres participants van obtenir el primer premi.<br \/>\nDes de l&#8217;escola agra\u00efm la tasca feta per\u00a0 professors i alumnat i tamb\u00e9&hellip;  <a href=\"https:\/\/agora.xtec.cat\/cfabonpastor\/projecte-educatiu\/el-gust-per-la-lectura\/\" title=\"Read El gust per la lectura\">Llegeix m\u00e9s\u00bb<\/a><\/p>\n","protected":false},"author":1,"featured_media":0,"parent":57,"menu_order":0,"comment_status":"closed","ping_status":"closed","template":"page-templates\/side-menu.php","meta":{"_bbp_topic_count":0,"_bbp_reply_count":0,"_bbp_total_topic_count":0,"_bbp_total_reply_count":0,"_bbp_voice_count":0,"_bbp_anonymous_reply_count":0,"_bbp_topic_count_hidden":0,"_bbp_reply_count_hidden":0,"_bbp_forum_subforum_count":0,"footnotes":""},"class_list":["post-562","page","type-page","status-publish","hentry"],"post_mailing_queue_ids":[],"_links":{"self":[{"href":"https:\/\/agora.xtec.cat\/cfabonpastor\/wp-json\/wp\/v2\/pages\/562","targetHints":{"allow":["GET"]}}],"collection":[{"href":"https:\/\/agora.xtec.cat\/cfabonpastor\/wp-json\/wp\/v2\/pages"}],"about":[{"href":"https:\/\/agora.xtec.cat\/cfabonpastor\/wp-json\/wp\/v2\/types\/page"}],"author":[{"embeddable":true,"href":"https:\/\/agora.xtec.cat\/cfabonpastor\/wp-json\/wp\/v2\/users\/1"}],"replies":[{"embeddable":true,"href":"https:\/\/agora.xtec.cat\/cfabonpastor\/wp-json\/wp\/v2\/comments?post=562"}],"version-history":[{"count":4,"href":"https:\/\/agora.xtec.cat\/cfabonpastor\/wp-json\/wp\/v2\/pages\/562\/revisions"}],"predecessor-version":[{"id":9732,"href":"https:\/\/agora.xtec.cat\/cfabonpastor\/wp-json\/wp\/v2\/pages\/562\/revisions\/9732"}],"up":[{"embeddable":true,"href":"https:\/\/agora.xtec.cat\/cfabonpastor\/wp-json\/wp\/v2\/pages\/57"}],"wp:attachment":[{"href":"https:\/\/agora.xtec.cat\/cfabonpastor\/wp-json\/wp\/v2\/media?parent=562"}],"curies":[{"name":"wp","href":"https:\/\/api.w.org\/{rel}","templated":true}]}}