{"id":49,"date":"2014-09-17T16:55:55","date_gmt":"2014-09-17T16:55:55","guid":{"rendered":"http:\/\/agora.xtec.cat\/cfabonpastor\/\/?page_id=49"},"modified":"2025-07-14T10:12:11","modified_gmt":"2025-07-14T08:12:11","slug":"normes-dorganitzacio-i-funcionament","status":"publish","type":"page","link":"https:\/\/agora.xtec.cat\/cfabonpastor\/el-centre\/normes-dorganitzacio-i-funcionament\/","title":{"rendered":"Normes i funcionament del centre"},"content":{"rendered":"<h2 class=\"western\" align=\"center\"><a href=\"https:\/\/agora.xtec.cat\/cfabonpastor\/wp-content\/uploads\/usu260\/2025\/07\/Carta-compromis-educatiu-GENERAL.pdf\"><span style=\"font-family: Calibri, sans-serif;\"><span style=\"font-size: large;\"><u><b>Normes de funcionament i comprom\u00eds educatiu<\/b><\/u><\/span><\/span><\/a><\/h2>\n<table width=\"1006\" cellspacing=\"0\" cellpadding=\"11\">\n<tbody>\n<tr>\n<td width=\"982\">\n<p class=\"western\"><span style=\"font-family: Calibri, sans-serif;\"><span style=\"font-size: large;\"><b>Nom i Cognoms:<\/b><\/span><\/span><\/p>\n<\/td>\n<\/tr>\n<tr>\n<td width=\"982\">\n<p class=\"western\"><span style=\"font-family: Calibri, sans-serif;\"><span style=\"font-size: large;\"><b>DNI \/ NIE\/ Passaport:<\/b><\/span><\/span><\/p>\n<\/td>\n<\/tr>\n<tr>\n<td width=\"982\" height=\"21\">\n<p class=\"western\"><span style=\"font-family: Calibri, sans-serif;\"><span style=\"font-size: large;\"><b>Estudiant de:<\/b><\/span><\/span><\/p>\n<\/td>\n<\/tr>\n<\/tbody>\n<\/table>\n<ol>\n<li>\n<p class=\"western\" align=\"justify\"><span style=\"font-family: Calibri, sans-serif;\"><span style=\"font-size: medium;\">La formaci\u00f3 que es realitza en aquest centre \u00e9s <\/span><\/span><span style=\"font-family: Calibri, sans-serif;\"><span style=\"font-size: medium;\"><b>presencial.<\/b><\/span><\/span><\/p>\n<\/li>\n<\/ol>\n<ol type=\"a\">\n<li>\n<p class=\"western\" align=\"justify\"><span style=\"font-family: Calibri, sans-serif;\"><span style=\"font-size: medium;\">Estic assabentat\/da, que si per qualsevol motiu, <\/span><\/span><span style=\"font-family: Calibri, sans-serif;\"><span style=\"font-size: medium;\"><b>no arribo al 80% d\u2019assist\u00e8ncia<\/b><\/span><\/span><span style=\"font-family: Calibri, sans-serif;\"><span style=\"font-size: medium;\"> (del total de les hores lectives) <\/span><\/span><span style=\"font-family: Calibri, sans-serif;\"><span style=\"font-size: medium;\"><b>no tinc dret al certificat.<\/b><\/span><\/span><\/p>\n<\/li>\n<\/ol>\n<ol start=\"2\" type=\"a\">\n<li>\n<p class=\"western\" align=\"justify\"><span style=\"font-family: Calibri, sans-serif;\"><span style=\"font-size: medium;\">Estic assabentat\/da, que <\/span><\/span><span style=\"font-family: Calibri, sans-serif;\"><span style=\"font-size: medium;\"><b>si falto m\u00e9s de 10 dies lectius, sense justificar-ho, l\u2019escola em pot donar de baixa per faltes d\u2019assist\u00e8ncia.<\/b><\/span><\/span><\/p>\n<\/li>\n<\/ol>\n<ol start=\"3\" type=\"a\">\n<li>\n<p class=\"western\" align=\"justify\"><span style=\"color: #000000;\"><span style=\"font-family: Calibri, sans-serif;\"><span style=\"font-size: medium;\">Em comprometo a respectar els horaris d&#8217;entrada i sortida de les classes i estic assabentat\/ada que un <\/span><\/span><\/span><span style=\"color: #000000;\"><span style=\"font-family: Calibri, sans-serif;\"><span style=\"font-size: medium;\"><b>retard de m\u00e9s de 15 minuts<\/b><\/span><\/span><\/span><span style=\"color: #000000;\"><span style=\"font-family: Calibri, sans-serif;\"><span style=\"font-size: medium;\"> o <\/span><\/span><\/span><span style=\"color: #000000;\"><span style=\"font-family: Calibri, sans-serif;\"><span style=\"font-size: medium;\"><b>marxar abans<\/b><\/span><\/span><\/span><span style=\"color: #000000;\"><span style=\"font-family: Calibri, sans-serif;\"><span style=\"font-size: medium;\"> que acabi la classe representar\u00e0 <\/span><\/span><\/span><span style=\"color: #000000;\"><span style=\"font-family: Calibri, sans-serif;\"><span style=\"font-size: medium;\"><b>una falta d&#8217;assist\u00e8ncia <\/b><\/span><\/span><\/span><span style=\"color: #000000;\"><span style=\"font-family: Calibri, sans-serif;\"><span style=\"font-size: medium;\">i, per tant,<\/span><\/span><\/span><span style=\"color: #000000;\"><span style=\"font-family: Calibri, sans-serif;\"><span style=\"font-size: medium;\"><b> no podr\u00e9 signar<\/b><\/span><\/span><\/span><span style=\"color: #000000;\"><span style=\"font-family: Calibri, sans-serif;\"><span style=\"font-size: medium;\">.<\/span><\/span><\/span><\/p>\n<\/li>\n<\/ol>\n<ol start=\"2\">\n<li>\n<p class=\"western\" align=\"justify\"><span style=\"font-family: Calibri, sans-serif;\"><span style=\"font-size: medium;\">Si em dono de baixa volunt\u00e0riament, per qualsevol motiu, <\/span><\/span><span style=\"font-family: Calibri, sans-serif;\"><span style=\"font-size: medium;\"><b>a partir dels 15 dies posteriors a la data de la matr\u00edcula<\/b><\/span><\/span><span style=\"font-family: Calibri, sans-serif;\"><span style=\"font-size: medium;\">, o el centre em d\u00f3na de baixa per manca d\u2019assist\u00e8ncia, estic assabentat\/da<\/span><\/span><b> <\/b><span style=\"font-family: Calibri, sans-serif;\"><span style=\"font-size: medium;\">que <\/span><\/span><span style=\"font-family: Calibri, sans-serif;\"><span style=\"font-size: medium;\"><b>no tinc dret a:<\/b><\/span><\/span><\/p>\n<\/li>\n<\/ol>\n<ul>\n<li>\n<p class=\"western\" align=\"justify\"><span style=\"font-family: Calibri, sans-serif;\"><span style=\"font-size: medium;\">El retorn de la quota.<\/span><\/span><\/p>\n<\/li>\n<li>\n<p class=\"western\" align=\"justify\"><span style=\"font-family: Calibri, sans-serif;\"><span style=\"font-size: medium;\">Els materials\/dossiers de treball que es lliurin despr\u00e9s de la confirmaci\u00f3 de la Baixa.<\/span><\/span><\/p>\n<\/li>\n<\/ul>\n<ol start=\"3\">\n<li>\n<p class=\"western\" align=\"justify\"><span style=\"font-family: Calibri, sans-serif;\"><span style=\"font-size: medium;\">El professorat \u00e9s el responsable d\u2019organitzar les activitats d\u2019ensenyament dins l\u2019aula. <\/span><\/span><span style=\"font-family: Calibri, sans-serif;\"><span style=\"font-size: medium;\"><b>Em comprometo a seguir les seves<\/b><\/span><\/span><span style=\"font-family: Calibri, sans-serif;\"><span style=\"font-size: medium;\"> indicacions i fer totes les activitats d\u2019aprenentatge i avaluaci\u00f3 pel bon desenvolupament del curs.<\/span><\/span><\/p>\n<\/li>\n<\/ol>\n<ol start=\"4\">\n<li>\n<p class=\"western\" align=\"justify\"><span style=\"font-family: Calibri, sans-serif;\"><span style=\"font-size: medium;\">Els espais de l\u2019escola s\u00f3n comuns i <\/span><\/span><span style=\"font-family: Calibri, sans-serif;\"><span style=\"font-size: medium;\"><b>NO hi ha seients reservats<\/b><\/span><\/span><span style=\"font-family: Calibri, sans-serif;\"><span style=\"font-size: medium;\"> per a ning\u00fa llevat dels casos dels alumnes amb N.E.E.<\/span><\/span><\/p>\n<\/li>\n<\/ol>\n<p class=\"western\"><span style=\"font-family: Calibri, sans-serif;\"><span style=\"font-size: medium;\"><b>Signatura de l\u2019alumne\/a Barcelona, &#8230;&#8230;&#8230;&#8230;. de &#8230;&#8230;&#8230;&#8230;&#8230;&#8230;&#8230;. de 20____<\/b><\/span><\/span><\/p>\n<p><a href=\"https:\/\/agora.xtec.cat\/cfabonpastor\/wp-content\/uploads\/usu260\/2025\/07\/PRESENTACIO-CARTA-DE-COMPROMIS.pdf\">PRESENTACI\u00d3N DE LA CARTA DE COMPROMISO(CASTELLANO)<\/a><\/p>\n<p><a href=\"https:\/\/agora.xtec.cat\/cfabonpastor\/wp-content\/uploads\/usu260\/2025\/07\/PRESENTACIO-CARTA-DE-COMPROMIS.pdf\">PRESENTACI\u00d3N DE LOS\u00a0 DERECHOS DE IMAGEN (CASTELLANO)<\/a><\/p>\n<p><strong><a href=\"https:\/\/agora.xtec.cat\/cfabonpastor\/wp-content\/uploads\/usu260\/2025\/07\/autoritzacions-us-imatges.pdf\">DRETS D&#8217;IMATGE<\/a>\u00a0<\/strong><\/p>\n<p>El centre disposa d\u2019espais de comunicaci\u00f3 i difusi\u00f3, inclosos els espais web (adre\u00e7a o adreces web), on informa i fa difusi\u00f3 de les activitats escolars lectives, complement\u00e0ries i extraescolars.<\/p>\n<p>En aquests espais es poden publicar imatges o veu en qu\u00e8 apareguin, individualment o en grup, alumnes i professors\/ores que fan les activitats esmentades.<\/p>\n<p>La difusi\u00f3 d\u2019imatges, de veus i d\u2019altres dades personals implica un risc per al dret a la protecci\u00f3 de dades, per a la privacitat i per al dret a la pr\u00f2pia imatge, ja que se\u2019n pot perdre el control.<\/p>\n<p>Per aquest motiu, el centre educatiu demana el consentiment i es compromet a fer una publicaci\u00f3 curosa de les dades personals als espais de comunicaci\u00f3 i difusi\u00f3. El fet de no autoritzar la publicaci\u00f3 de les dades no afectar\u00e0 el desenvolupament de les activitats programades dins de l\u2019activitat lectiva.<\/p>\n<p>Les imatges i veus que es recullin i tractin no se cediran a tercers ni se&#8217;n faran usos comercials sense el consentiment expr\u00e9s i per escrit de les persones interessades.<\/p>\n<p>&nbsp;<\/p>\n<h5><strong>Dades de la persona que autoritza<\/strong><\/h5>\n<p>Nom i cognoms\u00a0\u00a0\u00a0\u00a0\u00a0\u00a0\u00a0\u00a0\u00a0\u00a0\u00a0\u00a0\u00a0\u00a0\u00a0\u00a0\u00a0\u00a0\u00a0\u00a0\u00a0\u00a0\u00a0\u00a0\u00a0\u00a0\u00a0\u00a0\u00a0\u00a0\u00a0\u00a0\u00a0\u00a0\u00a0\u00a0\u00a0\u00a0\u00a0\u00a0\u00a0\u00a0\u00a0\u00a0\u00a0\u00a0\u00a0\u00a0\u00a0\u00a0\u00a0\u00a0\u00a0\u00a0\u00a0\u00a0\u00a0\u00a0\u00a0\u00a0\u00a0\u00a0\u00a0\u00a0\u00a0\u00a0\u00a0\u00a0\u00a0\u00a0\u00a0\u00a0\u00a0\u00a0\u00a0\u00a0\u00a0\u00a0\u00a0\u00a0\u00a0\u00a0 DNI\/NIE\/Passaport<\/p>\n<p>&nbsp;<\/p>\n<p>&nbsp;<\/p>\n<h5>Autoritzo<\/h5>\n<h5>Per\u00edode de validesa: curs <u>\u00a0 \u00a0 \u00a0 \u00a0 \u00a0 \u00a0 \u00a0 \u00a0 \u00a0 \u00a0 \u00a0 \u00a0 \u00a0 \u00a0 \u00a0 \u00a0 \u00a0 \u00a0 \u00a0 \u00a0 \u00a0 \u00a0 \u00a0\u00a0<\/u><\/h5>\n<ol>\n<li>Que la meva imatge\/veu pugui sortir en fotografies o v\u00eddeos corresponents a activitats escolars lectives, complement\u00e0ries i extraescolars organitzades pel centre i publicades en:<\/li>\n<\/ol>\n<ul>\n<li>Webs del centre:\u00a0 \u00a0 \u00a0 \u00a0 \u00a0 \u00a0 \u00a0 \u00a0 \u00a0 \u00a0 \u00a0 \u00a0 \u00a0 \u00a0 \u00a0 \u00a0 \u00a0 \u00a0 \u00a0 \u00a0 \u00a0 \u00a0 \u00a0 \u00a0 \u00a0 \u00a0 \u00a0 \u00a0 \u00a0 \u00a0 \u00a0 \u00a0 \u00a0 \u00a0 \u00a0 \u00a0 \u00a0 \u00a0 \u00a0 \u00a0 \u00a0 \u00a0 \u00a0 \u00a0 \u00a0S\u00ed\u00a0\u00a0 \u00a0 \u00a0No<\/li>\n<\/ul>\n<p>(poseu tota plataforma administrada pel centre: \u00c0gora Moodle, Google Apps, etc.)<\/p>\n<ul>\n<li>Plataformes d\u2019Internet no administrades pel centre: :\n<ul>\n<li style=\"list-style-type: none;\">\n<ul>\n<li style=\"list-style-type: none;\">\n<ul>\n<li>Plataformes:\u00a0 \u00a0 \u00a0 \u00a0 \u00a0 \u00a0 \u00a0 \u00a0 \u00a0 \u00a0 \u00a0 \u00a0 \u00a0 \u00a0 \u00a0 \u00a0 \u00a0Acc\u00e9s\n<ul>\n<li>Google\u00a0 \u00a0 \u00a0 \u00a0 \u00a0 \u00a0 \u00a0 \u00a0 \u00a0 \u00a0 \u00a0 \u00a0 \u00a0 \u00a0 \u00a0 \u00a0 \u00a0 \u00a0 \u00a0 S\u00ed\u00a0\u00a0\u00a0\u00a0 \u00a0No<\/li>\n<li>Youtube\u00a0 \u00a0 \u00a0 \u00a0 \u00a0 \u00a0 \u00a0 \u00a0 \u00a0 \u00a0 \u00a0 \u00a0 \u00a0 \u00a0 \u00a0 \u00a0 \u00a0 \u00a0 \u00a0S\u00ed\u00a0\u00a0\u00a0\u00a0 \u00a0No<\/li>\n<li>Instragram\u00a0 \u00a0 \u00a0 \u00a0 \u00a0 \u00a0 \u00a0 \u00a0 \u00a0 \u00a0 \u00a0 \u00a0 \u00a0 \u00a0 \u00a0 \u00a0 \u00a0S\u00ed\u00a0\u00a0\u00a0\u00a0 \u00a0No<\/li>\n<li>(Altres)\u00a0 \u00a0 \u00a0 \u00a0 \u00a0 \u00a0 \u00a0 \u00a0 \u00a0 \u00a0 \u00a0 \u00a0 \u00a0 \u00a0 \u00a0 \u00a0 \u00a0 \u00a0 \u00a0 \u00a0S\u00ed\u00a0\u00a0\u00a0\u00a0 \u00a0No<\/li>\n<\/ul>\n<\/li>\n<\/ul>\n<\/li>\n<\/ul>\n<\/li>\n<\/ul>\n<\/li>\n<li>Revistes o publicacions editades pel centre d\u2019\u00e0mbit educatiu:\u00a0 \u00a0 \u00a0 \u00a0 S\u00ed\u00a0\u00a0\u00a0\u00a0\u00a0\u00a0 \u00a0No<\/li>\n<\/ul>\n<ol start=\"2\">\n<li>Que el material que elabori pugui ser publicat en els espais de comunicaci\u00f3 (blogs i espais web, i revistes) del mateix centre amb la finalitat de desenvolupar l\u2019activitat educativa:<\/li>\n<\/ol>\n<p>S\u00ed\u00a0\u00a0\u00a0\u00a0 \u00a0No<\/p>\n<p>&nbsp;<\/p>\n<p>(Podeu retirar-ne el consentiment en qualsevol moment; la revocaci\u00f3 no t\u00e9 efectes retroactius.)<\/p>\n<p><strong>Informaci\u00f3 b\u00e0sica sobre protecci\u00f3 de dades Responsable del tractament: <\/strong>Direcci\u00f3 del centre educatiu.<\/p>\n<p><strong>Finalitat: <\/strong>Autoritzaci\u00f3 difusi\u00f3 d\u2019imatge\/veu i material elaborat als espais de comunicaci\u00f3 i difusi\u00f3 del centre. <strong>Drets: <\/strong>Accedir a les dades, rectificar-les, suprimir-les, oposar-se\u2019n al tractament i sol\u00b7licitar-ne la limitaci\u00f3. Podeu trobar tota la informaci\u00f3 relativa als drets de les persones interessades i com exercir-los en el web del <a href=\"http:\/\/educacio.gencat.cat\/ca\/departament\/proteccio-dades\/drets-persones-interessades\/\">Departament d\u2019Educaci\u00f3<\/a><\/p>\n<p><strong>Informaci\u00f3 addicional: <\/strong>Podeu consultar la informaci\u00f3 addicional i detallada sobre protecci\u00f3 de dades a la p\u00e0gina web del Departament d\u2019Educaci\u00f3.<\/p>\n<p>&nbsp;<\/p>\n<p>&nbsp;<\/p>\n<p><a href=\"https:\/\/agora.xtec.cat\/cfabonpastor\/wp-content\/uploads\/usu260\/2024\/03\/NOFC-CFA-BON-PASTOR.pdf\"><strong>Les normes d&#8217;organitzaci\u00f3 i funcionament del centre (NOFC)<\/strong><\/a><br \/>\nEl projecte educatiu de centre \u00e9s l&#8217;element vertebrador del centre i de la seva activitat, i, per tant, en determina l&#8217;organitzaci\u00f3, la gesti\u00f3 i el funcionament.<br \/>\nCorrespon al centre educatiu determinar l&#8217;estructura organitzativa pr\u00f2pia d&#8217;acord amb els objectius criteris del seu projecte educatiu. L&#8217;organitzaci\u00f3 no \u00e9s una finalitat en si mateixa, sin\u00f3 un instrument per desenvolupar i fer possible el projecte educatiu i, en \u00faltim terme, assolir l&#8217;\u00e8xit educatiu.<\/p>\n<p>Els centres educatius han d&#8217;elaborar les seves normes d&#8217;organitzaci\u00f3 i funcionament, d&#8217;acord amb el que s&#8217;estableix al Decret 102\/2010 , d&#8217;autonomia dels centres educatius.<\/p>\n","protected":false},"excerpt":{"rendered":"<p><a href=\"https:\/\/agora.xtec.cat\/cfabonpastor\/wp-content\/uploads\/usu260\/2025\/07\/Carta-compromis-educatiu-GENERAL.pdf\">Normes de funcionament i comprom\u00eds educatiu<\/a><\/p>\n<p>Nom i Cognoms:<\/p>\n<p>DNI \/ NIE\/ Passaport:<\/p>\n<p>Estudiant de:<\/p>\n<ol>\n<li>\nLa formaci\u00f3 que es realitza en aquest centre \u00e9s presencial.\n<\/li>\n<\/ol>\n<ol type=\"a\">\n<li>\nEstic assabentat\/da, que si per qualsevol motiu, no arribo al 80% d\u2019assist\u00e8ncia (del total de les hores lectives) no tinc dret al certificat.\n<\/li>\n<\/ol>\n<ol&hellip;  <a href=\"https:\/\/agora.xtec.cat\/cfabonpastor\/el-centre\/normes-dorganitzacio-i-funcionament\/\" title=\"Read Normes i funcionament del centre\">Llegeix m\u00e9s\u00bb<\/a><\/p>\n","protected":false},"author":1,"featured_media":0,"parent":261,"menu_order":60,"comment_status":"closed","ping_status":"closed","template":"page-templates\/side-menu.php","meta":{"_bbp_topic_count":0,"_bbp_reply_count":0,"_bbp_total_topic_count":0,"_bbp_total_reply_count":0,"_bbp_voice_count":0,"_bbp_anonymous_reply_count":0,"_bbp_topic_count_hidden":0,"_bbp_reply_count_hidden":0,"_bbp_forum_subforum_count":0,"footnotes":""},"class_list":["post-49","page","type-page","status-publish","hentry"],"post_mailing_queue_ids":[],"_links":{"self":[{"href":"https:\/\/agora.xtec.cat\/cfabonpastor\/wp-json\/wp\/v2\/pages\/49","targetHints":{"allow":["GET"]}}],"collection":[{"href":"https:\/\/agora.xtec.cat\/cfabonpastor\/wp-json\/wp\/v2\/pages"}],"about":[{"href":"https:\/\/agora.xtec.cat\/cfabonpastor\/wp-json\/wp\/v2\/types\/page"}],"author":[{"embeddable":true,"href":"https:\/\/agora.xtec.cat\/cfabonpastor\/wp-json\/wp\/v2\/users\/1"}],"replies":[{"embeddable":true,"href":"https:\/\/agora.xtec.cat\/cfabonpastor\/wp-json\/wp\/v2\/comments?post=49"}],"version-history":[{"count":6,"href":"https:\/\/agora.xtec.cat\/cfabonpastor\/wp-json\/wp\/v2\/pages\/49\/revisions"}],"predecessor-version":[{"id":11977,"href":"https:\/\/agora.xtec.cat\/cfabonpastor\/wp-json\/wp\/v2\/pages\/49\/revisions\/11977"}],"up":[{"embeddable":true,"href":"https:\/\/agora.xtec.cat\/cfabonpastor\/wp-json\/wp\/v2\/pages\/261"}],"wp:attachment":[{"href":"https:\/\/agora.xtec.cat\/cfabonpastor\/wp-json\/wp\/v2\/media?parent=49"}],"curies":[{"name":"wp","href":"https:\/\/api.w.org\/{rel}","templated":true}]}}