{"id":316,"date":"2015-01-28T11:33:51","date_gmt":"2015-01-28T10:33:51","guid":{"rendered":"http:\/\/agora.xtec.cat\/cfabonpastor\/\/?page_id=316"},"modified":"2025-05-27T12:21:07","modified_gmt":"2025-05-27T10:21:07","slug":"competencia-digital-competic","status":"publish","type":"page","link":"https:\/\/agora.xtec.cat\/cfabonpastor\/ensenyaments\/ensenyaments-transprofessionals\/competencia-digital-competic\/","title":{"rendered":"Compet\u00e8ncia digital COMPETIC"},"content":{"rendered":"<p>&nbsp;<\/p>\n<p>Poden accedir a aquests estudis totes les persones que tenen m\u00e9s de 18 anys i les que els compleixen durant l&#8217;any natural en qu\u00e8 s&#8217;inicia la formaci\u00f3.<\/p>\n<p>Aquesta titulaci\u00f3 equival als nivells ACTIC: inicial, b\u00e0sic i avan\u00e7at.<\/p>\n<p><strong>COMPETIC inicial<\/strong><br \/>\nCurs anual de 105 hores, amb classes d&#8217;una hora i mitja dos dies a la setmana.<\/p>\n<p>En aquest curs es recullen tres compet\u00e8ncies del nivell b\u00e0sic de l&#8217;acreditaci\u00f3 de compet\u00e8ncies en tecnologies de la informaci\u00f3 i la comunicaci\u00f3 (ACTIC):<\/p>\n<blockquote><p>C2. Tecnologia digital, \u00fas de l&#8217;ordinador i del sistema operatiu.<br \/>\nC3. Navegaci\u00f3 i comunicaci\u00f3 en el m\u00f3n digital.<br \/>\nC4. Tractament de la informaci\u00f3 escrita.<\/p><\/blockquote>\n<p><strong>COMPETIC 1<\/strong><br \/>\nCurs anual de 105 hores, amb classes d&#8217;una hora i mitja dos dies a la setmana.<\/p>\n<p>COMPETIC 1 el poden cursar les persones que hagin superat el curs COMPETIC inicial o que n&#8217;acreditin els coneixements competencials b\u00e0sics.<\/p>\n<p>En aquest curs es recullen les tres compet\u00e8ncies del nivell b\u00e0sic de l&#8217;ACTIC no recollides a COMPETIC inicial:<\/p>\n<blockquote><p>C1. Cultura, participaci\u00f3 i civisme digital.<br \/>\nC5. Tractament de la informaci\u00f3 gr\u00e0fica, sonora i de la imatge en moviment.<br \/>\nC6. Tractament de la informaci\u00f3 num\u00e8rica.<\/p><\/blockquote>\n<p>El certificat de compet\u00e8ncia digital de l&#8217;educaci\u00f3 de persones adultes del nivell COMPETIC 1 equival al certificat b\u00e0sic de l\u2019ACTIC.<\/p>\n<p><strong>COMPETIC 2<\/strong><br \/>\nCurs anual de 140 hores, en modalitat <strong>SEMIPRESENCIALITAT<\/strong> (2h presencials i 2 hores de treball a casa o a l&#8217;aula)<\/p>\n<p>COMPETIC 2 el poden cursar les persones que han superat o acreditat les compet\u00e8ncies del curs COMPETIC 1.<\/p>\n<p>En aquest curs es recullen les vuit compet\u00e8ncies del nivell mitj\u00e0 de l&#8217;ACTIC:<\/p>\n<blockquote><p>C1. Cultura, participaci\u00f3 i civisme digital.<br \/>\nC2. Tecnologia digital, \u00fas de l&#8217;ordinador i del sistema operatiu.<br \/>\nC3. Navegaci\u00f3 i comunicaci\u00f3 en el m\u00f3n digital.<br \/>\nC4. Tractament de la informaci\u00f3 escrita.<br \/>\nC5. Tractament de la informaci\u00f3 gr\u00e0fica, sonora i de la imatge en moviment.<br \/>\nC6. Tractament de la informaci\u00f3 num\u00e8rica.<br \/>\nC7. Tractament de les dades.<br \/>\nC8. Presentaci\u00f3 de continguts.<\/p><\/blockquote>\n<p>El certificat de compet\u00e8ncia digital de l&#8217;educaci\u00f3 de persones adultes del nivell COMPETIC 2 equival al certificat mitj\u00e0 de l\u2019ACTIC.<\/p>\n<p><strong>COMPETIC 3<br \/>\n<\/strong>Curs anual de 105 hores, en modalitat <strong>SEMIPRESENCIALITAT<\/strong> (1,5 h presencials i 1,5\u00a0 hores de treball a casa o a l&#8217;aula)<\/p>\n<p>COMPETIC 3 el poden cursar les persones que han superat pr\u00e8viament el curs COMPETIC 2 o acreditar-lo mitjan\u00e7ant el certificat ACTIC del nivell mitj\u00e0.<\/p>\n<p>En aquest curs es recullen tres de les cinc compet\u00e8ncies del nivell avan\u00e7at de l&#8217;ACTIC:<\/p>\n<blockquote><p>C4. Tractament de la informaci\u00f3 escrita.<br \/>\nC5. Tractament de la informaci\u00f3 gr\u00e0fica, sonora i de la imatge en moviment.<br \/>\nC6. Tractament de la informaci\u00f3 num\u00e8rica.<br \/>\nC7. Tractament de les dades.<br \/>\nC8. Presentaci\u00f3 de continguts.<\/p><\/blockquote>\n<p>El certificat de compet\u00e8ncia digital de l&#8217;educaci\u00f3 de persones adultes del nivell COMPETIC 3 equival al certificat avan\u00e7at de l\u2019ACTIC.<\/p>\n<p>&nbsp;<\/p>\n","protected":false},"excerpt":{"rendered":"<p>&nbsp;<br \/>\nPoden accedir a aquests estudis totes les persones que tenen m\u00e9s de 18 anys i les que els compleixen durant l&#8217;any natural en qu\u00e8 s&#8217;inicia la formaci\u00f3.<br \/>\nAquesta titulaci\u00f3 equival als nivells ACTIC: inicial, b\u00e0sic i avan\u00e7at.<br \/>\nCOMPETIC inicial<br \/>\nCurs anual de 105 hores, amb classes d&#8217;una hora&hellip;  <a href=\"https:\/\/agora.xtec.cat\/cfabonpastor\/ensenyaments\/ensenyaments-transprofessionals\/competencia-digital-competic\/\" title=\"Read Compet\u00e8ncia digital COMPETIC\">Llegeix m\u00e9s\u00bb<\/a><\/p>\n","protected":false},"author":2,"featured_media":0,"parent":286,"menu_order":0,"comment_status":"closed","ping_status":"closed","template":"page-templates\/side-menu.php","meta":{"_bbp_topic_count":0,"_bbp_reply_count":0,"_bbp_total_topic_count":0,"_bbp_total_reply_count":0,"_bbp_voice_count":0,"_bbp_anonymous_reply_count":0,"_bbp_topic_count_hidden":0,"_bbp_reply_count_hidden":0,"_bbp_forum_subforum_count":0,"footnotes":""},"class_list":["post-316","page","type-page","status-publish","hentry"],"post_mailing_queue_ids":[],"_links":{"self":[{"href":"https:\/\/agora.xtec.cat\/cfabonpastor\/wp-json\/wp\/v2\/pages\/316","targetHints":{"allow":["GET"]}}],"collection":[{"href":"https:\/\/agora.xtec.cat\/cfabonpastor\/wp-json\/wp\/v2\/pages"}],"about":[{"href":"https:\/\/agora.xtec.cat\/cfabonpastor\/wp-json\/wp\/v2\/types\/page"}],"author":[{"embeddable":true,"href":"https:\/\/agora.xtec.cat\/cfabonpastor\/wp-json\/wp\/v2\/users\/2"}],"replies":[{"embeddable":true,"href":"https:\/\/agora.xtec.cat\/cfabonpastor\/wp-json\/wp\/v2\/comments?post=316"}],"version-history":[{"count":5,"href":"https:\/\/agora.xtec.cat\/cfabonpastor\/wp-json\/wp\/v2\/pages\/316\/revisions"}],"predecessor-version":[{"id":11884,"href":"https:\/\/agora.xtec.cat\/cfabonpastor\/wp-json\/wp\/v2\/pages\/316\/revisions\/11884"}],"up":[{"embeddable":true,"href":"https:\/\/agora.xtec.cat\/cfabonpastor\/wp-json\/wp\/v2\/pages\/286"}],"wp:attachment":[{"href":"https:\/\/agora.xtec.cat\/cfabonpastor\/wp-json\/wp\/v2\/media?parent=316"}],"curies":[{"name":"wp","href":"https:\/\/api.w.org\/{rel}","templated":true}]}}