{"id":312,"date":"2015-01-28T11:32:38","date_gmt":"2015-01-28T10:32:38","guid":{"rendered":"http:\/\/agora.xtec.cat\/cfabonpastor\/\/?page_id=312"},"modified":"2025-09-01T13:47:50","modified_gmt":"2025-09-01T11:47:50","slug":"llengua-anglesa","status":"publish","type":"page","link":"https:\/\/agora.xtec.cat\/cfabonpastor\/ensenyaments\/ensenyaments-transprofessionals\/llengua-anglesa\/","title":{"rendered":"Llengua anglesa"},"content":{"rendered":"<p>&nbsp;<\/p>\n<p>&nbsp;<\/p>\n<p>Nivells: 1, 2 i 3<\/p>\n<p>Durada: des del setembre fins al juny.<\/p>\n<p>Organitzaci\u00f3 i Curr\u00edculum: <a href=\"http:\/\/educacio.gencat.cat\/documents\/IPCNormativa\/DisposicionsInternes\/Resolucio_curriculums_llengues_CFA.pdf\">RESOLUCI\u00d3 de 10 de maig de 2013 <\/a><\/p>\n<p>Recursos i material:<\/p>\n<table style=\"height: 118px;\" width=\"658\">\n<tbody>\n<tr>\n<td>Angl\u00e8s Nivell 1<\/td>\n<td>English File &#8211; Elementary Multipack A (4th Edition)<\/td>\n<\/tr>\n<tr>\n<td>Angl\u00e8s Nivell 2<\/td>\n<td>English File &#8211; Elementary Multipack B (5th Edition) <strong><span style=\"color: #ff0000;\">NOU<\/span><\/strong><\/td>\n<\/tr>\n<tr>\n<td>Angl\u00e8s Nivell 3<\/td>\n<td>English File &#8211; Pre-Intermediate Multipack A (5th Edition) <span style=\"color: #ff0000;\">NOU<\/span><\/td>\n<\/tr>\n<\/tbody>\n<\/table>\n<p>Aula virtual: Google classroom<\/p>\n<p>Avaluaci\u00f3: avalaci\u00f3 cont\u00ednua amb proves durant el curs i examen final<\/p>\n<p>Promoci\u00f3 de curs i\/o obtenci\u00f3 de certificaci\u00f3: en cas que es superi el curs<\/p>\n<p>Poden accedir a aquests estudis totes les persones que tenen m\u00e9s de 18 anys o b\u00e9 els compleixen durant l&#8217;any natural en qu\u00e8 inicien la formaci\u00f3.<\/p>\n<p>Oferim cursos de nivell 1, 2 i 3.<\/p>\n<p><strong>Nivell 1<br \/>\n<\/strong>Curs anual de 105 hores, amb classes d&#8217;una hora i mitja dos dies a la setmana. Correspon al nivell A1 del marc europeu com\u00fa de refer\u00e8ncia per a les lleng\u00fces<\/p>\n<p><strong>Nivell 2<br \/>\n<\/strong>Curs anual de 140 hores, amb classes d&#8217;una hora i mitja dos dies a la setmana. Correspon al nivell A2.1 del marc europeu com\u00fa de refer\u00e8ncia per a les lleng\u00fces.<br \/>\n<strong><br \/>\nNivell 3<br \/>\n<\/strong>Curs anual de 140 hores, amb classes de dues hores dos dies a la setmana. Correspon al nivell A2.2 del marc europeu com\u00fa de refer\u00e8ncia per a les lleng\u00fces.<br \/>\n<strong><br \/>\n<\/strong><\/p>\n<p>Els alumnes de nivell 3 de llengua estrangera han de superar una prova de nivell b\u00e0sic (A2 del MERC) abans de finalitzar el curs per mostrar el grau d&#8217;assoliment de la compet\u00e8ncia ling\u00fc\u00edstica. El Departament d&#8217;Ensenyament far\u00e0 arribar als centres aquesta prova amb les especificacions i les orientacions corresponents per al professorat.<\/p>\n<p><span style=\"font-family: inherit; font-size: 1em;\">M\u00e9s informaci\u00f3 sobre aquests estudis a la web <\/span><a style=\"font-family: inherit; font-size: 1em;\" href=\"http:\/\/queestudiar.gencat.cat\/ca\/estudis\/formacio_persones_adultes\/estudis\/llengua_estrangera\/?p_id=2350&amp;estudi\" target=\"_blank\" rel=\"noopener noreferrer\">Estudiar a Catalunya<\/a><span style=\"font-family: inherit; font-size: 1em;\"> del Departament d&#8217;Ensenyament.<\/span><\/p>\n","protected":false},"excerpt":{"rendered":"<p>&nbsp;<br \/>\n&nbsp;<br \/>\nNivells: 1, 2 i 3<br \/>\nDurada: des del setembre fins al juny.<br \/>\nOrganitzaci\u00f3 i Curr\u00edculum: <a href=\"http:\/\/educacio.gencat.cat\/documents\/IPCNormativa\/DisposicionsInternes\/Resolucio_curriculums_llengues_CFA.pdf\">RESOLUCI\u00d3 de 10 de maig de 2013 <\/a><br \/>\nRecursos i material:<\/p>\n<p>Angl\u00e8s Nivell 1<br \/>\nEnglish File &#8211; Elementary Multipack A (4th Edition)<\/p>\n<p>Angl\u00e8s Nivell 2<br \/>\nEnglish File &#8211; Elementary Multipack B (5th Edition) NOU<\/p>\n<p>Angl\u00e8s Nivell 3<br \/>\nEnglish&hellip;  <a href=\"https:\/\/agora.xtec.cat\/cfabonpastor\/ensenyaments\/ensenyaments-transprofessionals\/llengua-anglesa\/\" title=\"Read Llengua anglesa\">Llegeix m\u00e9s\u00bb<\/a><\/p>\n","protected":false},"author":2,"featured_media":0,"parent":286,"menu_order":0,"comment_status":"closed","ping_status":"closed","template":"page-templates\/side-menu.php","meta":{"_bbp_topic_count":0,"_bbp_reply_count":0,"_bbp_total_topic_count":0,"_bbp_total_reply_count":0,"_bbp_voice_count":0,"_bbp_anonymous_reply_count":0,"_bbp_topic_count_hidden":0,"_bbp_reply_count_hidden":0,"_bbp_forum_subforum_count":0,"footnotes":""},"class_list":["post-312","page","type-page","status-publish","hentry"],"post_mailing_queue_ids":[],"_links":{"self":[{"href":"https:\/\/agora.xtec.cat\/cfabonpastor\/wp-json\/wp\/v2\/pages\/312","targetHints":{"allow":["GET"]}}],"collection":[{"href":"https:\/\/agora.xtec.cat\/cfabonpastor\/wp-json\/wp\/v2\/pages"}],"about":[{"href":"https:\/\/agora.xtec.cat\/cfabonpastor\/wp-json\/wp\/v2\/types\/page"}],"author":[{"embeddable":true,"href":"https:\/\/agora.xtec.cat\/cfabonpastor\/wp-json\/wp\/v2\/users\/2"}],"replies":[{"embeddable":true,"href":"https:\/\/agora.xtec.cat\/cfabonpastor\/wp-json\/wp\/v2\/comments?post=312"}],"version-history":[{"count":7,"href":"https:\/\/agora.xtec.cat\/cfabonpastor\/wp-json\/wp\/v2\/pages\/312\/revisions"}],"predecessor-version":[{"id":11981,"href":"https:\/\/agora.xtec.cat\/cfabonpastor\/wp-json\/wp\/v2\/pages\/312\/revisions\/11981"}],"up":[{"embeddable":true,"href":"https:\/\/agora.xtec.cat\/cfabonpastor\/wp-json\/wp\/v2\/pages\/286"}],"wp:attachment":[{"href":"https:\/\/agora.xtec.cat\/cfabonpastor\/wp-json\/wp\/v2\/media?parent=312"}],"curies":[{"name":"wp","href":"https:\/\/api.w.org\/{rel}","templated":true}]}}