{"id":27,"date":"2014-09-17T16:24:03","date_gmt":"2014-09-17T16:24:03","guid":{"rendered":"http:\/\/agora.xtec.cat\/cfabonpastor\/\/?page_id=27"},"modified":"2025-01-13T13:05:46","modified_gmt":"2025-01-13T12:05:46","slug":"historia","status":"publish","type":"page","link":"https:\/\/agora.xtec.cat\/cfabonpastor\/el-centre\/historia\/","title":{"rendered":"Hist\u00f2ria"},"content":{"rendered":"<p><strong>\u00a0<\/strong><\/p>\n<p>L\u2019escola d\u2019Adults Bon Pastor comen\u00e7a al 1977 la seva tasca educativa fruit de la reivindicaci\u00f3 ve\u00efnal i del context de la transici\u00f3 democr\u00e0tica al nostre pa\u00eds.<\/p>\n<p>L\u2019oferta formativa ha anat adaptant-se a les necessitats de l\u2019entorn.<\/p>\n<p>En el primer per\u00edode la tasca fonamental va ser la formaci\u00f3 en estudis primaris, inclosa l\u2019alfabetitzaci\u00f3, i l\u2019assoliment del Graduat Escolar.<\/p>\n<p>En una segona etapa, es van afegir a aquests ensenyaments l\u2019aprenentatge de la llengua catalana i de la inform\u00e0tica als anys noranta. Tamb\u00e9 es van incloure altres cursos adre\u00e7ats a sectors en concret que necessitaven formaci\u00f3 espec\u00edfica.<\/p>\n<p>El curs 2002\/03 va ser l\u2019\u00faltim any d\u2019impartici\u00f3 del Graduat Escolar.<\/p>\n<p>Per altra banda, durant per\u00edode del 2000 al 2005 el barri va acollir un gran nombre de persones immigrades i l\u2019escola va adaptar la seva oferta per acollir i ajudar a integrar als nouvinguts.<\/p>\n<p>En aquests anys l\u2019oferta formativa es va centrar en els ensenyaments de lleng\u00fces (catal\u00e0, castell\u00e0 i estrangera), en el Cicle de Formaci\u00f3 Instrumental i els ensenyaments d\u2019inform\u00e0tica.<\/p>\n<p>Actualment l\u2019oferta de l\u2019escola es centra en la formaci\u00f3 en les compet\u00e8ncies trans-professionals : TIC i lleng\u00fces (catal\u00e0, castell\u00e0 i angl\u00e8s) i en el Cicle de Formaci\u00f3 Instrumental.<\/p>\n<p>Paral\u00b7lelament a l\u2019adaptaci\u00f3 de l\u2019oferta formativa, la hist\u00f2ria de l\u2019escola est\u00e0 molt lligada a la reivindicaci\u00f3 d\u2019uns locals dignes que donin normalitat a la seva llarga implantaci\u00f3 al barri.<\/p>\n<p>Les classes van comen\u00e7ar al \u201cHogar obrero \u201c cedit per la parr\u00f2quia de Bon Pastor, de seguida es va fer palesa la necessitat d\u2019ampliaci\u00f3 i l\u2019escola es va traslladar al Col\u00b7legi parroquial i al Col\u00b7legi P\u00fablic Bernat de Bo\u00efl (actualment Institut-Escola El Til\u00b7ler) i tamb\u00e9 a l&#8217;escola p\u00fablica del barri de Bar\u00f3 de Viver.<\/p>\n<p>Al 1986 es van habilitar uns barracots a la Pla\u00e7a de Fray Jun\u00edpero Serra com a ubicaci\u00f3 provisional i aquesta va ser, fins el curs 2014\/15, la nostra ubicaci\u00f3 actual.<\/p>\n<p>En el curs 2015\/16 vam estrenar nous locals al carrer Sas n. 35 -37 i vam iniciar un nou projecte que permet\u00e9s afrontar nous reptes.<\/p>\n<p>El 28 de setembre de 2017 es va publicar al DOGC la transformaci\u00f3 de l&#8217;Aula de formaci\u00f3 d&#8217;adults de Bon Pastor en Centre de Formaci\u00f3 d&#8217;adults Bon Pastor. Sempre amb voluntat de servei al barri continuem treballant en ampliar la nostra oferta amb nous ensenyaments.<\/p>\n<p>El curs 2018-19 vam aconseguir l&#8217;autoritzaci\u00f3 per impartir GESO (la Secund\u00e0ria d&#8217;Adults) i el curs 2021-22 vam obtenir el perm\u00eds per oferir els cursos de COMPETIC 2 i 3 en modalitat SEMIPRENSENCIAL.<\/p>\n<p>&nbsp;<\/p>\n<p>&nbsp;<\/p>\n<p>&nbsp;<\/p>\n","protected":false},"excerpt":{"rendered":"<p>\u00a0<br \/>\nL\u2019escola d\u2019Adults Bon Pastor comen\u00e7a al 1977 la seva tasca educativa fruit de la reivindicaci\u00f3 ve\u00efnal i del context de la transici\u00f3 democr\u00e0tica al nostre pa\u00eds.<br \/>\nL\u2019oferta formativa ha anat adaptant-se a les necessitats de l\u2019entorn.<br \/>\nEn el primer per\u00edode la tasca fonamental va ser la formaci\u00f3&hellip;  <a href=\"https:\/\/agora.xtec.cat\/cfabonpastor\/el-centre\/historia\/\" title=\"Read Hist\u00f2ria\">Llegeix m\u00e9s\u00bb<\/a><\/p>\n","protected":false},"author":1,"featured_media":0,"parent":261,"menu_order":20,"comment_status":"closed","ping_status":"closed","template":"page-templates\/side-menu.php","meta":{"_bbp_topic_count":0,"_bbp_reply_count":0,"_bbp_total_topic_count":0,"_bbp_total_reply_count":0,"_bbp_voice_count":0,"_bbp_anonymous_reply_count":0,"_bbp_topic_count_hidden":0,"_bbp_reply_count_hidden":0,"_bbp_forum_subforum_count":0,"footnotes":""},"class_list":["post-27","page","type-page","status-publish","hentry"],"post_mailing_queue_ids":[],"_links":{"self":[{"href":"https:\/\/agora.xtec.cat\/cfabonpastor\/wp-json\/wp\/v2\/pages\/27","targetHints":{"allow":["GET"]}}],"collection":[{"href":"https:\/\/agora.xtec.cat\/cfabonpastor\/wp-json\/wp\/v2\/pages"}],"about":[{"href":"https:\/\/agora.xtec.cat\/cfabonpastor\/wp-json\/wp\/v2\/types\/page"}],"author":[{"embeddable":true,"href":"https:\/\/agora.xtec.cat\/cfabonpastor\/wp-json\/wp\/v2\/users\/1"}],"replies":[{"embeddable":true,"href":"https:\/\/agora.xtec.cat\/cfabonpastor\/wp-json\/wp\/v2\/comments?post=27"}],"version-history":[{"count":6,"href":"https:\/\/agora.xtec.cat\/cfabonpastor\/wp-json\/wp\/v2\/pages\/27\/revisions"}],"predecessor-version":[{"id":11742,"href":"https:\/\/agora.xtec.cat\/cfabonpastor\/wp-json\/wp\/v2\/pages\/27\/revisions\/11742"}],"up":[{"embeddable":true,"href":"https:\/\/agora.xtec.cat\/cfabonpastor\/wp-json\/wp\/v2\/pages\/261"}],"wp:attachment":[{"href":"https:\/\/agora.xtec.cat\/cfabonpastor\/wp-json\/wp\/v2\/media?parent=27"}],"curies":[{"name":"wp","href":"https:\/\/api.w.org\/{rel}","templated":true}]}}