{"id":265,"date":"2015-01-27T17:28:56","date_gmt":"2015-01-27T16:28:56","guid":{"rendered":"http:\/\/agora.xtec.cat\/cfabonpastor\/\/?page_id=265"},"modified":"2025-07-03T13:10:11","modified_gmt":"2025-07-03T11:10:11","slug":"organitzacio-interna","status":"publish","type":"page","link":"https:\/\/agora.xtec.cat\/cfabonpastor\/el-centre\/organitzacio-interna\/","title":{"rendered":"Organitzaci\u00f3 interna"},"content":{"rendered":"<ul>\n<li>Equip directiu\n<ul>\n<li>Direcci\u00f3: Marta Catal\u00e1n<\/li>\n<li>Cap d&#8217;estudis: Xavier Carnicer<\/li>\n<li>Secretari acad\u00e8mic: Sandra Tovar<\/li>\n<\/ul>\n<\/li>\n<li>Coordinacions\n<ul>\n<li>Coordinador d&#8217;ensenyaments inicials (lleng\u00fces):<\/li>\n<li>Coordinadora d&#8217;ensenyaments b\u00e0sics: Judith Cirac.<\/li>\n<li>Coordinador d&#8217;inform\u00e0tica: Xavier Carnicer<\/li>\n<li>Coordinadora Erasmus: Marta Catal\u00e1n.<\/li>\n<li>Coordinador Riscos Laboral: Violeta Elisabeth P\u00e9rez<\/li>\n<li><\/li>\n<\/ul>\n<\/li>\n<li>Consell Escolar:\n<ul>\n<li>Representant del Claustre: Xavier Carnicer<\/li>\n<li>Representant de l&#8217;alumnat: Josep Santolaria<\/li>\n<li>Representant del PAS: Isabel Padillo<\/li>\n<li>Representant de l&#8217;Ajuntament de Barcelona:<\/li>\n<\/ul>\n<\/li>\n<li>PAS: Subalterna: Isabel Padillo, Cristina \u00c1lvarez ; auxiliar administratiu: N\u00faria Monz\u00f3.<\/li>\n<\/ul>\n","protected":false},"excerpt":{"rendered":"<ul>\n<li>Equip directiu\n<ul>\n<li>Direcci\u00f3: Marta Catal\u00e1n<\/li>\n<li>Cap d&#8217;estudis: Xavier Carnicer<\/li>\n<li>Secretari acad\u00e8mic: Sandra Tovar<\/li>\n<\/ul>\n<\/li>\n<li>Coordinacions\n<ul>\n<li>Coordinador d&#8217;ensenyaments inicials (lleng\u00fces):<\/li>\n<li>Coordinadora d&#8217;ensenyaments b\u00e0sics: Judith Cirac.<\/li>\n<li>Coordinador d&#8217;inform\u00e0tica: Xavier Carnicer<\/li>\n<li>Coordinadora Erasmus: Marta Catal\u00e1n.<\/li>\n<li>Coordinador Riscos Laboral: Violeta Elisabeth P\u00e9rez<\/li>\n<li><\/li>\n<\/ul>\n<\/li>\n<li>Consell Escolar:\n<ul>\n<li>Representant del Claustre: Xavier Carnicer<\/li>\n<li>Representant de l&#8217;alumnat: Josep Santolaria<\/li>\n<li>Representant del PAS: Isabel Padillo<\/li>\n<li>Representant de l&#8217;Ajuntament de Barcelona:<\/li>\n<\/ul>\n<\/li>\n<li>PAS:&hellip;  <a href=\"https:\/\/agora.xtec.cat\/cfabonpastor\/el-centre\/organitzacio-interna\/\" title=\"Read Organitzaci\u00f3 interna\">Llegeix m\u00e9s\u00bb<\/a><br \/>\n","protected":false},"author":2,"featured_media":0,"parent":261,"menu_order":40,"comment_status":"closed","ping_status":"closed","template":"page-templates\/side-menu.php","meta":{"_bbp_topic_count":0,"_bbp_reply_count":0,"_bbp_total_topic_count":0,"_bbp_total_reply_count":0,"_bbp_voice_count":0,"_bbp_anonymous_reply_count":0,"_bbp_topic_count_hidden":0,"_bbp_reply_count_hidden":0,"_bbp_forum_subforum_count":0,"footnotes":""},"class_list":["post-265","page","type-page","status-publish","hentry"],"post_mailing_queue_ids":[],"_links":{"self":[{"href":"https:\/\/agora.xtec.cat\/cfabonpastor\/wp-json\/wp\/v2\/pages\/265","targetHints":{"allow":["GET"]}}],"collection":[{"href":"https:\/\/agora.xtec.cat\/cfabonpastor\/wp-json\/wp\/v2\/pages"}],"about":[{"href":"https:\/\/agora.xtec.cat\/cfabonpastor\/wp-json\/wp\/v2\/types\/page"}],"author":[{"embeddable":true,"href":"https:\/\/agora.xtec.cat\/cfabonpastor\/wp-json\/wp\/v2\/users\/2"}],"replies":[{"embeddable":true,"href":"https:\/\/agora.xtec.cat\/cfabonpastor\/wp-json\/wp\/v2\/comments?post=265"}],"version-history":[{"count":6,"href":"https:\/\/agora.xtec.cat\/cfabonpastor\/wp-json\/wp\/v2\/pages\/265\/revisions"}],"predecessor-version":[{"id":11967,"href":"https:\/\/agora.xtec.cat\/cfabonpastor\/wp-json\/wp\/v2\/pages\/265\/revisions\/11967"}],"up":[{"embeddable":true,"href":"https:\/\/agora.xtec.cat\/cfabonpastor\/wp-json\/wp\/v2\/pages\/261"}],"wp:attachment":[{"href":"https:\/\/agora.xtec.cat\/cfabonpastor\/wp-json\/wp\/v2\/media?parent=265"}],"curies":[{"name":"wp","href":"https:\/\/api.w.org\/{rel}","templated":true}]}}