{"id":11784,"date":"2025-03-10T13:52:52","date_gmt":"2025-03-10T12:52:52","guid":{"rendered":"https:\/\/agora.xtec.cat\/cfabonpastor\/?page_id=11784"},"modified":"2025-03-10T13:56:51","modified_gmt":"2025-03-10T12:56:51","slug":"i-despres-que","status":"publish","type":"page","link":"https:\/\/agora.xtec.cat\/cfabonpastor\/ensenyaments\/i-despres-que\/","title":{"rendered":"I despr\u00e9s qu\u00e8?"},"content":{"rendered":"<p><span style=\"font-weight: 400;\">Si vols continuar estudiant i formant-te despr\u00e9s de la nostra escola, tens moltes opcions! Aqu\u00ed et deixem unes quantes idees:<\/span><\/p>\n<h2><b>Idiomes<\/b><\/h2>\n<p><span style=\"font-weight: 400;\">Com sabeu, als CFA nom\u00e9s oferim fins al nivell A2\/B1. Si voleu estudiar nivells superiors (B1-C2), podeu anar a les Escoles Oficials d\u2019Idiomes (EOI). Les m\u00e9s propera a l\u2019escola \u00e9s l<a href=\"https:\/\/agora-eoi.xtec.cat\/eoi-lapau\/\">\u2019EOI Barcelona IV La Pau<\/a>, la <a href=\"https:\/\/www.eoisantacoloma.org\/\">EOI de Santa Coloma de Gramenet<\/a> i l\u2019<a href=\"https:\/\/agora-eoi.xtec.cat\/eoibadalona\/\">EOI Badalona.<\/a>\u00a0<\/span><\/p>\n<table style=\"border-collapse: collapse; width: 100%;\">\n<tbody>\n<tr>\n<td style=\"width: 33.3333%;\"><a href=\"https:\/\/agora-eoi.xtec.cat\/eoibadalona\/\"><img loading=\"lazy\" decoding=\"async\" class=\"alignright size-medium wp-image-11787\" src=\"https:\/\/agora.xtec.cat\/cfabonpastor\/wp-content\/uploads\/usu260\/2025\/03\/Captura-de-pantalla-2025-03-10-133710-e1741610401760-300x141.png\" alt=\"\" width=\"300\" height=\"141\" srcset=\"https:\/\/agora.xtec.cat\/cfabonpastor\/wp-content\/uploads\/usu260\/2025\/03\/Captura-de-pantalla-2025-03-10-133710-e1741610401760-300x141.png 300w, https:\/\/agora.xtec.cat\/cfabonpastor\/wp-content\/uploads\/usu260\/2025\/03\/Captura-de-pantalla-2025-03-10-133710-e1741610401760.png 367w\" sizes=\"auto, (max-width: 300px) 100vw, 300px\" \/><\/a><\/td>\n<td style=\"width: 33.3333%;\"><a href=\"https:\/\/www.eoisantacoloma.org\/\"><img loading=\"lazy\" decoding=\"async\" class=\"alignright size-medium wp-image-11786\" src=\"https:\/\/agora.xtec.cat\/cfabonpastor\/wp-content\/uploads\/usu260\/2025\/03\/santa-coloma-300x52.png\" alt=\"\" width=\"300\" height=\"52\" srcset=\"https:\/\/agora.xtec.cat\/cfabonpastor\/wp-content\/uploads\/usu260\/2025\/03\/santa-coloma-300x52.png 300w, https:\/\/agora.xtec.cat\/cfabonpastor\/wp-content\/uploads\/usu260\/2025\/03\/santa-coloma.png 403w\" sizes=\"auto, (max-width: 300px) 100vw, 300px\" \/><\/a><\/td>\n<td style=\"width: 33.3333%;\"><a href=\"https:\/\/agora-eoi.xtec.cat\/eoi-lapau\/\"><img loading=\"lazy\" decoding=\"async\" class=\"alignright size-medium wp-image-11785\" src=\"https:\/\/agora.xtec.cat\/cfabonpastor\/wp-content\/uploads\/usu260\/2025\/03\/Captura-de-pantalla-2025-03-10-133801-300x240.png\" alt=\"\" width=\"300\" height=\"240\" srcset=\"https:\/\/agora.xtec.cat\/cfabonpastor\/wp-content\/uploads\/usu260\/2025\/03\/Captura-de-pantalla-2025-03-10-133801-300x240.png 300w, https:\/\/agora.xtec.cat\/cfabonpastor\/wp-content\/uploads\/usu260\/2025\/03\/Captura-de-pantalla-2025-03-10-133801.png 447w\" sizes=\"auto, (max-width: 300px) 100vw, 300px\" \/><\/a><\/td>\n<\/tr>\n<\/tbody>\n<\/table>\n<p><span style=\"font-weight: 400;\">Una altra opci\u00f3 \u00e9s buscar grups de conversa en centres c\u00edvics, biblioteques o altres entitats socials del barri, aix\u00ed com fer un voluntariat o un intercanvi ling\u00fc\u00edstic. Per al catal\u00e0, per exemple, us recomanem <\/span><a href=\"https:\/\/www.vxl.cat\/\"><span style=\"font-weight: 400;\">el Voluntariat per la Llengua (VxL).<\/span><\/a><\/p>\n<p><a href=\"https:\/\/www.vxl.cat\/\"><img loading=\"lazy\" decoding=\"async\" class=\"\" src=\"https:\/\/www.santfeliudecodines.cat\/media\/repository\/serveis\/Voluntariat_per_la_llengua.jpg\" alt=\"Voluntariat per la llengua\" width=\"305\" height=\"300\" \/><\/a><\/p>\n<p><span style=\"font-weight: 400;\">Tamb\u00e9 per a nivells superiors de catal\u00e0, podeu matricular-vos al Consorci per a la Normalitzaci\u00f3 Ling\u00fc\u00edstica <\/span><a href=\"https:\/\/www.cpnl.cat\/\"><span style=\"font-weight: 400;\">(CNL).<\/span><\/a><\/p>\n<p><a href=\"https:\/\/www.cpnl.cat\/\"><img decoding=\"async\" class=\"aligncenter\" src=\"https:\/\/www.cpnl.cat\/media\/img\/logo-cpnl.png\" alt=\"Consorci per a la Normalitzaci\u00f3 Ling\u00fc\u00edstica. 30 anys.\" \/><\/a><\/p>\n<p><span style=\"font-weight: 400;\">I, pel que fa a la Llengua Castellana, podeu fer cursos online o apuntar-vos als ex\u00e0mens oficials de <\/span><a href=\"https:\/\/examenes.cervantes.es\/es\"><span style=\"font-weight: 400;\">l\u2019Instituto Cervantes<\/span><\/a><span style=\"font-weight: 400;\">, els DELE. Per exemple, per a la nacionalitat, demanen el DELE A2.<\/span><\/p>\n<p><a href=\"https:\/\/examenes.cervantes.es\/es\"><img decoding=\"async\" class=\"aligncenter\" src=\"https:\/\/examenes.cervantes.es\/sites\/default\/files\/logo.png\" alt=\"Inicio\" \/><\/a><\/p>\n<h2><span style=\"font-weight: 400;\">Graus de Formaci\u00f3 Professional o altres estudis<\/span><\/h2>\n<p><span style=\"font-weight: 400;\">Si el que vols no \u00e9s estudiar idiomes, sin\u00f3 un cicle de formaci\u00f3 professional de grau b\u00e0sic, mitj\u00e0 o superior (despr\u00e9s del GES o del CAM, per exemple), consulta la <\/span><a href=\"https:\/\/triaeducativa.gencat.cat\/ca\/inici\/index.html\"><span style=\"font-weight: 400;\">Tria educativa aqu\u00ed<\/span><\/a><span style=\"font-weight: 400;\">.<\/span><\/p>\n<p><a href=\"https:\/\/triaeducativa.gencat.cat\/ca\/inici\/index.html\"><img decoding=\"async\" src=\"https:\/\/triaeducativa.gencat.cat\/web\/.content\/Subcapcalera\/subcapcalera-inici.png\" alt=\"Inici\" \/><\/a><\/p>\n<p><span style=\"font-weight: 400;\">Una altra opci\u00f3 \u00e9s apuntar-se a l\u2019Institut Obert de Catalunya <\/span><a href=\"https:\/\/ioc.xtec.cat\/educacio\/cicles-formatius?tmpl=component\"><span style=\"font-weight: 400;\">(IOC<\/span><\/a><span style=\"font-weight: 400;\">), on pots estudiar de forma online el GES, Batxillerat, cicles formatius, idiomes, inform\u00e0tica, catal\u00e0 per a estrangers, i d\u2019altres cursos especialitzats.<\/span><\/p>\n<p><a href=\"https:\/\/ioc.xtec.cat\/educacio\/cicles-formatius?tmpl=component\"><img loading=\"lazy\" decoding=\"async\" class=\"aligncenter\" src=\"https:\/\/triafutur.terrassa.cat\/wp-content\/uploads\/2021\/03\/Logo_ioc.jpg\" width=\"293\" height=\"150\" \/><\/a><span style=\"font-weight: 400;\">Per a millorar la teva compet\u00e8ncia digital, el teu cam\u00ed \u00e9s el <\/span><a href=\"https:\/\/cibernarium.barcelonactiva.cat\/\"><span style=\"font-weight: 400;\">Cibern\u00e0rium<\/span><\/a><span style=\"font-weight: 400;\">. S\u2019hi ofereixen tot tipus de cursos especialitzats en les TIC. Altres CFA tamb\u00e9 ofereixen els cursos de COMPETIC.<\/span><\/p>\n<p><a href=\"https:\/\/cibernarium.barcelonactiva.cat\/\"><img loading=\"lazy\" decoding=\"async\" class=\"size-medium wp-image-11788 aligncenter\" src=\"https:\/\/agora.xtec.cat\/cfabonpastor\/wp-content\/uploads\/usu260\/2025\/03\/Captura-de-pantalla-2025-03-10-134608-300x65.png\" alt=\"\" width=\"300\" height=\"65\" srcset=\"https:\/\/agora.xtec.cat\/cfabonpastor\/wp-content\/uploads\/usu260\/2025\/03\/Captura-de-pantalla-2025-03-10-134608-300x65.png 300w, https:\/\/agora.xtec.cat\/cfabonpastor\/wp-content\/uploads\/usu260\/2025\/03\/Captura-de-pantalla-2025-03-10-134608.png 586w\" sizes=\"auto, (max-width: 300px) 100vw, 300px\" \/><\/a><\/p>\n<h2><b>Experi\u00e8ncia i ofertes laborals<\/b><\/h2>\n<p><span style=\"font-weight: 400;\">Finalment, si el que vols \u00e9s trobar feina, aqu\u00ed tens algunes opcions. <\/span><a href=\"https:\/\/treball.barcelonactiva.cat\/\"><span style=\"font-weight: 400;\">Barcelona Activa<\/span><\/a><span style=\"font-weight: 400;\"> publica ofertes a la seva borsa de treball.<\/span><\/p>\n<p><a href=\"https:\/\/treball.barcelonactiva.cat\/\"><img loading=\"lazy\" decoding=\"async\" class=\"size-full wp-image-11789 aligncenter\" src=\"https:\/\/agora.xtec.cat\/cfabonpastor\/wp-content\/uploads\/usu260\/2025\/03\/Captura-de-pantalla-2025-03-10-135036.png\" alt=\"\" width=\"289\" height=\"123\" \/><\/a><\/p>\n<p><span style=\"font-weight: 400;\">Tamb\u00e9 pots inscriure\u2019t al Servei P\u00fablic d\u2019Ocupaci\u00f3 de Catalunya (<\/span><a href=\"https:\/\/serveiocupacio.gencat.cat\/ca\/inici\/index.html\"><span style=\"font-weight: 400;\">SOC)<\/span><\/a><span style=\"font-weight: 400;\"> com a demandant.<\/span><\/p>\n<p><a href=\"https:\/\/serveiocupacio.gencat.cat\/ca\/inici\/index.html\"><img loading=\"lazy\" decoding=\"async\" class=\"aligncenter\" src=\"https:\/\/triafutur.terrassa.cat\/wp-content\/uploads\/2022\/02\/Logo_SOC.png\" width=\"445\" height=\"78\" \/><\/a><\/p>\n<p><span style=\"font-weight: 400;\">O al web<\/span><a href=\"https:\/\/feinaactiva.gencat.cat\/home\"><span style=\"font-weight: 400;\"> Feina Activa<\/span><\/a><span style=\"font-weight: 400;\"> de la Generalitat.<\/span><\/p>\n<p><a href=\"https:\/\/feinaactiva.gencat.cat\/home\"><img loading=\"lazy\" decoding=\"async\" class=\" wp-image-11790 aligncenter\" src=\"https:\/\/agora.xtec.cat\/cfabonpastor\/wp-content\/uploads\/usu260\/2025\/03\/Captura-de-pantalla-2025-03-10-135159-300x147.png\" alt=\"\" width=\"202\" height=\"99\" srcset=\"https:\/\/agora.xtec.cat\/cfabonpastor\/wp-content\/uploads\/usu260\/2025\/03\/Captura-de-pantalla-2025-03-10-135159-300x147.png 300w, https:\/\/agora.xtec.cat\/cfabonpastor\/wp-content\/uploads\/usu260\/2025\/03\/Captura-de-pantalla-2025-03-10-135159.png 381w\" sizes=\"auto, (max-width: 202px) 100vw, 202px\" \/><\/a><\/p>\n<p><span style=\"font-weight: 400;\">I, \u00e9s clar, consultar di\u00e0riament les ofertes que es publiquen en portals com Linkedin, Infojobs, Infofeina, Indeed, aix\u00ed com a xarxes socials, borses de treball, ag\u00e8ncies de col\u00b7locaci\u00f3, etc. A m\u00e9s, tamb\u00e9 tens alguna aplicaci\u00f3 m\u00f2bil com per exemple Job Today.<\/span><\/p>\n<p><span style=\"font-weight: 400;\">Esperem que us sigui \u00fatil i\u2026<\/span><span style=\"font-weight: 400;\"><br \/>\n<\/span><span style=\"font-weight: 400;\">MOLTA SORT!<\/span><\/p>\n<p>&nbsp;<\/p>\n","protected":false},"excerpt":{"rendered":"<p>Si vols continuar estudiant i formant-te despr\u00e9s de la nostra escola, tens moltes opcions! Aqu\u00ed et deixem unes quantes idees:<br \/>\nIdiomes<br \/>\nCom sabeu, als CFA nom\u00e9s oferim fins al nivell A2\/B1. Si voleu estudiar nivells superiors (B1-C2), podeu anar a les Escoles Oficials d\u2019Idiomes (EOI). Les m\u00e9s&hellip;  <a href=\"https:\/\/agora.xtec.cat\/cfabonpastor\/ensenyaments\/i-despres-que\/\" title=\"Read I despr\u00e9s qu\u00e8?\">Llegeix m\u00e9s\u00bb<\/a><\/p>\n","protected":false},"author":1,"featured_media":0,"parent":274,"menu_order":3,"comment_status":"closed","ping_status":"closed","template":"page-templates\/side-menu.php","meta":{"_bbp_topic_count":0,"_bbp_reply_count":0,"_bbp_total_topic_count":0,"_bbp_total_reply_count":0,"_bbp_voice_count":0,"_bbp_anonymous_reply_count":0,"_bbp_topic_count_hidden":0,"_bbp_reply_count_hidden":0,"_bbp_forum_subforum_count":0,"footnotes":""},"class_list":["post-11784","page","type-page","status-publish","hentry"],"post_mailing_queue_ids":[],"_links":{"self":[{"href":"https:\/\/agora.xtec.cat\/cfabonpastor\/wp-json\/wp\/v2\/pages\/11784","targetHints":{"allow":["GET"]}}],"collection":[{"href":"https:\/\/agora.xtec.cat\/cfabonpastor\/wp-json\/wp\/v2\/pages"}],"about":[{"href":"https:\/\/agora.xtec.cat\/cfabonpastor\/wp-json\/wp\/v2\/types\/page"}],"author":[{"embeddable":true,"href":"https:\/\/agora.xtec.cat\/cfabonpastor\/wp-json\/wp\/v2\/users\/1"}],"replies":[{"embeddable":true,"href":"https:\/\/agora.xtec.cat\/cfabonpastor\/wp-json\/wp\/v2\/comments?post=11784"}],"version-history":[{"count":1,"href":"https:\/\/agora.xtec.cat\/cfabonpastor\/wp-json\/wp\/v2\/pages\/11784\/revisions"}],"predecessor-version":[{"id":11791,"href":"https:\/\/agora.xtec.cat\/cfabonpastor\/wp-json\/wp\/v2\/pages\/11784\/revisions\/11791"}],"up":[{"embeddable":true,"href":"https:\/\/agora.xtec.cat\/cfabonpastor\/wp-json\/wp\/v2\/pages\/274"}],"wp:attachment":[{"href":"https:\/\/agora.xtec.cat\/cfabonpastor\/wp-json\/wp\/v2\/media?parent=11784"}],"curies":[{"name":"wp","href":"https:\/\/api.w.org\/{rel}","templated":true}]}}