{"id":932,"date":"2016-09-25T10:13:44","date_gmt":"2016-09-25T08:13:44","guid":{"rendered":"http:\/\/agora.xtec.cat\/cfabertrana\/?page_id=932"},"modified":"2025-09-29T09:44:34","modified_gmt":"2025-09-29T07:44:34","slug":"graduat-en-eso","status":"publish","type":"page","link":"https:\/\/agora.xtec.cat\/cfabertrana\/graduat-en-eso\/","title":{"rendered":"Graduat en ESO (presencial i a dist\u00e0ncia)"},"content":{"rendered":"<div class=\"entry-content\">\n<h2><strong>GES <i>\u00a0<\/i>\u00a0Curs 2025-26\u00a0<\/strong><\/h2>\n<p>2 Cursos:<\/p>\n<ul>\n<li style=\"font-weight: 400;\" aria-level=\"1\"><b>GES 1<\/b><span style=\"font-weight: 400;\">\u00a0<\/span><\/li>\n<li style=\"font-weight: 400;\" aria-level=\"1\"><b>GES 2<\/b><\/li>\n<\/ul>\n<p><span style=\"font-weight: 400;\">Cursos <\/span><b>anuals: <\/b><span style=\"font-weight: 400;\">5 dies a la setmana horari matins<\/span><\/p>\n<p><span style=\"font-weight: 400;\">\u00a0\u00a0\u00a0\u00a0\u00a0\u00a0\u00a0\u00a0\u00a0\u00a0\u00a0\u00a0\u00a0\u00a0\u00a0\u00a0\u00a0\u00a0\u00a0\u00a0\u00a0\u00a0\u00a0\u00a0\u00a0\u00a0\u00a04 dies a la setmana horari tardes<\/span><\/p>\n<ul>\n<li style=\"font-weight: 400;\" aria-level=\"1\"><span style=\"font-weight: 400;\">Si et vas preinscriure o ets alumne de continu\u00eftat<\/span><\/li>\n<\/ul>\n<p><b>MATR\u00cdCULA: dimarts 2 de setembre, a les 10h o a les 17h<\/b><\/p>\n<ul>\n<li style=\"font-weight: 400;\" aria-level=\"1\"><span style=\"font-weight: 400;\">Si no et vas preinscriure:<\/span><\/li>\n<\/ul>\n<p><b>Vine dimarts 2 de setembre a fer la prova de nivell, a les 10h o a les 17h<\/b><\/p>\n<p><a href=\"https:\/\/docs.google.com\/document\/d\/1G1czexjtb0vcQoZshNufvHj9hJ0hWi5q\/edit?usp=sharing&amp;ouid=115065276370768304750&amp;rtpof=true&amp;sd=true\" target=\"_blank\" rel=\"noopener\"><span style=\"font-weight: 400;\">\u00a0Horaris provisionals<\/span><\/a><\/p>\n<\/div>\n<h3 style=\"text-align: center;\"><\/h3>\n<div>\n<h2><strong>IOC- GES <i>\u00a0<\/i>\u00a0Curs 2025-26\u00a0\u00a0<\/strong><\/h2>\n<p><span style=\"font-weight: 400;\">Els estudis de Graduat en ESO permeten completar els ensenyaments b\u00e0sics i obtenir el t\u00edtol corresponent. Ara, a trav\u00e9s del nostre centre, es pot cursar tamb\u00e9 a dist\u00e0ncia, ja que som centre de suport de l\u2019IOC (Institut Obert de Catalunya) per a l\u2019obtenci\u00f3 del Graduat en ESO.<\/span><\/p>\n<h3>MATR\u00cdCULA D&#8217;ALUMNAT NOU<\/h3>\n<p>Per matricular-se cal seguir dos passos:<\/p>\n<h3><span style=\"font-weight: 400;\">PAS 1<\/span><\/h3>\n<p style=\"padding-left: 40px;\"><span style=\"font-weight: 400;\">Del 3 al 7 de setembre, cal fer la<\/span><a href=\"https:\/\/ioc.xtec.cat\/secretaria\/cpl\/MatTeleAlta.php\"><span style=\"font-weight: 400;\"> preinscripci\u00f3<\/span><\/a><span style=\"font-weight: 400;\"> per crear l\u2019espai individual a l\u2019IOC i pujar al vostre espai la documentaci\u00f3 necess\u00e0ria. Ho podreu fer des d\u2019<\/span><a href=\"https:\/\/ioc.xtec.cat\/secretaria\/cpl\/MatTeleAlta.php\"><span style=\"font-weight: 400;\">aquest enlla\u00e7.<\/span><\/a><\/p>\n<h3><span style=\"font-weight: 400;\">PAS 2<\/span><\/h3>\n<p style=\"padding-left: 40px;\"><span style=\"font-weight: 400;\">Del 4 al 10 de novembre, cal fer una entrevista personal al centre (CFA Nou Girona). Per poder fer l&#8217;entrevista, \u00e9s imprescindible demanar abans <\/span><b>CITA PR\u00c8VIA<\/b><span style=\"font-weight: 400;\">, trucant per tel\u00e8fon al 972 23 04 03 en horari d\u2019informaci\u00f3 general del centre o al correu info@nougirona.cat<\/span><\/p>\n<p><span style=\"font-weight: 400;\">A l&#8217;entrevista, cal dur la documentaci\u00f3 original: DNI o passaport i expedient acad\u00e8mic, si en tens..<\/span><\/p>\n<p><a href=\"https:\/\/ioc.xtec.cat\/educacio\/ges\"><span style=\"font-weight: 400;\">Aqu\u00ed<\/span><\/a><span style=\"font-weight: 400;\"> trobareu informaci\u00f3 sobre els estudis de GES a l\u2019IOC: Preinscripci\u00f3, matr\u00edcula, requisits, preus, bonificacions i exempcions. Feu una lectura de tota aquesta informaci\u00f3 abans del dia de la cita pr\u00e8via, aix\u00ed ser\u00e0 m\u00e9s f\u00e0cil solucionar dubtes i trobar l\u2019itinerari m\u00e9s adient per a vosaltres.<\/span><\/p>\n<\/div>\n","protected":false},"excerpt":{"rendered":"<p>GES \u00a0\u00a0Curs 2025-26\u00a0 2 Cursos: GES 1\u00a0 GES 2 Cursos anuals: 5 dies a la setmana horari matins \u00a0\u00a0\u00a0\u00a0\u00a0\u00a0\u00a0\u00a0\u00a0\u00a0\u00a0\u00a0\u00a0\u00a0\u00a0\u00a0\u00a0\u00a0\u00a0\u00a0\u00a0\u00a0\u00a0\u00a0\u00a0\u00a0\u00a04 dies a la setmana horari tardes Si et vas preinscriure o ets alumne de continu\u00eftat MATR\u00cdCULA: dimarts 2 de setembre, a les 10h o a les 17h Si no et vas preinscriure: Vine dimarts 2 de [&hellip;]<\/p>\n","protected":false},"author":1,"featured_media":0,"parent":0,"menu_order":1,"comment_status":"closed","ping_status":"closed","template":"page-templates\/side-menu.php","meta":{"_bbp_topic_count":0,"_bbp_reply_count":0,"_bbp_total_topic_count":0,"_bbp_total_reply_count":0,"_bbp_voice_count":0,"_bbp_anonymous_reply_count":0,"_bbp_topic_count_hidden":0,"_bbp_reply_count_hidden":0,"_bbp_forum_subforum_count":0,"site-sidebar-layout":"default","site-content-layout":"","ast-site-content-layout":"","site-content-style":"default","site-sidebar-style":"default","ast-global-header-display":"","ast-banner-title-visibility":"","ast-main-header-display":"","ast-hfb-above-header-display":"","ast-hfb-below-header-display":"","ast-hfb-mobile-header-display":"","site-post-title":"","ast-breadcrumbs-content":"","ast-featured-img":"","footer-sml-layout":"","theme-transparent-header-meta":"","adv-header-id-meta":"","stick-header-meta":"","header-above-stick-meta":"","header-main-stick-meta":"","header-below-stick-meta":"","astra-migrate-meta-layouts":"default","ast-page-background-enabled":"default","ast-page-background-meta":{"desktop":{"background-color":"var(--ast-global-color-4)","background-image":"","background-repeat":"repeat","background-position":"center center","background-size":"auto","background-attachment":"scroll","background-type":"","background-media":"","overlay-type":"","overlay-color":"","overlay-opacity":"","overlay-gradient":""},"tablet":{"background-color":"","background-image":"","background-repeat":"repeat","background-position":"center center","background-size":"auto","background-attachment":"scroll","background-type":"","background-media":"","overlay-type":"","overlay-color":"","overlay-opacity":"","overlay-gradient":""},"mobile":{"background-color":"","background-image":"","background-repeat":"repeat","background-position":"center center","background-size":"auto","background-attachment":"scroll","background-type":"","background-media":"","overlay-type":"","overlay-color":"","overlay-opacity":"","overlay-gradient":""}},"ast-content-background-meta":{"desktop":{"background-color":"var(--ast-global-color-5)","background-image":"","background-repeat":"repeat","background-position":"center center","background-size":"auto","background-attachment":"scroll","background-type":"","background-media":"","overlay-type":"","overlay-color":"","overlay-opacity":"","overlay-gradient":""},"tablet":{"background-color":"var(--ast-global-color-5)","background-image":"","background-repeat":"repeat","background-position":"center center","background-size":"auto","background-attachment":"scroll","background-type":"","background-media":"","overlay-type":"","overlay-color":"","overlay-opacity":"","overlay-gradient":""},"mobile":{"background-color":"var(--ast-global-color-5)","background-image":"","background-repeat":"repeat","background-position":"center center","background-size":"auto","background-attachment":"scroll","background-type":"","background-media":"","overlay-type":"","overlay-color":"","overlay-opacity":"","overlay-gradient":""}},"footnotes":""},"class_list":["post-932","page","type-page","status-publish","hentry"],"post_mailing_queue_ids":[],"_links":{"self":[{"href":"https:\/\/agora.xtec.cat\/cfabertrana\/wp-json\/wp\/v2\/pages\/932","targetHints":{"allow":["GET"]}}],"collection":[{"href":"https:\/\/agora.xtec.cat\/cfabertrana\/wp-json\/wp\/v2\/pages"}],"about":[{"href":"https:\/\/agora.xtec.cat\/cfabertrana\/wp-json\/wp\/v2\/types\/page"}],"author":[{"embeddable":true,"href":"https:\/\/agora.xtec.cat\/cfabertrana\/wp-json\/wp\/v2\/users\/1"}],"replies":[{"embeddable":true,"href":"https:\/\/agora.xtec.cat\/cfabertrana\/wp-json\/wp\/v2\/comments?post=932"}],"version-history":[{"count":6,"href":"https:\/\/agora.xtec.cat\/cfabertrana\/wp-json\/wp\/v2\/pages\/932\/revisions"}],"predecessor-version":[{"id":4074,"href":"https:\/\/agora.xtec.cat\/cfabertrana\/wp-json\/wp\/v2\/pages\/932\/revisions\/4074"}],"wp:attachment":[{"href":"https:\/\/agora.xtec.cat\/cfabertrana\/wp-json\/wp\/v2\/media?parent=932"}],"curies":[{"name":"wp","href":"https:\/\/api.w.org\/{rel}","templated":true}]}}