{"id":495,"date":"2015-03-29T23:48:05","date_gmt":"2015-03-29T22:48:05","guid":{"rendered":"http:\/\/agora.xtec.cat\/cfabertrana\/?page_id=495"},"modified":"2025-07-15T13:06:42","modified_gmt":"2025-07-15T11:06:42","slug":"preparacio-prova-dacces-a-grau-superior","status":"publish","type":"page","link":"https:\/\/agora.xtec.cat\/cfabertrana\/preparacio-prova-dacces-a-grau-superior\/","title":{"rendered":"Preparaci\u00f3 prova d&#8217;acc\u00e9s a Grau Superior"},"content":{"rendered":"<p>&nbsp;<\/p>\n<p><b>Prova d\u2019acc\u00e9s a Grau Superior\u00a0 CURS 25\/26<\/b><\/p>\n<p><span style=\"font-weight: 400;\">Curs anual: setembre \/ maig<\/span><\/p>\n<p><span style=\"font-weight: 400;\">Avaluaci\u00f3 cont\u00ednua i certificat a final de curs<\/span><\/p>\n<p><span style=\"font-weight: 400;\">Classes presencials de les assignatures comunes i espec\u00edfiques<\/span><\/p>\n<p><b>Preparaci\u00f3 dels itineraris professionals:\u00a0<\/b><\/p>\n<p><b>A<\/b><span style=\"font-weight: 400;\"> tecnol\u00f2gic i industrial<\/span><\/p>\n<p><b>B <\/b><span style=\"font-weight: 400;\">cient\u00edfic i salut<\/span><\/p>\n<p><b>C <\/b><span style=\"font-weight: 400;\">social i administratiu (IOC)<\/span><\/p>\n<p><b>D <\/b><span style=\"font-weight: 400;\">esportiu<\/span><\/p>\n<p><span style=\"font-weight: 400;\">Per consultar el teu itinerari, mira la informaci\u00f3 en aquest <\/span><a href=\"https:\/\/educacio.gencat.cat\/web\/.content\/home\/serveis-tramits\/proves\/proves-acces\/_compartits\/opcions-materies-GS-FP.pdf\"><span style=\"font-weight: 400;\">enlla\u00e7<\/span><\/a><span style=\"font-weight: 400;\">:\u00a0<\/span><\/p>\n<h3><span style=\"font-weight: 400;\">Matr\u00edcula:<\/span> <span style=\"font-weight: 400;\">\u00a03 i 9 de setembre a les 10h o a les 17h<\/span><\/h3>\n<p><span style=\"font-weight: 400;\">Inici de classes: 17 de setembre<\/span><\/p>\n<p align=\"center\">\n<p><b>Amb la prova d\u2019acc\u00e9s superada podr\u00e0s:\u00a0<\/b><\/p>\n<ul>\n<li style=\"font-weight: 400;\" aria-level=\"1\"><span style=\"font-weight: 400;\">acreditar el nivell de batxillerat a l\u2019\u00e0mbit laboral i tamb\u00e9 permet accedir a l\u2019administraci\u00f3 p\u00fablica i\/o opositar (prova d\u2019acc\u00e9s GFGS + ESO o equivalent)<\/span><\/li>\n<li style=\"font-weight: 400;\" aria-level=\"1\"><span style=\"font-weight: 400;\">fer un cicle formatiu de grau superior<\/span><\/li>\n<\/ul>\n<p><span style=\"font-weight: 400;\">La prova superada no t\u00e9 caducitat<\/span><\/p>\n<p><span style=\"font-weight: 400;\">Som un centre p\u00fablic i preparem per a totes les branques de coneixement, fem classes presencials i proporcionem els materials per a la preparaci\u00f3 de les proves.<\/span><\/p>\n<p style=\"text-align: center;\"><span style=\"font-weight: 400;\">Matricula\u2019t. T&#8217;esperem!<\/span><\/p>\n<h4 style=\"text-align: center;\"><\/h4>\n","protected":false},"excerpt":{"rendered":"<p>&nbsp; Prova d\u2019acc\u00e9s a Grau Superior\u00a0 CURS 25\/26 Curs anual: setembre \/ maig Avaluaci\u00f3 cont\u00ednua i certificat a final de curs Classes presencials de les assignatures comunes i espec\u00edfiques Preparaci\u00f3 dels itineraris professionals:\u00a0 A tecnol\u00f2gic i industrial B cient\u00edfic i salut C social i administratiu (IOC) D esportiu Per consultar el teu itinerari, mira la [&hellip;]<\/p>\n","protected":false},"author":1,"featured_media":0,"parent":0,"menu_order":3,"comment_status":"closed","ping_status":"closed","template":"page-templates\/side-menu.php","meta":{"_bbp_topic_count":0,"_bbp_reply_count":0,"_bbp_total_topic_count":0,"_bbp_total_reply_count":0,"_bbp_voice_count":0,"_bbp_anonymous_reply_count":0,"_bbp_topic_count_hidden":0,"_bbp_reply_count_hidden":0,"_bbp_forum_subforum_count":0,"site-sidebar-layout":"default","site-content-layout":"","ast-site-content-layout":"","site-content-style":"default","site-sidebar-style":"default","ast-global-header-display":"","ast-banner-title-visibility":"","ast-main-header-display":"","ast-hfb-above-header-display":"","ast-hfb-below-header-display":"","ast-hfb-mobile-header-display":"","site-post-title":"","ast-breadcrumbs-content":"","ast-featured-img":"","footer-sml-layout":"","theme-transparent-header-meta":"","adv-header-id-meta":"","stick-header-meta":"","header-above-stick-meta":"","header-main-stick-meta":"","header-below-stick-meta":"","astra-migrate-meta-layouts":"default","ast-page-background-enabled":"default","ast-page-background-meta":{"desktop":{"background-color":"var(--ast-global-color-4)","background-image":"","background-repeat":"repeat","background-position":"center center","background-size":"auto","background-attachment":"scroll","background-type":"","background-media":"","overlay-type":"","overlay-color":"","overlay-opacity":"","overlay-gradient":""},"tablet":{"background-color":"","background-image":"","background-repeat":"repeat","background-position":"center center","background-size":"auto","background-attachment":"scroll","background-type":"","background-media":"","overlay-type":"","overlay-color":"","overlay-opacity":"","overlay-gradient":""},"mobile":{"background-color":"","background-image":"","background-repeat":"repeat","background-position":"center center","background-size":"auto","background-attachment":"scroll","background-type":"","background-media":"","overlay-type":"","overlay-color":"","overlay-opacity":"","overlay-gradient":""}},"ast-content-background-meta":{"desktop":{"background-color":"var(--ast-global-color-5)","background-image":"","background-repeat":"repeat","background-position":"center center","background-size":"auto","background-attachment":"scroll","background-type":"","background-media":"","overlay-type":"","overlay-color":"","overlay-opacity":"","overlay-gradient":""},"tablet":{"background-color":"var(--ast-global-color-5)","background-image":"","background-repeat":"repeat","background-position":"center center","background-size":"auto","background-attachment":"scroll","background-type":"","background-media":"","overlay-type":"","overlay-color":"","overlay-opacity":"","overlay-gradient":""},"mobile":{"background-color":"var(--ast-global-color-5)","background-image":"","background-repeat":"repeat","background-position":"center center","background-size":"auto","background-attachment":"scroll","background-type":"","background-media":"","overlay-type":"","overlay-color":"","overlay-opacity":"","overlay-gradient":""}},"footnotes":""},"class_list":["post-495","page","type-page","status-publish","hentry"],"post_mailing_queue_ids":[],"_links":{"self":[{"href":"https:\/\/agora.xtec.cat\/cfabertrana\/wp-json\/wp\/v2\/pages\/495","targetHints":{"allow":["GET"]}}],"collection":[{"href":"https:\/\/agora.xtec.cat\/cfabertrana\/wp-json\/wp\/v2\/pages"}],"about":[{"href":"https:\/\/agora.xtec.cat\/cfabertrana\/wp-json\/wp\/v2\/types\/page"}],"author":[{"embeddable":true,"href":"https:\/\/agora.xtec.cat\/cfabertrana\/wp-json\/wp\/v2\/users\/1"}],"replies":[{"embeddable":true,"href":"https:\/\/agora.xtec.cat\/cfabertrana\/wp-json\/wp\/v2\/comments?post=495"}],"version-history":[{"count":7,"href":"https:\/\/agora.xtec.cat\/cfabertrana\/wp-json\/wp\/v2\/pages\/495\/revisions"}],"predecessor-version":[{"id":2685,"href":"https:\/\/agora.xtec.cat\/cfabertrana\/wp-json\/wp\/v2\/pages\/495\/revisions\/2685"}],"wp:attachment":[{"href":"https:\/\/agora.xtec.cat\/cfabertrana\/wp-json\/wp\/v2\/media?parent=495"}],"curies":[{"name":"wp","href":"https:\/\/api.w.org\/{rel}","templated":true}]}}