{"id":489,"date":"2015-03-29T23:45:17","date_gmt":"2015-03-29T22:45:17","guid":{"rendered":"http:\/\/agora.xtec.cat\/cfabertrana\/?page_id=489"},"modified":"2025-07-15T12:58:01","modified_gmt":"2025-07-15T10:58:01","slug":"catala","status":"publish","type":"page","link":"https:\/\/agora.xtec.cat\/cfabertrana\/catala\/","title":{"rendered":"Catal\u00e0"},"content":{"rendered":"<h3><span style=\"font-weight: 400;\">CATAL\u00c0 <\/span><span style=\"font-weight: 400;\">curs 2025-26<\/span><\/h3>\n<p><b>Nivells<\/b> <b>A1<\/b><span style=\"font-weight: 400;\">: per comen\u00e7ar des de 0<\/span><\/p>\n<p><b>A2<\/b><span style=\"font-weight: 400;\">: certificat oficial de nivell b\u00e0sic<\/span><\/p>\n<p><b>B1<\/b><span style=\"font-weight: 400;\">: certificat oficial de nivell elemental<\/span><\/p>\n<p><b>Modalitats<\/b> <span style=\"font-weight: 400;\">Cursos anuals: 2 classes\/setmana<\/span><\/p>\n<p><span style=\"font-weight: 400;\">Cursos quadrimestrals (intensius): 4 classes\/setmana<\/span><\/p>\n<p><b>Matr\u00edcula \u00a0 \u00a0 <\/b><b>Dimarts 2 de setembre, a les 10 o a les 17h<\/b><span style=\"font-weight: 400;\"> (si vas fer preinscripci\u00f3 o\u00a0 ets alumne del curs passat)<\/span><\/p>\n<h4 style=\"text-align: center;\"><\/h4>\n<p><b>Llista d\u2019espera\u00a0 <\/b><span style=\"font-weight: 400;\">Si no et vas preinscriure, vine el <\/span><b>10 de setembre<\/b><span style=\"font-weight: 400;\">,<\/span><\/p>\n<p><span style=\"font-weight: 400;\">\u00a0\u00a0\u00a0\u00a0\u00a0\u00a0\u00a0\u00a0\u00a0\u00a0\u00a0\u00a0\u00a0\u00a0\u00a0\u00a0\u00a0\u00a0\u00a0\u00a0\u00a0\u00a0\u00a0\u00a0\u00a0\u00a0\u00a0\u00a0\u00a0\u00a0\u00a0\u00a0\u00a0a les 9h o a les 17h<\/span><\/p>\n<p><b>Horaris provisionals<\/b><\/p>\n<table>\n<tbody>\n<tr>\n<td><span style=\"font-weight: 400;\">A1<\/span><\/td>\n<td><span style=\"font-weight: 400;\">De dilluns a dijous, d\u201911.30 a 13.00 h\u00a0<\/span><\/td>\n<td><span style=\"font-weight: 400;\">1r Quadr.: del 17 de setembre al 30 de gener<\/span><\/td>\n<\/tr>\n<tr>\n<td><span style=\"font-weight: 400;\">A1<\/span><\/td>\n<td><span style=\"font-weight: 400;\">De dilluns a dijous, de 13.00 a 14.30 h\u00a0<\/span><\/td>\n<td><span style=\"font-weight: 400;\">1r Quadr: del 17 de setembre al 30 de gener<\/span><\/td>\n<\/tr>\n<tr>\n<td><span style=\"font-weight: 400;\">A1<\/span><\/td>\n<td><span style=\"font-weight: 400;\">De dilluns a dijous de 17.30 a 19.00 h\u00a0<\/span><\/td>\n<td><span style=\"font-weight: 400;\">1r Quadr: del 17 de setembre al 30 de gener<\/span><\/td>\n<\/tr>\n<tr>\n<td><span style=\"font-weight: 400;\">A1<\/span><\/td>\n<td><span style=\"font-weight: 400;\">De dilluns a dijous de 19.00 a 20.30 h\u00a0<\/span><\/td>\n<td><span style=\"font-weight: 400;\">1r Quadr: del 17 de setembre al 30 de gener<\/span><\/td>\n<\/tr>\n<tr>\n<td><span style=\"font-weight: 400;\">A2<\/span><\/td>\n<td><span style=\"font-weight: 400;\">Dilluns i dimecres de 18.00 a 20,00 h<\/span><\/td>\n<td><span style=\"font-weight: 400;\">Anual: del 17 de setembre al 5 de juny<\/span><\/td>\n<\/tr>\n<tr>\n<td><span style=\"font-weight: 400;\">B1<\/span><\/td>\n<td><span style=\"font-weight: 400;\">Dimarts i dijous de 13.00 a 15.00 h\u00a0<\/span><\/p>\n<p><span style=\"font-weight: 400;\">+ 2 hores no presencials<\/span><\/td>\n<td><span style=\"font-weight: 400;\">Semestral: del 17 de setembre al 13 de mar\u00e7<\/span><\/td>\n<\/tr>\n<\/tbody>\n<\/table>\n<p><span style=\"font-weight: 400;\"> \u00a0 \u00a0 \u00a0 <\/span><\/p>\n<p>&nbsp;<\/p>\n","protected":false},"excerpt":{"rendered":"<p>CATAL\u00c0 curs 2025-26 Nivells A1: per comen\u00e7ar des de 0 A2: certificat oficial de nivell b\u00e0sic B1: certificat oficial de nivell elemental Modalitats Cursos anuals: 2 classes\/setmana Cursos quadrimestrals (intensius): 4 classes\/setmana Matr\u00edcula \u00a0 \u00a0 Dimarts 2 de setembre, a les 10 o a les 17h (si vas fer preinscripci\u00f3 o\u00a0 ets alumne del curs [&hellip;]<\/p>\n","protected":false},"author":1,"featured_media":0,"parent":0,"menu_order":6,"comment_status":"closed","ping_status":"closed","template":"page-templates\/side-menu.php","meta":{"_bbp_topic_count":0,"_bbp_reply_count":0,"_bbp_total_topic_count":0,"_bbp_total_reply_count":0,"_bbp_voice_count":0,"_bbp_anonymous_reply_count":0,"_bbp_topic_count_hidden":0,"_bbp_reply_count_hidden":0,"_bbp_forum_subforum_count":0,"site-sidebar-layout":"default","site-content-layout":"","ast-site-content-layout":"","site-content-style":"default","site-sidebar-style":"default","ast-global-header-display":"","ast-banner-title-visibility":"","ast-main-header-display":"","ast-hfb-above-header-display":"","ast-hfb-below-header-display":"","ast-hfb-mobile-header-display":"","site-post-title":"","ast-breadcrumbs-content":"","ast-featured-img":"","footer-sml-layout":"","theme-transparent-header-meta":"","adv-header-id-meta":"","stick-header-meta":"","header-above-stick-meta":"","header-main-stick-meta":"","header-below-stick-meta":"","astra-migrate-meta-layouts":"default","ast-page-background-enabled":"default","ast-page-background-meta":{"desktop":{"background-color":"var(--ast-global-color-4)","background-image":"","background-repeat":"repeat","background-position":"center center","background-size":"auto","background-attachment":"scroll","background-type":"","background-media":"","overlay-type":"","overlay-color":"","overlay-opacity":"","overlay-gradient":""},"tablet":{"background-color":"","background-image":"","background-repeat":"repeat","background-position":"center center","background-size":"auto","background-attachment":"scroll","background-type":"","background-media":"","overlay-type":"","overlay-color":"","overlay-opacity":"","overlay-gradient":""},"mobile":{"background-color":"","background-image":"","background-repeat":"repeat","background-position":"center center","background-size":"auto","background-attachment":"scroll","background-type":"","background-media":"","overlay-type":"","overlay-color":"","overlay-opacity":"","overlay-gradient":""}},"ast-content-background-meta":{"desktop":{"background-color":"var(--ast-global-color-5)","background-image":"","background-repeat":"repeat","background-position":"center center","background-size":"auto","background-attachment":"scroll","background-type":"","background-media":"","overlay-type":"","overlay-color":"","overlay-opacity":"","overlay-gradient":""},"tablet":{"background-color":"var(--ast-global-color-5)","background-image":"","background-repeat":"repeat","background-position":"center center","background-size":"auto","background-attachment":"scroll","background-type":"","background-media":"","overlay-type":"","overlay-color":"","overlay-opacity":"","overlay-gradient":""},"mobile":{"background-color":"var(--ast-global-color-5)","background-image":"","background-repeat":"repeat","background-position":"center center","background-size":"auto","background-attachment":"scroll","background-type":"","background-media":"","overlay-type":"","overlay-color":"","overlay-opacity":"","overlay-gradient":""}},"footnotes":""},"class_list":["post-489","page","type-page","status-publish","hentry"],"post_mailing_queue_ids":[],"_links":{"self":[{"href":"https:\/\/agora.xtec.cat\/cfabertrana\/wp-json\/wp\/v2\/pages\/489","targetHints":{"allow":["GET"]}}],"collection":[{"href":"https:\/\/agora.xtec.cat\/cfabertrana\/wp-json\/wp\/v2\/pages"}],"about":[{"href":"https:\/\/agora.xtec.cat\/cfabertrana\/wp-json\/wp\/v2\/types\/page"}],"author":[{"embeddable":true,"href":"https:\/\/agora.xtec.cat\/cfabertrana\/wp-json\/wp\/v2\/users\/1"}],"replies":[{"embeddable":true,"href":"https:\/\/agora.xtec.cat\/cfabertrana\/wp-json\/wp\/v2\/comments?post=489"}],"version-history":[{"count":7,"href":"https:\/\/agora.xtec.cat\/cfabertrana\/wp-json\/wp\/v2\/pages\/489\/revisions"}],"predecessor-version":[{"id":3971,"href":"https:\/\/agora.xtec.cat\/cfabertrana\/wp-json\/wp\/v2\/pages\/489\/revisions\/3971"}],"wp:attachment":[{"href":"https:\/\/agora.xtec.cat\/cfabertrana\/wp-json\/wp\/v2\/media?parent=489"}],"curies":[{"name":"wp","href":"https:\/\/api.w.org\/{rel}","templated":true}]}}