{"id":487,"date":"2015-03-29T23:44:06","date_gmt":"2015-03-29T22:44:06","guid":{"rendered":"http:\/\/agora.xtec.cat\/cfabertrana\/?page_id=487"},"modified":"2018-01-30T20:15:36","modified_gmt":"2018-01-30T19:15:36","slug":"graduat-en-eso-2","status":"publish","type":"page","link":"https:\/\/agora.xtec.cat\/cfabertrana\/estudis\/graduat-en-eso-2\/","title":{"rendered":"Graduat en ESO"},"content":{"rendered":"<header class=\"entry-header\">\n<p class=\"entry-title\">L\u2019obtenci\u00f3 del Graduat en Educaci\u00f3 Secund\u00e0ria Obligat\u00f2ria (GESO) obre les portes a posteriors estudis de cicles formatius i batxillerat, i facilita la incorporaci\u00f3 al m\u00f3n laboral. La nostra escola ofereix cursos per a l\u2019obtenci\u00f3 d\u2019aquest t\u00edtol en horari de mat\u00ed i de tarda-vespre.<\/p>\n<\/header>\n<div class=\"entry-content\">\n<p>Amb car\u00e0cter general, per poder matricular-se cal tenir 18 anys complerts durant l\u2019any en qu\u00e8 es realitza la matr\u00edcula.<\/p>\n<p>\u00c9s possible matricular-se amb 16 anys complerts durant l\u2019any en qu\u00e8 es realitza la matr\u00edcula, per motius laborals o per necessitats espec\u00edfiques de suport educatiu.<\/p>\n<p>L\u2019obtenci\u00f3 del GESO s\u2019estructura en dos nivells per tal d\u2019adequar-se al nivell de coneixements previ de cada alumne. Per tal de determinar aquest nivell inicial es tenen en consideraci\u00f3 els estudis cursats anteriorment i el resultat d\u2019una prova inicial de nivell.<\/p>\n<p>A part de la modalitat presencial que el nostre centre ofereix, \u00e9s possible \u00a0seguir cursos a dist\u00e0ncia o realitzar proves lliures.\u00a0Els cursos a dist\u00e0ncia es duen a terme a trav\u00e9s de<a href=\"http:\/\/ioc.xtec.cat\/educacio\/\" target=\"_blank\" rel=\"noopener noreferrer\"> l\u2019IOC\u00a0(l\u2019Institut Obert de Catalunya)<\/a>. Les\u00a0proves lliures per obtenir el t\u00edtol es convoquen dos cops l\u2019any, i cal\u00a0<a href=\"http:\/\/tramits.gencat.cat\/ca\/integraciodepartamentaltramit\/tramits\/PerTemes\/detall\/10230_Prova_GESO_majors18-anys?category=7439d068-a82c-11e3-a972-000c29052e2c&amp;moda=1\" target=\"_blank\" rel=\"noopener noreferrer\">inscriure\u2019s telem\u00e0ticament<\/a> en els terminis establerts.<\/p>\n<p>En aquest curs oferim 2 torns:<\/p>\n<\/div>\n<ul style=\"list-style-type: circle;\">\n<li>El torn de mat\u00ed, de les 8:30h a les 13:30h (de dilluns a divendres)<\/li>\n<li>El torn de tarda, de les 16:30h a les 21h (de dilluns a dijous)<\/li>\n<\/ul>\n<p>&nbsp;<\/p>\n","protected":false},"excerpt":{"rendered":"<p>L\u2019obtenci\u00f3 del Graduat en Educaci\u00f3 Secund\u00e0ria Obligat\u00f2ria (GESO) obre les portes a posteriors estudis de cicles formatius i batxillerat, i facilita la incorporaci\u00f3 al m\u00f3n laboral. La nostra escola ofereix cursos per a l\u2019obtenci\u00f3 d\u2019aquest t\u00edtol en horari de mat\u00ed i de tarda-vespre. Amb car\u00e0cter general, per poder matricular-se cal tenir 18 anys complerts durant [&hellip;]<\/p>\n","protected":false},"author":1,"featured_media":0,"parent":195,"menu_order":1,"comment_status":"closed","ping_status":"closed","template":"page-templates\/side-menu.php","meta":{"_bbp_topic_count":0,"_bbp_reply_count":0,"_bbp_total_topic_count":0,"_bbp_total_reply_count":0,"_bbp_voice_count":0,"_bbp_anonymous_reply_count":0,"_bbp_topic_count_hidden":0,"_bbp_reply_count_hidden":0,"_bbp_forum_subforum_count":0,"site-sidebar-layout":"default","site-content-layout":"","ast-site-content-layout":"","site-content-style":"default","site-sidebar-style":"default","ast-global-header-display":"","ast-banner-title-visibility":"","ast-main-header-display":"","ast-hfb-above-header-display":"","ast-hfb-below-header-display":"","ast-hfb-mobile-header-display":"","site-post-title":"","ast-breadcrumbs-content":"","ast-featured-img":"","footer-sml-layout":"","theme-transparent-header-meta":"","adv-header-id-meta":"","stick-header-meta":"","header-above-stick-meta":"","header-main-stick-meta":"","header-below-stick-meta":"","astra-migrate-meta-layouts":"default","ast-page-background-enabled":"default","ast-page-background-meta":{"desktop":{"background-color":"var(--ast-global-color-4)","background-image":"","background-repeat":"repeat","background-position":"center center","background-size":"auto","background-attachment":"scroll","background-type":"","background-media":"","overlay-type":"","overlay-color":"","overlay-opacity":"","overlay-gradient":""},"tablet":{"background-color":"","background-image":"","background-repeat":"repeat","background-position":"center center","background-size":"auto","background-attachment":"scroll","background-type":"","background-media":"","overlay-type":"","overlay-color":"","overlay-opacity":"","overlay-gradient":""},"mobile":{"background-color":"","background-image":"","background-repeat":"repeat","background-position":"center center","background-size":"auto","background-attachment":"scroll","background-type":"","background-media":"","overlay-type":"","overlay-color":"","overlay-opacity":"","overlay-gradient":""}},"ast-content-background-meta":{"desktop":{"background-color":"var(--ast-global-color-5)","background-image":"","background-repeat":"repeat","background-position":"center center","background-size":"auto","background-attachment":"scroll","background-type":"","background-media":"","overlay-type":"","overlay-color":"","overlay-opacity":"","overlay-gradient":""},"tablet":{"background-color":"var(--ast-global-color-5)","background-image":"","background-repeat":"repeat","background-position":"center center","background-size":"auto","background-attachment":"scroll","background-type":"","background-media":"","overlay-type":"","overlay-color":"","overlay-opacity":"","overlay-gradient":""},"mobile":{"background-color":"var(--ast-global-color-5)","background-image":"","background-repeat":"repeat","background-position":"center center","background-size":"auto","background-attachment":"scroll","background-type":"","background-media":"","overlay-type":"","overlay-color":"","overlay-opacity":"","overlay-gradient":""}},"footnotes":""},"class_list":["post-487","page","type-page","status-publish","hentry"],"post_mailing_queue_ids":[],"_links":{"self":[{"href":"https:\/\/agora.xtec.cat\/cfabertrana\/wp-json\/wp\/v2\/pages\/487","targetHints":{"allow":["GET"]}}],"collection":[{"href":"https:\/\/agora.xtec.cat\/cfabertrana\/wp-json\/wp\/v2\/pages"}],"about":[{"href":"https:\/\/agora.xtec.cat\/cfabertrana\/wp-json\/wp\/v2\/types\/page"}],"author":[{"embeddable":true,"href":"https:\/\/agora.xtec.cat\/cfabertrana\/wp-json\/wp\/v2\/users\/1"}],"replies":[{"embeddable":true,"href":"https:\/\/agora.xtec.cat\/cfabertrana\/wp-json\/wp\/v2\/comments?post=487"}],"version-history":[{"count":4,"href":"https:\/\/agora.xtec.cat\/cfabertrana\/wp-json\/wp\/v2\/pages\/487\/revisions"}],"predecessor-version":[{"id":1173,"href":"https:\/\/agora.xtec.cat\/cfabertrana\/wp-json\/wp\/v2\/pages\/487\/revisions\/1173"}],"up":[{"embeddable":true,"href":"https:\/\/agora.xtec.cat\/cfabertrana\/wp-json\/wp\/v2\/pages\/195"}],"wp:attachment":[{"href":"https:\/\/agora.xtec.cat\/cfabertrana\/wp-json\/wp\/v2\/media?parent=487"}],"curies":[{"name":"wp","href":"https:\/\/api.w.org\/{rel}","templated":true}]}}