{"id":46,"date":"2014-09-17T16:53:45","date_gmt":"2014-09-17T16:53:45","guid":{"rendered":"http:\/\/agora.xtec.cat\/cfabertrana\/?page_id=46"},"modified":"2026-03-08T19:06:53","modified_gmt":"2026-03-08T18:06:53","slug":"organigrama","status":"publish","type":"page","link":"https:\/\/agora.xtec.cat\/cfabertrana\/elcentre\/organigrama\/","title":{"rendered":"Organigrama"},"content":{"rendered":"\n<p><strong>Equip docent<\/strong><\/p>\n\n\n\n<figure class=\"wp-block-table\"><table class=\"has-fixed-layout\"><tbody><tr><td colspan=\"2\">\n<h6>C\u00e0rrec<\/h6>\n<\/td><td>\n<h6>Nom<\/h6>\n<\/td><\/tr><tr><td rowspan=\"3\">Equip Directiu<\/td><td>Directora<\/td><td>M\u00f2nica Vilosa<\/td><\/tr><tr><td>Cap d\u2019estudis<\/td><td>Al\u00edcia Alonso<\/td><\/tr><tr><td>Secret\u00e0ria<\/td><td>Roc\u00edo Darriba<\/td><\/tr><tr><td colspan=\"2\">Coordinaci\u00f3 Ensenyaments B\u00e0sics<\/td><td>Joan Ta\u00f1\u00e0<\/td><\/tr><tr><td colspan=\"2\">Coordinaci\u00f3 Preparaci\u00f3 Proves d\u2019Acc\u00e9s<\/td><td>Elisenda Alcaraz<\/td><\/tr><tr><td colspan=\"2\">Coordinaci\u00f3 Inform\u00e0tica<\/td><td>Carles Queipo<\/td><\/tr><tr><td colspan=\"2\">Coordinaci\u00f3 Ensenyaments Inicials<\/td><td>Anna Grabuleda<\/td><\/tr><tr><td colspan=\"2\">Coordinaci\u00f3 Ling\u00fc\u00edstica<\/td><td>Toni Signes<\/td><\/tr><tr><td colspan=\"2\">Coordinaci\u00f3 de Prevenci\u00f3 de Riscos Laborals<\/td><td>Anna Bot\u00f3<\/td><\/tr><tr><td colspan=\"2\">Coordinaci\u00f3 CoCoBe<\/td><td>N\u00faria Forns<\/td><\/tr><\/tbody><\/table><\/figure>\n\n\n\n<p>&nbsp;<\/p>\n\n\n\n<p><strong>PAS (Personal d\u2019Administraci\u00f3 i Serveis)<\/strong><\/p>\n\n\n\n<figure class=\"wp-block-table\"><table class=\"has-fixed-layout\"><tbody><tr><td>Auxiliar administraci\u00f3<\/td><td>Sonia S\u00e0nchez<\/td><\/tr><tr><td>Consergeria<\/td><td>Personal de l&#8217;SMO<\/td><\/tr><\/tbody><\/table><\/figure>\n\n\n\n<p>&nbsp;<\/p>\n\n\n\n<p><strong>Comissions<\/strong><\/p>\n\n\n\n<figure class=\"wp-block-table\"><table class=\"has-fixed-layout\"><tbody><tr><td><strong>Comissi\u00f3<\/strong><\/td><td><strong>Professors\/ores<\/strong><\/td><\/tr><tr><td>Sortides i festes<\/td><td>Anna Bot\u00f3, Anna Grabuleda i Joan Ta\u00f1\u00e0<\/td><\/tr><tr><td>Activitats culturals i esportives<\/td><td>Elisenda Alcaraz, Toni Signes, Al\u00edcia Alonso i Roc\u00edo Darriba<\/td><\/tr><tr><td>Espai web<\/td><td>Iolanda Teixidor, N\u00faria Forns, Carles Queipo i M\u00f2nica Vilosa<\/td><\/tr><tr><td>Comunicaci\u00f3 i difusi\u00f3<\/td><td>Equip Directiu<\/td><\/tr><\/tbody><\/table><\/figure>\n\n\n\n<p>&nbsp;<\/p>\n\n\n\n<p><strong>Departaments<\/strong><\/p>\n\n\n\n<figure class=\"wp-block-table\"><table class=\"has-fixed-layout\"><tbody><tr><td><strong>Departament<\/strong><\/td><td><strong>Professors\/ores<\/strong><\/td><\/tr><tr><td>Cientificotecnol\u00f2gic<\/td><td>Anna Bot\u00f3, Roc\u00edo Darriba, Carles Queipo i Iolanda Teixidor<\/td><\/tr><tr><td>Comunicaci\u00f3<\/td><td>Elisenda Alcaraz, Al\u00edcia Alonso, Toni Signes, N\u00faria Forns, Anna Grabuleda, Joan Ta\u00f1\u00e0 i M\u00f2nica Vilosa<\/td><\/tr><tr><td>Socials<\/td><td>Elisenda Alcaraz, Al\u00edcia Alonso i Toni Signes.<\/td><\/tr><\/tbody><\/table><\/figure>\n\n\n\n<p>&nbsp;<\/p>\n\n\n\n<p>&nbsp;<\/p>\n","protected":false},"excerpt":{"rendered":"<p>Equip docent C\u00e0rrec Nom Equip Directiu Directora M\u00f2nica Vilosa Cap d\u2019estudis Al\u00edcia Alonso Secret\u00e0ria Roc\u00edo Darriba Coordinaci\u00f3 Ensenyaments B\u00e0sics Joan Ta\u00f1\u00e0 Coordinaci\u00f3 Preparaci\u00f3 Proves d\u2019Acc\u00e9s Elisenda Alcaraz Coordinaci\u00f3 Inform\u00e0tica Carles Queipo Coordinaci\u00f3 Ensenyaments Inicials Anna Grabuleda Coordinaci\u00f3 Ling\u00fc\u00edstica Toni Signes Coordinaci\u00f3 de Prevenci\u00f3 de Riscos Laborals Anna Bot\u00f3 Coordinaci\u00f3 CoCoBe N\u00faria Forns &nbsp; PAS (Personal [&hellip;]<\/p>\n","protected":false},"author":1,"featured_media":0,"parent":19,"menu_order":50,"comment_status":"closed","ping_status":"closed","template":"","meta":{"_bbp_topic_count":0,"_bbp_reply_count":0,"_bbp_total_topic_count":0,"_bbp_total_reply_count":0,"_bbp_voice_count":0,"_bbp_anonymous_reply_count":0,"_bbp_topic_count_hidden":0,"_bbp_reply_count_hidden":0,"_bbp_forum_subforum_count":0,"site-sidebar-layout":"default","site-content-layout":"","ast-site-content-layout":"default","site-content-style":"default","site-sidebar-style":"default","ast-global-header-display":"","ast-banner-title-visibility":"","ast-main-header-display":"","ast-hfb-above-header-display":"","ast-hfb-below-header-display":"","ast-hfb-mobile-header-display":"","site-post-title":"","ast-breadcrumbs-content":"","ast-featured-img":"","footer-sml-layout":"","theme-transparent-header-meta":"","adv-header-id-meta":"","stick-header-meta":"","header-above-stick-meta":"","header-main-stick-meta":"","header-below-stick-meta":"","astra-migrate-meta-layouts":"set","ast-page-background-enabled":"default","ast-page-background-meta":{"desktop":{"background-color":"var(--ast-global-color-4)","background-image":"","background-repeat":"repeat","background-position":"center center","background-size":"auto","background-attachment":"scroll","background-type":"","background-media":"","overlay-type":"","overlay-color":"","overlay-opacity":"","overlay-gradient":""},"tablet":{"background-color":"","background-image":"","background-repeat":"repeat","background-position":"center center","background-size":"auto","background-attachment":"scroll","background-type":"","background-media":"","overlay-type":"","overlay-color":"","overlay-opacity":"","overlay-gradient":""},"mobile":{"background-color":"","background-image":"","background-repeat":"repeat","background-position":"center center","background-size":"auto","background-attachment":"scroll","background-type":"","background-media":"","overlay-type":"","overlay-color":"","overlay-opacity":"","overlay-gradient":""}},"ast-content-background-meta":{"desktop":{"background-color":"var(--ast-global-color-5)","background-image":"","background-repeat":"repeat","background-position":"center center","background-size":"auto","background-attachment":"scroll","background-type":"","background-media":"","overlay-type":"","overlay-color":"","overlay-opacity":"","overlay-gradient":""},"tablet":{"background-color":"var(--ast-global-color-5)","background-image":"","background-repeat":"repeat","background-position":"center center","background-size":"auto","background-attachment":"scroll","background-type":"","background-media":"","overlay-type":"","overlay-color":"","overlay-opacity":"","overlay-gradient":""},"mobile":{"background-color":"var(--ast-global-color-5)","background-image":"","background-repeat":"repeat","background-position":"center center","background-size":"auto","background-attachment":"scroll","background-type":"","background-media":"","overlay-type":"","overlay-color":"","overlay-opacity":"","overlay-gradient":""}},"footnotes":""},"class_list":["post-46","page","type-page","status-publish","hentry"],"post_mailing_queue_ids":[],"_links":{"self":[{"href":"https:\/\/agora.xtec.cat\/cfabertrana\/wp-json\/wp\/v2\/pages\/46","targetHints":{"allow":["GET"]}}],"collection":[{"href":"https:\/\/agora.xtec.cat\/cfabertrana\/wp-json\/wp\/v2\/pages"}],"about":[{"href":"https:\/\/agora.xtec.cat\/cfabertrana\/wp-json\/wp\/v2\/types\/page"}],"author":[{"embeddable":true,"href":"https:\/\/agora.xtec.cat\/cfabertrana\/wp-json\/wp\/v2\/users\/1"}],"replies":[{"embeddable":true,"href":"https:\/\/agora.xtec.cat\/cfabertrana\/wp-json\/wp\/v2\/comments?post=46"}],"version-history":[{"count":6,"href":"https:\/\/agora.xtec.cat\/cfabertrana\/wp-json\/wp\/v2\/pages\/46\/revisions"}],"predecessor-version":[{"id":4383,"href":"https:\/\/agora.xtec.cat\/cfabertrana\/wp-json\/wp\/v2\/pages\/46\/revisions\/4383"}],"up":[{"embeddable":true,"href":"https:\/\/agora.xtec.cat\/cfabertrana\/wp-json\/wp\/v2\/pages\/19"}],"wp:attachment":[{"href":"https:\/\/agora.xtec.cat\/cfabertrana\/wp-json\/wp\/v2\/media?parent=46"}],"curies":[{"name":"wp","href":"https:\/\/api.w.org\/{rel}","templated":true}]}}