{"id":457,"date":"2015-03-18T13:21:37","date_gmt":"2015-03-18T12:21:37","guid":{"rendered":"http:\/\/agora.xtec.cat\/cfabertrana\/?page_id=457"},"modified":"2026-03-29T16:36:49","modified_gmt":"2026-03-29T14:36:49","slug":"informatica","status":"publish","type":"page","link":"https:\/\/agora.xtec.cat\/cfabertrana\/estudis\/informatica\/","title":{"rendered":"Inform\u00e0tica"},"content":{"rendered":"\n<p>El domini de compet\u00e8ncies digitals \u00e9s avui dia una necessitat, tant pel que fa a les perspectives professionals com per al desenvolupament personal.<\/p>\n\n\n\n<p>Els cursos&nbsp;de compet\u00e8ncia digital d&#8217;educaci\u00f3 d&#8217;adults (COMPETIC) s&#8217;estructuren en quatre nivells, tres dels quals tenen una equival\u00e8ncia <a title=\"ACTIC\" href=\"http:\/\/acticweb.gencat.cat\/ca\/\" target=\"_blank\" rel=\"noopener noreferrer\">ACTIC <\/a>(Acreditaci\u00f3 de Compet\u00e8ncies en Tecnologies de la Informaci\u00f3 i la Comunicaci\u00f3):<\/p>\n\n\n\n<figure class=\"wp-block-table\"><table class=\"has-fixed-layout\"><tbody><tr><td class=\"has-text-align-center\" data-align=\"center\"><h5><span style=\"color: #ff0000;\"><strong>CERTIFICAT COMPETIC<\/strong><\/span><\/h5><\/td><td class=\"has-text-align-center\" data-align=\"center\"><h5><span style=\"color: #ff6600;\"><strong>EQUIVAL\u00c8NCIA ACTIC<\/strong><\/span><\/h5><\/td><\/tr><tr><td class=\"has-text-align-center\" data-align=\"center\"><span style=\"color: #ff0000;\"><a href=\"https:\/\/projectes.xtec.cat\/xarxadults\/nivells\/competic-inicial\/\" target=\"_blank\" rel=\"noopener noreferrer\">COMPETIC inicial<\/a><\/span><\/td><td class=\"has-text-align-center\" data-align=\"center\"><span style=\"color: #ff6600;\">Sense equival\u00e8ncia ACTIC<\/span><\/td><\/tr><tr><td class=\"has-text-align-center\" data-align=\"center\"><span style=\"color: #ff0000;\"><a href=\"https:\/\/projectes.xtec.cat\/xarxadults\/nivells\/competic-1\/\" target=\"_blank\" rel=\"noopener noreferrer\">COMPETIC 1<\/a><\/span><\/td><td class=\"has-text-align-center\" data-align=\"center\"><span style=\"color: #ff6600;\">Equival al certificat b\u00e0sic de l\u2019ACTIC<\/span><\/td><\/tr><tr><td class=\"has-text-align-center\" data-align=\"center\"><span style=\"color: #ff0000;\"><a href=\"https:\/\/projectes.xtec.cat\/xarxadults\/nivells\/competic-2\/\" target=\"_blank\" rel=\"noopener noreferrer\">COMPETIC 2<\/a><\/span><\/td><td class=\"has-text-align-center\" data-align=\"center\"><span style=\"color: #ff6600;\">Equival al certificat mitj\u00e0 de l\u2019ACTIC<\/span><\/td><\/tr><tr><td class=\"has-text-align-center\" data-align=\"center\"><span style=\"color: #ff0000;\"><a href=\"https:\/\/projectes.xtec.cat\/xarxadults\/nivells\/competic-3\/\" target=\"_blank\" rel=\"noopener noreferrer\">COMPETIC 3 (C4, C6, C8)<\/a><\/span><\/td><td class=\"has-text-align-center\" data-align=\"center\"><span style=\"color: #ff6600;\">Equival al certificat avan\u00e7at de l\u2019ACTIC<\/span><\/td><\/tr><\/tbody><\/table><\/figure>\n\n\n\n<p>Els certificats d&#8217;equival\u00e8ncia ACTIC s\u00f3n garantia de reconeixement dels coneixements assolits.<\/p>\n\n\n\n<p>Tots els cursos s\u00f3n en horari de tarda i&nbsp; tenen una durada anual, i s&#8217;estructuren en dues sessions setmanals d&#8217;1 hora i 30 minuts (COMPETIC inicial, COMPETIC 1 i COMPETIC 3) o dues sessions setmanals de 2 hores (COMPETIC 2).<\/p>\n\n\n\n<p>La nota d&#8217;\u00e0rea es calcular\u00e0 segons els seg\u00fcents percentatges:<\/p>\n\n\n\n<ul class=\"wp-block-list\">\n<li>Avaluaci\u00f3 continuada: 60%. Es necessita un 80% d&#8217;assist\u00e8ncia per poder assolir cada compet\u00e8ncia.<\/li>\n\n\n\n<li>Elaboraci\u00f3 i avaluaci\u00f3 d&#8217;un projecte final: 40%<\/li>\n<\/ul>\n\n\n\n<p>Seran positives les qualificacions iguals o superiors a 6.<\/p>\n\n\n\n<p>Per a obtenir la qualificaci\u00f3 d&#8217;apte\/a cal obtenir una nota global igual o superior a 6&#8217;5 punts.<\/p>\n\n\n\n<p>Per poder-se inscriure s&#8217;ha de tenir un nivell equivalent a A2 de catal\u00e0.<\/p>\n\n\n\n<div class=\"entry-content\">\n<div class=\"entry-content\">\u00a0<\/div>\n<\/div>\n","protected":false},"excerpt":{"rendered":"<p>El domini de compet\u00e8ncies digitals \u00e9s avui dia una necessitat, tant pel que fa a les perspectives professionals com per al desenvolupament personal. Els cursos&nbsp;de compet\u00e8ncia digital d&#8217;educaci\u00f3 d&#8217;adults (COMPETIC) s&#8217;estructuren en quatre nivells, tres dels quals tenen una equival\u00e8ncia ACTIC (Acreditaci\u00f3 de Compet\u00e8ncies en Tecnologies de la Informaci\u00f3 i la Comunicaci\u00f3): CERTIFICAT COMPETIC EQUIVAL\u00c8NCIA [&hellip;]<\/p>\n","protected":false},"author":1,"featured_media":0,"parent":195,"menu_order":4,"comment_status":"closed","ping_status":"closed","template":"","meta":{"_bbp_topic_count":0,"_bbp_reply_count":0,"_bbp_total_topic_count":0,"_bbp_total_reply_count":0,"_bbp_voice_count":0,"_bbp_anonymous_reply_count":0,"_bbp_topic_count_hidden":0,"_bbp_reply_count_hidden":0,"_bbp_forum_subforum_count":0,"site-sidebar-layout":"default","site-content-layout":"","ast-site-content-layout":"default","site-content-style":"default","site-sidebar-style":"default","ast-global-header-display":"","ast-banner-title-visibility":"","ast-main-header-display":"","ast-hfb-above-header-display":"","ast-hfb-below-header-display":"","ast-hfb-mobile-header-display":"","site-post-title":"","ast-breadcrumbs-content":"","ast-featured-img":"","footer-sml-layout":"","theme-transparent-header-meta":"","adv-header-id-meta":"","stick-header-meta":"","header-above-stick-meta":"","header-main-stick-meta":"","header-below-stick-meta":"","astra-migrate-meta-layouts":"set","ast-page-background-enabled":"default","ast-page-background-meta":{"desktop":{"background-color":"var(--ast-global-color-4)","background-image":"","background-repeat":"repeat","background-position":"center center","background-size":"auto","background-attachment":"scroll","background-type":"","background-media":"","overlay-type":"","overlay-color":"","overlay-opacity":"","overlay-gradient":""},"tablet":{"background-color":"","background-image":"","background-repeat":"repeat","background-position":"center center","background-size":"auto","background-attachment":"scroll","background-type":"","background-media":"","overlay-type":"","overlay-color":"","overlay-opacity":"","overlay-gradient":""},"mobile":{"background-color":"","background-image":"","background-repeat":"repeat","background-position":"center center","background-size":"auto","background-attachment":"scroll","background-type":"","background-media":"","overlay-type":"","overlay-color":"","overlay-opacity":"","overlay-gradient":""}},"ast-content-background-meta":{"desktop":{"background-color":"var(--ast-global-color-5)","background-image":"","background-repeat":"repeat","background-position":"center center","background-size":"auto","background-attachment":"scroll","background-type":"","background-media":"","overlay-type":"","overlay-color":"","overlay-opacity":"","overlay-gradient":""},"tablet":{"background-color":"var(--ast-global-color-5)","background-image":"","background-repeat":"repeat","background-position":"center center","background-size":"auto","background-attachment":"scroll","background-type":"","background-media":"","overlay-type":"","overlay-color":"","overlay-opacity":"","overlay-gradient":""},"mobile":{"background-color":"var(--ast-global-color-5)","background-image":"","background-repeat":"repeat","background-position":"center center","background-size":"auto","background-attachment":"scroll","background-type":"","background-media":"","overlay-type":"","overlay-color":"","overlay-opacity":"","overlay-gradient":""}},"footnotes":""},"class_list":["post-457","page","type-page","status-publish","hentry"],"post_mailing_queue_ids":[],"_links":{"self":[{"href":"https:\/\/agora.xtec.cat\/cfabertrana\/wp-json\/wp\/v2\/pages\/457","targetHints":{"allow":["GET"]}}],"collection":[{"href":"https:\/\/agora.xtec.cat\/cfabertrana\/wp-json\/wp\/v2\/pages"}],"about":[{"href":"https:\/\/agora.xtec.cat\/cfabertrana\/wp-json\/wp\/v2\/types\/page"}],"author":[{"embeddable":true,"href":"https:\/\/agora.xtec.cat\/cfabertrana\/wp-json\/wp\/v2\/users\/1"}],"replies":[{"embeddable":true,"href":"https:\/\/agora.xtec.cat\/cfabertrana\/wp-json\/wp\/v2\/comments?post=457"}],"version-history":[{"count":5,"href":"https:\/\/agora.xtec.cat\/cfabertrana\/wp-json\/wp\/v2\/pages\/457\/revisions"}],"predecessor-version":[{"id":4407,"href":"https:\/\/agora.xtec.cat\/cfabertrana\/wp-json\/wp\/v2\/pages\/457\/revisions\/4407"}],"up":[{"embeddable":true,"href":"https:\/\/agora.xtec.cat\/cfabertrana\/wp-json\/wp\/v2\/pages\/195"}],"wp:attachment":[{"href":"https:\/\/agora.xtec.cat\/cfabertrana\/wp-json\/wp\/v2\/media?parent=457"}],"curies":[{"name":"wp","href":"https:\/\/api.w.org\/{rel}","templated":true}]}}