{"id":455,"date":"2015-03-18T13:21:03","date_gmt":"2015-03-18T12:21:03","guid":{"rendered":"http:\/\/agora.xtec.cat\/cfabertrana\/?page_id=455"},"modified":"2026-03-29T16:35:45","modified_gmt":"2026-03-29T14:35:45","slug":"preparacio-prova-acces-grau-superior","status":"publish","type":"page","link":"https:\/\/agora.xtec.cat\/cfabertrana\/estudis\/preparacio-prova-acces-grau-superior\/","title":{"rendered":"Preparaci\u00f3 prova d&#8217;acc\u00e9s a Grau Superior"},"content":{"rendered":"\n<p><span class=\"paragraf\">La<\/span><span class=\"paragraf\"> prova d&#8217;acc\u00e9s a Cicles Formatius de Grau Superior permet accedir a un cicle formatiu de grau superior sense necessitat de tenir la titulaci\u00f3 acad\u00e8mica necess\u00e0ria. <\/span><\/p>\n\n\n\n<p>La prova est\u00e0 estructurada en dues parts i t\u00e9 com a objectiu acreditar que l\u2019alumne posseeix la maduresa necess\u00e0ria a nivell de batxillerat, aix\u00ed com els coneixements espec\u00edfics que es requereixin per al cicle a qu\u00e8 vol accedir. \u00c9s un curs presencial.<\/p>\n\n\n\n<p>La prova d\u2019acc\u00e9s a CFGS, si es t\u00e9 l\u2019ESO superada, equival al batxillerat a efectes laborals i oposicions.<\/p>\n\n\n\n<p><strong>Requisits:<\/strong> Per poder fer la prova d\u2019acc\u00e9s cal tenir 19 anys o m\u00e9s i no tenir cap t\u00edtol que doni dret a matricular-se a CFGS (batxillerat o un CFGM).<\/p>\n\n\n\n<p>Cal tenir ESO (no \u00e9s obligatori, per\u00f2 s\u00ed recomanable), si no s\u2019haur\u00e0 de fer una prova de nivell.<\/p>\n\n\n\n<p>L\u2019alumnat que t\u00e9 un GM i vol realitzar aquest curs de preparaci\u00f3 no far\u00e0 la prova per\u00f2 el certificat&nbsp; del curs li dona prioritat a l\u2019hora de matricular-se a CFGS.<\/p>\n\n\n\n<p><strong>Durada: <\/strong>Curs de setembre fins a la realitzaci\u00f3 de les proves, segona setmana de maig.<\/p>\n\n\n\n<p><strong>Organitzaci\u00f3: <\/strong>El curs de preparaci\u00f3 compr\u00e8n les seg\u00fcents mat\u00e8ries:<\/p>\n\n\n\n<p>4 mat\u00e8ries de la part comuna de la prova:<\/p>\n\n\n\n<ul class=\"wp-block-list\">\n<li>\u00a0\u00a0\u00a0\u00a0\u00a0\u00a0\u00a0\u00a0\u00a0\u00a0\u00a0 Llengua catalana<\/li>\n\n\n\n<li>\u00a0\u00a0\u00a0\u00a0\u00a0\u00a0\u00a0\u00a0\u00a0\u00a0\u00a0 Llengua castellana<\/li>\n\n\n\n<li>\u00a0\u00a0\u00a0\u00a0\u00a0\u00a0\u00a0\u00a0\u00a0\u00a0\u00a0 Angl\u00e8s<\/li>\n\n\n\n<li>\u00a0\u00a0\u00a0\u00a0\u00a0\u00a0\u00a0\u00a0\u00a0\u00a0\u00a0 Matem\u00e0tiques<\/li>\n<\/ul>\n\n\n\n<p>2 mat\u00e8ries espec\u00edfiques a triar segons l\u2019itinerari &nbsp;A, B, C, D<\/p>\n\n\n\n<figure class=\"wp-block-table\"><table class=\"has-fixed-layout\"><tbody><tr><td>Itinerari<\/td><td>Mat\u00e8ries que imparteix el centre<\/td><td>Altres mat\u00e8ries que es poden triar i es cursen a trav\u00e9s IOC \/en l\u00ednia<\/td><\/tr><tr><td>A<\/td><td>F\u00edsica\n<p>Dibuix T\u00e8cnic<\/p>\n<\/td><td>Tecnologia Industrial<\/td><\/tr><tr><td>B<\/td><td>Biologia\n<p>Qu\u00edmica<\/p>\n<\/td><td>Ci\u00e8ncies de la terra i del medi ambient<\/td><\/tr><tr><td>C<\/td><td>&nbsp;<\/td><td>Economia d\u2019empresa\n<p>Geografia<\/p>\n<p>Psicologia i sociologia<\/p>\n<p>Segona llengua estrangera<\/p>\n<\/td><\/tr><tr><td>D<\/td><td>Biologia\n<p>Qu\u00edmica<\/p>\n<\/td><td>Educaci\u00f3 f\u00edsica <strong><em>(obligat\u00f2ria)<\/em><\/strong>\n<p>Ci\u00e8ncies de la terra i del medi ambient<\/p>\n<\/td><\/tr><\/tbody><\/table><\/figure>\n\n\n\n<p>En cas que l\u2019alumne vulgui fer l\u2019itinerari D, l\u2019assignatura d\u2019Educaci\u00f3 F\u00edsica (obligat\u00f2ria) la cursar\u00e0 a traves de l\u2019IOC (Institut Obert de Catalunya). Des del centre es gestionar\u00e0 la matr\u00edcula de l\u2019alumnat.<\/p>\n\n\n\n<p><strong>Avaluaci\u00f3:<\/strong> 2 quadrimestres<\/p>\n\n\n\n<p><strong>Obtenci\u00f3 del&nbsp; certificat: <\/strong><\/p>\n\n\n\n<p>Per obtenir-lo caldr\u00e0 haver assistit a un m\u00ednim del 80% de les hores del curs per tenir-ne dret. Tindr\u00e0 certificat qui superi el curs de formaci\u00f3. El certificat d\u00f3na dret a punts extra del resultat final superior a la qualificaci\u00f3 de 4.<\/p>\n\n\n\n<p>En el cas de tenir un CFGM no es pot fer la prova per\u00f2 el certificat&nbsp; del curs dona prioritat a l\u2019hora de matricular-se a CFGS.<\/p>\n\n\n\n<p><strong>Podeu trobar m\u00e9s informaci\u00f3: <\/strong><\/p>\n\n\n\n<p><strong><a href=\"http:\/\/educacio.gencat.cat\/ca\/serveis-tramits\/proves\/proves-acces\/gs-fp\/\" target=\"_blank\" rel=\"noopener\">Informaci\u00f3 general<\/a><\/strong><\/p>\n\n\n\n<p>&nbsp;<\/p>\n","protected":false},"excerpt":{"rendered":"<p>La prova d&#8217;acc\u00e9s a Cicles Formatius de Grau Superior permet accedir a un cicle formatiu de grau superior sense necessitat de tenir la titulaci\u00f3 acad\u00e8mica necess\u00e0ria. La prova est\u00e0 estructurada en dues parts i t\u00e9 com a objectiu acreditar que l\u2019alumne posseeix la maduresa necess\u00e0ria a nivell de batxillerat, aix\u00ed com els coneixements espec\u00edfics que [&hellip;]<\/p>\n","protected":false},"author":1,"featured_media":0,"parent":195,"menu_order":3,"comment_status":"closed","ping_status":"closed","template":"","meta":{"_bbp_topic_count":0,"_bbp_reply_count":0,"_bbp_total_topic_count":0,"_bbp_total_reply_count":0,"_bbp_voice_count":0,"_bbp_anonymous_reply_count":0,"_bbp_topic_count_hidden":0,"_bbp_reply_count_hidden":0,"_bbp_forum_subforum_count":0,"site-sidebar-layout":"default","site-content-layout":"","ast-site-content-layout":"default","site-content-style":"default","site-sidebar-style":"default","ast-global-header-display":"","ast-banner-title-visibility":"","ast-main-header-display":"","ast-hfb-above-header-display":"","ast-hfb-below-header-display":"","ast-hfb-mobile-header-display":"","site-post-title":"","ast-breadcrumbs-content":"","ast-featured-img":"","footer-sml-layout":"","theme-transparent-header-meta":"","adv-header-id-meta":"","stick-header-meta":"","header-above-stick-meta":"","header-main-stick-meta":"","header-below-stick-meta":"","astra-migrate-meta-layouts":"set","ast-page-background-enabled":"default","ast-page-background-meta":{"desktop":{"background-color":"var(--ast-global-color-4)","background-image":"","background-repeat":"repeat","background-position":"center center","background-size":"auto","background-attachment":"scroll","background-type":"","background-media":"","overlay-type":"","overlay-color":"","overlay-opacity":"","overlay-gradient":""},"tablet":{"background-color":"","background-image":"","background-repeat":"repeat","background-position":"center center","background-size":"auto","background-attachment":"scroll","background-type":"","background-media":"","overlay-type":"","overlay-color":"","overlay-opacity":"","overlay-gradient":""},"mobile":{"background-color":"","background-image":"","background-repeat":"repeat","background-position":"center center","background-size":"auto","background-attachment":"scroll","background-type":"","background-media":"","overlay-type":"","overlay-color":"","overlay-opacity":"","overlay-gradient":""}},"ast-content-background-meta":{"desktop":{"background-color":"var(--ast-global-color-5)","background-image":"","background-repeat":"repeat","background-position":"center center","background-size":"auto","background-attachment":"scroll","background-type":"","background-media":"","overlay-type":"","overlay-color":"","overlay-opacity":"","overlay-gradient":""},"tablet":{"background-color":"var(--ast-global-color-5)","background-image":"","background-repeat":"repeat","background-position":"center center","background-size":"auto","background-attachment":"scroll","background-type":"","background-media":"","overlay-type":"","overlay-color":"","overlay-opacity":"","overlay-gradient":""},"mobile":{"background-color":"var(--ast-global-color-5)","background-image":"","background-repeat":"repeat","background-position":"center center","background-size":"auto","background-attachment":"scroll","background-type":"","background-media":"","overlay-type":"","overlay-color":"","overlay-opacity":"","overlay-gradient":""}},"footnotes":""},"class_list":["post-455","page","type-page","status-publish","hentry"],"post_mailing_queue_ids":[],"_links":{"self":[{"href":"https:\/\/agora.xtec.cat\/cfabertrana\/wp-json\/wp\/v2\/pages\/455","targetHints":{"allow":["GET"]}}],"collection":[{"href":"https:\/\/agora.xtec.cat\/cfabertrana\/wp-json\/wp\/v2\/pages"}],"about":[{"href":"https:\/\/agora.xtec.cat\/cfabertrana\/wp-json\/wp\/v2\/types\/page"}],"author":[{"embeddable":true,"href":"https:\/\/agora.xtec.cat\/cfabertrana\/wp-json\/wp\/v2\/users\/1"}],"replies":[{"embeddable":true,"href":"https:\/\/agora.xtec.cat\/cfabertrana\/wp-json\/wp\/v2\/comments?post=455"}],"version-history":[{"count":5,"href":"https:\/\/agora.xtec.cat\/cfabertrana\/wp-json\/wp\/v2\/pages\/455\/revisions"}],"predecessor-version":[{"id":4406,"href":"https:\/\/agora.xtec.cat\/cfabertrana\/wp-json\/wp\/v2\/pages\/455\/revisions\/4406"}],"up":[{"embeddable":true,"href":"https:\/\/agora.xtec.cat\/cfabertrana\/wp-json\/wp\/v2\/pages\/195"}],"wp:attachment":[{"href":"https:\/\/agora.xtec.cat\/cfabertrana\/wp-json\/wp\/v2\/media?parent=455"}],"curies":[{"name":"wp","href":"https:\/\/api.w.org\/{rel}","templated":true}]}}