{"id":4143,"date":"2025-10-11T07:25:48","date_gmt":"2025-10-11T05:25:48","guid":{"rendered":"https:\/\/agora.xtec.cat\/cfabertrana\/?page_id=4143"},"modified":"2026-02-26T10:37:53","modified_gmt":"2026-02-26T09:37:53","slug":"informatica-2","status":"publish","type":"page","link":"https:\/\/agora.xtec.cat\/cfabertrana\/informatica-2\/","title":{"rendered":"Inform\u00e0tica"},"content":{"rendered":"\n<p>El domini de compet\u00e8ncies digitals \u00e9s avui dia una necessitat, tant pel que fa a les perspectives professionals com per al desenvolupament personal.<\/p>\n\n\n\n<p>Els cursos de compet\u00e8ncia digital d\u2019educaci\u00f3 d\u2019adults (COMPETIC) s\u2019estructuren en quatre nivells, tres dels quals tenen una equival\u00e8ncia <a href=\"http:\/\/acticweb.gencat.cat\/ca\/\" target=\"_blank\" rel=\"noreferrer noopener\">ACTIC<\/a> (Acreditaci\u00f3 de Compet\u00e8ncies en Tecnologies de la Informaci\u00f3 i la Comunicaci\u00f3):<\/p>\n\n\n\n<figure class=\"wp-block-table\"><table class=\"has-fixed-layout\"><tbody><tr><td><strong>CERTIFICAT COMPETIC<\/strong><\/td><td><strong>EQUIVAL\u00c8NCIA ACTIC<\/strong><\/td><\/tr><tr><td><a href=\"https:\/\/projectes.xtec.cat\/xarxadults\/nivells\/competic-inicial\/\" target=\"_blank\" rel=\"noreferrer noopener\">COMPETIC inicial<\/a><\/td><td>Sense equival\u00e8ncia ACTIC<\/td><\/tr><tr><td><a href=\"https:\/\/projectes.xtec.cat\/xarxadults\/nivells\/competic-1\/\" target=\"_blank\" rel=\"noreferrer noopener\">COMPETIC 1<\/a><\/td><td>Equival al certificat b\u00e0sic de l\u2019ACTIC<\/td><\/tr><tr><td><a href=\"https:\/\/projectes.xtec.cat\/xarxadults\/nivells\/competic-2\/\" target=\"_blank\" rel=\"noreferrer noopener\">COMPETIC 2<\/a><\/td><td>Equival al certificat mitj\u00e0 de l\u2019ACTIC<\/td><\/tr><tr><td><a href=\"https:\/\/projectes.xtec.cat\/xarxadults\/nivells\/competic-3\/\" target=\"_blank\" rel=\"noreferrer noopener\">COMPETIC 3 (C4, C6, C8)<\/a><\/td><td>Equival al certificat avan\u00e7at de l\u2019ACTIC<\/td><\/tr><\/tbody><\/table><\/figure>\n\n\n\n<p>Els certificats d\u2019equival\u00e8ncia ACTIC s\u00f3n garantia de reconeixement dels coneixements assolits.<\/p>\n\n\n\n<p>Tots els cursos s\u00f3n <strong>semipresencials<\/strong> (una sessi\u00f3 presencial i una altra d&#8217;as\u00edncrona). La sessi\u00f3 presencial es fa en horari de tarda.<\/p>\n\n\n\n<p>Tenen una durada anual, i s\u2019estructuren en dues sessions setmanals d\u20191 hora i 30 minuts (COMPETIC inicial, COMPETIC 1 i COMPETIC 3) o dues sessions setmanals de 2 hores (COMPETIC 2).<\/p>\n\n\n\n<p>La nota d\u2019\u00e0rea es calcular\u00e0 segons els seg\u00fcents percentatges:<\/p>\n\n\n\n<ul class=\"wp-block-list\">\n<li>Avaluaci\u00f3 continuada: 60%. Es necessita un 80% d\u2019assist\u00e8ncia per poder assolir cada compet\u00e8ncia.<\/li>\n\n\n\n<li>Elaboraci\u00f3 i avaluaci\u00f3 d\u2019un projecte final: 40%<\/li>\n<\/ul>\n\n\n\n<p>Seran positives les qualificacions iguals o superiors a 6.<\/p>\n\n\n\n<p>Per a obtenir la qualificaci\u00f3 d\u2019apte\/a cal obtenir una nota global igual o superior a 6\u20195 punts.<\/p>\n\n\n\n<p>Per poder-se inscriure s\u2019ha de tenir un nivell equivalent a A2 de catal\u00e0.<\/p>\n","protected":false},"excerpt":{"rendered":"<p>El domini de compet\u00e8ncies digitals \u00e9s avui dia una necessitat, tant pel que fa a les perspectives professionals com per al desenvolupament personal. Els cursos de compet\u00e8ncia digital d\u2019educaci\u00f3 d\u2019adults (COMPETIC) s\u2019estructuren en quatre nivells, tres dels quals tenen una equival\u00e8ncia ACTIC (Acreditaci\u00f3 de Compet\u00e8ncies en Tecnologies de la Informaci\u00f3 i la Comunicaci\u00f3): CERTIFICAT COMPETIC [&hellip;]<\/p>\n","protected":false},"author":1,"featured_media":0,"parent":0,"menu_order":0,"comment_status":"closed","ping_status":"close","template":"","meta":{"_bbp_topic_count":0,"_bbp_reply_count":0,"_bbp_total_topic_count":0,"_bbp_total_reply_count":0,"_bbp_voice_count":0,"_bbp_anonymous_reply_count":0,"_bbp_topic_count_hidden":0,"_bbp_reply_count_hidden":0,"_bbp_forum_subforum_count":0,"site-sidebar-layout":"default","site-content-layout":"","ast-site-content-layout":"default","site-content-style":"default","site-sidebar-style":"default","ast-global-header-display":"","ast-banner-title-visibility":"","ast-main-header-display":"","ast-hfb-above-header-display":"","ast-hfb-below-header-display":"","ast-hfb-mobile-header-display":"","site-post-title":"","ast-breadcrumbs-content":"","ast-featured-img":"","footer-sml-layout":"","theme-transparent-header-meta":"","adv-header-id-meta":"","stick-header-meta":"","header-above-stick-meta":"","header-main-stick-meta":"","header-below-stick-meta":"","astra-migrate-meta-layouts":"set","ast-page-background-enabled":"default","ast-page-background-meta":{"desktop":{"background-color":"var(--ast-global-color-4)","background-image":"","background-repeat":"repeat","background-position":"center center","background-size":"auto","background-attachment":"scroll","background-type":"","background-media":"","overlay-type":"","overlay-color":"","overlay-opacity":"","overlay-gradient":""},"tablet":{"background-color":"","background-image":"","background-repeat":"repeat","background-position":"center center","background-size":"auto","background-attachment":"scroll","background-type":"","background-media":"","overlay-type":"","overlay-color":"","overlay-opacity":"","overlay-gradient":""},"mobile":{"background-color":"","background-image":"","background-repeat":"repeat","background-position":"center center","background-size":"auto","background-attachment":"scroll","background-type":"","background-media":"","overlay-type":"","overlay-color":"","overlay-opacity":"","overlay-gradient":""}},"ast-content-background-meta":{"desktop":{"background-color":"var(--ast-global-color-5)","background-image":"","background-repeat":"repeat","background-position":"center center","background-size":"auto","background-attachment":"scroll","background-type":"","background-media":"","overlay-type":"","overlay-color":"","overlay-opacity":"","overlay-gradient":""},"tablet":{"background-color":"var(--ast-global-color-5)","background-image":"","background-repeat":"repeat","background-position":"center center","background-size":"auto","background-attachment":"scroll","background-type":"","background-media":"","overlay-type":"","overlay-color":"","overlay-opacity":"","overlay-gradient":""},"mobile":{"background-color":"var(--ast-global-color-5)","background-image":"","background-repeat":"repeat","background-position":"center center","background-size":"auto","background-attachment":"scroll","background-type":"","background-media":"","overlay-type":"","overlay-color":"","overlay-opacity":"","overlay-gradient":""}},"footnotes":""},"class_list":["post-4143","page","type-page","status-publish","hentry"],"post_mailing_queue_ids":[],"_links":{"self":[{"href":"https:\/\/agora.xtec.cat\/cfabertrana\/wp-json\/wp\/v2\/pages\/4143","targetHints":{"allow":["GET"]}}],"collection":[{"href":"https:\/\/agora.xtec.cat\/cfabertrana\/wp-json\/wp\/v2\/pages"}],"about":[{"href":"https:\/\/agora.xtec.cat\/cfabertrana\/wp-json\/wp\/v2\/types\/page"}],"author":[{"embeddable":true,"href":"https:\/\/agora.xtec.cat\/cfabertrana\/wp-json\/wp\/v2\/users\/1"}],"replies":[{"embeddable":true,"href":"https:\/\/agora.xtec.cat\/cfabertrana\/wp-json\/wp\/v2\/comments?post=4143"}],"version-history":[{"count":2,"href":"https:\/\/agora.xtec.cat\/cfabertrana\/wp-json\/wp\/v2\/pages\/4143\/revisions"}],"predecessor-version":[{"id":4335,"href":"https:\/\/agora.xtec.cat\/cfabertrana\/wp-json\/wp\/v2\/pages\/4143\/revisions\/4335"}],"wp:attachment":[{"href":"https:\/\/agora.xtec.cat\/cfabertrana\/wp-json\/wp\/v2\/media?parent=4143"}],"curies":[{"name":"wp","href":"https:\/\/api.w.org\/{rel}","templated":true}]}}