{"id":4126,"date":"2025-10-11T06:30:38","date_gmt":"2025-10-11T04:30:38","guid":{"rendered":"https:\/\/agora.xtec.cat\/cfabertrana\/?page_id=4126"},"modified":"2026-02-26T10:35:20","modified_gmt":"2026-02-26T09:35:20","slug":"llengues","status":"publish","type":"page","link":"https:\/\/agora.xtec.cat\/cfabertrana\/llengues\/","title":{"rendered":"Lleng\u00fces"},"content":{"rendered":"\n<p><br>Poden accedir a aquests estudis les persones&nbsp;<strong>majors de 18 anys&nbsp;<\/strong>i les que els compleixen durant l\u2019any natural en qu\u00e8 s\u2019inicia la formaci\u00f3, o b\u00e9 les majors de 16 anys en determinades circumst\u00e0ncies: estar treballant o ser nouvingudes a Catalunya.<br><\/p>\n\n\n\n<div class=\"wp-block-getwid-tabs\" data-active-tab=\"0\"><ul class=\"wp-block-getwid-tabs__nav-links\"><\/ul>\n<div class=\"wp-block-getwid-tabs__nav-link\"><span class=\"wp-block-getwid-tabs__title-wrapper\"><a href=\"#\"><span class=\"wp-block-getwid-tabs__title\">Catal\u00e0<\/span><\/a><\/span><\/div><div class=\"wp-block-getwid-tabs__tab-content-wrapper\"><div class=\"wp-block-getwid-tabs__tab-content\">\n<p><\/p>\n\n\n\n<figure class=\"wp-block-image alignleft size-full is-resized\"><a href=\"https:\/\/agora.xtec.cat\/cfabertrana\/wp-content\/uploads\/usu111\/2025\/10\/catala.jpg\"><img loading=\"lazy\" decoding=\"async\" width=\"1024\" height=\"683\" src=\"https:\/\/agora.xtec.cat\/cfabertrana\/wp-content\/uploads\/usu111\/2025\/10\/catala.jpg\" alt=\"\" class=\"wp-image-4131\" style=\"width:229px;height:auto\" srcset=\"https:\/\/agora.xtec.cat\/cfabertrana\/wp-content\/uploads\/usu111\/2025\/10\/catala.jpg 1024w, https:\/\/agora.xtec.cat\/cfabertrana\/wp-content\/uploads\/usu111\/2025\/10\/catala-300x200.jpg 300w, https:\/\/agora.xtec.cat\/cfabertrana\/wp-content\/uploads\/usu111\/2025\/10\/catala-768x512.jpg 768w\" sizes=\"auto, (max-width: 1024px) 100vw, 1024px\" \/><\/a><\/figure>\n\n\n\n<p><\/p>\n\n\n\n<p><\/p>\n\n\n\n<p><\/p>\n\n\n\n<p><\/p>\n\n\n\n<p>Aquests estudis tenen com a objectiu que les persones adultes assoleixin un grau de compet\u00e8ncia b\u00e0sica per a comunicar-se en llengua catalana i s\u2019imparteixen en tres nivells:<\/p>\n\n\n\n<p><\/p>\n\n\n\n<p>CURSOS<\/p>\n\n\n\n<figure class=\"wp-block-table\"><table class=\"has-fixed-layout\"><tbody><tr><td><strong>CURSOS<\/strong><\/td><td>CERTIFICAT MARC EUROPEU COM\u00da DE REFER\u00c8NCIA<\/td><\/tr><tr><td>Llengua catalana nivell 1<\/td><td>Inicial <strong>A1 <\/strong>Usuari b\u00e0sic<\/td><\/tr><tr><td>Llengua catalana nivell 2<\/td><td>B\u00e0sic <strong>A2 <\/strong>Usuari b\u00e0sic<\/td><\/tr><tr><td>Llengua catalana nivell 3<\/td><td>Llindar <strong>B1 <\/strong>Usuari independent<\/td><\/tr><\/tbody><\/table><\/figure>\n\n\n\n<p>Aquest 2025-26 oferim 11 cursos:<\/p>\n\n\n\n<ul class=\"wp-block-list\">\n<li>7 Cursos de nivell A1 quadrimestrals (6h a la setmana): (*)\n<ul class=\"wp-block-list\">\n<li>4 el primer quadrimestre: de setembre a gener<\/li>\n\n\n\n<li>3 el segon quadrimestre: de febrer a juny<\/li>\n<\/ul>\n<\/li>\n<\/ul>\n\n\n\n<p>* S\u00f3n cursos intensius, de dilluns a dijous.<\/p>\n\n\n\n<ul class=\"wp-block-list\">\n<li>3 Cursos de nivell A2\n<ul class=\"wp-block-list\">\n<li>1 curs anual de tarda, dilluns i dimecres, de 18 a 20h (4h a la setmana)<\/li>\n\n\n\n<li>2 cursos quadrimestrals, intensius, de dilluns a dijous, en horari de mat\u00ed i de tarda (8h a la setmana)<\/li>\n<\/ul>\n<\/li>\n<\/ul>\n\n\n\n<ul class=\"wp-block-list\">\n<li>1 Curs anual de nivell B1, dimarts i dijous de 13 a 15h (4h a la setmana)<\/li>\n<\/ul>\n<\/div><\/div>\n\n\n\n<div class=\"wp-block-getwid-tabs__nav-link\"><span class=\"wp-block-getwid-tabs__title-wrapper\"><a href=\"#\"><span class=\"wp-block-getwid-tabs__title\">Angl\u00e8s<\/span><\/a><\/span><\/div><div class=\"wp-block-getwid-tabs__tab-content-wrapper\"><div class=\"wp-block-getwid-tabs__tab-content\">\n<p><\/p>\n\n\n\n<figure class=\"wp-block-image alignleft size-full is-resized\"><a href=\"https:\/\/agora.xtec.cat\/cfabertrana\/wp-content\/uploads\/usu111\/2025\/10\/angles.jpg\"><img loading=\"lazy\" decoding=\"async\" width=\"259\" height=\"194\" src=\"https:\/\/agora.xtec.cat\/cfabertrana\/wp-content\/uploads\/usu111\/2025\/10\/angles.jpg\" alt=\"\" class=\"wp-image-4133\" style=\"width:230px;height:auto\"\/><\/a><\/figure>\n\n\n\n<p><\/p>\n\n\n\n<p><\/p>\n\n\n\n<p><\/p>\n\n\n\n<p><\/p>\n\n\n\n<p>El curs 2025-2026 oferirem tres nivells en horari de tarda:<\/p>\n\n\n\n<ul class=\"wp-block-list\">\n<li>Angl\u00e8s 1<\/li>\n\n\n\n<li>Angl\u00e8s 2<\/li>\n\n\n\n<li>Angl\u00e8s 3<\/li>\n<\/ul>\n\n\n\n<p>En acabar el tercer curs, s\u2019assoleix el nivell A2 de llengua anglesa.<\/p>\n\n\n\n<h3 class=\"wp-block-heading\"><strong>Q\u00dcESTIONARI INICIAL<\/strong><\/h3>\n\n\n\n<p><a href=\"https:\/\/forms.gle\/4BaUUn7aWX1KHfKB8\">A1<\/a><\/p>\n\n\n\n<p><a href=\"https:\/\/forms.gle\/jWgcsVUpmExonZ899\">A2<\/a><\/p>\n\n\n\n<p><a href=\"https:\/\/forms.gle\/Woyod9Mr1QAYnuP26\">A3<\/a><\/p>\n<\/div><\/div>\n<\/div>\n\n\n\n<p><\/p>\n","protected":false},"excerpt":{"rendered":"<p>Poden accedir a aquests estudis les persones&nbsp;majors de 18 anys&nbsp;i les que els compleixen durant l\u2019any natural en qu\u00e8 s\u2019inicia la formaci\u00f3, o b\u00e9 les majors de 16 anys en determinades circumst\u00e0ncies: estar treballant o ser nouvingudes a Catalunya.<\/p>\n","protected":false},"author":1,"featured_media":0,"parent":0,"menu_order":0,"comment_status":"closed","ping_status":"close","template":"","meta":{"_bbp_topic_count":0,"_bbp_reply_count":0,"_bbp_total_topic_count":0,"_bbp_total_reply_count":0,"_bbp_voice_count":0,"_bbp_anonymous_reply_count":0,"_bbp_topic_count_hidden":0,"_bbp_reply_count_hidden":0,"_bbp_forum_subforum_count":0,"site-sidebar-layout":"default","site-content-layout":"","ast-site-content-layout":"default","site-content-style":"default","site-sidebar-style":"default","ast-global-header-display":"","ast-banner-title-visibility":"","ast-main-header-display":"","ast-hfb-above-header-display":"","ast-hfb-below-header-display":"","ast-hfb-mobile-header-display":"","site-post-title":"","ast-breadcrumbs-content":"","ast-featured-img":"","footer-sml-layout":"","theme-transparent-header-meta":"","adv-header-id-meta":"","stick-header-meta":"","header-above-stick-meta":"","header-main-stick-meta":"","header-below-stick-meta":"","astra-migrate-meta-layouts":"set","ast-page-background-enabled":"default","ast-page-background-meta":{"desktop":{"background-color":"var(--ast-global-color-4)","background-image":"","background-repeat":"repeat","background-position":"center center","background-size":"auto","background-attachment":"scroll","background-type":"","background-media":"","overlay-type":"","overlay-color":"","overlay-opacity":"","overlay-gradient":""},"tablet":{"background-color":"","background-image":"","background-repeat":"repeat","background-position":"center center","background-size":"auto","background-attachment":"scroll","background-type":"","background-media":"","overlay-type":"","overlay-color":"","overlay-opacity":"","overlay-gradient":""},"mobile":{"background-color":"","background-image":"","background-repeat":"repeat","background-position":"center center","background-size":"auto","background-attachment":"scroll","background-type":"","background-media":"","overlay-type":"","overlay-color":"","overlay-opacity":"","overlay-gradient":""}},"ast-content-background-meta":{"desktop":{"background-color":"var(--ast-global-color-5)","background-image":"","background-repeat":"repeat","background-position":"center center","background-size":"auto","background-attachment":"scroll","background-type":"","background-media":"","overlay-type":"","overlay-color":"","overlay-opacity":"","overlay-gradient":""},"tablet":{"background-color":"var(--ast-global-color-5)","background-image":"","background-repeat":"repeat","background-position":"center center","background-size":"auto","background-attachment":"scroll","background-type":"","background-media":"","overlay-type":"","overlay-color":"","overlay-opacity":"","overlay-gradient":""},"mobile":{"background-color":"var(--ast-global-color-5)","background-image":"","background-repeat":"repeat","background-position":"center center","background-size":"auto","background-attachment":"scroll","background-type":"","background-media":"","overlay-type":"","overlay-color":"","overlay-opacity":"","overlay-gradient":""}},"footnotes":""},"class_list":["post-4126","page","type-page","status-publish","hentry"],"post_mailing_queue_ids":[],"_links":{"self":[{"href":"https:\/\/agora.xtec.cat\/cfabertrana\/wp-json\/wp\/v2\/pages\/4126","targetHints":{"allow":["GET"]}}],"collection":[{"href":"https:\/\/agora.xtec.cat\/cfabertrana\/wp-json\/wp\/v2\/pages"}],"about":[{"href":"https:\/\/agora.xtec.cat\/cfabertrana\/wp-json\/wp\/v2\/types\/page"}],"author":[{"embeddable":true,"href":"https:\/\/agora.xtec.cat\/cfabertrana\/wp-json\/wp\/v2\/users\/1"}],"replies":[{"embeddable":true,"href":"https:\/\/agora.xtec.cat\/cfabertrana\/wp-json\/wp\/v2\/comments?post=4126"}],"version-history":[{"count":6,"href":"https:\/\/agora.xtec.cat\/cfabertrana\/wp-json\/wp\/v2\/pages\/4126\/revisions"}],"predecessor-version":[{"id":4334,"href":"https:\/\/agora.xtec.cat\/cfabertrana\/wp-json\/wp\/v2\/pages\/4126\/revisions\/4334"}],"wp:attachment":[{"href":"https:\/\/agora.xtec.cat\/cfabertrana\/wp-json\/wp\/v2\/media?parent=4126"}],"curies":[{"name":"wp","href":"https:\/\/api.w.org\/{rel}","templated":true}]}}