{"id":4013,"date":"2025-08-21T11:31:03","date_gmt":"2025-08-21T09:31:03","guid":{"rendered":"https:\/\/agora.xtec.cat\/cfabertrana\/?page_id=4013"},"modified":"2025-08-21T11:44:29","modified_gmt":"2025-08-21T09:44:29","slug":"preinscripcio-i-matricula-2","status":"publish","type":"page","link":"https:\/\/agora.xtec.cat\/cfabertrana\/preinscripcio-i-matricula-2\/","title":{"rendered":"Preinscripci\u00f3 i matr\u00edcula"},"content":{"rendered":"<h1>ENSENYAMENTS<\/h1>\n<ul>\n<li>\n<h3>Preparaci\u00f3 prova d&#8217;acc\u00e9s a Grau Superior<\/h3>\n<\/li>\n<\/ul>\n<blockquote class=\"wp-embedded-content\" data-secret=\"nALQdSqs4i\"><p><a href=\"https:\/\/agora.xtec.cat\/cfabertrana\/preparacio-prova-dacces-a-grau-superior\/\">Preparaci\u00f3 prova d&#8217;acc\u00e9s a Grau Superior<\/a><\/p><\/blockquote>\n<p><iframe loading=\"lazy\" class=\"wp-embedded-content\" sandbox=\"allow-scripts\" security=\"restricted\" style=\"position: absolute; visibility: hidden;\" title=\"&#8220;Preparaci\u00f3 prova d&#8217;acc\u00e9s a Grau Superior&#8221; &#8212; CFA BERTRANA\" src=\"https:\/\/agora.xtec.cat\/cfabertrana\/preparacio-prova-dacces-a-grau-superior\/embed\/#?secret=sYu91Gt3QX#?secret=nALQdSqs4i\" data-secret=\"nALQdSqs4i\" width=\"500\" height=\"282\" frameborder=\"0\" marginwidth=\"0\" marginheight=\"0\" scrolling=\"no\"><\/iframe><\/p>\n<ul>\n<li>\n<h3>Preparaci\u00f3 prova d\u2019acc\u00e9s a la universitat +25 anys<\/h3>\n<\/li>\n<\/ul>\n<blockquote class=\"wp-embedded-content\" data-secret=\"7adSUxJrzT\"><p><a href=\"https:\/\/agora.xtec.cat\/cfabertrana\/preinscripcio-acces-universitat\/\">Preparaci\u00f3 prova d&#8217;acc\u00e9s a la universitat +25 anys<\/a><\/p><\/blockquote>\n<p><iframe loading=\"lazy\" class=\"wp-embedded-content\" sandbox=\"allow-scripts\" security=\"restricted\" style=\"position: absolute; visibility: hidden;\" title=\"&#8220;Preparaci\u00f3 prova d&#8217;acc\u00e9s a la universitat +25 anys&#8221; &#8212; CFA BERTRANA\" src=\"https:\/\/agora.xtec.cat\/cfabertrana\/preinscripcio-acces-universitat\/embed\/#?secret=8JAegxeZzM#?secret=7adSUxJrzT\" data-secret=\"7adSUxJrzT\" width=\"500\" height=\"282\" frameborder=\"0\" marginwidth=\"0\" marginheight=\"0\" scrolling=\"no\"><\/iframe><\/p>\n<ul>\n<li>\n<h3>Inform\u00e0tica (Competic- Actic)<\/h3>\n<\/li>\n<\/ul>\n<blockquote class=\"wp-embedded-content\" data-secret=\"LXJtPTUlaM\"><p><a href=\"https:\/\/agora.xtec.cat\/cfabertrana\/informatica\/\">Competic- Inform\u00e0tica- Actic<\/a><\/p><\/blockquote>\n<p><iframe loading=\"lazy\" class=\"wp-embedded-content\" sandbox=\"allow-scripts\" security=\"restricted\" style=\"position: absolute; visibility: hidden;\" title=\"&#8220;Competic- Inform\u00e0tica- Actic&#8221; &#8212; CFA BERTRANA\" src=\"https:\/\/agora.xtec.cat\/cfabertrana\/informatica\/embed\/#?secret=jnNnogdugj#?secret=LXJtPTUlaM\" data-secret=\"LXJtPTUlaM\" width=\"500\" height=\"282\" frameborder=\"0\" marginwidth=\"0\" marginheight=\"0\" scrolling=\"no\"><\/iframe><\/p>\n<ul>\n<li>\n<h3>Formaci\u00f3 Instrumental<\/h3>\n<\/li>\n<\/ul>\n<blockquote class=\"wp-embedded-content\" data-secret=\"t3QnrOSlaj\"><p><a href=\"https:\/\/agora.xtec.cat\/cfabertrana\/formacio-instrumental\/\">Formaci\u00f3 Instrumental<\/a><\/p><\/blockquote>\n<p><iframe loading=\"lazy\" class=\"wp-embedded-content\" sandbox=\"allow-scripts\" security=\"restricted\" style=\"position: absolute; visibility: hidden;\" title=\"&#8220;Formaci\u00f3 Instrumental&#8221; &#8212; CFA BERTRANA\" src=\"https:\/\/agora.xtec.cat\/cfabertrana\/formacio-instrumental\/embed\/#?secret=8nRdkY58aD#?secret=t3QnrOSlaj\" data-secret=\"t3QnrOSlaj\" width=\"500\" height=\"282\" frameborder=\"0\" marginwidth=\"0\" marginheight=\"0\" scrolling=\"no\"><\/iframe><\/p>\n<ul>\n<li>\n<h3>Catal\u00e0<\/h3>\n<\/li>\n<\/ul>\n<blockquote class=\"wp-embedded-content\" data-secret=\"MDKS8ZfYLo\"><p><a href=\"https:\/\/agora.xtec.cat\/cfabertrana\/catala\/\">Catal\u00e0<\/a><\/p><\/blockquote>\n<p><iframe loading=\"lazy\" class=\"wp-embedded-content\" sandbox=\"allow-scripts\" security=\"restricted\" style=\"position: absolute; visibility: hidden;\" title=\"&#8220;Catal\u00e0&#8221; &#8212; CFA BERTRANA\" src=\"https:\/\/agora.xtec.cat\/cfabertrana\/catala\/embed\/#?secret=ATq5mdcFTi#?secret=MDKS8ZfYLo\" data-secret=\"MDKS8ZfYLo\" width=\"500\" height=\"282\" frameborder=\"0\" marginwidth=\"0\" marginheight=\"0\" scrolling=\"no\"><\/iframe><\/p>\n<ul>\n<li>\n<h3>Angl\u00e8s<\/h3>\n<\/li>\n<\/ul>\n<blockquote class=\"wp-embedded-content\" data-secret=\"Lw3iyBcTvl\"><p><a href=\"https:\/\/agora.xtec.cat\/cfabertrana\/angles\/\">Angl\u00e8s<\/a><\/p><\/blockquote>\n<p><iframe loading=\"lazy\" class=\"wp-embedded-content\" sandbox=\"allow-scripts\" security=\"restricted\" style=\"position: absolute; visibility: hidden;\" title=\"&#8220;Angl\u00e8s&#8221; &#8212; CFA BERTRANA\" src=\"https:\/\/agora.xtec.cat\/cfabertrana\/angles\/embed\/#?secret=lH73JhhxEi#?secret=Lw3iyBcTvl\" data-secret=\"Lw3iyBcTvl\" width=\"500\" height=\"282\" frameborder=\"0\" marginwidth=\"0\" marginheight=\"0\" scrolling=\"no\"><\/iframe><\/p>\n<p><!--a=1--><\/p>\n<p><!--a=1--><\/p>\n<p><!----comment node----><!--a=1--><\/p>\n","protected":false},"excerpt":{"rendered":"<p>ENSENYAMENTS Preparaci\u00f3 prova d&#8217;acc\u00e9s a Grau Superior Preparaci\u00f3 prova d&#8217;acc\u00e9s a Grau Superior Preparaci\u00f3 prova d\u2019acc\u00e9s a la universitat +25 anys Preparaci\u00f3 prova d&#8217;acc\u00e9s a la universitat +25 anys Inform\u00e0tica (Competic- Actic) Competic- Inform\u00e0tica- Actic Formaci\u00f3 Instrumental Formaci\u00f3 Instrumental Catal\u00e0 Catal\u00e0 Angl\u00e8s Angl\u00e8s<\/p>\n","protected":false},"author":1,"featured_media":0,"parent":0,"menu_order":0,"comment_status":"closed","ping_status":"closed","template":"","meta":{"_bbp_topic_count":0,"_bbp_reply_count":0,"_bbp_total_topic_count":0,"_bbp_total_reply_count":0,"_bbp_voice_count":0,"_bbp_anonymous_reply_count":0,"_bbp_topic_count_hidden":0,"_bbp_reply_count_hidden":0,"_bbp_forum_subforum_count":0,"site-sidebar-layout":"default","site-content-layout":"","ast-site-content-layout":"","site-content-style":"default","site-sidebar-style":"default","ast-global-header-display":"","ast-banner-title-visibility":"","ast-main-header-display":"","ast-hfb-above-header-display":"","ast-hfb-below-header-display":"","ast-hfb-mobile-header-display":"","site-post-title":"","ast-breadcrumbs-content":"","ast-featured-img":"","footer-sml-layout":"","theme-transparent-header-meta":"","adv-header-id-meta":"","stick-header-meta":"","header-above-stick-meta":"","header-main-stick-meta":"","header-below-stick-meta":"","astra-migrate-meta-layouts":"default","ast-page-background-enabled":"default","ast-page-background-meta":{"desktop":{"background-color":"var(--ast-global-color-4)","background-image":"","background-repeat":"repeat","background-position":"center center","background-size":"auto","background-attachment":"scroll","background-type":"","background-media":"","overlay-type":"","overlay-color":"","overlay-opacity":"","overlay-gradient":""},"tablet":{"background-color":"","background-image":"","background-repeat":"repeat","background-position":"center center","background-size":"auto","background-attachment":"scroll","background-type":"","background-media":"","overlay-type":"","overlay-color":"","overlay-opacity":"","overlay-gradient":""},"mobile":{"background-color":"","background-image":"","background-repeat":"repeat","background-position":"center center","background-size":"auto","background-attachment":"scroll","background-type":"","background-media":"","overlay-type":"","overlay-color":"","overlay-opacity":"","overlay-gradient":""}},"ast-content-background-meta":{"desktop":{"background-color":"var(--ast-global-color-5)","background-image":"","background-repeat":"repeat","background-position":"center center","background-size":"auto","background-attachment":"scroll","background-type":"","background-media":"","overlay-type":"","overlay-color":"","overlay-opacity":"","overlay-gradient":""},"tablet":{"background-color":"var(--ast-global-color-5)","background-image":"","background-repeat":"repeat","background-position":"center center","background-size":"auto","background-attachment":"scroll","background-type":"","background-media":"","overlay-type":"","overlay-color":"","overlay-opacity":"","overlay-gradient":""},"mobile":{"background-color":"var(--ast-global-color-5)","background-image":"","background-repeat":"repeat","background-position":"center center","background-size":"auto","background-attachment":"scroll","background-type":"","background-media":"","overlay-type":"","overlay-color":"","overlay-opacity":"","overlay-gradient":""}},"footnotes":""},"class_list":["post-4013","page","type-page","status-publish","hentry"],"post_mailing_queue_ids":[],"_links":{"self":[{"href":"https:\/\/agora.xtec.cat\/cfabertrana\/wp-json\/wp\/v2\/pages\/4013","targetHints":{"allow":["GET"]}}],"collection":[{"href":"https:\/\/agora.xtec.cat\/cfabertrana\/wp-json\/wp\/v2\/pages"}],"about":[{"href":"https:\/\/agora.xtec.cat\/cfabertrana\/wp-json\/wp\/v2\/types\/page"}],"author":[{"embeddable":true,"href":"https:\/\/agora.xtec.cat\/cfabertrana\/wp-json\/wp\/v2\/users\/1"}],"replies":[{"embeddable":true,"href":"https:\/\/agora.xtec.cat\/cfabertrana\/wp-json\/wp\/v2\/comments?post=4013"}],"version-history":[{"count":5,"href":"https:\/\/agora.xtec.cat\/cfabertrana\/wp-json\/wp\/v2\/pages\/4013\/revisions"}],"predecessor-version":[{"id":4025,"href":"https:\/\/agora.xtec.cat\/cfabertrana\/wp-json\/wp\/v2\/pages\/4013\/revisions\/4025"}],"wp:attachment":[{"href":"https:\/\/agora.xtec.cat\/cfabertrana\/wp-json\/wp\/v2\/media?parent=4013"}],"curies":[{"name":"wp","href":"https:\/\/api.w.org\/{rel}","templated":true}]}}