{"id":3660,"date":"2024-09-12T09:45:43","date_gmt":"2024-09-12T07:45:43","guid":{"rendered":"https:\/\/agora.xtec.cat\/cfabertrana\/?page_id=3660"},"modified":"2026-03-19T10:49:28","modified_gmt":"2026-03-19T09:49:28","slug":"professorat","status":"publish","type":"page","link":"https:\/\/agora.xtec.cat\/cfabertrana\/professorat\/","title":{"rendered":"Professorat"},"content":{"rendered":"\n<p><strong>ASSIST\u00c8NCIA (1r Trimestre)<\/strong><\/p>\n\n\n\n<figure class=\"wp-block-table\"><table class=\"has-fixed-layout\"><tbody><tr><td><a href=\"https:\/\/docs.google.com\/spreadsheets\/d\/1Kxu_iaVln_S6oBIKpGb6d1rACefJka2b\/edit?usp=sharing&amp;ouid=110851095158314961336&amp;rtpof=true&amp;sd=true\" target=\"_blank\" rel=\"noopener\">GES 1<\/a><\/td><td><a href=\"https:\/\/forms.gle\/56VEjV3rpT2VckD76\" target=\"_blank\" rel=\"noopener\">Angl\u00e8s 1<\/a><\/td><td><a href=\"https:\/\/docs.google.com\/spreadsheets\/d\/1cmGAuYZtkxC7AxVxdIqUtMBStSsVcdjI\/edit?usp=sharing&amp;ouid=110851095158314961336&amp;rtpof=true&amp;sd=true\" target=\"_blank\" rel=\"noopener\">Formaci\u00f3 Instrumental 1&nbsp; &nbsp; FI1<\/a><\/td><\/tr><tr><td><a href=\"https:\/\/docs.google.com\/spreadsheets\/d\/1TpmpWO54F1F1omsFoyCnnr-riViOwsgw\/edit?gid=1491069896#gid=1491069896\" target=\"_blank\" rel=\"noopener\">GES 2 Mat\u00ed<\/a><\/td><td><a href=\"https:\/\/docs.google.com\/spreadsheets\/d\/1YLysmnBOl1YKrrDIQY1KX4Jlx-TuHuCK\/edit?usp=drive_link&amp;ouid=110851095158314961336&amp;rtpof=true&amp;sd=true\" target=\"_blank\" rel=\"noopener\">Catal\u00e0<\/a><\/td><td><a href=\"https:\/\/docs.google.com\/spreadsheets\/d\/16qGPRG0KSrT5oOXjDPYktY7JWfoGZe42\/edit?usp=sharing&amp;ouid=110851095158314961336&amp;rtpof=true&amp;sd=true\" target=\"_blank\" rel=\"noopener\">Formaci\u00f3 Instrumental 2&nbsp; &nbsp; FI2<\/a><\/td><\/tr><tr><td><a href=\"https:\/\/docs.google.com\/spreadsheets\/d\/1vK-jowPSmTTnuvgCU_OWaC4zB1zR_Ia-\/edit?gid=1491069896#gid=1491069896\" target=\"_blank\" rel=\"noopener\">GES 2 Tarda<\/a><\/td><td><a href=\"https:\/\/forms.gle\/5zrW4SSoBVw4boNE6\" target=\"_blank\" rel=\"noopener\">Grau Superior<\/a><\/td><td><a href=\"https:\/\/docs.google.com\/spreadsheets\/d\/1VFHBHAsBmZylzAJC-EW7Kt07AMihdhQy\/edit?usp=sharing&amp;ouid=110851095158314961336&amp;rtpof=true&amp;sd=true\" target=\"_blank\" rel=\"noopener\">Formaci\u00f3 Instrumental 4&nbsp; &nbsp; FI4<\/a><\/td><\/tr><\/tbody><\/table><\/figure>\n\n\n\n<p><strong>ASSIST\u00c8NCIA (2n Trimestre)<\/strong><\/p>\n\n\n\n<figure class=\"wp-block-table\"><table class=\"has-fixed-layout\"><tbody><tr><td><a href=\"https:\/\/docs.google.com\/spreadsheets\/d\/1Kxu_iaVln_S6oBIKpGb6d1rACefJka2b\/edit?gid=376668501#gid=376668501\" target=\"_blank\" rel=\"noopener\">GES 1<\/a><\/td><td><a href=\"https:\/\/forms.gle\/56VEjV3rpT2VckD76\" target=\"_blank\" rel=\"noopener\">Angl\u00e8s 1<\/a><\/td><td><a href=\"https:\/\/docs.google.com\/spreadsheets\/d\/1cmGAuYZtkxC7AxVxdIqUtMBStSsVcdjI\/edit?usp=sharing&amp;ouid=110851095158314961336&amp;rtpof=true&amp;sd=true\" target=\"_blank\" rel=\"noopener\">Formaci\u00f3 Instrumental 1&nbsp; &nbsp; FI1<\/a><\/td><\/tr><tr><td><a href=\"https:\/\/docs.google.com\/spreadsheets\/d\/1CUMMna63bEYoFwol30wpDmIhMmu61aPx\/edit?gid=1491069896#gid=1491069896\" target=\"_blank\" rel=\"noopener\">GES 2 Mat\u00ed<\/a><\/td><td><a href=\"https:\/\/docs.google.com\/spreadsheets\/d\/1YLysmnBOl1YKrrDIQY1KX4Jlx-TuHuCK\/edit?usp=drive_link&amp;ouid=110851095158314961336&amp;rtpof=true&amp;sd=true\" target=\"_blank\" rel=\"noopener\">Catal\u00e0<\/a><\/td><td><a href=\"https:\/\/docs.google.com\/spreadsheets\/d\/16qGPRG0KSrT5oOXjDPYktY7JWfoGZe42\/edit?usp=sharing&amp;ouid=110851095158314961336&amp;rtpof=true&amp;sd=true\" target=\"_blank\" rel=\"noopener\">Formaci\u00f3 Instrumental 2&nbsp; &nbsp; FI2<\/a><\/td><\/tr><tr><td><a href=\"https:\/\/docs.google.com\/spreadsheets\/d\/1FPH4eDSewPAm2ByVkCRFbJNnyoe6nKde\/edit?gid=1007681267#gid=1007681267\" target=\"_blank\" rel=\"noopener\">GES 2 Tarda<\/a><\/td><td><a href=\"https:\/\/forms.gle\/5zrW4SSoBVw4boNE6\" target=\"_blank\" rel=\"noopener\">Grau Superior<\/a><\/td><td><a href=\"https:\/\/docs.google.com\/spreadsheets\/d\/1VFHBHAsBmZylzAJC-EW7Kt07AMihdhQy\/edit?usp=sharing&amp;ouid=110851095158314961336&amp;rtpof=true&amp;sd=true\" target=\"_blank\" rel=\"noopener\">Formaci\u00f3 Instrumental 4&nbsp; &nbsp; FI4<\/a><\/td><\/tr><\/tbody><\/table><\/figure>\n\n\n\n<p><strong>ASSIST\u00c8NCIA (3r Trimestre)<\/strong><\/p>\n\n\n\n<figure class=\"wp-block-table\"><table class=\"has-fixed-layout\"><tbody><tr><td><a href=\"https:\/\/docs.google.com\/spreadsheets\/d\/1Kxu_iaVln_S6oBIKpGb6d1rACefJka2b\/edit?gid=376668501#gid=376668501\" target=\"_blank\" rel=\"noopener\">GES 1<\/a><\/td><td>Angl\u00e8s 1<\/td><td>Formaci\u00f3 Instrumental 1&nbsp; &nbsp; FI1<\/td><\/tr><tr><td><a href=\"https:\/\/docs.google.com\/spreadsheets\/d\/1CUMMna63bEYoFwol30wpDmIhMmu61aPx\/edit?gid=448286343#gid=448286343\" target=\"_blank\" rel=\"noreferrer noopener\">GES 2 Mat\u00ed<\/a><\/td><td>Catal\u00e0<\/td><td>Formaci\u00f3 Instrumental 2&nbsp; &nbsp; FI2<\/td><\/tr><tr><td><a href=\"https:\/\/docs.google.com\/spreadsheets\/d\/1kHzzBgvS6uoZLHwGWzlaUf2xtORe75_M\/edit?gid=1491069896#gid=1491069896\" target=\"_blank\" rel=\"noreferrer noopener\">GES 2 Tarda<\/a><\/td><td>Grau Superior<\/td><td>Formaci\u00f3 Instrumental 4&nbsp; &nbsp; FI4<\/td><\/tr><\/tbody><\/table><\/figure>\n\n\n\n<p><\/p>\n","protected":false},"excerpt":{"rendered":"<p>ASSIST\u00c8NCIA (1r Trimestre) GES 1 Angl\u00e8s 1 Formaci\u00f3 Instrumental 1&nbsp; &nbsp; FI1 GES 2 Mat\u00ed Catal\u00e0 Formaci\u00f3 Instrumental 2&nbsp; &nbsp; FI2 GES 2 Tarda Grau Superior Formaci\u00f3 Instrumental 4&nbsp; &nbsp; FI4 ASSIST\u00c8NCIA (2n Trimestre) GES 1 Angl\u00e8s 1 Formaci\u00f3 Instrumental 1&nbsp; &nbsp; FI1 GES 2 Mat\u00ed Catal\u00e0 Formaci\u00f3 Instrumental 2&nbsp; &nbsp; FI2 GES 2 Tarda [&hellip;]<\/p>\n","protected":false},"author":1,"featured_media":0,"parent":0,"menu_order":0,"comment_status":"closed","ping_status":"closed","template":"","meta":{"_bbp_topic_count":0,"_bbp_reply_count":0,"_bbp_total_topic_count":0,"_bbp_total_reply_count":0,"_bbp_voice_count":0,"_bbp_anonymous_reply_count":0,"_bbp_topic_count_hidden":0,"_bbp_reply_count_hidden":0,"_bbp_forum_subforum_count":0,"site-sidebar-layout":"default","site-content-layout":"","ast-site-content-layout":"default","site-content-style":"default","site-sidebar-style":"default","ast-global-header-display":"","ast-banner-title-visibility":"","ast-main-header-display":"","ast-hfb-above-header-display":"","ast-hfb-below-header-display":"","ast-hfb-mobile-header-display":"","site-post-title":"","ast-breadcrumbs-content":"","ast-featured-img":"","footer-sml-layout":"","theme-transparent-header-meta":"","adv-header-id-meta":"","stick-header-meta":"","header-above-stick-meta":"","header-main-stick-meta":"","header-below-stick-meta":"","astra-migrate-meta-layouts":"set","ast-page-background-enabled":"default","ast-page-background-meta":{"desktop":{"background-color":"var(--ast-global-color-4)","background-image":"","background-repeat":"repeat","background-position":"center center","background-size":"auto","background-attachment":"scroll","background-type":"","background-media":"","overlay-type":"","overlay-color":"","overlay-opacity":"","overlay-gradient":""},"tablet":{"background-color":"","background-image":"","background-repeat":"repeat","background-position":"center center","background-size":"auto","background-attachment":"scroll","background-type":"","background-media":"","overlay-type":"","overlay-color":"","overlay-opacity":"","overlay-gradient":""},"mobile":{"background-color":"","background-image":"","background-repeat":"repeat","background-position":"center center","background-size":"auto","background-attachment":"scroll","background-type":"","background-media":"","overlay-type":"","overlay-color":"","overlay-opacity":"","overlay-gradient":""}},"ast-content-background-meta":{"desktop":{"background-color":"var(--ast-global-color-5)","background-image":"","background-repeat":"repeat","background-position":"center center","background-size":"auto","background-attachment":"scroll","background-type":"","background-media":"","overlay-type":"","overlay-color":"","overlay-opacity":"","overlay-gradient":""},"tablet":{"background-color":"var(--ast-global-color-5)","background-image":"","background-repeat":"repeat","background-position":"center center","background-size":"auto","background-attachment":"scroll","background-type":"","background-media":"","overlay-type":"","overlay-color":"","overlay-opacity":"","overlay-gradient":""},"mobile":{"background-color":"var(--ast-global-color-5)","background-image":"","background-repeat":"repeat","background-position":"center center","background-size":"auto","background-attachment":"scroll","background-type":"","background-media":"","overlay-type":"","overlay-color":"","overlay-opacity":"","overlay-gradient":""}},"footnotes":""},"class_list":["post-3660","page","type-page","status-publish","hentry"],"post_mailing_queue_ids":[],"_links":{"self":[{"href":"https:\/\/agora.xtec.cat\/cfabertrana\/wp-json\/wp\/v2\/pages\/3660","targetHints":{"allow":["GET"]}}],"collection":[{"href":"https:\/\/agora.xtec.cat\/cfabertrana\/wp-json\/wp\/v2\/pages"}],"about":[{"href":"https:\/\/agora.xtec.cat\/cfabertrana\/wp-json\/wp\/v2\/types\/page"}],"author":[{"embeddable":true,"href":"https:\/\/agora.xtec.cat\/cfabertrana\/wp-json\/wp\/v2\/users\/1"}],"replies":[{"embeddable":true,"href":"https:\/\/agora.xtec.cat\/cfabertrana\/wp-json\/wp\/v2\/comments?post=3660"}],"version-history":[{"count":6,"href":"https:\/\/agora.xtec.cat\/cfabertrana\/wp-json\/wp\/v2\/pages\/3660\/revisions"}],"predecessor-version":[{"id":4392,"href":"https:\/\/agora.xtec.cat\/cfabertrana\/wp-json\/wp\/v2\/pages\/3660\/revisions\/4392"}],"wp:attachment":[{"href":"https:\/\/agora.xtec.cat\/cfabertrana\/wp-json\/wp\/v2\/media?parent=3660"}],"curies":[{"name":"wp","href":"https:\/\/api.w.org\/{rel}","templated":true}]}}