{"id":2896,"date":"2023-04-25T12:48:37","date_gmt":"2023-04-25T10:48:37","guid":{"rendered":"https:\/\/agora.xtec.cat\/cfabertrana\/?page_id=2896"},"modified":"2025-09-16T13:15:35","modified_gmt":"2025-09-16T11:15:35","slug":"formacio-instrumental","status":"publish","type":"page","link":"https:\/\/agora.xtec.cat\/cfabertrana\/estudis\/formacio-instrumental\/","title":{"rendered":"Formaci\u00f3 Instrumental"},"content":{"rendered":"<p align=\"justify\"><span style=\"color: #222222;\"><span style=\"font-family: Arial, Helvetica, sans-serif;\"><span style=\"font-size: medium;\">El programa de Formaci\u00f3 instrumental proporciona la base necess\u00e0ria perqu\u00e8 els\/les alumnes puguin cursar despr\u00e9s amb garanties el Graduat en Educaci\u00f3 Secund\u00e0ria Obligat\u00f2ria (GESO) i afavoreix la seva integraci\u00f3 social i laboral.<\/span><\/span><\/span><\/p>\n<p><span style=\"color: #222222;\"><span style=\"font-family: Arial, Helvetica, sans-serif;\"><span style=\"font-size: medium;\">Aquests estudis consten de 4 nivells: FI1, 2, 3 i 4. En el moment de la preinscripci\u00f3 es fa una entrevista i una prova per veure quin nivell li correspon cursar a cada alumne\/a.<\/span><\/span><\/span><\/p>\n<p><span style=\"color: #222222;\"><span style=\"font-family: Arial, Helvetica, sans-serif;\"><span style=\"font-size: medium;\"><b>En superar aquests estudis s&#8217;obt\u00e9 el certificat de formaci\u00f3 instrumental. Tamb\u00e9 l&#8217;assoliment d&#8217;un nivell A2 del MECR en catal\u00e0 i castell\u00e0 i un coneixement equivalent al nivell de COMPETIC inicial.<\/b><\/span><\/span><\/span><\/p>\n<p><span style=\"color: #1155cc;\"><span style=\"font-family: Arial, Helvetica, sans-serif;\"><span style=\"font-size: medium;\"><a href=\"https:\/\/www.gencat.cat\/ensenyament\/eac\/pdf\/FPA_CFI_0000_CA.pdf\" target=\"_blank\" rel=\"noopener\">Aqu\u00ed<\/a> <\/span><\/span><\/span><span style=\"color: #222222;\"><span style=\"font-family: Arial, Helvetica, sans-serif;\"><span style=\"font-size: medium;\">podeu consultar la fitxa del Programa.<\/span><\/span><\/span><\/p>\n<p><span style=\"color: #222222;\"><span style=\"font-family: Arial, Helvetica, sans-serif;\"><span style=\"font-size: medium;\">En el nostre centre es pot cursar Formaci\u00f3 Instrumental 1, 2 i 4 (FI1, FI2 i FI4). El darrer nivell et permet obtenir el certificat i t&#8217;obre la porta a continuar estudiant el GESO.<\/span><\/span><\/span><\/p>\n<p><span style=\"color: #222222;\"><span style=\"font-family: Arial, Helvetica, sans-serif;\"><span style=\"font-size: medium;\">El curs de FI4 t\u00e9 una durada de 280h, que es reparteixen en 8h a la setmana, de setembre a la primera setmana de juny.<\/span><\/span><\/span><\/p>\n<p>Si vols ampliar informaci\u00f3, clica <a href=\"https:\/\/projectes.xtec.cat\/xarxadults\/ensenyaments\/formacio-instrumental\/\" target=\"_blank\" rel=\"noopener\">AQU\u00cd\u00a0<\/a><\/p>\n","protected":false},"excerpt":{"rendered":"<p>El programa de Formaci\u00f3 instrumental proporciona la base necess\u00e0ria perqu\u00e8 els\/les alumnes puguin cursar despr\u00e9s amb garanties el Graduat en Educaci\u00f3 Secund\u00e0ria Obligat\u00f2ria (GESO) i afavoreix la seva integraci\u00f3 social i laboral. Aquests estudis consten de 4 nivells: FI1, 2, 3 i 4. En el moment de la preinscripci\u00f3 es fa una entrevista i una [&hellip;]<\/p>\n","protected":false},"author":1,"featured_media":0,"parent":195,"menu_order":0,"comment_status":"closed","ping_status":"closed","template":"","meta":{"_bbp_topic_count":0,"_bbp_reply_count":0,"_bbp_total_topic_count":0,"_bbp_total_reply_count":0,"_bbp_voice_count":0,"_bbp_anonymous_reply_count":0,"_bbp_topic_count_hidden":0,"_bbp_reply_count_hidden":0,"_bbp_forum_subforum_count":0,"site-sidebar-layout":"default","site-content-layout":"","ast-site-content-layout":"","site-content-style":"default","site-sidebar-style":"default","ast-global-header-display":"","ast-banner-title-visibility":"","ast-main-header-display":"","ast-hfb-above-header-display":"","ast-hfb-below-header-display":"","ast-hfb-mobile-header-display":"","site-post-title":"","ast-breadcrumbs-content":"","ast-featured-img":"","footer-sml-layout":"","theme-transparent-header-meta":"","adv-header-id-meta":"","stick-header-meta":"","header-above-stick-meta":"","header-main-stick-meta":"","header-below-stick-meta":"","astra-migrate-meta-layouts":"default","ast-page-background-enabled":"default","ast-page-background-meta":{"desktop":{"background-color":"var(--ast-global-color-4)","background-image":"","background-repeat":"repeat","background-position":"center center","background-size":"auto","background-attachment":"scroll","background-type":"","background-media":"","overlay-type":"","overlay-color":"","overlay-opacity":"","overlay-gradient":""},"tablet":{"background-color":"","background-image":"","background-repeat":"repeat","background-position":"center center","background-size":"auto","background-attachment":"scroll","background-type":"","background-media":"","overlay-type":"","overlay-color":"","overlay-opacity":"","overlay-gradient":""},"mobile":{"background-color":"","background-image":"","background-repeat":"repeat","background-position":"center center","background-size":"auto","background-attachment":"scroll","background-type":"","background-media":"","overlay-type":"","overlay-color":"","overlay-opacity":"","overlay-gradient":""}},"ast-content-background-meta":{"desktop":{"background-color":"var(--ast-global-color-5)","background-image":"","background-repeat":"repeat","background-position":"center center","background-size":"auto","background-attachment":"scroll","background-type":"","background-media":"","overlay-type":"","overlay-color":"","overlay-opacity":"","overlay-gradient":""},"tablet":{"background-color":"var(--ast-global-color-5)","background-image":"","background-repeat":"repeat","background-position":"center center","background-size":"auto","background-attachment":"scroll","background-type":"","background-media":"","overlay-type":"","overlay-color":"","overlay-opacity":"","overlay-gradient":""},"mobile":{"background-color":"var(--ast-global-color-5)","background-image":"","background-repeat":"repeat","background-position":"center center","background-size":"auto","background-attachment":"scroll","background-type":"","background-media":"","overlay-type":"","overlay-color":"","overlay-opacity":"","overlay-gradient":""}},"footnotes":""},"class_list":["post-2896","page","type-page","status-publish","hentry"],"post_mailing_queue_ids":[],"_links":{"self":[{"href":"https:\/\/agora.xtec.cat\/cfabertrana\/wp-json\/wp\/v2\/pages\/2896","targetHints":{"allow":["GET"]}}],"collection":[{"href":"https:\/\/agora.xtec.cat\/cfabertrana\/wp-json\/wp\/v2\/pages"}],"about":[{"href":"https:\/\/agora.xtec.cat\/cfabertrana\/wp-json\/wp\/v2\/types\/page"}],"author":[{"embeddable":true,"href":"https:\/\/agora.xtec.cat\/cfabertrana\/wp-json\/wp\/v2\/users\/1"}],"replies":[{"embeddable":true,"href":"https:\/\/agora.xtec.cat\/cfabertrana\/wp-json\/wp\/v2\/comments?post=2896"}],"version-history":[{"count":5,"href":"https:\/\/agora.xtec.cat\/cfabertrana\/wp-json\/wp\/v2\/pages\/2896\/revisions"}],"predecessor-version":[{"id":4055,"href":"https:\/\/agora.xtec.cat\/cfabertrana\/wp-json\/wp\/v2\/pages\/2896\/revisions\/4055"}],"up":[{"embeddable":true,"href":"https:\/\/agora.xtec.cat\/cfabertrana\/wp-json\/wp\/v2\/pages\/195"}],"wp:attachment":[{"href":"https:\/\/agora.xtec.cat\/cfabertrana\/wp-json\/wp\/v2\/media?parent=2896"}],"curies":[{"name":"wp","href":"https:\/\/api.w.org\/{rel}","templated":true}]}}