{"id":27,"date":"2014-09-17T16:24:03","date_gmt":"2014-09-17T16:24:03","guid":{"rendered":"http:\/\/agora.xtec.cat\/cfabertrana\/?page_id=27"},"modified":"2026-01-23T13:07:15","modified_gmt":"2026-01-23T12:07:15","slug":"historia","status":"publish","type":"page","link":"https:\/\/agora.xtec.cat\/cfabertrana\/elcentre\/historia\/","title":{"rendered":"Hist\u00f2ria"},"content":{"rendered":"<p>Durant el curs 2013-2014, l\u2019administraci\u00f3 educativa va planificar la partici\u00f3 del CFA Girona en dos centres, d\u2019una banda per redistribuir geogr\u00e0ficament l\u2019oferta a la ciutat de Girona per tal d\u2019atendre millor l\u2019alumnat i d\u2019altra banda per crear un nou centre amb clara vocaci\u00f3 professionalitzadora i d\u2019inserci\u00f3 laboral. El centre es deia CFA Nou Girona fins al gener del 2026 en qu\u00e8 es va aprovar el nou nom CFA Bertrana. T\u00e9 una dotaci\u00f3 de nou docents, sis de secund\u00e0ria i tres de prim\u00e0ria.<\/p>\n<p>El centre est\u00e0 situat al carrer Narc\u00eds Xifra i Masmitj\u00e0, 43, en un edifici inaugurat l\u2019any 1952, quan es cre\u00e0 l\u2019IFP Sant Narc\u00eds. Aquest institut funcion\u00e0 fins l\u2019any 1997. Aleshores les edificacions van passar a titularitat de l\u2019Ajuntament, que va enderrocar alguns edificis i va rehabilitar-ne la resta, on va establir el DIE (Dispositiu d\u2019Inserci\u00f3 Econ\u00f2mica). Uns anys despr\u00e9s el DIE fou substitu\u00eft per l\u2019actual SMO (Servei Municipal d\u2019Ocupaci\u00f3). Posteriorment, l\u2019any 2014, l\u2019Ajuntament de Girona i el Departament d\u2019Ensenyament de la Generalitat van signar un acord, segons el qual l\u2019Ajuntament cedia una part de l\u2019edifici per tal de crear el CFA Bertrana. La Generalitat es feia c\u00e0rrec del cost de les obres.<\/p>\n<p>L\u2019edifici \u00e9s un espai ampli i agradable per a la funci\u00f3 educativa i adaptat per a persones amb discapacitats.<\/p>\n<p>El nostre centre ocupa una part de l\u2019ala oest de l\u2019edifici. Hi accedim a trav\u00e9s del mateix punt d\u2019entrada del SMO, amb qui compartim la consergeria i els lavabos. Disposem de cinc aules, quatre de convencionals i una d\u2019inform\u00e0tica. D&#8217;una de les aules convencionals i de l&#8217;aula d&#8217;inform\u00e0tica, nom\u00e9s en podem disposar a la tarda. A part hi ha una secretaria i una sala de professors.<\/p>\n<p>&nbsp;<\/p>\n<p><a href=\"http:\/\/agora.xtec.cat\/cfabertrana\/wp-content\/uploads\/usu111\/2014\/09\/exemple1b.png\"><img loading=\"lazy\" decoding=\"async\" class=\"size-medium wp-image-33 aligncenter\" src=\"http:\/\/agora.xtec.cat\/cfabertrana\/wp-content\/uploads\/usu111\/2014\/09\/exemple1b-300x214.png\" alt=\"exemple1b\" width=\"300\" height=\"214\" \/><\/a><\/p>\n<p>&nbsp;<\/p>\n<p>&nbsp;<\/p>\n<p>&nbsp;<\/p>\n","protected":false},"excerpt":{"rendered":"<p>Durant el curs 2013-2014, l\u2019administraci\u00f3 educativa va planificar la partici\u00f3 del CFA Girona en dos centres, d\u2019una banda per redistribuir geogr\u00e0ficament l\u2019oferta a la ciutat de Girona per tal d\u2019atendre millor l\u2019alumnat i d\u2019altra banda per crear un nou centre amb clara vocaci\u00f3 professionalitzadora i d\u2019inserci\u00f3 laboral. El centre es deia CFA Nou Girona fins [&hellip;]<\/p>\n","protected":false},"author":1,"featured_media":0,"parent":19,"menu_order":20,"comment_status":"closed","ping_status":"closed","template":"page-templates\/side-menu.php","meta":{"_bbp_topic_count":0,"_bbp_reply_count":0,"_bbp_total_topic_count":0,"_bbp_total_reply_count":0,"_bbp_voice_count":0,"_bbp_anonymous_reply_count":0,"_bbp_topic_count_hidden":0,"_bbp_reply_count_hidden":0,"_bbp_forum_subforum_count":0,"site-sidebar-layout":"default","site-content-layout":"","ast-site-content-layout":"","site-content-style":"default","site-sidebar-style":"default","ast-global-header-display":"","ast-banner-title-visibility":"","ast-main-header-display":"","ast-hfb-above-header-display":"","ast-hfb-below-header-display":"","ast-hfb-mobile-header-display":"","site-post-title":"","ast-breadcrumbs-content":"","ast-featured-img":"","footer-sml-layout":"","theme-transparent-header-meta":"","adv-header-id-meta":"","stick-header-meta":"","header-above-stick-meta":"","header-main-stick-meta":"","header-below-stick-meta":"","astra-migrate-meta-layouts":"default","ast-page-background-enabled":"default","ast-page-background-meta":{"desktop":{"background-color":"var(--ast-global-color-4)","background-image":"","background-repeat":"repeat","background-position":"center center","background-size":"auto","background-attachment":"scroll","background-type":"","background-media":"","overlay-type":"","overlay-color":"","overlay-opacity":"","overlay-gradient":""},"tablet":{"background-color":"","background-image":"","background-repeat":"repeat","background-position":"center center","background-size":"auto","background-attachment":"scroll","background-type":"","background-media":"","overlay-type":"","overlay-color":"","overlay-opacity":"","overlay-gradient":""},"mobile":{"background-color":"","background-image":"","background-repeat":"repeat","background-position":"center center","background-size":"auto","background-attachment":"scroll","background-type":"","background-media":"","overlay-type":"","overlay-color":"","overlay-opacity":"","overlay-gradient":""}},"ast-content-background-meta":{"desktop":{"background-color":"var(--ast-global-color-5)","background-image":"","background-repeat":"repeat","background-position":"center center","background-size":"auto","background-attachment":"scroll","background-type":"","background-media":"","overlay-type":"","overlay-color":"","overlay-opacity":"","overlay-gradient":""},"tablet":{"background-color":"var(--ast-global-color-5)","background-image":"","background-repeat":"repeat","background-position":"center center","background-size":"auto","background-attachment":"scroll","background-type":"","background-media":"","overlay-type":"","overlay-color":"","overlay-opacity":"","overlay-gradient":""},"mobile":{"background-color":"var(--ast-global-color-5)","background-image":"","background-repeat":"repeat","background-position":"center center","background-size":"auto","background-attachment":"scroll","background-type":"","background-media":"","overlay-type":"","overlay-color":"","overlay-opacity":"","overlay-gradient":""}},"footnotes":""},"class_list":["post-27","page","type-page","status-publish","hentry"],"post_mailing_queue_ids":[],"_links":{"self":[{"href":"https:\/\/agora.xtec.cat\/cfabertrana\/wp-json\/wp\/v2\/pages\/27","targetHints":{"allow":["GET"]}}],"collection":[{"href":"https:\/\/agora.xtec.cat\/cfabertrana\/wp-json\/wp\/v2\/pages"}],"about":[{"href":"https:\/\/agora.xtec.cat\/cfabertrana\/wp-json\/wp\/v2\/types\/page"}],"author":[{"embeddable":true,"href":"https:\/\/agora.xtec.cat\/cfabertrana\/wp-json\/wp\/v2\/users\/1"}],"replies":[{"embeddable":true,"href":"https:\/\/agora.xtec.cat\/cfabertrana\/wp-json\/wp\/v2\/comments?post=27"}],"version-history":[{"count":4,"href":"https:\/\/agora.xtec.cat\/cfabertrana\/wp-json\/wp\/v2\/pages\/27\/revisions"}],"predecessor-version":[{"id":4216,"href":"https:\/\/agora.xtec.cat\/cfabertrana\/wp-json\/wp\/v2\/pages\/27\/revisions\/4216"}],"up":[{"embeddable":true,"href":"https:\/\/agora.xtec.cat\/cfabertrana\/wp-json\/wp\/v2\/pages\/19"}],"wp:attachment":[{"href":"https:\/\/agora.xtec.cat\/cfabertrana\/wp-json\/wp\/v2\/media?parent=27"}],"curies":[{"name":"wp","href":"https:\/\/api.w.org\/{rel}","templated":true}]}}