{"id":195,"date":"2014-09-22T10:39:39","date_gmt":"2014-09-22T10:39:39","guid":{"rendered":"http:\/\/agora.xtec.cat\/cfabertrana\/?page_id=195"},"modified":"2025-09-26T09:37:29","modified_gmt":"2025-09-26T07:37:29","slug":"estudis","status":"publish","type":"page","link":"https:\/\/agora.xtec.cat\/cfabertrana\/estudis\/","title":{"rendered":"Oferta formativa"},"content":{"rendered":"<p><a href=\"https:\/\/agora.xtec.cat\/cfabertrana\/formacio-instrumental\/\" target=\"_blank\" rel=\"noopener\">Formaci\u00f3 Instrumental<\/a><\/p>\n<p><a href=\"https:\/\/agora.xtec.cat\/cfabertrana\/estudis\/graduat-en-eso-2\/\" target=\"_blank\" rel=\"noopener\">Graduat en ESO<\/a><\/p>\n<p><a href=\"https:\/\/agora.xtec.cat\/cfabertrana\/estudis\/graduat-en-eso-a-distancia\/\" target=\"_blank\" rel=\"noopener\">Graduat en ESO a dist\u00e0ncia<\/a><\/p>\n<p><a href=\"https:\/\/agora.xtec.cat\/cfabertrana\/estudis\/preparacio-prova-acces-grau-superior\/\" target=\"_blank\" rel=\"noopener\">Preparaci\u00f3 prova d\u2019acc\u00e9s a Grau Superior<\/a><\/p>\n<p><a href=\"https:\/\/agora.xtec.cat\/cfabertrana\/estudis\/preparacio-prova-dacces-a-la-universitat-25-anys\/\" target=\"_blank\" rel=\"noopener\">Preparaci\u00f3 prova d\u2019acc\u00e9s a la Universitat +25 \/ +45 anys<\/a><\/p>\n<p><a href=\"https:\/\/agora.xtec.cat\/cfabertrana\/estudis\/informatica\/\" target=\"_blank\" rel=\"noopener\">Inform\u00e0tica<\/a><\/p>\n<p><a href=\"https:\/\/agora.xtec.cat\/cfabertrana\/estudis\/catala\/\" target=\"_blank\" rel=\"noopener\">Catal\u00e0<\/a><\/p>\n<p><a href=\"https:\/\/agora.xtec.cat\/cfabertrana\/secretaria\/angles\/estudis-2\/\" target=\"_blank\" rel=\"noopener\">Angl\u00e8s<\/a><\/p>\n<p><a href=\"https:\/\/agora.xtec.cat\/cfabertrana\/estudis\/acreditat\/\" target=\"_blank\" rel=\"noopener\">Servei Acredita&#8217;t<\/a><\/p>\n<p>&nbsp;<\/p>\n","protected":false},"excerpt":{"rendered":"<p>Formaci\u00f3 Instrumental Graduat en ESO Graduat en ESO a dist\u00e0ncia Preparaci\u00f3 prova d\u2019acc\u00e9s a Grau Superior Preparaci\u00f3 prova d\u2019acc\u00e9s a la Universitat +25 \/ +45 anys Inform\u00e0tica Catal\u00e0 Angl\u00e8s Servei Acredita&#8217;t &nbsp;<\/p>\n","protected":false},"author":1,"featured_media":0,"parent":0,"menu_order":0,"comment_status":"closed","ping_status":"closed","template":"page-templates\/side-menu.php","meta":{"_bbp_topic_count":0,"_bbp_reply_count":0,"_bbp_total_topic_count":0,"_bbp_total_reply_count":0,"_bbp_voice_count":0,"_bbp_anonymous_reply_count":0,"_bbp_topic_count_hidden":0,"_bbp_reply_count_hidden":0,"_bbp_forum_subforum_count":0,"site-sidebar-layout":"default","site-content-layout":"","ast-site-content-layout":"","site-content-style":"default","site-sidebar-style":"default","ast-global-header-display":"","ast-banner-title-visibility":"","ast-main-header-display":"","ast-hfb-above-header-display":"","ast-hfb-below-header-display":"","ast-hfb-mobile-header-display":"","site-post-title":"","ast-breadcrumbs-content":"","ast-featured-img":"","footer-sml-layout":"","theme-transparent-header-meta":"","adv-header-id-meta":"","stick-header-meta":"","header-above-stick-meta":"","header-main-stick-meta":"","header-below-stick-meta":"","astra-migrate-meta-layouts":"default","ast-page-background-enabled":"default","ast-page-background-meta":{"desktop":{"background-color":"var(--ast-global-color-4)","background-image":"","background-repeat":"repeat","background-position":"center center","background-size":"auto","background-attachment":"scroll","background-type":"","background-media":"","overlay-type":"","overlay-color":"","overlay-opacity":"","overlay-gradient":""},"tablet":{"background-color":"","background-image":"","background-repeat":"repeat","background-position":"center center","background-size":"auto","background-attachment":"scroll","background-type":"","background-media":"","overlay-type":"","overlay-color":"","overlay-opacity":"","overlay-gradient":""},"mobile":{"background-color":"","background-image":"","background-repeat":"repeat","background-position":"center center","background-size":"auto","background-attachment":"scroll","background-type":"","background-media":"","overlay-type":"","overlay-color":"","overlay-opacity":"","overlay-gradient":""}},"ast-content-background-meta":{"desktop":{"background-color":"var(--ast-global-color-5)","background-image":"","background-repeat":"repeat","background-position":"center center","background-size":"auto","background-attachment":"scroll","background-type":"","background-media":"","overlay-type":"","overlay-color":"","overlay-opacity":"","overlay-gradient":""},"tablet":{"background-color":"var(--ast-global-color-5)","background-image":"","background-repeat":"repeat","background-position":"center center","background-size":"auto","background-attachment":"scroll","background-type":"","background-media":"","overlay-type":"","overlay-color":"","overlay-opacity":"","overlay-gradient":""},"mobile":{"background-color":"var(--ast-global-color-5)","background-image":"","background-repeat":"repeat","background-position":"center center","background-size":"auto","background-attachment":"scroll","background-type":"","background-media":"","overlay-type":"","overlay-color":"","overlay-opacity":"","overlay-gradient":""}},"footnotes":""},"class_list":["post-195","page","type-page","status-publish","hentry"],"post_mailing_queue_ids":[],"_links":{"self":[{"href":"https:\/\/agora.xtec.cat\/cfabertrana\/wp-json\/wp\/v2\/pages\/195","targetHints":{"allow":["GET"]}}],"collection":[{"href":"https:\/\/agora.xtec.cat\/cfabertrana\/wp-json\/wp\/v2\/pages"}],"about":[{"href":"https:\/\/agora.xtec.cat\/cfabertrana\/wp-json\/wp\/v2\/types\/page"}],"author":[{"embeddable":true,"href":"https:\/\/agora.xtec.cat\/cfabertrana\/wp-json\/wp\/v2\/users\/1"}],"replies":[{"embeddable":true,"href":"https:\/\/agora.xtec.cat\/cfabertrana\/wp-json\/wp\/v2\/comments?post=195"}],"version-history":[{"count":4,"href":"https:\/\/agora.xtec.cat\/cfabertrana\/wp-json\/wp\/v2\/pages\/195\/revisions"}],"predecessor-version":[{"id":4062,"href":"https:\/\/agora.xtec.cat\/cfabertrana\/wp-json\/wp\/v2\/pages\/195\/revisions\/4062"}],"wp:attachment":[{"href":"https:\/\/agora.xtec.cat\/cfabertrana\/wp-json\/wp\/v2\/media?parent=195"}],"curies":[{"name":"wp","href":"https:\/\/api.w.org\/{rel}","templated":true}]}}