{"id":1748,"date":"2020-05-12T20:42:12","date_gmt":"2020-05-12T18:42:12","guid":{"rendered":"https:\/\/agora.xtec.cat\/cfabertrana\/?page_id=1748"},"modified":"2026-03-29T16:35:10","modified_gmt":"2026-03-29T14:35:10","slug":"preparacio-prova-dacces-a-la-universitat-25-anys","status":"publish","type":"page","link":"https:\/\/agora.xtec.cat\/cfabertrana\/estudis\/preparacio-prova-dacces-a-la-universitat-25-anys\/","title":{"rendered":"Preparaci\u00f3 prova d&#8217;acc\u00e9s a la Universitat +25 \/ +45 anys"},"content":{"rendered":"\n<p><span style=\"font-family: inherit; font-size: 1em;\">Aquests ensenyaments tenen com a finalitat preparar per a la prova d\u2019acc\u00e9s a la universitat a aquelles persones que no tenen els requisits acad\u00e8mics per accedir a la universitat per a m\u00e9s grans de 25 anys o m\u00e9s grans de 45. La prova tamb\u00e9 dona dret a matricular-se en un CFGS. Si es t\u00e9 l\u2019ESO aprovada, l\u2019AU+25 equival a batxillerat a efectes laborals.<\/span><\/p>\n\n\n\n<p><strong>Qu\u00e8 \u00e9s?<\/strong><\/p>\n\n\n\n<p>El centre&nbsp; prepara per fer&nbsp; la prova d\u2019acc\u00e9s a la Universitat per a m\u00e9s grans de 25 anys i de 45 anys de la part comuna i la part espec\u00edfica de l\u2019\u00e0mbit de Salut Una vegada superada la prova d\u2019acc\u00e9s, els candidats podran ingressar a la Universitat.<\/p>\n\n\n\n<p><strong>Qui pot fer la prova d\u2019acc\u00e9s?<\/strong><\/p>\n\n\n\n<p>Poden fer-la les persones que tinguin m\u00e9s de 25 anys o de 45 anys l\u2019any natural de la convocat\u00f2ria de les proves.<\/p>\n\n\n\n<p>Les persones que tenen batxillerat o han fet la selectivitat no poden realitzar aquestes proves.<\/p>\n\n\n\n<p><strong>En qu\u00e8 consisteix la prova per majors de 25 anys?<\/strong><\/p>\n\n\n\n<p>La prova consta de dues parts: una comuna i l\u2019altra espec\u00edfica, segons la carrera que es vol estudiar.<\/p>\n\n\n\n<p>La part comuna consta de quatre ex\u00e0mens:<\/p>\n\n\n\n<ul class=\"wp-block-list\">\n<li>Llengua catalana<\/li>\n\n\n\n<li>Llengua castellana<\/li>\n\n\n\n<li>Comentari de text (es pot triar fer-ho en castell\u00e0 o catal\u00e0)<\/li>\n\n\n\n<li>Idioma Angl\u00e8s (l\u2019alumnat pot triar fer la prova entre: angl\u00e8s, franc\u00e8s, portugu\u00e8s, itali\u00e0 o alemany).<\/li>\n<\/ul>\n\n\n\n<p>La part espec\u00edfica consta de 2 ex\u00e0mens:<\/p>\n\n\n\n<p>Al centre impartim les assignatures de:<\/p>\n\n\n\n<figure class=\"wp-block-table\"><table class=\"has-fixed-layout\"><tbody><tr><td>Ci\u00e8ncies de la salut\n<p>Ci\u00e8ncies<\/p>\n<\/td><td>Biologia\n<p>Estad\u00edstica<\/p>\n<\/td><\/tr><tr><td>Arts i humanitats\n<p>Ci\u00e8ncies socials i jur\u00eddiques<\/p>\n<\/td><td>Geografia\n<p>Hist\u00f2ria<\/p>\n<\/td><\/tr><\/tbody><\/table><\/figure>\n\n\n\n<p>&nbsp;<\/p>\n\n\n\n<p><strong>En qu\u00e8 consisteix la prova per majors de 45 anys?<\/strong><\/p>\n\n\n\n<p>La prova consta de dues parts: una comuna i l\u2019altra espec\u00edfica, segons la carrera que es vol estudiar.<\/p>\n\n\n\n<p>La prova consta nom\u00e9s de tres ex\u00e0mens:<\/p>\n\n\n\n<ul class=\"wp-block-list\">\n<li>Llengua catalana<\/li>\n\n\n\n<li>Llengua castellana<\/li>\n\n\n\n<li>Comentari de text<\/li>\n<\/ul>\n\n\n\n<p>Les proves (+25\/+45) tamb\u00e9 donen acc\u00e9s als cicles formatius de grau superior<\/p>\n\n\n\n<p>La prova d\u2019acc\u00e9s a la universitat de +25 amb l\u2019ESO aprovada equival al batxillerat a efectes laborals i oposicions.<\/p>\n\n\n\n<p><strong>Podeu trobar m\u00e9s informaci\u00f3 sobre les proves a:<\/strong><\/p>\n\n\n\n<p><a href=\"https:\/\/universitats.gencat.cat\/ca\/acces-universitat\/acces-segons-perfils-estudiants\/tinc-mes-25-anys\/index.html\" target=\"_blank\" rel=\"noopener\"><strong>Informaci\u00f3 general<\/strong><\/a><\/p>\n\n\n\n<p><a href=\"https:\/\/universitats.gencat.cat\/ca\/preguntes-frequents-normativa\/\" target=\"_blank\" rel=\"noopener\"><strong>Preguntes freq\u00fcents<\/strong><\/a><\/p>\n","protected":false},"excerpt":{"rendered":"<p>Aquests ensenyaments tenen com a finalitat preparar per a la prova d\u2019acc\u00e9s a la universitat a aquelles persones que no tenen els requisits acad\u00e8mics per accedir a la universitat per a m\u00e9s grans de 25 anys o m\u00e9s grans de 45. La prova tamb\u00e9 dona dret a matricular-se en un CFGS. Si es t\u00e9 l\u2019ESO [&hellip;]<\/p>\n","protected":false},"author":1,"featured_media":0,"parent":195,"menu_order":3,"comment_status":"closed","ping_status":"closed","template":"","meta":{"_bbp_topic_count":0,"_bbp_reply_count":0,"_bbp_total_topic_count":0,"_bbp_total_reply_count":0,"_bbp_voice_count":0,"_bbp_anonymous_reply_count":0,"_bbp_topic_count_hidden":0,"_bbp_reply_count_hidden":0,"_bbp_forum_subforum_count":0,"site-sidebar-layout":"default","site-content-layout":"","ast-site-content-layout":"default","site-content-style":"default","site-sidebar-style":"default","ast-global-header-display":"","ast-banner-title-visibility":"","ast-main-header-display":"","ast-hfb-above-header-display":"","ast-hfb-below-header-display":"","ast-hfb-mobile-header-display":"","site-post-title":"","ast-breadcrumbs-content":"","ast-featured-img":"","footer-sml-layout":"","theme-transparent-header-meta":"","adv-header-id-meta":"","stick-header-meta":"","header-above-stick-meta":"","header-main-stick-meta":"","header-below-stick-meta":"","astra-migrate-meta-layouts":"set","ast-page-background-enabled":"default","ast-page-background-meta":{"desktop":{"background-color":"var(--ast-global-color-4)","background-image":"","background-repeat":"repeat","background-position":"center center","background-size":"auto","background-attachment":"scroll","background-type":"","background-media":"","overlay-type":"","overlay-color":"","overlay-opacity":"","overlay-gradient":""},"tablet":{"background-color":"","background-image":"","background-repeat":"repeat","background-position":"center center","background-size":"auto","background-attachment":"scroll","background-type":"","background-media":"","overlay-type":"","overlay-color":"","overlay-opacity":"","overlay-gradient":""},"mobile":{"background-color":"","background-image":"","background-repeat":"repeat","background-position":"center center","background-size":"auto","background-attachment":"scroll","background-type":"","background-media":"","overlay-type":"","overlay-color":"","overlay-opacity":"","overlay-gradient":""}},"ast-content-background-meta":{"desktop":{"background-color":"var(--ast-global-color-5)","background-image":"","background-repeat":"repeat","background-position":"center center","background-size":"auto","background-attachment":"scroll","background-type":"","background-media":"","overlay-type":"","overlay-color":"","overlay-opacity":"","overlay-gradient":""},"tablet":{"background-color":"var(--ast-global-color-5)","background-image":"","background-repeat":"repeat","background-position":"center center","background-size":"auto","background-attachment":"scroll","background-type":"","background-media":"","overlay-type":"","overlay-color":"","overlay-opacity":"","overlay-gradient":""},"mobile":{"background-color":"var(--ast-global-color-5)","background-image":"","background-repeat":"repeat","background-position":"center center","background-size":"auto","background-attachment":"scroll","background-type":"","background-media":"","overlay-type":"","overlay-color":"","overlay-opacity":"","overlay-gradient":""}},"footnotes":""},"class_list":["post-1748","page","type-page","status-publish","hentry"],"post_mailing_queue_ids":[],"_links":{"self":[{"href":"https:\/\/agora.xtec.cat\/cfabertrana\/wp-json\/wp\/v2\/pages\/1748","targetHints":{"allow":["GET"]}}],"collection":[{"href":"https:\/\/agora.xtec.cat\/cfabertrana\/wp-json\/wp\/v2\/pages"}],"about":[{"href":"https:\/\/agora.xtec.cat\/cfabertrana\/wp-json\/wp\/v2\/types\/page"}],"author":[{"embeddable":true,"href":"https:\/\/agora.xtec.cat\/cfabertrana\/wp-json\/wp\/v2\/users\/1"}],"replies":[{"embeddable":true,"href":"https:\/\/agora.xtec.cat\/cfabertrana\/wp-json\/wp\/v2\/comments?post=1748"}],"version-history":[{"count":6,"href":"https:\/\/agora.xtec.cat\/cfabertrana\/wp-json\/wp\/v2\/pages\/1748\/revisions"}],"predecessor-version":[{"id":4405,"href":"https:\/\/agora.xtec.cat\/cfabertrana\/wp-json\/wp\/v2\/pages\/1748\/revisions\/4405"}],"up":[{"embeddable":true,"href":"https:\/\/agora.xtec.cat\/cfabertrana\/wp-json\/wp\/v2\/pages\/195"}],"wp:attachment":[{"href":"https:\/\/agora.xtec.cat\/cfabertrana\/wp-json\/wp\/v2\/media?parent=1748"}],"curies":[{"name":"wp","href":"https:\/\/api.w.org\/{rel}","templated":true}]}}