{"id":1108,"date":"2017-10-27T17:41:27","date_gmt":"2017-10-27T15:41:27","guid":{"rendered":"http:\/\/agora.xtec.cat\/cfabertrana\/?page_id=1108"},"modified":"2022-09-13T13:18:52","modified_gmt":"2022-09-13T11:18:52","slug":"graduat-en-eso-a-distancia","status":"publish","type":"page","link":"https:\/\/agora.xtec.cat\/cfabertrana\/graduat-en-eso-a-distancia\/","title":{"rendered":"GRADUAT EN ESO A DIST\u00c0NCIA (IOC). MATR\u00cdCULA"},"content":{"rendered":"<p>Els estudis de Graduat en ESO permeten\u00a0completar els ensenyaments b\u00e0sics i obtenir el t\u00edtol corresponent. Ara, a trav\u00e9s del nostre centre, es pot cursar tamb\u00e9 a dist\u00e0ncia, ja que som centre de suport de l\u2019IOC per a l\u2019obtenci\u00f3 del Graduat en ESO.<\/p>\n<h2 style=\"text-align: center;\"><span style=\"color: #0000ff;\"><b>MATR\u00cdCULA ALUMNAT NOU\u00a0 \u00a0<\/b><\/span><\/h2>\n<h2 style=\"text-align: center;\"><span style=\"color: #0000ff;\"><b><span style=\"color: #00ccff;\">TRIMESTRE D&#8217;HIVERN curs 22-23\u00a0 \u00a0<\/span><\/b><\/span><\/h2>\n<h4 style=\"text-align: center;\"><span style=\"color: #ff0000;\"><strong>del 3 al 9 de novembre <a href=\"https:\/\/ioc.xtec.cat\/secretaria\/cpl\/MatTeleAlta.php\">PREINSCRIPCI\u00d3<\/a> per a crear l&#8217;espai individual a l&#8217;IOC<\/strong><\/span><\/h4>\n<h4 style=\"text-align: center;\"><span style=\"color: #ff0000;\"><strong>del 7 al 10 de novembre<\/strong>: entrevistes personals al centre (CFA Nou Girona): cal cita pr\u00e8via<\/span><\/h4>\n<p>&nbsp;<\/p>\n<h6><\/h6>\n<h6 style=\"text-align: center;\"><span style=\"color: #ff6600;\">Cal portar DNI o passaport (original) i expedient acad\u00e8mic<\/span><\/h6>\n<p>&nbsp;<\/p>\n<p>\u00c9s<strong>\u00a0<span style=\"color: #ff0000;\">imprescindible demanar abans CITA PR\u00c8VIA<\/span><\/strong>, trucant per tel\u00e8fon\u00a0 al <strong style=\"font-family: inherit; font-size: 1em;\">972 23 04 03 <\/strong>en horari d&#8217;informaci\u00f3 general del centre.<\/p>\n<p><strong><a href=\"https:\/\/ioc.xtec.cat\/educacio\/ges\" target=\"_blank\" rel=\"noopener noreferrer\">Aqu\u00ed<\/a> <\/strong>trobareu <strong>informaci\u00f3<\/strong> sobre els estudis de GES a l&#8217;IOC: Preinscripci\u00f3 i matr\u00edcula, Requisits, Preus, Bonificacions i exempcions&#8230; Feu una lectura de tota aquesta informaci\u00f3 abans del dia de la cita pr\u00e8via, aix\u00ed ser\u00e0 m\u00e9s f\u00e0cil solucionar dubtes i trobar l&#8217;itinerari m\u00e9s adient per a vosaltres.<\/p>\n<p>Abans de la cita pr\u00e8via heu de fer la <strong>preinscripci\u00f3<\/strong> als estudis de GES de l&#8217;IOC i pujar al vostre espai la documentaci\u00f3 imprescindible, ho podreu fer des d&#8217;<strong><a href=\"https:\/\/ioc.xtec.cat\/secretaria\/cpl\/MatTeleAlta.php\" target=\"_blank\" rel=\"noopener noreferrer\">aqu\u00ed<\/a><\/strong><\/p>\n<p>&nbsp;<\/p>\n<p>&nbsp;<\/p>\n<p>&nbsp;<\/p>\n<p>&nbsp;<\/p>\n<p>&nbsp;<\/p>\n","protected":false},"excerpt":{"rendered":"<p>Els estudis de Graduat en ESO permeten\u00a0completar els ensenyaments b\u00e0sics i obtenir el t\u00edtol corresponent. Ara, a trav\u00e9s del nostre centre, es pot cursar tamb\u00e9 a dist\u00e0ncia, ja que som centre de suport de l\u2019IOC per a l\u2019obtenci\u00f3 del Graduat en ESO. MATR\u00cdCULA ALUMNAT NOU\u00a0 \u00a0 TRIMESTRE D&#8217;HIVERN curs 22-23\u00a0 \u00a0 del 3 al 9 [&hellip;]<\/p>\n","protected":false},"author":1,"featured_media":0,"parent":0,"menu_order":0,"comment_status":"closed","ping_status":"closed","template":"","meta":{"_bbp_topic_count":0,"_bbp_reply_count":0,"_bbp_total_topic_count":0,"_bbp_total_reply_count":0,"_bbp_voice_count":0,"_bbp_anonymous_reply_count":0,"_bbp_topic_count_hidden":0,"_bbp_reply_count_hidden":0,"_bbp_forum_subforum_count":0,"site-sidebar-layout":"default","site-content-layout":"","ast-site-content-layout":"","site-content-style":"default","site-sidebar-style":"default","ast-global-header-display":"","ast-banner-title-visibility":"","ast-main-header-display":"","ast-hfb-above-header-display":"","ast-hfb-below-header-display":"","ast-hfb-mobile-header-display":"","site-post-title":"","ast-breadcrumbs-content":"","ast-featured-img":"","footer-sml-layout":"","theme-transparent-header-meta":"","adv-header-id-meta":"","stick-header-meta":"","header-above-stick-meta":"","header-main-stick-meta":"","header-below-stick-meta":"","astra-migrate-meta-layouts":"default","ast-page-background-enabled":"default","ast-page-background-meta":{"desktop":{"background-color":"var(--ast-global-color-4)","background-image":"","background-repeat":"repeat","background-position":"center center","background-size":"auto","background-attachment":"scroll","background-type":"","background-media":"","overlay-type":"","overlay-color":"","overlay-opacity":"","overlay-gradient":""},"tablet":{"background-color":"","background-image":"","background-repeat":"repeat","background-position":"center center","background-size":"auto","background-attachment":"scroll","background-type":"","background-media":"","overlay-type":"","overlay-color":"","overlay-opacity":"","overlay-gradient":""},"mobile":{"background-color":"","background-image":"","background-repeat":"repeat","background-position":"center center","background-size":"auto","background-attachment":"scroll","background-type":"","background-media":"","overlay-type":"","overlay-color":"","overlay-opacity":"","overlay-gradient":""}},"ast-content-background-meta":{"desktop":{"background-color":"var(--ast-global-color-5)","background-image":"","background-repeat":"repeat","background-position":"center center","background-size":"auto","background-attachment":"scroll","background-type":"","background-media":"","overlay-type":"","overlay-color":"","overlay-opacity":"","overlay-gradient":""},"tablet":{"background-color":"var(--ast-global-color-5)","background-image":"","background-repeat":"repeat","background-position":"center center","background-size":"auto","background-attachment":"scroll","background-type":"","background-media":"","overlay-type":"","overlay-color":"","overlay-opacity":"","overlay-gradient":""},"mobile":{"background-color":"var(--ast-global-color-5)","background-image":"","background-repeat":"repeat","background-position":"center center","background-size":"auto","background-attachment":"scroll","background-type":"","background-media":"","overlay-type":"","overlay-color":"","overlay-opacity":"","overlay-gradient":""}},"footnotes":""},"class_list":["post-1108","page","type-page","status-publish","hentry"],"post_mailing_queue_ids":[],"_links":{"self":[{"href":"https:\/\/agora.xtec.cat\/cfabertrana\/wp-json\/wp\/v2\/pages\/1108","targetHints":{"allow":["GET"]}}],"collection":[{"href":"https:\/\/agora.xtec.cat\/cfabertrana\/wp-json\/wp\/v2\/pages"}],"about":[{"href":"https:\/\/agora.xtec.cat\/cfabertrana\/wp-json\/wp\/v2\/types\/page"}],"author":[{"embeddable":true,"href":"https:\/\/agora.xtec.cat\/cfabertrana\/wp-json\/wp\/v2\/users\/1"}],"replies":[{"embeddable":true,"href":"https:\/\/agora.xtec.cat\/cfabertrana\/wp-json\/wp\/v2\/comments?post=1108"}],"version-history":[{"count":3,"href":"https:\/\/agora.xtec.cat\/cfabertrana\/wp-json\/wp\/v2\/pages\/1108\/revisions"}],"predecessor-version":[{"id":2439,"href":"https:\/\/agora.xtec.cat\/cfabertrana\/wp-json\/wp\/v2\/pages\/1108\/revisions\/2439"}],"wp:attachment":[{"href":"https:\/\/agora.xtec.cat\/cfabertrana\/wp-json\/wp\/v2\/media?parent=1108"}],"curies":[{"name":"wp","href":"https:\/\/api.w.org\/{rel}","templated":true}]}}