{"id":664,"date":"2025-05-17T10:01:21","date_gmt":"2025-05-17T08:01:21","guid":{"rendered":"http:\/\/agora.xtec.cat\/cfabergueda\/?page_id=664"},"modified":"2025-09-01T10:34:21","modified_gmt":"2025-09-01T08:34:21","slug":"preinscripcio-i-matricula","status":"publish","type":"page","link":"https:\/\/agora.xtec.cat\/cfabergueda\/el-centre\/preinscripcio-i-matricula\/","title":{"rendered":"Preinscripci\u00f3 i matr\u00edcula"},"content":{"rendered":"<h1><strong>2025-2026<\/strong><\/h1>\n<p>Consulta aqu\u00ed el <a href=\"https:\/\/preinscripcio.gencat.cat\/ca\/estudis\/educacio-adults\/inici\/\">Proc\u00e9s de preinscripci\u00f3 i matr\u00edcula<\/a> dels centres d&#8217;adults.<\/p>\n<p><span style=\"font-size: 1.4375em; font-weight: bold;\">Preinscripci\u00f3<\/span><\/p>\n<div class=\"FW_sPregunta FW_sImpacte\">\n<div class=\"FW_sArticleFoto\">\n<div class=\"FW_sEditPro\">\n<ul>\n<li style=\"list-style-type: none;\">\n<ul>\n<li>Publicaci\u00f3 de l&#8217;oferta d&#8217;ensenyaments: 23 de maig de 2025<\/li>\n<li>Oferta de places: 18 de juny de 2025<\/li>\n<li>Informaci\u00f3 i orientaci\u00f3 per als alumnes nous: del 2 al 27 de juny de 2025<\/li>\n<li><span style=\"text-decoration: underline;\"><strong><span style=\"color: #ff6600; text-decoration: none;\">Presentaci\u00f3 de sol\u00b7licituds<\/span><\/strong>:\u00a0<a href=\"https:\/\/documents.espai.educacio.gencat.cat\/FormularisModels\/CentresGestioAdministrativa\/A89.pdf\"><strong>del 19 al 27 de juny de 2025\u00a0 \u00a0 \u00a0<\/strong><\/a><\/span><span style=\"color: #000000;\"><input style=\"background-color: orange; border-color: none;\" type=\"button\" value=\"solicitud\" \/><\/span><\/li>\n<\/ul>\n<\/li>\n<\/ul>\n<ul>\n<li style=\"list-style-type: none;\">\n<ul>\n<li>\n<table style=\"background-color: #e1eff7; border-color: #3705fc; border-style: solid; width: 79.351%;\">\n<tbody>\n<tr>\n<td style=\"width: 25.8743%;\">\n<h4><b>Dilluns 23<\/b><\/h4>\n<\/td>\n<td style=\"width: 30.1683%;\">\n<h4><b>Dimecres 25\u00a0<\/b><\/h4>\n<\/td>\n<td style=\"width: 21.7649%;\">\n<h4><b>Dijous 26<\/b><\/h4>\n<\/td>\n<td style=\"width: 96.6391%;\">\n<h4><b>Divendres 27<\/b><\/h4>\n<\/td>\n<\/tr>\n<tr>\n<td style=\"width: 25.8743%;\"><span style=\"font-weight: 400;\">De 09:30 a 13:00 h<\/span><\/td>\n<td style=\"width: 30.1683%;\"><span style=\"font-weight: 400;\">De 09:30 a 13:00 h<\/span><\/p>\n<p>De 15:00 a 19:00 h<\/td>\n<td style=\"width: 21.7649%;\"><span style=\"font-weight: 400;\">De 09:30 a 13:30 h<\/span><\/p>\n<p>&nbsp;<\/td>\n<td style=\"width: 96.6391%;\"><span style=\"font-weight: 400;\">De\u00a0 09:00 a 12:30 h<\/span><\/td>\n<\/tr>\n<\/tbody>\n<\/table>\n<\/li>\n<li><\/li>\n<\/ul>\n<\/li>\n<\/ul>\n<ul>\n<li>Llista de sol\u00b7licituds amb la puntuaci\u00f3 provisional: 4 de juliol de 2025 a partir de les 14 h<\/li>\n<li>Sorteig del n\u00famero de desempat: 7 de juliol del 2025<\/li>\n<li>Presentaci\u00f3 de reclamacions: del 4 al 9 de juliol de 2025<\/li>\n<li>Llista ordenada definitiva: 11 de juliol de 2025 a partir 14 h<\/li>\n<li>Llista d&#8217;admesos i exclosos (per activitats) i llista d&#8217;espera<a href=\"https:\/\/preinscripcio.gencat.cat\/ca\/estudis\/educacio-adults\/preinscriute\/consulta\/llista-espera\/\">:<\/a> 16 de juliol de 2025<\/li>\n<\/ul>\n<p><span style=\"font-size: 1.4375em; font-weight: bold;\">Matr\u00edcula<\/span><\/p>\n<\/div>\n<\/div>\n<\/div>\n<div class=\"FW_sPregunta FW_sImpacte\">\n<div class=\"FW_sArticleFoto\">\n<div class=\"FW_sEditPro\">\n<ul>\n<li>Alumnes <strong>preinscrits<\/strong> amb pla\u00e7a assignada: del 2 al 9 de setembre de 2025\u00a0 <strong>(horari provisional)<\/strong><\/li>\n<\/ul>\n<table>\n<tbody>\n<tr>\n<td>\n<h4><b>Dimarts 2<\/b><\/h4>\n<\/td>\n<td>\n<h4><b>Dimecres 3<\/b><\/h4>\n<\/td>\n<td>\n<h4><b>Dijous 4<\/b><\/h4>\n<\/td>\n<td>\n<h4><b>Divendres 5<\/b><\/h4>\n<\/td>\n<td>\n<h4><b>Dimarts 9<\/b><\/h4>\n<\/td>\n<\/tr>\n<tr>\n<td>de 9:30 a 12:30<\/p>\n<p>de 15:30 a 18:00<\/td>\n<td>de 9:30 a 12:30<\/p>\n<p>de 15:30 a 18:00<\/td>\n<td>de 15:30\u00a0 a 18.00<\/td>\n<td>&nbsp;<\/p>\n<p>de 9:00 a 12:30<\/td>\n<td>de 9:30 a 12:30<\/p>\n<p>de 15:30 a 18:00<\/td>\n<\/tr>\n<\/tbody>\n<\/table>\n<p>&nbsp;<\/p>\n<ul>\n<li>Alumnes preinscrits de la <strong>llista d&#8217;espera<\/strong>: a partir del 10 de setembre de 2025<\/li>\n<li>Inici de les classes 22 de setembre de 2025<\/li>\n<\/ul>\n<p>Els centres poden establir diferents <strong>dates de matr\u00edcula<\/strong> per als ensenyaments que ofereixen, sempre que siguin dins el per\u00edode general de matr\u00edcula establert; aquestes dates s&#8217;han de fer p\u00fabliques en el centre abans de l&#8217;inici del per\u00edode de presentaci\u00f3 de sol\u00b7licituds.<\/p>\n<\/div>\n<\/div>\n<\/div>\n<p>Un cop passat els per\u00edodes oficials de preinscripci\u00f3 i matr\u00edcula\u00a0 (juny i primera setmana de setembre) <strong>us atendrem en els horaris <a href=\"http:\/\/agora.xtec.cat\/cfabergueda\/portada\/noticia-7\/\">d&#8217;atenci\u00f3 <\/a><\/strong>.<\/p>\n<table width=\"100%\">\n<tbody>\n<tr>\n<td>\n<h1>Documents per a la preinscripci\u00f3:<\/h1>\n<ul>\n<li><strong>DNI o Passaport<\/strong> (original i fotoc\u00f2pia)<\/li>\n<li><strong>Llibre d\u2019escolaritat o certificat de notes de 3r i 4t<\/strong> <strong>d&#8217;ESO <\/strong>(nom\u00e9s alumnat de Graduat en ESO )<\/li>\n<li><strong>Certificat ACTIC mitj\u00e0, <\/strong>si es vol cursar el COMPETIC 3 (ACTIC AVAN\u00c7AT)<\/li>\n<\/ul>\n<p>Els\u00a0<strong>menors d\u2019edat\u00a0<\/strong>han de presentar:<\/p>\n<p style=\"padding-left: 80px;\"><a href=\"https:\/\/drive.google.com\/file\/d\/1UpZOXkkuZgpzjdA8LOk2dFwjRFOR6dJ3\/view?usp=sharing\">Sol\u00b7licitud menors<\/a><\/p>\n<p style=\"text-align: left; padding-left: 80px;\"><a href=\"https:\/\/drive.google.com\/file\/d\/1FJcWWIt4guq6rzPpNVO9PmiR3C6mNSkf\/view?usp=sharing\">Autoritzaci\u00f3 menors<\/a><\/p>\n<p>Si s&#8217;escau:<a href=\"https:\/\/drive.google.com\/file\/d\/10n5Nzr59kQIe2maEL1iMfP_8s5yw78wf\/view?usp=sharing\"> Relaci\u00f3 contractual amb l&#8217;empresa<\/a><\/p>\n<ul>\n<li>Original i fotoc\u00f2pia del llibre de fam\u00edlia o altres documents relatius a la filiaci\u00f3 i el consentiment del pare o mare o tutor legal del menor. Si est\u00e0 en situaci\u00f3 d\u2019acolliment, la resoluci\u00f3 d\u2019acolliment del Departament de Treball, Afers Socials i Fam\u00edlies.<\/li>\n<li>Original i fotoc\u00f2pia del DNI de la persona sol\u00b7licitant (pare, mare, tutor o tutora o guardador o guardadora de fet) o si la persona sol\u00b7licitant \u00e9s estrangera, de la targeta de resid\u00e8ncia on consta el NIE o del passaport. Si es tracta d\u2019estrangers comunitaris, document d\u2019identitat del pa\u00eds d\u2019origen.<\/li>\n<\/ul>\n<\/td>\n<\/tr>\n<tr>\n<td>\n<h1><\/h1>\n<\/td>\n<\/tr>\n<\/tbody>\n<\/table>\n<p>&nbsp;<\/p>\n<p><strong>Altres Documents:<\/strong><\/p>\n<p>Graduat Escolar <sub>( pel GES)<\/sub><\/p>\n<p>Certificat notes 3r i 4t ESO <sub>(pel GES)<\/sub><\/p>\n<p>&nbsp;<\/p>\n<p style=\"text-align: left;\"><span style=\"font-size: 1.4375em; font-weight: bold;\">Matr\u00edcula <a href=\"https:\/\/ioc.xtec.cat\/educacio\/ges#matricula\">IOC GES<\/a> per internet setembre 2025<\/span><\/p>\n<ul id=\"yui_3_17_2_1_1751021045980_327\">\n<li style=\"text-align: left;\">del 3 al 9 de setembre, preinscripci\u00f3 per aplicatiu de la web<\/li>\n<li style=\"text-align: left;\">del 4 al 10 de setembre,\u00a0<strong>entrevistes\u00a0<\/strong><strong>presencials<\/strong> al centre (Concretar entrevista trucant al 938213169 o per correu electr\u00f2nic a8061971@xtec.cat)<\/li>\n<li style=\"text-align: left;\">fins a 10 de setembre a les 19: 45 h, pagament.<\/li>\n<\/ul>\n<div class=\"study-block\" style=\"text-align: center;\"><\/div>\n<p>&nbsp;<\/p>\n","protected":false},"excerpt":{"rendered":"<p>2025-2026 Consulta aqu\u00ed el Proc\u00e9s de preinscripci\u00f3 i matr\u00edcula dels centres d&#8217;adults. Preinscripci\u00f3 Publicaci\u00f3 de l&#8217;oferta d&#8217;ensenyaments: 23 de maig de 2025 Oferta de places: 18 de juny de 2025 Informaci\u00f3 i orientaci\u00f3 per als alumnes nous: del 2 al 27 de juny de 2025 Presentaci\u00f3 de sol\u00b7licituds:\u00a0del 19 al 27 de juny de 2025\u00a0 [&hellip;]<\/p>\n","protected":false},"author":1,"featured_media":0,"parent":261,"menu_order":0,"comment_status":"closed","ping_status":"closed","template":"","meta":{"_bbp_topic_count":0,"_bbp_reply_count":0,"_bbp_total_topic_count":0,"_bbp_total_reply_count":0,"_bbp_voice_count":0,"_bbp_anonymous_reply_count":0,"_bbp_topic_count_hidden":0,"_bbp_reply_count_hidden":0,"_bbp_forum_subforum_count":0,"site-sidebar-layout":"default","site-content-layout":"","ast-site-content-layout":"","site-content-style":"default","site-sidebar-style":"default","ast-global-header-display":"","ast-banner-title-visibility":"","ast-main-header-display":"","ast-hfb-above-header-display":"","ast-hfb-below-header-display":"","ast-hfb-mobile-header-display":"","site-post-title":"","ast-breadcrumbs-content":"","ast-featured-img":"","footer-sml-layout":"","theme-transparent-header-meta":"","adv-header-id-meta":"","stick-header-meta":"","header-above-stick-meta":"","header-main-stick-meta":"","header-below-stick-meta":"","astra-migrate-meta-layouts":"default","ast-page-background-enabled":"default","ast-page-background-meta":{"desktop":{"background-color":"var(--ast-global-color-4)","background-image":"","background-repeat":"repeat","background-position":"center center","background-size":"auto","background-attachment":"scroll","background-type":"","background-media":"","overlay-type":"","overlay-color":"","overlay-opacity":"","overlay-gradient":""},"tablet":{"background-color":"","background-image":"","background-repeat":"repeat","background-position":"center center","background-size":"auto","background-attachment":"scroll","background-type":"","background-media":"","overlay-type":"","overlay-color":"","overlay-opacity":"","overlay-gradient":""},"mobile":{"background-color":"","background-image":"","background-repeat":"repeat","background-position":"center center","background-size":"auto","background-attachment":"scroll","background-type":"","background-media":"","overlay-type":"","overlay-color":"","overlay-opacity":"","overlay-gradient":""}},"ast-content-background-meta":{"desktop":{"background-color":"var(--ast-global-color-5)","background-image":"","background-repeat":"repeat","background-position":"center center","background-size":"auto","background-attachment":"scroll","background-type":"","background-media":"","overlay-type":"","overlay-color":"","overlay-opacity":"","overlay-gradient":""},"tablet":{"background-color":"var(--ast-global-color-5)","background-image":"","background-repeat":"repeat","background-position":"center center","background-size":"auto","background-attachment":"scroll","background-type":"","background-media":"","overlay-type":"","overlay-color":"","overlay-opacity":"","overlay-gradient":""},"mobile":{"background-color":"var(--ast-global-color-5)","background-image":"","background-repeat":"repeat","background-position":"center center","background-size":"auto","background-attachment":"scroll","background-type":"","background-media":"","overlay-type":"","overlay-color":"","overlay-opacity":"","overlay-gradient":""}},"footnotes":""},"class_list":["post-664","page","type-page","status-publish","hentry"],"post_mailing_queue_ids":[],"_links":{"self":[{"href":"https:\/\/agora.xtec.cat\/cfabergueda\/wp-json\/wp\/v2\/pages\/664","targetHints":{"allow":["GET"]}}],"collection":[{"href":"https:\/\/agora.xtec.cat\/cfabergueda\/wp-json\/wp\/v2\/pages"}],"about":[{"href":"https:\/\/agora.xtec.cat\/cfabergueda\/wp-json\/wp\/v2\/types\/page"}],"author":[{"embeddable":true,"href":"https:\/\/agora.xtec.cat\/cfabergueda\/wp-json\/wp\/v2\/users\/1"}],"replies":[{"embeddable":true,"href":"https:\/\/agora.xtec.cat\/cfabergueda\/wp-json\/wp\/v2\/comments?post=664"}],"version-history":[{"count":7,"href":"https:\/\/agora.xtec.cat\/cfabergueda\/wp-json\/wp\/v2\/pages\/664\/revisions"}],"predecessor-version":[{"id":2248,"href":"https:\/\/agora.xtec.cat\/cfabergueda\/wp-json\/wp\/v2\/pages\/664\/revisions\/2248"}],"up":[{"embeddable":true,"href":"https:\/\/agora.xtec.cat\/cfabergueda\/wp-json\/wp\/v2\/pages\/261"}],"wp:attachment":[{"href":"https:\/\/agora.xtec.cat\/cfabergueda\/wp-json\/wp\/v2\/media?parent=664"}],"curies":[{"name":"wp","href":"https:\/\/api.w.org\/{rel}","templated":true}]}}