{"id":495,"date":"2014-06-26T15:09:13","date_gmt":"2014-06-26T15:09:13","guid":{"rendered":"http:\/\/blocs.xtec.cat\/bergangles\/?page_id=258"},"modified":"2026-01-30T15:40:19","modified_gmt":"2026-01-30T14:40:19","slug":"llengua-anglesa-3-a2-2","status":"publish","type":"page","link":"https:\/\/agora.xtec.cat\/cfabergueda\/serveis\/blocs-del-centre\/llengua-anglesa-3-a2-2\/","title":{"rendered":"Angl\u00e8s 3"},"content":{"rendered":"<p><strong>L&#8217;ensenyament de la llengua anglesa 3 s&#8217;adscriu dins del nivell A2.2 d&#8217;usuari b\u00e0sic:<\/strong><\/p>\n<p><strong>\u201c\u00a0<\/strong><em>L\u2019usuari<\/em><em>\u00a0d<\/em><em>e<\/em><em>\u00a0nivell A2\u00a0<\/em><em>\u00a0pot comprendre frases i expressions habitualment utilitzades relacionades amb temes d\u2019import\u00e0ncia m\u00e9s immediata (per exemple, informacions personals b\u00e0siques, familiars, compres, geografia local, ocupaci\u00f3). L\u2019alumne pot comunicar-se en situacions simples i habituals que exigeixin un intercanvi simple i directe d\u2019informaci\u00f3 sobre temes familiars i habituals. Pot descriure, amb termes simples, aspectes de la seva experi\u00e8ncia o bagatge personal, entorn immediat i problemes sobre q\u00fcestions de primera necessitat.\u201d<\/em><\/p>\n<p><strong><span style=\"color: #ff6600;\">Material del curs:\u00a0<\/span><\/strong><\/p>\n<p style=\"text-align: center;\">ENGLISH FILE 4T EDITION A2\/B1<\/p>\n<p><a href=\"https:\/\/agora.xtec.cat\/cfabergueda\/wp-content\/uploads\/usu1406\/2019\/08\/A3.jpg\"><img loading=\"lazy\" decoding=\"async\" class=\" wp-image-1236 aligncenter\" src=\"https:\/\/agora.xtec.cat\/cfabergueda\/wp-content\/uploads\/usu1406\/2019\/08\/A3.jpg\" alt=\"\" width=\"248\" height=\"248\" srcset=\"https:\/\/agora.xtec.cat\/cfabergueda\/wp-content\/uploads\/usu1406\/2019\/08\/A3.jpg 640w, https:\/\/agora.xtec.cat\/cfabergueda\/wp-content\/uploads\/usu1406\/2019\/08\/A3-150x150.jpg 150w, https:\/\/agora.xtec.cat\/cfabergueda\/wp-content\/uploads\/usu1406\/2019\/08\/A3-300x300.jpg 300w\" sizes=\"auto, (max-width: 248px) 100vw, 248px\" \/><\/a><\/p>\n<p style=\"text-align: center;\"><strong>Student&#8217;s Book, Workbook and Online Practice with Key\u00a0 ISBN\u00a0 \u00a09780194058124<\/strong><\/p>\n<p>&nbsp;<\/p>\n<h3><a href=\"http:\/\/www.eslgamesplus.com\/verb-tenses-interactive-grammar-game-for-esl-jeopardy-quiz-game\/\" target=\"_blank\" rel=\"noopener noreferrer\"><span style=\"color: #ff9900;\">Tenses (past\/ present\/ future)<\/span><\/a><\/h3>\n<h3>\u00a0<a href=\"http:\/\/menuaingles.blogspot.com.es\/2010\/04\/borrow-lend-diferencias.html\" target=\"_blank\" rel=\"noopener noreferrer\"><span style=\"color: #ff9900;\">borrow\/lend<\/span><\/a><\/h3>\n<h3><span style=\"color: #ff9900;\"><a style=\"color: #ff9900;\" href=\"http:\/\/www.multimedia-english.com\/grammar\/very-too-very-much-too-much-29\" target=\"_blank\" rel=\"noopener noreferrer\">Very,too\/Very much\/ to much\/to many<\/a><\/span><\/h3>\n<h3>\u00a0<a href=\"http:\/\/menuaingles.blogspot.com.es\/2007\/12\/never-mind-i-dont-care-it-doesnt-matter.html\" target=\"_blank\" rel=\"noopener noreferrer\"><span style=\"color: #ff9900;\">never mind\/I don&#8217;t care\/ It doesn&#8217;t matter<\/span><\/a><\/h3>\n<h3><a href=\"http:\/\/www.saberingles.com.ar\/lists\/personality2.html\" target=\"_blank\" rel=\"noopener noreferrer\"><span style=\"color: #ff9900;\">Possitive Personality Adjectives<\/span><\/a><\/h3>\n<h3><a href=\"http:\/\/www.saberingles.com.ar\/lists\/personality1.html\" target=\"_blank\" rel=\"noopener noreferrer\"><span style=\"color: #ff9900;\">Negative Personality Adjectives<\/span><\/a><\/h3>\n<h3><span style=\"color: #3366ff;\"><a style=\"color: #3366ff;\" href=\"https:\/\/www.youtube.com\/watch?v=0XGX98OW4Rc\">You&#8217;ve got a friend &#8220;Carole King&#8221;<\/a><\/span><\/h3>\n<h3><a title=\"Prepositions\" href=\"http:\/\/www.easypacelearning.com\/all-lessons\/grammar\/1317-prepositions-examples-in-a-sentence-with-pictures-learning-english\" target=\"_blank\" rel=\"noopener noreferrer\"><span style=\"color: #ff9900;\">Prepositions<\/span><\/a><\/h3>\n<h1><\/h1>\n<h3><a href=\"http:\/\/www.ego4u.com\/en\/cram-up\/grammar\/simpre-prepro\" target=\"_blank\" rel=\"noopener noreferrer\"><span style=\"color: #ff9900;\">Present simple\/Present continuous<\/span><\/a><\/h3>\n<h3><a href=\"http:\/\/www.curso-ingles.com\/gramatica-inglesa\/have_have_got.php\" target=\"_blank\" rel=\"noopener noreferrer\"><span style=\"color: #ff9900;\">Have\/ Have got<\/span><\/a><\/h3>\n<h3><a href=\"http:\/\/www.grammar.cl\/Basic\/Adverbs_Frequency.htm\" target=\"_blank\" rel=\"noopener noreferrer\"><span style=\"color: #ff9900;\">Adverbs of frequency<\/span><\/a><\/h3>\n<h3>\u00a0<a href=\"http:\/\/quizlet.com\/13592636\/present-simple-spelling-of-the-third-person-singular-flash-cards\/\" target=\"_blank\" rel=\"noopener noreferrer\"><span style=\"color: #ff9900;\">Third person<\/span><\/a><\/h3>\n<h3><a href=\"http:\/\/www.grammar.cl\/Notes\/Spelling_ING.htm\" target=\"_blank\" rel=\"noopener noreferrer\"><span style=\"color: #ff9900;\">Spelling -ING<\/span><\/a><\/h3>\n<h3><strong><a href=\"http:\/\/www.vitutor.com\/gramatica_inglesa\/verb_tense\/infinitive_ing_form.html\" target=\"_blank\" rel=\"noopener noreferrer\">-Ing and infinitive<\/a><\/strong><\/h3>\n<p>&nbsp;<\/p>\n<h1><\/h1>\n<h3><span style=\"color: #ff9900;\"><a href=\"http:\/\/www.ego4u.com\/en\/cram-up\/grammar\/simpas-paspro\" target=\"_blank\" rel=\"noopener noreferrer\"><span style=\"color: #ff9900;\">Past simple\/ past continuous<\/span><\/a><\/span><\/h3>\n<h3><a href=\"http:\/\/www.ego4u.com\/en\/cram-up\/grammar\/adjectives-adverbs\" target=\"_blank\" rel=\"noopener noreferrer\"><span style=\"color: #ff9900;\">Adjectives and adverbs<\/span><\/a><\/h3>\n<h3><span style=\"color: #339966;\">News:<\/span><\/h3>\n<h3><a href=\"http:\/\/edition.cnn.com\" target=\"_blank\" rel=\"noopener noreferrer\"><span style=\"color: #ff9900;\">CNN<\/span><\/a><\/h3>\n<h3><span style=\"color: #ff9900;\"><a style=\"color: #ff9900;\" href=\"http:\/\/www.bbc.com\/news\/\" target=\"_blank\" rel=\"noopener noreferrer\">BBC<\/a><\/span><\/h3>\n<h3><\/h3>\n<h3><a href=\"http:\/\/www.ecenglish.com\/learnenglish\/lessons\/expressions-quantity\" target=\"_blank\" rel=\"noopener noreferrer\"><span style=\"color: #ff9900;\">EXPRESSING QUANTITY<\/span><\/a><\/h3>\n<h3><a href=\"http:\/\/www.edufind.com\/english-grammar\/indefinite-pronouns\/\" target=\"_blank\" rel=\"noopener noreferrer\"><span style=\"color: #ff9900;\">Indefinite pronouns<\/span><\/a><\/h3>\n<h3><a href=\"http:\/\/www.learnenglish.de\/grammar\/articlestext.html\" target=\"_blank\" rel=\"noopener noreferrer\"><span style=\"color: #ff9900;\">Articles<\/span><\/a><\/h3>\n<h3><span style=\"color: #ff9900;\">Conjuntions :<\/span><\/h3>\n<h3 style=\"padding-left: 30px;\"><a href=\"http:\/\/learnenglishteens.britishcouncil.org\/grammar-vocabulary\/grammar-videos\/conjunctions-and-or-so-because-and-although\"><span style=\"color: #ff9900;\">and, or, but, so, because and although<\/span><\/a><\/h3>\n<h3 class=\"post-title entry-title\" style=\"padding-left: 30px;\"><a href=\"https:\/\/aprendeinglesverywell.blogspot.com.es\/2014\/03\/conjunciones-although-and-because-but.html\"><span style=\"color: #ff9900;\">Although, and, because, but, if, or, so<\/span><\/a><\/h3>\n<h3 style=\"padding-left: 30px;\"><a href=\"http:\/\/www.tolearnenglish.com\/exercises\/exercise-english-2\/exercise-english-13109.php\"><span style=\"color: #ff9900;\">More activities<\/span><\/a><\/h3>\n<div class=\"ast-oembed-container \" style=\"height: 100%;\"><iframe loading=\"lazy\" title=\"Learn English - Sentences: Linkers 3 (because, so, although)\" width=\"500\" height=\"281\" src=\"https:\/\/www.youtube.com\/embed\/Cy_wfz4SX7o?feature=oembed\" frameborder=\"0\" allow=\"accelerometer; autoplay; clipboard-write; encrypted-media; gyroscope; picture-in-picture; web-share\" referrerpolicy=\"strict-origin-when-cross-origin\" allowfullscreen><\/iframe><\/div>\n<p>&nbsp;<\/p>\n<h3><\/h3>\n<h3><\/h3>\n<h3><span style=\"color: #ff9900;\"><a style=\"color: #ff9900;\" href=\"http:\/\/tx.english-ch.com\/teacher\/jun\/level-b\/different-uses-of-like\/\"><em>Uses of like<\/em><\/a><\/span><\/h3>\n<h3><span style=\"color: #ff9900;\"><a href=\"http:\/\/absolutenglish-972.pagesperso-orange.fr\/notes\/grammar\/like\/usesoflike_index.htm\">Activities<\/a>\u00a0(like)<\/span><\/h3>\n<h3><span style=\"color: #ff9900;\"><a style=\"color: #ff9900;\" href=\"http:\/\/www.eflnet.com\/tutorials\/adjcompsup.php\" target=\"_blank\" rel=\"noopener noreferrer\">Forming Comparative and Superlative Adjectives<\/a><\/span><\/h3>\n<h3><\/h3>\n<h3><span style=\"color: #ff9900;\"><a style=\"color: #ff9900;\" href=\"http:\/\/learnenglishteens.britishcouncil.org\/grammar-vocabulary\/grammar-videos\/have-must-and-should-obligation-and-advice\" target=\"_blank\" rel=\"noopener noreferrer\">Have to, must and should learning activity<\/a><\/span><\/h3>\n<h3><span style=\"color: #ff9900;\"><a style=\"color: #ff9900;\" href=\"http:\/\/www.vocabulary.cl\/Intermediate\/Do_Make.htm\">Make VS Do<\/a><\/span><\/h3>\n<h3><img decoding=\"async\" src=\"http:\/\/www.vocabulary.cl\/pictures\/do-vs-make-difference.gif\" alt=\"http:\/\/www.vocabulary.cl\/pictures\/do-vs-make-difference.gif\" \/><\/h3>\n<h3>\u00a0<span style=\"color: #ff9900;\"><a style=\"color: #ff9900;\" href=\"https:\/\/quizlet.com\/22340983\/flashcards\">Put and take collocations<\/a><\/span><\/h3>\n<h3><span style=\"color: #ff9900;\"><a style=\"color: #ff9900;\" href=\"http:\/\/www.saberingles.com.ar\/lists\/health.html\" target=\"_blank\" rel=\"noopener noreferrer\">Health and illness vocabulary<\/a><\/span><\/h3>\n<h3><span style=\"color: #ff9900;\"><a style=\"color: #ff9900;\" href=\"http:\/\/www.brighthubeducation.com\/learning-spanish\/40456-spanish-medical-doctor-vocabulary\/\" target=\"_blank\" rel=\"noopener noreferrer\">At the Doctor&#8217;s vocabulary<\/a><\/span><\/h3>\n<h3><span style=\"color: #ff9900;\">\u00a0<a href=\"https:\/\/elt.oup.com\/student\/englishfile\/intermediate\/a_grammar\/file01\/nef_int_grammar01_b01?cc=us&amp;selLanguage=en\">Past Simple past continuous past perfect<\/a><\/span><\/h3>\n<h3><a href=\"http:\/\/www.ice.urv.es\/eoiact\/level3\/narrativetenses1.htm\" target=\"_blank\" rel=\"noopener noreferrer\">More &#8230; Past Simple past continuous past perfect<\/a><\/h3>\n<h3><\/h3>\n<h3><\/h3>\n<p>&nbsp;<\/p>\n<p>&nbsp;<\/p>\n<p>&nbsp;<\/p>\n<p>&nbsp;<\/p>\n","protected":false},"excerpt":{"rendered":"<p>L&#8217;ensenyament de la llengua anglesa 3 s&#8217;adscriu dins del nivell A2.2 d&#8217;usuari b\u00e0sic: \u201c\u00a0L\u2019usuari\u00a0de\u00a0nivell A2\u00a0\u00a0pot comprendre frases i expressions habitualment utilitzades relacionades amb temes d\u2019import\u00e0ncia m\u00e9s immediata (per exemple, informacions personals b\u00e0siques, familiars, compres, geografia local, ocupaci\u00f3). L\u2019alumne pot comunicar-se en situacions simples i habituals que exigeixin un intercanvi simple i directe d\u2019informaci\u00f3 sobre temes [&hellip;]<\/p>\n","protected":false},"author":3,"featured_media":0,"parent":728,"menu_order":3,"comment_status":"closed","ping_status":"closed","template":"","meta":{"_bbp_topic_count":0,"_bbp_reply_count":0,"_bbp_total_topic_count":0,"_bbp_total_reply_count":0,"_bbp_voice_count":0,"_bbp_anonymous_reply_count":0,"_bbp_topic_count_hidden":0,"_bbp_reply_count_hidden":0,"_bbp_forum_subforum_count":0,"site-sidebar-layout":"default","site-content-layout":"","ast-site-content-layout":"","site-content-style":"default","site-sidebar-style":"default","ast-global-header-display":"","ast-banner-title-visibility":"","ast-main-header-display":"","ast-hfb-above-header-display":"","ast-hfb-below-header-display":"","ast-hfb-mobile-header-display":"","site-post-title":"","ast-breadcrumbs-content":"","ast-featured-img":"","footer-sml-layout":"","theme-transparent-header-meta":"","adv-header-id-meta":"","stick-header-meta":"","header-above-stick-meta":"","header-main-stick-meta":"","header-below-stick-meta":"","astra-migrate-meta-layouts":"default","ast-page-background-enabled":"default","ast-page-background-meta":{"desktop":{"background-color":"var(--ast-global-color-4)","background-image":"","background-repeat":"repeat","background-position":"center center","background-size":"auto","background-attachment":"scroll","background-type":"","background-media":"","overlay-type":"","overlay-color":"","overlay-opacity":"","overlay-gradient":""},"tablet":{"background-color":"","background-image":"","background-repeat":"repeat","background-position":"center center","background-size":"auto","background-attachment":"scroll","background-type":"","background-media":"","overlay-type":"","overlay-color":"","overlay-opacity":"","overlay-gradient":""},"mobile":{"background-color":"","background-image":"","background-repeat":"repeat","background-position":"center center","background-size":"auto","background-attachment":"scroll","background-type":"","background-media":"","overlay-type":"","overlay-color":"","overlay-opacity":"","overlay-gradient":""}},"ast-content-background-meta":{"desktop":{"background-color":"var(--ast-global-color-5)","background-image":"","background-repeat":"repeat","background-position":"center center","background-size":"auto","background-attachment":"scroll","background-type":"","background-media":"","overlay-type":"","overlay-color":"","overlay-opacity":"","overlay-gradient":""},"tablet":{"background-color":"var(--ast-global-color-5)","background-image":"","background-repeat":"repeat","background-position":"center center","background-size":"auto","background-attachment":"scroll","background-type":"","background-media":"","overlay-type":"","overlay-color":"","overlay-opacity":"","overlay-gradient":""},"mobile":{"background-color":"var(--ast-global-color-5)","background-image":"","background-repeat":"repeat","background-position":"center center","background-size":"auto","background-attachment":"scroll","background-type":"","background-media":"","overlay-type":"","overlay-color":"","overlay-opacity":"","overlay-gradient":""}},"footnotes":""},"class_list":["post-495","page","type-page","status-publish","hentry"],"post_mailing_queue_ids":[],"_links":{"self":[{"href":"https:\/\/agora.xtec.cat\/cfabergueda\/wp-json\/wp\/v2\/pages\/495","targetHints":{"allow":["GET"]}}],"collection":[{"href":"https:\/\/agora.xtec.cat\/cfabergueda\/wp-json\/wp\/v2\/pages"}],"about":[{"href":"https:\/\/agora.xtec.cat\/cfabergueda\/wp-json\/wp\/v2\/types\/page"}],"author":[{"embeddable":true,"href":"https:\/\/agora.xtec.cat\/cfabergueda\/wp-json\/wp\/v2\/users\/3"}],"replies":[{"embeddable":true,"href":"https:\/\/agora.xtec.cat\/cfabergueda\/wp-json\/wp\/v2\/comments?post=495"}],"version-history":[{"count":3,"href":"https:\/\/agora.xtec.cat\/cfabergueda\/wp-json\/wp\/v2\/pages\/495\/revisions"}],"predecessor-version":[{"id":1242,"href":"https:\/\/agora.xtec.cat\/cfabergueda\/wp-json\/wp\/v2\/pages\/495\/revisions\/1242"}],"up":[{"embeddable":true,"href":"https:\/\/agora.xtec.cat\/cfabergueda\/wp-json\/wp\/v2\/pages\/728"}],"wp:attachment":[{"href":"https:\/\/agora.xtec.cat\/cfabergueda\/wp-json\/wp\/v2\/media?parent=495"}],"curies":[{"name":"wp","href":"https:\/\/api.w.org\/{rel}","templated":true}]}}