{"id":320,"date":"2015-01-28T11:35:13","date_gmt":"2015-01-28T10:35:13","guid":{"rendered":"http:\/\/agora.xtec.cat\/cfabergueda\/?page_id=320"},"modified":"2026-01-30T15:39:28","modified_gmt":"2026-01-30T14:39:28","slug":"a-cicles-formatius-de-grau-superior","status":"publish","type":"page","link":"https:\/\/agora.xtec.cat\/cfabergueda\/ensenyaments\/a-cicles-formatius-de-grau-superior\/","title":{"rendered":"A cicles formatius de grau superior"},"content":{"rendered":"<h3><span style=\"font-family: verdana,geneva; color: #993300;\">Descripci\u00f3<\/span><\/h3>\n<p><span style=\"font-family: verdana,geneva;\">Aquests estudis preparen per presentar-se a les proves d&#8217;acc\u00e9s als cicles de grau superior de formaci\u00f3 professional, d&#8217;arts pl\u00e0stiques i disseny i d&#8217;ensenyaments esportius. L&#8217;alumnat pot preparar la part comuna de la prova, la part espec\u00edfica, o totes dues.<\/span><\/p>\n<p><span style=\"font-family: verdana,geneva;\">La durada m\u00ednima per a la preparaci\u00f3 de les proves d&#8217;acc\u00e9s al grau superior \u00e9s de 300 hores per a la part comuna i de 99 hores per a les dues mat\u00e8ries de la part espec\u00edfica.<\/span><\/p>\n<hr \/>\n<h3><span style=\"font-family: verdana,geneva; color: #993300;\">Continguts<\/span><\/h3>\n<p><span style=\"font-family: verdana,geneva; color: #ff0000;\"><strong>Mat\u00e8ries de la part comuna<\/strong><\/span><\/p>\n<p><span style=\"font-family: verdana,geneva;\">Llengua catalana i castellana<\/span><br \/>\n<span style=\"font-family: verdana,geneva;\"> Llengua estrangera<\/span><br \/>\n<span style=\"font-family: verdana,geneva;\"> Matem\u00e0tiques<\/span><br \/>\n<span style=\"font-family: verdana,geneva;\"> Hist\u00f2ria<\/span><\/p>\n<p><span style=\"font-family: verdana,geneva; color: #ff0000;\"><strong>Mat\u00e8ries de la part espec\u00edfica<\/strong><\/span><\/p>\n<p><span style=\"font-family: verdana,geneva;\">Segons la fam\u00edlia professional o cicle al qual l&#8217;alumne vol accedir, cal escollir dues mat\u00e8ries de les opcions A, B, C o D.<\/span><\/p>\n<table class=\"aligncenter\" style=\"border-color: #e01010; width: 457px; height: 32px;\" border=\"2\">\n<thead>\n<tr style=\"border-color: #e30b0b;\">\n<td style=\"border-color: #d41c1c; background-color: #d8f266; width: 500px; height: 20px; text-align: center; vertical-align: middle;\" scope=\"row\"><span style=\"font-family: verdana,geneva; color: #993300;\"><em>Atenci\u00f3: aquestes mat\u00e8ries no es cursen al nostre Centre. Es cursen a trav\u00e9s de l&#8217;IOC<br \/>\n<\/em><\/span><\/td>\n<\/tr>\n<\/thead>\n<\/table>\n<p>&nbsp;<\/p>\n<p><span style=\"font-family: verdana,geneva; color: #ff0000;\"><strong>Opcions de mat\u00e8ries de la part espec\u00edfica<\/strong><\/span><\/p>\n<table border=\"1\" width=\"510\" cellspacing=\"1\" cellpadding=\"1\">\n<tbody>\n<tr>\n<td style=\"background-color: #cf5a06;\"><strong><span style=\"font-family: verdana,geneva;\">Opci\u00f3 A<\/span><\/strong><\/td>\n<td style=\"background-color: #cf5a06;\"><strong><span style=\"font-family: verdana,geneva;\">Opci\u00f3 B<\/span><\/strong><\/td>\n<td style=\"background-color: #cf5a06;\"><strong><span style=\"font-family: verdana,geneva;\">Opci\u00f3 C<\/span><\/strong><\/td>\n<td style=\"background-color: #cf5a06;\"><strong><span style=\"font-family: verdana,geneva;\">Opci\u00f3 D<\/span><\/strong><\/td>\n<\/tr>\n<tr>\n<td><span style=\"font-family: verdana,geneva;\"><strong><strong>Mat\u00e8ries<\/strong>:<\/strong><\/span><br \/>\n<span style=\"font-family: verdana,geneva;\"> Dibuix t\u00e8cnic<\/span><br \/>\n<span style=\"font-family: verdana,geneva;\"> F\u00edsica<\/span><br \/>\n<span style=\"font-family: verdana,geneva;\"> Tecnologia industrial<\/span><\/td>\n<td><span style=\"font-family: verdana,geneva;\"><strong><strong>Mat\u00e8ries<\/strong>:<\/strong><\/span><br \/>\n<span style=\"font-family: verdana,geneva;\"> Biologia<\/span><br \/>\n<span style=\"font-family: verdana,geneva;\"> Ci\u00e8ncies de la terra i del medi ambient<\/span><br \/>\n<span style=\"font-family: verdana,geneva;\"> Qu\u00edmica<\/span><\/td>\n<td><span style=\"font-family: verdana,geneva;\"><strong><strong><strong>Mat\u00e8ries<\/strong>:<\/strong><\/strong><\/span><br \/>\n<span style=\"font-family: verdana,geneva;\"> Economia de l&#8217;empresa<\/span><br \/>\n<span style=\"font-family: verdana,geneva;\"> Geografia<\/span><br \/>\n<span style=\"font-family: verdana,geneva;\"> Psicologia i sociologia<\/span><br \/>\n<span style=\"font-family: verdana,geneva;\"> Segona llengua estrangera<\/span><\/td>\n<td><span style=\"font-family: verdana,geneva;\"><strong><strong><strong>Mat\u00e8ries<\/strong>:<\/strong><\/strong><\/span><br \/>\n<span style=\"font-family: verdana,geneva;\"> Educaci\u00f3 f\u00edsica i una de les mat\u00e8ries seg\u00fcents:<\/span><br \/>\n<span style=\"font-family: verdana,geneva;\"> Biologia<\/span><br \/>\n<span style=\"font-family: verdana,geneva;\"> Ci\u00e8ncies de la terra i del medi ambient<\/span><br \/>\n<span style=\"font-family: verdana,geneva;\"> Qu\u00edmica<\/span><\/td>\n<\/tr>\n<tr>\n<td><span style=\"font-family: verdana,geneva;\"><strong>Fam\u00edlies professionals:<\/strong><\/span><br \/>\n<span style=\"font-family: verdana,geneva;\"> Arts gr\u00e0fiques<\/span><br \/>\n<span style=\"font-family: verdana,geneva;\"> Edificaci\u00f3 i obra civil<\/span><br \/>\n<span style=\"font-family: verdana,geneva;\"> Electricitat i electr\u00f2nica<\/span><br \/>\n<span style=\"font-family: verdana,geneva;\"> Energia i aigua<\/span><br \/>\n<span style=\"font-family: verdana,geneva;\"> Fabricaci\u00f3 mec\u00e0nica<\/span><br \/>\n<span style=\"font-family: verdana,geneva;\"> Fusta, moble i suro<\/span><br \/>\n<span style=\"font-family: verdana,geneva;\"> Imatge i so<\/span><br \/>\n<span style=\"font-family: verdana,geneva;\"> Ind\u00fastries extractives<\/span><br \/>\n<span style=\"font-family: verdana,geneva;\"> Inform\u00e0tica i comunicacions<\/span><br \/>\n<span style=\"font-family: verdana,geneva;\"> Instal\u00b7laci\u00f3 i manteniment<\/span><br \/>\n<span style=\"font-family: verdana,geneva;\"> Maritimopesquera<\/span><br \/>\n<span style=\"font-family: verdana,geneva;\"> T\u00e8xtil, confecci\u00f3 i pell<\/span><br \/>\n<span style=\"font-family: verdana,geneva;\"> Transport i manteniment de vehicles<\/span><br \/>\n<span style=\"font-family: verdana,geneva;\"> Vidre i cer\u00e0mica<\/span><br \/>\n<span style=\"font-family: verdana,geneva;\"> <em>Prevenci\u00f3 de riscos professionals (CFGS)<\/em><\/span><\/td>\n<td><span style=\"font-family: verdana,geneva;\"><strong>Fam\u00edlies professionals:<\/strong><\/span><br \/>\n<span style=\"font-family: verdana,geneva;\"> Activitats f\u00edsiques i esportives<\/span><br \/>\n<span style=\"font-family: verdana,geneva;\"> Agr\u00e0ria<\/span><br \/>\n<span style=\"font-family: verdana,geneva;\"> Imatge personal<\/span><br \/>\n<span style=\"font-family: verdana,geneva;\"> Ind\u00fastries aliment\u00e0ries<\/span><br \/>\n<span style=\"font-family: verdana,geneva;\"> Qu\u00edmica<\/span><br \/>\n<span style=\"font-family: verdana,geneva;\"> Sanitat<\/span><br \/>\n<span style=\"font-family: verdana,geneva;\"> Seguretat i medi ambient<\/span><br \/>\n<span style=\"font-family: verdana,geneva;\"> Serveis socioculturals i a la comunitat<\/span><br \/>\n<span style=\"font-family: verdana,geneva;\"> <em>Prevenci\u00f3 de riscos professionals (CFGS)<\/em><\/span><\/td>\n<td><span style=\"font-family: verdana,geneva;\"><strong>Fam\u00edlies professionals:<\/strong><\/span><br \/>\n<span style=\"font-family: verdana,geneva;\"> Administraci\u00f3 i gesti\u00f3<\/span><br \/>\n<span style=\"font-family: verdana,geneva;\"> Comer\u00e7 i m\u00e0rqueting<\/span><br \/>\n<span style=\"font-family: verdana,geneva;\"> Hoteleria i turisme<\/span><br \/>\n<span style=\"font-family: verdana,geneva;\"> Inform\u00e0tica i comunicacions<\/span><br \/>\n<span style=\"font-family: verdana,geneva;\"> Serveis socioculturals i a la comunitat<\/span><br \/>\n<span style=\"font-family: verdana,geneva;\"> Seguretat i medi ambient<\/span><br \/>\n<span style=\"font-family: verdana,geneva;\"> <em>Prevenci\u00f3 de riscos professionals (CFGS)<\/em><\/span><\/td>\n<td><span style=\"font-family: verdana,geneva;\"><strong>Fam\u00edlies professionals:<\/strong><\/span><br \/>\n<span style=\"font-family: verdana,geneva;\"> Activitats f\u00edsiques i esportives<\/span><br \/>\n<span style=\"font-family: verdana,geneva;\"> Cicles d\u2019ensenyaments esportius (*)<\/span><\/td>\n<\/tr>\n<\/tbody>\n<\/table>\n<p><span style=\"font-family: verdana,geneva;\">El temari i els criteris d&#8217;avaluaci\u00f3 de cadascuna de les mat\u00e8ries s\u00f3n els que consten a l&#8217;annex 1 de la <a title=\"V\u00e9s al DOGC\" href=\"http:\/\/dogc.gencat.cat\/ca\/pdogc_canals_interns\/pdogc_resultats_fitxa\/?action=fitxa&amp;mode=single&amp;documentId=567520&amp;language=ca_ES\" target=\"_blank\" rel=\"noopener noreferrer\">Resoluci\u00f3 EDU\/3983\/2010<\/a>, de 9 de desembre.<\/span><\/p>\n<hr \/>\n<h3><span style=\"font-family: verdana,geneva; color: #993300;\">Vies d&#8217;acc\u00e9s<\/span><\/h3>\n<p><span style=\"font-family: verdana,geneva;\">Poden accedir a aquests estudis les persones que tinguin m\u00e9s de 18 anys o els compleixen durant l&#8217;any natural en qu\u00e8 s&#8217;inicia la formaci\u00f3.<\/span><\/p>\n<p><span style=\"font-family: verdana,geneva;\">Cal tenir en compte que per realitzar les proves d&#8217;acc\u00e9s als cicles formatius de grau superior s&#8217;han de tenir m\u00e9s de 19 anys o complir-los l&#8217;any natural en qu\u00e8 es realitza la prova.<\/span><\/p>\n<h6>Aqu\u00ed hi ha tot el <a href=\"https:\/\/triaeducativa.gencat.cat\/ca\/proves\/proves-acces\/fp\/fp-gs\/calendari\/\">proc\u00e9s d&#8217;inscripci\u00f3 i calendari<\/a> per les proves d&#8217;aquest any 2024.<\/h6>\n<p>&nbsp;<\/p>\n<p>&nbsp;<\/p>\n","protected":false},"excerpt":{"rendered":"<p>Descripci\u00f3 Aquests estudis preparen per presentar-se a les proves d&#8217;acc\u00e9s als cicles de grau superior de formaci\u00f3 professional, d&#8217;arts pl\u00e0stiques i disseny i d&#8217;ensenyaments esportius. L&#8217;alumnat pot preparar la part comuna de la prova, la part espec\u00edfica, o totes dues. La durada m\u00ednima per a la preparaci\u00f3 de les proves d&#8217;acc\u00e9s al grau superior \u00e9s [&hellip;]<\/p>\n","protected":false},"author":1,"featured_media":0,"parent":274,"menu_order":0,"comment_status":"closed","ping_status":"closed","template":"","meta":{"_bbp_topic_count":0,"_bbp_reply_count":0,"_bbp_total_topic_count":0,"_bbp_total_reply_count":0,"_bbp_voice_count":0,"_bbp_anonymous_reply_count":0,"_bbp_topic_count_hidden":0,"_bbp_reply_count_hidden":0,"_bbp_forum_subforum_count":0,"site-sidebar-layout":"default","site-content-layout":"","ast-site-content-layout":"","site-content-style":"default","site-sidebar-style":"default","ast-global-header-display":"","ast-banner-title-visibility":"","ast-main-header-display":"","ast-hfb-above-header-display":"","ast-hfb-below-header-display":"","ast-hfb-mobile-header-display":"","site-post-title":"","ast-breadcrumbs-content":"","ast-featured-img":"","footer-sml-layout":"","theme-transparent-header-meta":"","adv-header-id-meta":"","stick-header-meta":"","header-above-stick-meta":"","header-main-stick-meta":"","header-below-stick-meta":"","astra-migrate-meta-layouts":"default","ast-page-background-enabled":"default","ast-page-background-meta":{"desktop":{"background-color":"var(--ast-global-color-4)","background-image":"","background-repeat":"repeat","background-position":"center center","background-size":"auto","background-attachment":"scroll","background-type":"","background-media":"","overlay-type":"","overlay-color":"","overlay-opacity":"","overlay-gradient":""},"tablet":{"background-color":"","background-image":"","background-repeat":"repeat","background-position":"center center","background-size":"auto","background-attachment":"scroll","background-type":"","background-media":"","overlay-type":"","overlay-color":"","overlay-opacity":"","overlay-gradient":""},"mobile":{"background-color":"","background-image":"","background-repeat":"repeat","background-position":"center center","background-size":"auto","background-attachment":"scroll","background-type":"","background-media":"","overlay-type":"","overlay-color":"","overlay-opacity":"","overlay-gradient":""}},"ast-content-background-meta":{"desktop":{"background-color":"var(--ast-global-color-5)","background-image":"","background-repeat":"repeat","background-position":"center center","background-size":"auto","background-attachment":"scroll","background-type":"","background-media":"","overlay-type":"","overlay-color":"","overlay-opacity":"","overlay-gradient":""},"tablet":{"background-color":"var(--ast-global-color-5)","background-image":"","background-repeat":"repeat","background-position":"center center","background-size":"auto","background-attachment":"scroll","background-type":"","background-media":"","overlay-type":"","overlay-color":"","overlay-opacity":"","overlay-gradient":""},"mobile":{"background-color":"var(--ast-global-color-5)","background-image":"","background-repeat":"repeat","background-position":"center center","background-size":"auto","background-attachment":"scroll","background-type":"","background-media":"","overlay-type":"","overlay-color":"","overlay-opacity":"","overlay-gradient":""}},"footnotes":""},"class_list":["post-320","page","type-page","status-publish","hentry"],"post_mailing_queue_ids":[],"_links":{"self":[{"href":"https:\/\/agora.xtec.cat\/cfabergueda\/wp-json\/wp\/v2\/pages\/320","targetHints":{"allow":["GET"]}}],"collection":[{"href":"https:\/\/agora.xtec.cat\/cfabergueda\/wp-json\/wp\/v2\/pages"}],"about":[{"href":"https:\/\/agora.xtec.cat\/cfabergueda\/wp-json\/wp\/v2\/types\/page"}],"author":[{"embeddable":true,"href":"https:\/\/agora.xtec.cat\/cfabergueda\/wp-json\/wp\/v2\/users\/1"}],"replies":[{"embeddable":true,"href":"https:\/\/agora.xtec.cat\/cfabergueda\/wp-json\/wp\/v2\/comments?post=320"}],"version-history":[{"count":5,"href":"https:\/\/agora.xtec.cat\/cfabergueda\/wp-json\/wp\/v2\/pages\/320\/revisions"}],"predecessor-version":[{"id":1926,"href":"https:\/\/agora.xtec.cat\/cfabergueda\/wp-json\/wp\/v2\/pages\/320\/revisions\/1926"}],"up":[{"embeddable":true,"href":"https:\/\/agora.xtec.cat\/cfabergueda\/wp-json\/wp\/v2\/pages\/274"}],"wp:attachment":[{"href":"https:\/\/agora.xtec.cat\/cfabergueda\/wp-json\/wp\/v2\/media?parent=320"}],"curies":[{"name":"wp","href":"https:\/\/api.w.org\/{rel}","templated":true}]}}