{"id":316,"date":"2015-01-28T11:33:51","date_gmt":"2015-01-28T10:33:51","guid":{"rendered":"http:\/\/agora.xtec.cat\/cfabergueda\/?page_id=316"},"modified":"2024-01-05T10:42:59","modified_gmt":"2024-01-05T09:42:59","slug":"competencia-digital-competic","status":"publish","type":"page","link":"https:\/\/agora.xtec.cat\/cfabergueda\/ensenyaments\/ensenyaments-transprofessionals\/competencia-digital-competic\/","title":{"rendered":"Compet\u00e8ncia digital COMPETIC"},"content":{"rendered":"<h3><\/h3>\n<h3><span style=\"font-family: verdana,geneva; color: #993300;\">Descripci\u00f3<\/span><\/h3>\n<p><span style=\"font-family: verdana,geneva;\">Els ensenyaments d&#8217;inform\u00e0tica tenen com objectiu facilitar l&#8217;adquisici\u00f3 de la compet\u00e8ncia digital, entesa com la combinaci\u00f3 de coneixements, habilitats i actituds en l&#8217;\u00e0mbit de les tecnologies de la informaci\u00f3 i la comunicaci\u00f3 (TIC) per desenvolupar-se en la societat actual. S&#8217;imparteixen en quatre nivells: COMPETIC Inicial, 1, 2 i 3. <\/span><\/p>\n<p><span style=\"font-family: verdana,geneva;\">Els nivells de <strong>COMPETIC<\/strong> equivalen als certificats <strong><span style=\"color: #339966;\">ACTIC<\/span><\/strong>.<br \/>\n<\/span><\/p>\n<p><span style=\"font-family: verdana,geneva;\">Els diferents nivells usuari d&#8217;inform\u00e0tica (COMPETIC 1, 2 i 3) van adre\u00e7ats a persones que tenen uns coneixements b\u00e0sics del funcionament de l&#8217;ordinador, del tractament de textos, de l&#8217;\u00fas del correu electr\u00f2nic i de la cerca d&#8217;informaci\u00f3 per Internet, el civisme digital, full de c\u00e0lcul i tractament de la imatge i el so.<\/span><\/p>\n<hr \/>\n<h3><span style=\"font-family: verdana,geneva; color: #993300;\">Continguts<\/span><\/h3>\n<p><span style=\"font-family: verdana,geneva;\"><strong><span style=\"color: #ff0000;\">COMPETIC 1<\/span><br \/>\n<\/strong>Recull les tres compet\u00e8ncies del nivell b\u00e0sic de l&#8217;acreditaci\u00f3 de compet\u00e8ncies en tecnologies de la informaci\u00f3 i la comunicaci\u00f3 (ACTIC-B\u00e0sic). No recollides a la formaci\u00f3 COMPETIC INICIAL:<\/span><\/p>\n<ul>\n<li><span style=\"font-family: verdana,geneva;\">Tractament de la informaci\u00f3 num\u00e8rica.<\/span><\/li>\n<li><span style=\"font-family: verdana,geneva;\">Tractament de la informaci\u00f3 gr\u00e0fica, sonora i de la imatge en moviment.<\/span><\/li>\n<li><span style=\"font-family: verdana,geneva;\">Cultura, participaci\u00f3 i civisme digital.<\/span><\/li>\n<\/ul>\n<p><span style=\"font-family: verdana,geneva;\"><strong><span style=\"color: #ff0000;\">COMPETIC 2<\/span><br \/>\n<\/strong>Recull les vuit compet\u00e8ncies del nivell mitj\u00e0 de l&#8217;acreditaci\u00f3 de compet\u00e8ncies en tecnologies de la informaci\u00f3 i la comunicaci\u00f3 (ACTIC- Mitj\u00e0):<\/span><\/p>\n<ul>\n<li><span style=\"font-family: verdana,geneva;\">Cultura, participaci\u00f3 i civisme digital.<\/span><\/li>\n<li><span style=\"font-family: verdana,geneva;\">Tecnologia digital, \u00fas de l&#8217;ordinador i del sistema operatiu.<\/span><\/li>\n<li><span style=\"font-family: verdana,geneva;\">Navegaci\u00f3 i comunicaci\u00f3 en el m\u00f3n digital.<\/span><\/li>\n<li><span style=\"font-family: verdana,geneva;\">Tractament de la informaci\u00f3 escrita.<\/span><\/li>\n<li><span style=\"font-family: verdana,geneva;\">Tractament de la informaci\u00f3 gr\u00e0fica, sonora i de la imatge en moviment.<\/span><\/li>\n<li><span style=\"font-family: verdana,geneva;\">Tractament de la informaci\u00f3 num\u00e8rica.<\/span><\/li>\n<li><span style=\"font-family: verdana,geneva;\">Tractament de les dades.<\/span><\/li>\n<li><span style=\"font-family: verdana,geneva;\">Presentaci\u00f3 de continguts.<\/span><\/li>\n<\/ul>\n<p><span style=\"font-family: verdana,geneva; color: #ff0000;\"><strong>COMPETIC 3<\/strong><\/span><br \/>\n<span style=\"font-family: verdana,geneva;\"> Recull les cinc compet\u00e8ncies del nivell avan\u00e7at de l&#8217;acreditaci\u00f3 de compet\u00e8ncies en tecnologies de la informaci\u00f3 i la comunicaci\u00f3 (ACTIC- Avan\u00e7at):<\/span><\/p>\n<ul>\n<li><span style=\"font-family: verdana,geneva;\">Tractament de la informaci\u00f3 escrita.<\/span><\/li>\n<li><span style=\"font-family: verdana,geneva;\">Tractament de la informaci\u00f3 gr\u00e0fica, sonora i de la imatge en moviment.<\/span><\/li>\n<li><span style=\"font-family: verdana,geneva;\">Tractament de la informaci\u00f3 num\u00e8rica.<\/span><\/li>\n<li><span style=\"font-family: verdana,geneva;\">Tractament de les dades.<\/span><\/li>\n<li><span style=\"font-family: verdana,geneva;\">Presentaci\u00f3 de continguts.<\/span><\/li>\n<\/ul>\n<hr \/>\n<div class=\"bulletsGenerals\">\n<h3><span style=\"font-family: verdana,geneva; color: #993300;\">Vies d&#8217;acc\u00e9s<\/span><\/h3>\n<p><span style=\"font-family: verdana,geneva;\">Poden accedir a aquests estudis les persones m\u00e9s grans de 18 anys i les que els compleixen durant l&#8217;any natural en qu\u00e8 s&#8217;inicia la formaci\u00f3.<\/span><\/p>\n<p><a href=\"http:\/\/ateneu.xtec.cat\/wikiform\/wikiexport\/pas\/actic\/index\" target=\"_blank\" rel=\"noopener\">Enlla\u00e7 als materials<\/a><\/p>\n<\/div>\n<p>&nbsp;<\/p>\n<p>&nbsp;<\/p>\n","protected":false},"excerpt":{"rendered":"<p>Descripci\u00f3 Els ensenyaments d&#8217;inform\u00e0tica tenen com objectiu facilitar l&#8217;adquisici\u00f3 de la compet\u00e8ncia digital, entesa com la combinaci\u00f3 de coneixements, habilitats i actituds en l&#8217;\u00e0mbit de les tecnologies de la informaci\u00f3 i la comunicaci\u00f3 (TIC) per desenvolupar-se en la societat actual. S&#8217;imparteixen en quatre nivells: COMPETIC Inicial, 1, 2 i 3. Els nivells de COMPETIC equivalen [&hellip;]<\/p>\n","protected":false},"author":1,"featured_media":0,"parent":286,"menu_order":0,"comment_status":"closed","ping_status":"closed","template":"page-templates\/side-menu.php","meta":{"_bbp_topic_count":0,"_bbp_reply_count":0,"_bbp_total_topic_count":0,"_bbp_total_reply_count":0,"_bbp_voice_count":0,"_bbp_anonymous_reply_count":0,"_bbp_topic_count_hidden":0,"_bbp_reply_count_hidden":0,"_bbp_forum_subforum_count":0,"site-sidebar-layout":"default","site-content-layout":"","ast-site-content-layout":"","site-content-style":"default","site-sidebar-style":"default","ast-global-header-display":"","ast-banner-title-visibility":"","ast-main-header-display":"","ast-hfb-above-header-display":"","ast-hfb-below-header-display":"","ast-hfb-mobile-header-display":"","site-post-title":"","ast-breadcrumbs-content":"","ast-featured-img":"","footer-sml-layout":"","theme-transparent-header-meta":"","adv-header-id-meta":"","stick-header-meta":"","header-above-stick-meta":"","header-main-stick-meta":"","header-below-stick-meta":"","astra-migrate-meta-layouts":"default","ast-page-background-enabled":"default","ast-page-background-meta":{"desktop":{"background-color":"var(--ast-global-color-4)","background-image":"","background-repeat":"repeat","background-position":"center center","background-size":"auto","background-attachment":"scroll","background-type":"","background-media":"","overlay-type":"","overlay-color":"","overlay-opacity":"","overlay-gradient":""},"tablet":{"background-color":"","background-image":"","background-repeat":"repeat","background-position":"center center","background-size":"auto","background-attachment":"scroll","background-type":"","background-media":"","overlay-type":"","overlay-color":"","overlay-opacity":"","overlay-gradient":""},"mobile":{"background-color":"","background-image":"","background-repeat":"repeat","background-position":"center center","background-size":"auto","background-attachment":"scroll","background-type":"","background-media":"","overlay-type":"","overlay-color":"","overlay-opacity":"","overlay-gradient":""}},"ast-content-background-meta":{"desktop":{"background-color":"var(--ast-global-color-5)","background-image":"","background-repeat":"repeat","background-position":"center center","background-size":"auto","background-attachment":"scroll","background-type":"","background-media":"","overlay-type":"","overlay-color":"","overlay-opacity":"","overlay-gradient":""},"tablet":{"background-color":"var(--ast-global-color-5)","background-image":"","background-repeat":"repeat","background-position":"center center","background-size":"auto","background-attachment":"scroll","background-type":"","background-media":"","overlay-type":"","overlay-color":"","overlay-opacity":"","overlay-gradient":""},"mobile":{"background-color":"var(--ast-global-color-5)","background-image":"","background-repeat":"repeat","background-position":"center center","background-size":"auto","background-attachment":"scroll","background-type":"","background-media":"","overlay-type":"","overlay-color":"","overlay-opacity":"","overlay-gradient":""}},"footnotes":""},"class_list":["post-316","page","type-page","status-publish","hentry"],"post_mailing_queue_ids":[],"_links":{"self":[{"href":"https:\/\/agora.xtec.cat\/cfabergueda\/wp-json\/wp\/v2\/pages\/316","targetHints":{"allow":["GET"]}}],"collection":[{"href":"https:\/\/agora.xtec.cat\/cfabergueda\/wp-json\/wp\/v2\/pages"}],"about":[{"href":"https:\/\/agora.xtec.cat\/cfabergueda\/wp-json\/wp\/v2\/types\/page"}],"author":[{"embeddable":true,"href":"https:\/\/agora.xtec.cat\/cfabergueda\/wp-json\/wp\/v2\/users\/1"}],"replies":[{"embeddable":true,"href":"https:\/\/agora.xtec.cat\/cfabergueda\/wp-json\/wp\/v2\/comments?post=316"}],"version-history":[{"count":4,"href":"https:\/\/agora.xtec.cat\/cfabergueda\/wp-json\/wp\/v2\/pages\/316\/revisions"}],"predecessor-version":[{"id":1883,"href":"https:\/\/agora.xtec.cat\/cfabergueda\/wp-json\/wp\/v2\/pages\/316\/revisions\/1883"}],"up":[{"embeddable":true,"href":"https:\/\/agora.xtec.cat\/cfabergueda\/wp-json\/wp\/v2\/pages\/286"}],"wp:attachment":[{"href":"https:\/\/agora.xtec.cat\/cfabergueda\/wp-json\/wp\/v2\/media?parent=316"}],"curies":[{"name":"wp","href":"https:\/\/api.w.org\/{rel}","templated":true}]}}