{"id":27,"date":"2014-09-17T16:24:03","date_gmt":"2014-09-17T16:24:03","guid":{"rendered":"http:\/\/agora.xtec.cat\/cfabergueda\/?page_id=27"},"modified":"2016-11-28T09:57:22","modified_gmt":"2016-11-28T08:57:22","slug":"historia","status":"publish","type":"page","link":"https:\/\/agora.xtec.cat\/cfabergueda\/el-centre\/historia\/","title":{"rendered":"Hist\u00f2ria"},"content":{"rendered":"<p><strong>Al Bergued\u00e0, la formaci\u00f3 d\u2019adults<\/strong> compta amb el bagatge de m\u00e9s de tres d\u00e8cades d\u2019hist\u00f2ria en el transcurs de les quals s\u2019ha canviat d\u2019empla\u00e7ament (Pla\u00e7a del Dr. Sal\u00f3, Passeig de la Pau) i s\u2019ha anat ampliant l\u2019oferta formativa per tal de satisfer les necessitats de la poblaci\u00f3.<br \/>\nA partir del curs 2014-2015 l\u2019escola d\u2019adults de Berga ha canviat de denominaci\u00f3 i d\u2019empla\u00e7ament. Actualment, est\u00e0 ubicada a l\u2019edifici de l\u2019INS Guillem de Bergued\u00e0 i ha passat d\u2019aula a centre amb el nom de CFA Bergued\u00e0. Per tant \u00e9s a partir del curs 2014-2015 que el centre comen\u00e7a una nova etapa.<\/p>\n<p><strong>L\u2019educaci\u00f3 d\u2019adults compr\u00e8n<\/strong> les activitats d\u2019aprenentatge que, en el marc de la formaci\u00f3 al llarg de tota la vida, permet que les persones adultes desenvolupin les capacitats, enriqueixin els coneixements i millorin les compet\u00e8ncies t\u00e8cniques i professionals. Aix\u00f2 fa que hi participin persones amb objectius diferents, com poden ser obtenir una titulaci\u00f3, posar-se al dia o ampliar els coneixements. Amb car\u00e0cter general hi poden accedir les persones que hagin complert 18 anys o b\u00e9 que els compleixin durant l\u2019any natural en qu\u00e8 s\u2019inicia la formaci\u00f3.<\/p>\n","protected":false},"excerpt":{"rendered":"<p>Al Bergued\u00e0, la formaci\u00f3 d\u2019adults compta amb el bagatge de m\u00e9s de tres d\u00e8cades d\u2019hist\u00f2ria en el transcurs de les quals s\u2019ha canviat d\u2019empla\u00e7ament (Pla\u00e7a del Dr. Sal\u00f3, Passeig de la Pau) i s\u2019ha anat ampliant l\u2019oferta formativa per tal de satisfer les necessitats de la poblaci\u00f3. A partir del curs 2014-2015 l\u2019escola d\u2019adults de [&hellip;]<\/p>\n","protected":false},"author":1,"featured_media":0,"parent":261,"menu_order":20,"comment_status":"closed","ping_status":"closed","template":"page-templates\/side-menu.php","meta":{"_bbp_topic_count":0,"_bbp_reply_count":0,"_bbp_total_topic_count":0,"_bbp_total_reply_count":0,"_bbp_voice_count":0,"_bbp_anonymous_reply_count":0,"_bbp_topic_count_hidden":0,"_bbp_reply_count_hidden":0,"_bbp_forum_subforum_count":0,"site-sidebar-layout":"default","site-content-layout":"","ast-site-content-layout":"","site-content-style":"default","site-sidebar-style":"default","ast-global-header-display":"","ast-banner-title-visibility":"","ast-main-header-display":"","ast-hfb-above-header-display":"","ast-hfb-below-header-display":"","ast-hfb-mobile-header-display":"","site-post-title":"","ast-breadcrumbs-content":"","ast-featured-img":"","footer-sml-layout":"","theme-transparent-header-meta":"","adv-header-id-meta":"","stick-header-meta":"","header-above-stick-meta":"","header-main-stick-meta":"","header-below-stick-meta":"","astra-migrate-meta-layouts":"default","ast-page-background-enabled":"default","ast-page-background-meta":{"desktop":{"background-color":"var(--ast-global-color-4)","background-image":"","background-repeat":"repeat","background-position":"center center","background-size":"auto","background-attachment":"scroll","background-type":"","background-media":"","overlay-type":"","overlay-color":"","overlay-opacity":"","overlay-gradient":""},"tablet":{"background-color":"","background-image":"","background-repeat":"repeat","background-position":"center center","background-size":"auto","background-attachment":"scroll","background-type":"","background-media":"","overlay-type":"","overlay-color":"","overlay-opacity":"","overlay-gradient":""},"mobile":{"background-color":"","background-image":"","background-repeat":"repeat","background-position":"center center","background-size":"auto","background-attachment":"scroll","background-type":"","background-media":"","overlay-type":"","overlay-color":"","overlay-opacity":"","overlay-gradient":""}},"ast-content-background-meta":{"desktop":{"background-color":"var(--ast-global-color-5)","background-image":"","background-repeat":"repeat","background-position":"center center","background-size":"auto","background-attachment":"scroll","background-type":"","background-media":"","overlay-type":"","overlay-color":"","overlay-opacity":"","overlay-gradient":""},"tablet":{"background-color":"var(--ast-global-color-5)","background-image":"","background-repeat":"repeat","background-position":"center center","background-size":"auto","background-attachment":"scroll","background-type":"","background-media":"","overlay-type":"","overlay-color":"","overlay-opacity":"","overlay-gradient":""},"mobile":{"background-color":"var(--ast-global-color-5)","background-image":"","background-repeat":"repeat","background-position":"center center","background-size":"auto","background-attachment":"scroll","background-type":"","background-media":"","overlay-type":"","overlay-color":"","overlay-opacity":"","overlay-gradient":""}},"footnotes":""},"class_list":["post-27","page","type-page","status-publish","hentry"],"post_mailing_queue_ids":[],"_links":{"self":[{"href":"https:\/\/agora.xtec.cat\/cfabergueda\/wp-json\/wp\/v2\/pages\/27","targetHints":{"allow":["GET"]}}],"collection":[{"href":"https:\/\/agora.xtec.cat\/cfabergueda\/wp-json\/wp\/v2\/pages"}],"about":[{"href":"https:\/\/agora.xtec.cat\/cfabergueda\/wp-json\/wp\/v2\/types\/page"}],"author":[{"embeddable":true,"href":"https:\/\/agora.xtec.cat\/cfabergueda\/wp-json\/wp\/v2\/users\/1"}],"replies":[{"embeddable":true,"href":"https:\/\/agora.xtec.cat\/cfabergueda\/wp-json\/wp\/v2\/comments?post=27"}],"version-history":[{"count":3,"href":"https:\/\/agora.xtec.cat\/cfabergueda\/wp-json\/wp\/v2\/pages\/27\/revisions"}],"predecessor-version":[{"id":437,"href":"https:\/\/agora.xtec.cat\/cfabergueda\/wp-json\/wp\/v2\/pages\/27\/revisions\/437"}],"up":[{"embeddable":true,"href":"https:\/\/agora.xtec.cat\/cfabergueda\/wp-json\/wp\/v2\/pages\/261"}],"wp:attachment":[{"href":"https:\/\/agora.xtec.cat\/cfabergueda\/wp-json\/wp\/v2\/media?parent=27"}],"curies":[{"name":"wp","href":"https:\/\/api.w.org\/{rel}","templated":true}]}}