{"id":2327,"date":"2026-02-23T10:28:57","date_gmt":"2026-02-23T09:28:57","guid":{"rendered":"https:\/\/agora.xtec.cat\/cfabergueda\/?page_id=2327"},"modified":"2026-02-23T10:48:06","modified_gmt":"2026-02-23T09:48:06","slug":"ensenyaments-2","status":"publish","type":"page","link":"https:\/\/agora.xtec.cat\/cfabergueda\/ensenyaments-2\/","title":{"rendered":"Ensenyaments"},"content":{"rendered":"<p><iframe loading=\"lazy\" src=\"https:\/\/www.youtube.com\/embed\/NmrtsxBJiYI?start=139\" width=\"560\" height=\"315\" frameborder=\"0\" allowfullscreen=\"allowfullscreen\" data-mce-fragment=\"1\"><\/iframe><\/p>\n<h4><a href=\"https:\/\/agora.xtec.cat\/cfabergueda\/ensenyaments\/ensenyaments-inicials-i-formacio-basica\/\">Ensenyaments inicials i formaci\u00f3 b\u00e0sica<\/a><\/h4>\n<ul>\n<li>Formaci\u00f3 instrumental Nivell 1 i 2<\/li>\n<li>Catal\u00e0 A1<\/li>\n<li>Catal\u00e0 A2<\/li>\n<li>Castell\u00e0 A2<\/li>\n<li>Graduat en educaci\u00f3 secund\u00e0ria per a persones adultes (GESO)<\/li>\n<\/ul>\n<h4><a href=\"https:\/\/agora.xtec.cat\/cfabergueda\/ensenyaments\/ensenyaments-transprofessionals\/\">Ensenyaments transprofessionals<\/a><\/h4>\n<ul>\n<li>Llengua anglesa (1,2 i 3)<\/li>\n<li>Compet\u00e8ncia digital COMPETIC (1,2, i 3)<\/li>\n<\/ul>\n<h4><a href=\"https:\/\/agora.xtec.cat\/cfabergueda\/ensenyaments\/ensenyaments-per-a-la-preparacio-de-proves-dacces\/\">Ensenyament per a la preparaci\u00f3 de proves d\u2019acc\u00e9s<\/a><\/h4>\n<ul>\n<li>A cicles formatius de grau superior<\/li>\n<li>A la universitat per a majors de 25 i 45 anys<\/li>\n<\/ul>\n","protected":false},"excerpt":{"rendered":"<p>Ensenyaments inicials i formaci\u00f3 b\u00e0sica Formaci\u00f3 instrumental Nivell 1 i 2 Catal\u00e0 A1 Catal\u00e0 A2 Castell\u00e0 A2 Graduat en educaci\u00f3 secund\u00e0ria per a persones adultes (GESO) Ensenyaments transprofessionals Llengua anglesa (1,2 i 3) Compet\u00e8ncia digital COMPETIC (1,2, i 3) Ensenyament per a la preparaci\u00f3 de proves d\u2019acc\u00e9s A cicles formatius de grau superior A la [&hellip;]<\/p>\n","protected":false},"author":1,"featured_media":0,"parent":0,"menu_order":0,"comment_status":"closed","ping_status":"closed","template":"","meta":{"_bbp_topic_count":0,"_bbp_reply_count":0,"_bbp_total_topic_count":0,"_bbp_total_reply_count":0,"_bbp_voice_count":0,"_bbp_anonymous_reply_count":0,"_bbp_topic_count_hidden":0,"_bbp_reply_count_hidden":0,"_bbp_forum_subforum_count":0,"site-sidebar-layout":"default","site-content-layout":"","ast-site-content-layout":"default","site-content-style":"default","site-sidebar-style":"default","ast-global-header-display":"","ast-banner-title-visibility":"","ast-main-header-display":"","ast-hfb-above-header-display":"","ast-hfb-below-header-display":"","ast-hfb-mobile-header-display":"","site-post-title":"","ast-breadcrumbs-content":"","ast-featured-img":"","footer-sml-layout":"","theme-transparent-header-meta":"default","adv-header-id-meta":"","stick-header-meta":"","header-above-stick-meta":"","header-main-stick-meta":"","header-below-stick-meta":"","astra-migrate-meta-layouts":"set","ast-page-background-enabled":"default","ast-page-background-meta":{"desktop":{"background-color":"var(--ast-global-color-4)","background-image":"","background-repeat":"repeat","background-position":"center center","background-size":"auto","background-attachment":"scroll","background-type":"","background-media":"","overlay-type":"","overlay-color":"","overlay-opacity":"","overlay-gradient":""},"tablet":{"background-color":"","background-image":"","background-repeat":"repeat","background-position":"center center","background-size":"auto","background-attachment":"scroll","background-type":"","background-media":"","overlay-type":"","overlay-color":"","overlay-opacity":"","overlay-gradient":""},"mobile":{"background-color":"","background-image":"","background-repeat":"repeat","background-position":"center center","background-size":"auto","background-attachment":"scroll","background-type":"","background-media":"","overlay-type":"","overlay-color":"","overlay-opacity":"","overlay-gradient":""}},"ast-content-background-meta":{"desktop":{"background-color":"var(--ast-global-color-5)","background-image":"","background-repeat":"repeat","background-position":"center center","background-size":"auto","background-attachment":"scroll","background-type":"","background-media":"","overlay-type":"","overlay-color":"","overlay-opacity":"","overlay-gradient":""},"tablet":{"background-color":"var(--ast-global-color-5)","background-image":"","background-repeat":"repeat","background-position":"center center","background-size":"auto","background-attachment":"scroll","background-type":"","background-media":"","overlay-type":"","overlay-color":"","overlay-opacity":"","overlay-gradient":""},"mobile":{"background-color":"var(--ast-global-color-5)","background-image":"","background-repeat":"repeat","background-position":"center center","background-size":"auto","background-attachment":"scroll","background-type":"","background-media":"","overlay-type":"","overlay-color":"","overlay-opacity":"","overlay-gradient":""}},"footnotes":""},"class_list":["post-2327","page","type-page","status-publish","hentry"],"post_mailing_queue_ids":[],"_links":{"self":[{"href":"https:\/\/agora.xtec.cat\/cfabergueda\/wp-json\/wp\/v2\/pages\/2327","targetHints":{"allow":["GET"]}}],"collection":[{"href":"https:\/\/agora.xtec.cat\/cfabergueda\/wp-json\/wp\/v2\/pages"}],"about":[{"href":"https:\/\/agora.xtec.cat\/cfabergueda\/wp-json\/wp\/v2\/types\/page"}],"author":[{"embeddable":true,"href":"https:\/\/agora.xtec.cat\/cfabergueda\/wp-json\/wp\/v2\/users\/1"}],"replies":[{"embeddable":true,"href":"https:\/\/agora.xtec.cat\/cfabergueda\/wp-json\/wp\/v2\/comments?post=2327"}],"version-history":[{"count":2,"href":"https:\/\/agora.xtec.cat\/cfabergueda\/wp-json\/wp\/v2\/pages\/2327\/revisions"}],"predecessor-version":[{"id":2337,"href":"https:\/\/agora.xtec.cat\/cfabergueda\/wp-json\/wp\/v2\/pages\/2327\/revisions\/2337"}],"wp:attachment":[{"href":"https:\/\/agora.xtec.cat\/cfabergueda\/wp-json\/wp\/v2\/media?parent=2327"}],"curies":[{"name":"wp","href":"https:\/\/api.w.org\/{rel}","templated":true}]}}