{"id":80,"date":"2026-04-07T09:00:39","date_gmt":"2026-04-07T07:00:39","guid":{"rendered":"http:\/\/cfabellavista.org\/?page_id=80"},"modified":"2026-04-07T19:29:20","modified_gmt":"2026-04-07T17:29:20","slug":"informatica","status":"publish","type":"page","link":"https:\/\/agora.xtec.cat\/cfabellavista\/els-nostres-cursos\/informatica\/","title":{"rendered":"Inform\u00e0tica COMPETIC"},"content":{"rendered":"<p>La certificaci\u00f3 d&#8217;aquests cursos comporta m\u00e8rits per l&#8217;acc\u00e9s a la funci\u00f3 p\u00fablica.<\/p>\n<h4>COMPETIC inicial i COMPETIC 1<\/h4>\n<p>Equivalent a l\u2019<strong>ACTIC inicial<\/strong>.<\/p>\n<p class=\"isSelectedEnd\">En aquest nivell es treballa l\u2019\u00fas b\u00e0sic de diferents eines digitals, com ara el <strong>processador de textos LibreOffice Writer<\/strong>, el <strong>full de c\u00e0lcul LibreOffice Calc<\/strong>, el <strong>correu electr\u00f2nic Gmail<\/strong> i el treball al n\u00favol amb <strong>Drive<\/strong>.<\/p>\n<p>\u00c9s un curs de <strong>105 hores<\/strong>, amb assist\u00e8ncia de <strong>dos dies a la setmana<\/strong> i un total de <strong>3 hores setmanals<\/strong>.<br \/>\nLa modalitat \u00e9s <strong>presencial<\/strong>.<\/p>\n<h4>COMPETIC 2<\/h4>\n<p>Equivalent a l\u2019<strong>ACTIC mitj\u00e0<\/strong>.<\/p>\n<p class=\"isSelectedEnd\">Els continguts del curs estan organitzats en m\u00f2duls de treball, amb un total de <strong>140 hores lectives<\/strong> al llarg d\u2019un curs escolar.<\/p>\n<p>La modalitat \u00e9s <strong>semipresencial<\/strong>. Aix\u00f2 vol dir que hi ha <strong>un dia a la setmana d\u2019assist\u00e8ncia al centre<\/strong>, en qu\u00e8 es fa seguiment del curs i s\u2019ofereix <strong>suport presencial per a la realitzaci\u00f3 de les tasques<\/strong>. La resta del treball es fa de manera <strong>aut\u00f2noma i as\u00edncrona<\/strong>, a partir dels <strong>materials i activitats disponibles a l\u2019aula virtual<\/strong>. El temps de dedicaci\u00f3 fora del centre <strong>pot variar segons el ritme i la situaci\u00f3 personal de cada alumne\/a<\/strong>.<\/p>\n<p>En aquest nivell es treballen totes les compet\u00e8ncies digitals:<br \/>\nC1. Cultura, participaci\u00f3 i civisme digital<br \/>\nC2. Tecnologia digital, \u00fas de l\u2019ordinador i del sistema operatiu<br \/>\nC3. Navegaci\u00f3 i comunicaci\u00f3 en el m\u00f3n digital<br \/>\nC4. Tractament de la informaci\u00f3 escrita<br \/>\nC5. Tractament de la informaci\u00f3 gr\u00e0fica, sonora i de la imatge en moviment<br \/>\nC6. Tractament de la informaci\u00f3 num\u00e8rica<br \/>\nC7. Tractament de les dades<br \/>\nC8. Presentaci\u00f3 de continguts<\/p>\n<h4>COMPETIC 3<\/h4>\n<p>Equivalent a l\u2019<strong>ACTIC avan\u00e7at<\/strong>.<\/p>\n<p class=\"isSelectedEnd\">Per accedir-hi, cal disposar del certificat de <strong>COMPETIC 2<\/strong> o b\u00e9 de l\u2019<strong>ACTIC mitj\u00e0<\/strong>.<\/p>\n<p class=\"isSelectedEnd\">\u00c9s un curs de <strong>105 hores<\/strong>. La modalitat tamb\u00e9 \u00e9s <strong>semipresencial<\/strong>: hi ha <strong>un dia a la setmana de suport presencial<\/strong>, i la resta del treball es fa de forma <strong>aut\u00f2noma i as\u00edncrona<\/strong> amb els materials de l\u2019<strong>aula virtual<\/strong>. Igual que a COMPETIC 2, el temps de dedicaci\u00f3 fora del centre <strong>dep\u00e8n de cada cas individual<\/strong>.<\/p>\n<p class=\"isSelectedEnd\">Durant el curs es treballen les compet\u00e8ncies seg\u00fcents:<\/p>\n<ul data-spread=\"false\">\n<li><strong>Primer trimestre:<\/strong> C4. Tractament de la informaci\u00f3 escrita<\/li>\n<li><strong>Segon trimestre:<\/strong> C6. Tractament de la informaci\u00f3 num\u00e8rica<\/li>\n<li><strong>Tercer trimestre:<\/strong> C8. Presentaci\u00f3 de continguts<\/li>\n<\/ul>\n<p class=\"isSelectedEnd\">Cal tenir en compte que la <strong>certificaci\u00f3 d\u2019aquests cursos comporta m\u00e8rits per a l\u2019acc\u00e9s a la funci\u00f3 p\u00fablica<\/strong>.<\/p>\n<p class=\"isSelectedEnd\">Pel que fa a l\u2019<strong>avaluaci\u00f3<\/strong>, les activitats representen el <strong>60 % de la nota<\/strong> i el <strong>projecte final el 40 %<\/strong>, amb un <strong>m\u00ednim de 6<\/strong> en el projecte final.<\/p>\n<p class=\"isSelectedEnd\">L\u2019alumnat disposa de l\u2019<strong>Aula Virtual Moodle del centre<\/strong>, on trobar\u00e0 els materials necessaris per seguir el curs.<\/p>\n<p>Per a qualsevol consulta o per demanar cita pr\u00e8via, pots trucar al centre.<\/p>\n<h4>M\u00e9s informaci\u00f3<\/h4>\n<p><a href=\"https:\/\/projectes.xtec.cat\/xarxadults\/ensenyaments\/nivells\/\">https:\/\/projectes.xtec.cat\/xarxadults\/ensenyaments\/nivells\/<\/a><\/p>\n","protected":false},"excerpt":{"rendered":"<p>La certificaci\u00f3 d&#8217;aquests cursos comporta m\u00e8rits per l&#8217;acc\u00e9s a la funci\u00f3 p\u00fablica.<br \/>\nCOMPETIC inicial i COMPETIC 1<br \/>\nEquivalent a l\u2019ACTIC inicial.<br \/>\nEn aquest nivell es treballa l\u2019\u00fas b\u00e0sic de diferents eines digitals, com ara el processador de textos LibreOffice Writer, el full de c\u00e0lcul LibreOffice Calc, el correu&hellip;  <a href=\"https:\/\/agora.xtec.cat\/cfabellavista\/els-nostres-cursos\/informatica\/\" title=\"Read Inform\u00e0tica COMPETIC\">Llegeix m\u00e9s\u00bb<\/a><\/p>\n","protected":false},"author":1,"featured_media":0,"parent":646,"menu_order":0,"comment_status":"closed","ping_status":"closed","template":"page-templates\/side-menu.php","meta":{"_bbp_topic_count":0,"_bbp_reply_count":0,"_bbp_total_topic_count":0,"_bbp_total_reply_count":0,"_bbp_voice_count":0,"_bbp_anonymous_reply_count":0,"_bbp_topic_count_hidden":0,"_bbp_reply_count_hidden":0,"_bbp_forum_subforum_count":0,"footnotes":""},"class_list":["post-80","page","type-page","status-publish","hentry"],"post_mailing_queue_ids":[],"_links":{"self":[{"href":"https:\/\/agora.xtec.cat\/cfabellavista\/wp-json\/wp\/v2\/pages\/80","targetHints":{"allow":["GET"]}}],"collection":[{"href":"https:\/\/agora.xtec.cat\/cfabellavista\/wp-json\/wp\/v2\/pages"}],"about":[{"href":"https:\/\/agora.xtec.cat\/cfabellavista\/wp-json\/wp\/v2\/types\/page"}],"author":[{"embeddable":true,"href":"https:\/\/agora.xtec.cat\/cfabellavista\/wp-json\/wp\/v2\/users\/1"}],"replies":[{"embeddable":true,"href":"https:\/\/agora.xtec.cat\/cfabellavista\/wp-json\/wp\/v2\/comments?post=80"}],"version-history":[{"count":6,"href":"https:\/\/agora.xtec.cat\/cfabellavista\/wp-json\/wp\/v2\/pages\/80\/revisions"}],"predecessor-version":[{"id":2985,"href":"https:\/\/agora.xtec.cat\/cfabellavista\/wp-json\/wp\/v2\/pages\/80\/revisions\/2985"}],"up":[{"embeddable":true,"href":"https:\/\/agora.xtec.cat\/cfabellavista\/wp-json\/wp\/v2\/pages\/646"}],"wp:attachment":[{"href":"https:\/\/agora.xtec.cat\/cfabellavista\/wp-json\/wp\/v2\/media?parent=80"}],"curies":[{"name":"wp","href":"https:\/\/api.w.org\/{rel}","templated":true}]}}