{"id":48,"date":"2022-07-26T08:55:19","date_gmt":"2022-07-26T06:55:19","guid":{"rendered":"http:\/\/cfabellavista.org\/?page_id=48"},"modified":"2026-04-13T19:44:44","modified_gmt":"2026-04-13T17:44:44","slug":"ioc","status":"publish","type":"page","link":"https:\/\/agora.xtec.cat\/cfabellavista\/els-nostres-cursos\/ioc\/","title":{"rendered":"Graduat en ESO a dist\u00e0ncia. IOC Centre suport."},"content":{"rendered":"<p>Aquest curs es fa <strong>a dist\u00e0ncia<\/strong>. Aquest \u00e9s un fet clau, ja que et permetr\u00e0 estudiar de forma flexible, al teu ritme, adaptant els teus estudis al teu horari laboral, a la teva situaci\u00f3 personal i\/o a les teves responsabilitats<em>. <\/em>Nom\u00e9s anir\u00e0s al centre per temes d&#8217;ex\u00e0mens, tutories i\/o portar\/demanar documentaci\u00f3.<\/p>\n<h4><span style=\"color: #ff6600;\"><span style=\"color: #000000;\">Matr\u00edcula nou alumnat<\/span><br \/>\n<\/span><\/h4>\n<ol>\n<li>Fes la<strong> preinscripci\u00f3 on line a <a href=\"https:\/\/ioc.xtec.cat\/educacio\/ges#matricula\">l&#8217;IOC.<\/a> <\/strong>Omple les teves dades i puja la documentaci\u00f3 escanejada.<\/li>\n<li>Truca&#8217;ns <strong>(abans del termini)<\/strong> i demana&#8217;ns <span style=\"color: #ff0000;\"><strong>cita pr\u00e8via<\/strong> <\/span>et farem una entrevista i validarem la documentaci\u00f3 original.<\/li>\n<li><strong>RECORDA: Abans del termini de matr\u00edcula<\/strong>, cal trucar al centre Bellavista <strong><span class=\"LrzXr zdqRlf kno-fv\">938 40 26 53<\/span><\/strong> o b\u00e9 enviar un correu electr\u00f2nic:<span style=\"color: #0000ff;\"><em> iocbellavista1@gmail.com\u00a0<\/em><\/span><\/li>\n<li><strong>Horari d&#8217;informaci\u00f3:<\/strong> <a href=\"https:\/\/agora.xtec.cat\/cfabellavista\/secretaria\/on-som\/\">enlla\u00e7<\/a><\/li>\n<\/ol>\n<table style=\"width: 31.9392%; border-collapse: collapse; background-color: #b5e6e8; height: 263px;\">\n<tbody>\n<tr style=\"height: 80px; background-color: #1057ad;\">\n<td style=\"width: 2.03252%; height: 48px;\">\n<h5><span style=\"color: #ffffff;\"><strong>Trimestre<\/strong><\/span><\/h5>\n<\/td>\n<td style=\"width: 2.03252%; height: 48px;\">\n<h5><span style=\"color: #ffffff;\"><strong>Preinscripci\u00f3 a la web IOC. TELEM\u00c0TIC.<\/strong><\/span><\/h5>\n<h5><span style=\"color: #ffffff;\"><a style=\"color: #ffffff;\" href=\"https:\/\/ioc.xtec.cat\/educacio\/ges\">https:\/\/ioc.xtec.cat\/educacio\/ges<\/a><\/span><\/h5>\n<\/td>\n<td style=\"width: 2.03252%; height: 48px;\">\n<h5><span style=\"color: #ffffff;\"><strong>Xerrades informatives i presentaci\u00f3 de la documentaci\u00f3. <\/strong><\/span><\/h5>\n<h5><span style=\"color: #ffffff;\"><strong>Cal demanar cita al CFA Bellavista. PRESENCIAL<\/strong><\/span><\/h5>\n<\/td>\n<\/tr>\n<tr style=\"height: 65px;\">\n<td style=\"width: 2.03252%; height: 65px;\">Trimestre de tardor 2025<\/td>\n<td style=\"width: 2.03252%; height: 65px;\"><b>Alumnat nou i antic:<\/b> del 2 al 8 de setembre de 2025<\/td>\n<td style=\"width: 2.03252%; height: 65px;\">Dues sessions. (preferentment evitar esperar a l&#8217;\u00faltim dia)<\/td>\n<\/tr>\n<tr style=\"height: 123px;\">\n<td style=\"width: 2.03252%; height: 75px;\">Trimestre d&#8217;hivern del 2025<\/td>\n<td style=\"width: 2.03252%; height: 75px;\"><b>Alumnat nou: <\/b>del 3 al 7 de novembre de 2025<\/p>\n<p><b>Alumnat antic: <\/b>del 9 al 17 de desembre de 2025<\/td>\n<td style=\"width: 2.03252%; height: 75px;\">Dues sessions. (preferentment evitar esperar a l&#8217;\u00faltim dia)<\/td>\n<\/tr>\n<tr style=\"height: 104px;\">\n<td style=\"width: 2.03252%; height: 75px;\">Trimestre de primavera del 2026<\/td>\n<td style=\"width: 2.03252%; height: 75px;\"><strong>Alumnat nou:<\/strong> del 2 al 6 de febrer de 2026<\/td>\n<td style=\"width: 2.03252%; height: 75px;\">Dues sessions. (preferentment evitar esperar a l&#8217;\u00faltim dia)<\/td>\n<\/tr>\n<\/tbody>\n<\/table>\n<h4>Documentaci\u00f3<\/h4>\n<ul>\n<li style=\"list-style-type: none;\">\n<ol>\n<li>Fes una<strong> foto dels documents amb el teu DNI al costat<\/strong>, per verificar l&#8217;autentificaci\u00f3.<\/li>\n<li>Penja aquestes imatges a la <strong>SECRETARIA<\/strong> del CAMPUS IOC.<\/li>\n<\/ol>\n<\/li>\n<\/ul>\n<ul>\n<li style=\"list-style-type: none;\">\n<ul>\n<li style=\"list-style-type: none;\">\n<ul style=\"list-style-type: square;\">\n<li>DNI o Passaport. Heu de fer una fotografia a cada cara del document.<\/li>\n<li>CERTIFICAT d&#8217;estudis, Llibre d&#8217;escolaritat o t\u00edtols obtinguts. En la fotografia heu d&#8217;incloure-hi tamb\u00e9 el DNI.<\/li>\n<li>T\u00edtol de Fam\u00edlia Nombrosa (si tens aquest t\u00edtol), o b\u00e9 targeta acreditativa de Minusvalidesa del 33% o m\u00e9s (si tens aquesta targeta). En la fotografia heu d&#8217;incloure-hi tamb\u00e9 el DNI.<\/li>\n<\/ul>\n<\/li>\n<\/ul>\n<\/li>\n<\/ul>\n<h4>Menors d&#8217;edat<\/h4>\n<p>Les persones que tenen <strong>16 i 17 anys<\/strong> nom\u00e9s poden estudiar a dist\u00e0ncia a l&#8217;IOC si justifiquen documentalment que no poden fer-ho presencialment en un institut i que reuneixen condicions per a poder seguir els estudis a dist\u00e0ncia. <strong>M\u00e9s informaci\u00f3 <a href=\"https:\/\/ioc.xtec.cat\/educacio\/ges#panel-requisits\">fes clic aqu\u00ed<\/a>.<\/strong><\/p>\n<p>La sol\u00b7licitud s&#8217;ha de presentar al centre de suport on es vulgui fer la matr\u00edcula <strong>quatre dies abans<\/strong> del termini oficial de la matr\u00edcula. No s&#8217;acceptar\u00e0 cap sol\u00b7licitud lliurada m\u00e9s tard. <a href=\"https:\/\/drive.google.com\/file\/d\/1jhs00Yrv9K1N6b1AXuID5yDiu6MP_n_p\/view?usp=sharing\" target=\"_blank\" rel=\"noopener noreferrer\">Autoritzaci\u00f3 \u00a0signada i carta de comprom\u00eds (si tens entre 16 i 18 anys) fes clic aqu\u00ed.<\/a><\/p>\n<h4><span style=\"color: #ff6600;\"><span style=\"color: #000000;\">M\u00e9s informaci\u00f3<\/span><br \/>\n<\/span><\/h4>\n<p style=\"padding-left: 30px;\">Consulta la p\u00e0gina web de<strong> l&#8217;IOC Barcelona:<\/strong> <a href=\"https:\/\/ioc.xtec.cat\/educacio\/ges\" target=\"_blank\" rel=\"noopener noreferrer\">https:\/\/ioc.xtec.cat\/educacio\/ges<\/a><\/p>\n<p><span class=\"w8qArf\">\u00a0<\/span><\/p>\n","protected":false},"excerpt":{"rendered":"<p>Aquest curs es fa a dist\u00e0ncia. Aquest \u00e9s un fet clau, ja que et permetr\u00e0 estudiar de forma flexible, al teu ritme, adaptant els teus estudis al teu horari laboral, a la teva situaci\u00f3 personal i\/o a les teves responsabilitats. Nom\u00e9s anir\u00e0s al centre per&hellip;  <a href=\"https:\/\/agora.xtec.cat\/cfabellavista\/els-nostres-cursos\/ioc\/\" title=\"Read Graduat en ESO a dist\u00e0ncia. IOC Centre suport.\">Llegeix m\u00e9s\u00bb<\/a><\/p>\n","protected":false},"author":1,"featured_media":0,"parent":646,"menu_order":0,"comment_status":"closed","ping_status":"closed","template":"page-templates\/side-menu.php","meta":{"_bbp_topic_count":0,"_bbp_reply_count":0,"_bbp_total_topic_count":0,"_bbp_total_reply_count":0,"_bbp_voice_count":0,"_bbp_anonymous_reply_count":0,"_bbp_topic_count_hidden":0,"_bbp_reply_count_hidden":0,"_bbp_forum_subforum_count":0,"footnotes":""},"class_list":["post-48","page","type-page","status-publish","hentry"],"post_mailing_queue_ids":[],"_links":{"self":[{"href":"https:\/\/agora.xtec.cat\/cfabellavista\/wp-json\/wp\/v2\/pages\/48","targetHints":{"allow":["GET"]}}],"collection":[{"href":"https:\/\/agora.xtec.cat\/cfabellavista\/wp-json\/wp\/v2\/pages"}],"about":[{"href":"https:\/\/agora.xtec.cat\/cfabellavista\/wp-json\/wp\/v2\/types\/page"}],"author":[{"embeddable":true,"href":"https:\/\/agora.xtec.cat\/cfabellavista\/wp-json\/wp\/v2\/users\/1"}],"replies":[{"embeddable":true,"href":"https:\/\/agora.xtec.cat\/cfabellavista\/wp-json\/wp\/v2\/comments?post=48"}],"version-history":[{"count":6,"href":"https:\/\/agora.xtec.cat\/cfabellavista\/wp-json\/wp\/v2\/pages\/48\/revisions"}],"predecessor-version":[{"id":3007,"href":"https:\/\/agora.xtec.cat\/cfabellavista\/wp-json\/wp\/v2\/pages\/48\/revisions\/3007"}],"up":[{"embeddable":true,"href":"https:\/\/agora.xtec.cat\/cfabellavista\/wp-json\/wp\/v2\/pages\/646"}],"wp:attachment":[{"href":"https:\/\/agora.xtec.cat\/cfabellavista\/wp-json\/wp\/v2\/media?parent=48"}],"curies":[{"name":"wp","href":"https:\/\/api.w.org\/{rel}","templated":true}]}}