{"id":46,"date":"2025-05-22T09:00:56","date_gmt":"2025-05-22T07:00:56","guid":{"rendered":"http:\/\/cfabellavista.org\/?page_id=46"},"modified":"2025-05-22T18:36:32","modified_gmt":"2025-05-22T16:36:32","slug":"acces-cfgs","status":"publish","type":"page","link":"https:\/\/agora.xtec.cat\/cfabellavista\/els-nostres-cursos\/acces-cfgs\/","title":{"rendered":"Acc\u00e9s a Cicles Formatius de Grau Superior"},"content":{"rendered":"<p>Aquest curs t\u00e9 com a finalitat preparar l&#8217;alumne\/a per l&#8217;examen d\u2019acc\u00e9s als cicles formatius de grau superior.<\/p>\n<h5><strong>Quins s\u00f3n els requisits per accedir al curs de preparaci\u00f3 per les proves d&#8217;acc\u00e9s?<\/strong><\/h5>\n<ul>\n<li>Cal fer una entrevista i aportar els estudis cursats.<\/li>\n<li>Tenir 19 anys com a m\u00ednim o b\u00e9 complir-los l&#8217;any de la prova. Excepci\u00f3 en el cas d&#8217;acc\u00e9s a un cicle esportiu: T\u00c8CNIC\/A esportiu de la mateixa modalitat que es vol cursar o estar cursant l\u2019\u00faltim nivell o cicle + T\u00c8CNIC\/A d\u2019FP relacionat: Tenir 18 anys o complir-los el mateix any de la prova.<\/li>\n<li>No tenir cap titulaci\u00f3 que permeti l&#8217;acc\u00e9s directe<\/li>\n<li><a href=\"http:\/\/agora.xtec.cat\/cfabellavista\/els-nostres-cursos\/acces-cfgs\/\" target=\"_blank\" rel=\"noopener noreferrer\">M\u00e9s informaci\u00f3<\/a><\/li>\n<\/ul>\n<h5><strong>Qu\u00e8 preparem al nostre centre?<\/strong><\/h5>\n<ul>\n<li><strong>Presencialment la part comuna:<\/strong> Llengua catalana, llengua castellana, angl\u00e8s i matem\u00e0tiques. (10h \/setmana)<\/li>\n<li><strong>A dist\u00e0ncia a l&#8217;IOC les mat\u00e8ries espec\u00edfiques<\/strong>. Nosaltres gestionem la matr\u00edcula.<\/li>\n<\/ul>\n<p>Quines espec\u00edfiques he de cursar?\u00a0 <a href=\"http:\/\/ensenyament.gencat.cat\/web\/.content\/home\/serveis-tramits\/proves\/proves-acces\/_compartits\/opcions-materies-GS-FP.pdf\" target=\"_blank\" rel=\"noopener noreferrer\">http:\/\/ensenyament.gencat.cat\/web\/.content\/home\/serveis-tramits\/proves\/proves-acces\/_compartits\/opcions-materies-GS-FP.pdf<\/a><\/p>\n<h5>Quota<\/h5>\n<ol>\n<li>La quota de material \u00e9s de <em>20 \u20ac (tot el curs)<br \/>\n<\/em><\/li>\n<li>La compra dels llibres de: matem\u00e0tiques i angl\u00e8s no incl\u00f2s<\/li>\n<li>Les dues mat\u00e8ries espec\u00edfiques <a href=\"https:\/\/ioc.xtec.cat\/educacio\/acfgs\">a l&#8217;IOC<\/a> PREU ORIENTATIU: <em>30 \u20ac <\/em>(material s\u00ed incl\u00f2s en el preu).<\/li>\n<\/ol>\n<h5><strong>En qu\u00e8 consisteix la <a href=\"http:\/\/ensenyament.gencat.cat\/ca\/serveis-tramits\/proves\/proves-acces\/\"><em>prova oficial?<\/em><\/a><\/strong><\/h5>\n<ul>\n<li>Es fa al maig a l&#8217;institut que trieu.<\/li>\n<li>Consta de <span style=\"color: #993300;\">dues parts:<\/span> la comuna i les espec\u00edfiques segons la fam\u00edlia del GS<\/li>\n<li>Per inscriure&#8217;s a la prova cal tenir 19 anys o m\u00e9s (o complir-los l&#8217;any de la prova) i no tenir cap titulaci\u00f3 acad\u00e8mica o d&#8217;ensenyaments equivalents que permeten l&#8217;acc\u00e9s directe a la formaci\u00f3 professional <em>(batxillerat o equivalent, un grau mitj\u00e0 o curs espec\u00edfic d&#8217;acc\u00e9s).<\/em><\/li>\n<li>Excepci\u00f3 en el cas d&#8217;acc\u00e9s a un cicle esportiu:\u00a0T\u00c8CNIC\/A esportiu de la mateixa modalitat que es vol cursar o estar cursant l\u2019\u00faltim nivell o cicle + T\u00c8CNIC\/A d\u2019FP relacionat: Tenir 18 anys o complir-los el mateix any de la prova.<\/li>\n<\/ul>\n<h5><strong>Altres punts<br \/>\n<\/strong><\/h5>\n<ol>\n<li>El <strong><span style=\"color: #ff0000;\">20% de la nota<\/span> obtinguda del curs d&#8217;acc\u00e9s se sumar\u00e0 a la nota que l&#8217;estudiant obtingui en la prova d&#8217;acc\u00e9s<\/strong> si aquesta \u00e9s de 4 o m\u00e9s punts. En els <strong>ensenyaments esportius<\/strong> ser\u00e0 d&#8217;un <strong><span style=\"color: #ff0000;\">15%.<\/span><\/strong><\/li>\n<li>La superaci\u00f3 de la prova t\u00e9 validesa en tot l&#8217;Estat espanyol i no t\u00e9 caducitat, \u00e9s a dir, una vegada aprovada, val per a sempre.<\/li>\n<li>Si superes la prova pots accedir als cicles de grau superior per als quals s&#8217;hagi superat l&#8217;acc\u00e9s i accedir directament a qualsevol cicle de grau mitj\u00e0.<\/li>\n<li>A l&#8217;efecte d&#8217;accedir a llocs de treball p\u00fablics i privats, la superaci\u00f3 de la prova d&#8217;acc\u00e9s ser\u00e0 <strong>equivalent al t\u00edtol de batxiller<\/strong> si s&#8217;acredita tenir el t\u00edtol de graduat en Educaci\u00f3 Secund\u00e0ria Obligat\u00f2ria o un d&#8217;equivalent acad\u00e8mic.<\/li>\n<\/ol>\n<h5>Beques per a ensenyaments postobligatoris<\/h5>\n<p><a href=\"http:\/\/web.gencat.cat\/ca\/tramits\/tramits-temes\/Beques-de-caracter-general-per-a-estudis-postobligatoris?category=7449fd1c-a82c-11e3-a972-000c29052e2c\">http:\/\/web.gencat.cat\/ca\/tramits\/tramits-temes\/Beques-de-caracter-general-per-a-estudis-postobligatoris?category=7449fd1c-a82c-11e3-a972-000c29052e2c<\/a><\/p>\n<p align=\"center\"><span style=\"font-family: Liberation Sans, serif;\"><span style=\"font-size: large;\"><b>PRESENTACI\u00d3 DEL CURS D&#8217;ACC\u00c9S A GRAU SUPERIOR<\/b><\/span><\/span><\/p>\n<p><iframe loading=\"lazy\" src=\"https:\/\/docs.google.com\/presentation\/d\/e\/2PACX-1vQ56CLzg9FHxKNeIBeAW6FHKOcXCYtXWXbw5RCdmAy8eVonIDg7HoTts5mM-CuzhOSQuZwqMrJNMaKw\/pubembed?start=false&amp;loop=false&amp;delayms=3000\" width=\"960\" height=\"569\" frameborder=\"0\" allowfullscreen=\"allowfullscreen\"><\/iframe><\/p>\n<p>&nbsp;<\/p>\n<p>Revisi\u00f3: MAIG 2025<\/p>\n<p><strong>Per a qualsevol dubte, envieu un correu a:<\/strong> <span style=\"color: #0000ff;\">cfabellavista@xtec.ca<\/span><\/p>\n<p>&nbsp;<\/p>\n<p>&nbsp;<\/p>\n","protected":false},"excerpt":{"rendered":"<p>Aquest curs t\u00e9 com a finalitat preparar l&#8217;alumne\/a per l&#8217;examen d\u2019acc\u00e9s als cicles formatius de grau superior.<br \/>\nQuins s\u00f3n els requisits per accedir al curs de preparaci\u00f3 per les proves d&#8217;acc\u00e9s?<\/p>\n<ul>\n<li>Cal fer una entrevista i aportar els estudis cursats.<\/li>\n<li>Tenir 19 anys com a m\u00ednim o b\u00e9&hellip;  <a href=\"https:\/\/agora.xtec.cat\/cfabellavista\/els-nostres-cursos\/acces-cfgs\/\" title=\"Read Acc\u00e9s a Cicles Formatius de Grau Superior\">Llegeix m\u00e9s\u00bb<\/a><br \/>\n","protected":false},"author":1,"featured_media":0,"parent":646,"menu_order":0,"comment_status":"closed","ping_status":"closed","template":"page-templates\/side-menu.php","meta":{"_bbp_topic_count":0,"_bbp_reply_count":0,"_bbp_total_topic_count":0,"_bbp_total_reply_count":0,"_bbp_voice_count":0,"_bbp_anonymous_reply_count":0,"_bbp_topic_count_hidden":0,"_bbp_reply_count_hidden":0,"_bbp_forum_subforum_count":0,"footnotes":""},"class_list":["post-46","page","type-page","status-publish","hentry"],"post_mailing_queue_ids":[],"_links":{"self":[{"href":"https:\/\/agora.xtec.cat\/cfabellavista\/wp-json\/wp\/v2\/pages\/46","targetHints":{"allow":["GET"]}}],"collection":[{"href":"https:\/\/agora.xtec.cat\/cfabellavista\/wp-json\/wp\/v2\/pages"}],"about":[{"href":"https:\/\/agora.xtec.cat\/cfabellavista\/wp-json\/wp\/v2\/types\/page"}],"author":[{"embeddable":true,"href":"https:\/\/agora.xtec.cat\/cfabellavista\/wp-json\/wp\/v2\/users\/1"}],"replies":[{"embeddable":true,"href":"https:\/\/agora.xtec.cat\/cfabellavista\/wp-json\/wp\/v2\/comments?post=46"}],"version-history":[{"count":6,"href":"https:\/\/agora.xtec.cat\/cfabellavista\/wp-json\/wp\/v2\/pages\/46\/revisions"}],"predecessor-version":[{"id":2807,"href":"https:\/\/agora.xtec.cat\/cfabellavista\/wp-json\/wp\/v2\/pages\/46\/revisions\/2807"}],"up":[{"embeddable":true,"href":"https:\/\/agora.xtec.cat\/cfabellavista\/wp-json\/wp\/v2\/pages\/646"}],"wp:attachment":[{"href":"https:\/\/agora.xtec.cat\/cfabellavista\/wp-json\/wp\/v2\/media?parent=46"}],"curies":[{"name":"wp","href":"https:\/\/api.w.org\/{rel}","templated":true}]}}