{"id":44,"date":"2024-04-03T09:00:08","date_gmt":"2024-04-03T07:00:08","guid":{"rendered":"http:\/\/cfabellavista.org\/?page_id=44"},"modified":"2024-05-03T09:42:59","modified_gmt":"2024-05-03T07:42:59","slug":"instrumental","status":"publish","type":"page","link":"https:\/\/agora.xtec.cat\/cfabellavista\/els-nostres-cursos\/instrumental\/","title":{"rendered":"Formaci\u00f3 B\u00e0sica. Instrumental"},"content":{"rendered":"<h4><b>Formaci\u00f3 b\u00e0sica instrumental &#8211;\u00a0<\/b><b>Nivell 1 i 2-NOVETAT!<\/b><\/h4>\n<div>\n<div>Una oportunitat per millorar la formaci\u00f3 de base per accedir al m\u00f3n laboral o continuar els estudis.<\/div>\n<div><\/div>\n<ul style=\"list-style-type: circle;\">\n<li>Aprenentatge de la llengua catalana i castellana per aquelles persones amb cap o poc coneixement de les lleng\u00fces.<\/li>\n<li>Coneixement de les matem\u00e0tiques i del medi.<\/li>\n<li>Acc\u00e9s a la compet\u00e8ncia digital a trav\u00e9s d&#8217;aplicacions m\u00f2bils i de l&#8217;ordinador i desenvoluparem destreses personals, socials i laborals.<\/li>\n<li>Nivells d&#8217;ensenyaments:\n<ul style=\"list-style-type: circle;\">\n<li>\n<div>Nivell 1 &#8211; 280 hores (8 hores\/setmanals)<\/div>\n<\/li>\n<li>\n<div>Nivell 2 &#8211; 210 hores (6 hores\/setmanals)<\/div>\n<\/li>\n<\/ul>\n<\/li>\n<\/ul>\n<div><strong>CERTIFICATS:<\/strong><\/div>\n<ul style=\"list-style-type: circle;\">\n<li>Certificat de primer cicle de formaci\u00f3 instrumental que inclou l&#8217;acreditaci\u00f3 de la compet\u00e8ncia de catal\u00e0 i castell\u00e0 d&#8217;acord amb el Marc Europeu Com\u00fa de Refer\u00e8ncia.<\/li>\n<li>Certificat d&#8217;hores d&#8217;assist\u00e8ncia.<\/li>\n<\/ul>\n<div><\/div>\n<\/div>\n","protected":false},"excerpt":{"rendered":"<p>Formaci\u00f3 b\u00e0sica instrumental &#8211;\u00a0Nivell 1 i 2-NOVETAT!<\/p>\n<p>Una oportunitat per millorar la formaci\u00f3 de base per accedir al m\u00f3n laboral o continuar els estudis.<\/p>\n<ul style=\"list-style-type: circle;\">\n<li>Aprenentatge de la llengua catalana i castellana per aquelles persones amb cap o poc coneixement de les lleng\u00fces.<\/li>\n<li>Coneixement de les matem\u00e0tiques&hellip;  <a href=\"https:\/\/agora.xtec.cat\/cfabellavista\/els-nostres-cursos\/instrumental\/\" title=\"Read Formaci\u00f3 B\u00e0sica. Instrumental\">Llegeix m\u00e9s\u00bb<\/a><br \/>\n","protected":false},"author":1,"featured_media":0,"parent":646,"menu_order":0,"comment_status":"closed","ping_status":"closed","template":"page-templates\/side-menu.php","meta":{"_bbp_topic_count":0,"_bbp_reply_count":0,"_bbp_total_topic_count":0,"_bbp_total_reply_count":0,"_bbp_voice_count":0,"_bbp_anonymous_reply_count":0,"_bbp_topic_count_hidden":0,"_bbp_reply_count_hidden":0,"_bbp_forum_subforum_count":0,"footnotes":""},"class_list":["post-44","page","type-page","status-publish","hentry"],"post_mailing_queue_ids":[],"_links":{"self":[{"href":"https:\/\/agora.xtec.cat\/cfabellavista\/wp-json\/wp\/v2\/pages\/44","targetHints":{"allow":["GET"]}}],"collection":[{"href":"https:\/\/agora.xtec.cat\/cfabellavista\/wp-json\/wp\/v2\/pages"}],"about":[{"href":"https:\/\/agora.xtec.cat\/cfabellavista\/wp-json\/wp\/v2\/types\/page"}],"author":[{"embeddable":true,"href":"https:\/\/agora.xtec.cat\/cfabellavista\/wp-json\/wp\/v2\/users\/1"}],"replies":[{"embeddable":true,"href":"https:\/\/agora.xtec.cat\/cfabellavista\/wp-json\/wp\/v2\/comments?post=44"}],"version-history":[{"count":6,"href":"https:\/\/agora.xtec.cat\/cfabellavista\/wp-json\/wp\/v2\/pages\/44\/revisions"}],"predecessor-version":[{"id":2572,"href":"https:\/\/agora.xtec.cat\/cfabellavista\/wp-json\/wp\/v2\/pages\/44\/revisions\/2572"}],"up":[{"embeddable":true,"href":"https:\/\/agora.xtec.cat\/cfabellavista\/wp-json\/wp\/v2\/pages\/646"}],"wp:attachment":[{"href":"https:\/\/agora.xtec.cat\/cfabellavista\/wp-json\/wp\/v2\/media?parent=44"}],"curies":[{"name":"wp","href":"https:\/\/api.w.org\/{rel}","templated":true}]}}