{"id":400,"date":"2024-07-05T09:03:45","date_gmt":"2024-07-05T07:03:45","guid":{"rendered":"http:\/\/cfabellavista.org\/?page_id=54"},"modified":"2025-09-25T14:44:44","modified_gmt":"2025-09-25T12:44:44","slug":"on-som","status":"publish","type":"page","link":"https:\/\/agora.xtec.cat\/cfabellavista\/secretaria\/on-som\/","title":{"rendered":"Horari d&#8217;informaci\u00f3"},"content":{"rendered":"<h6><strong>Horari d&#8217;atenci\u00f3 al p\u00fablic a partir del 23 de setembre*<\/strong><\/h6>\n<ul>\n<li style=\"list-style-type: none;\">\n<ul>\n<li>Dilluns de 15 a 19 h<\/li>\n<li>De dimarts a divendres de 10 h a 13 h<\/li>\n<\/ul>\n<\/li>\n<\/ul>\n<p>*<em> En per\u00edode de <strong>preinscripci\u00f3 i matr\u00edcula<\/strong> cal consultar la informaci\u00f3 sobre els horaris d&#8217;atenci\u00f3. Els podeu consultar al men\u00fa de <span style=\"color: #ff6600;\"><strong>Preinscripci\u00f3 i matr\u00edcula.<\/strong><\/span><\/em><\/p>\n<p><strong>CONTACTE<\/strong><\/p>\n<ul>\n<li><span class=\"locality\">cfabellavista@xtec.cat<\/span><\/li>\n<li>938 402 653<\/li>\n<li><a href=\"https:\/\/agora.xtec.cat\/cfabellavista\/lescola\/on-som-2\/\" target=\"_blank\" rel=\"noopener noreferrer\">Com arribar al nostre centre? On som?<\/a><\/li>\n<\/ul>\n<p><strong>\u00a0<\/strong><\/p>\n<div class=\"tel\"><\/div>\n<p>&nbsp;<\/p>\n","protected":false},"excerpt":{"rendered":"<p>Horari d&#8217;atenci\u00f3 al p\u00fablic a partir del 23 de setembre*<\/p>\n<ul>\n<li style=\"list-style-type: none;\">\n<ul>\n<li>Dilluns de 15 a 19 h<\/li>\n<li>De dimarts a divendres de 10 h a 13 h<\/li>\n<\/ul>\n<\/li>\n<\/ul>\n<p>* En per\u00edode de preinscripci\u00f3 i matr\u00edcula cal consultar la informaci\u00f3 sobre els horaris d&#8217;atenci\u00f3. Els podeu consultar al men\u00fa&hellip;  <a href=\"https:\/\/agora.xtec.cat\/cfabellavista\/secretaria\/on-som\/\" title=\"Read Horari d&#8217;informaci\u00f3\">Llegeix m\u00e9s\u00bb<\/a><\/p>\n","protected":false},"author":1,"featured_media":0,"parent":1513,"menu_order":0,"comment_status":"closed","ping_status":"closed","template":"page-templates\/side-menu.php","meta":{"_bbp_topic_count":0,"_bbp_reply_count":0,"_bbp_total_topic_count":0,"_bbp_total_reply_count":0,"_bbp_voice_count":0,"_bbp_anonymous_reply_count":0,"_bbp_topic_count_hidden":0,"_bbp_reply_count_hidden":0,"_bbp_forum_subforum_count":0,"footnotes":""},"class_list":["post-400","page","type-page","status-publish","hentry"],"post_mailing_queue_ids":[],"_links":{"self":[{"href":"https:\/\/agora.xtec.cat\/cfabellavista\/wp-json\/wp\/v2\/pages\/400","targetHints":{"allow":["GET"]}}],"collection":[{"href":"https:\/\/agora.xtec.cat\/cfabellavista\/wp-json\/wp\/v2\/pages"}],"about":[{"href":"https:\/\/agora.xtec.cat\/cfabellavista\/wp-json\/wp\/v2\/types\/page"}],"author":[{"embeddable":true,"href":"https:\/\/agora.xtec.cat\/cfabellavista\/wp-json\/wp\/v2\/users\/1"}],"replies":[{"embeddable":true,"href":"https:\/\/agora.xtec.cat\/cfabellavista\/wp-json\/wp\/v2\/comments?post=400"}],"version-history":[{"count":7,"href":"https:\/\/agora.xtec.cat\/cfabellavista\/wp-json\/wp\/v2\/pages\/400\/revisions"}],"predecessor-version":[{"id":2892,"href":"https:\/\/agora.xtec.cat\/cfabellavista\/wp-json\/wp\/v2\/pages\/400\/revisions\/2892"}],"up":[{"embeddable":true,"href":"https:\/\/agora.xtec.cat\/cfabellavista\/wp-json\/wp\/v2\/pages\/1513"}],"wp:attachment":[{"href":"https:\/\/agora.xtec.cat\/cfabellavista\/wp-json\/wp\/v2\/media?parent=400"}],"curies":[{"name":"wp","href":"https:\/\/api.w.org\/{rel}","templated":true}]}}