{"id":398,"date":"2022-05-13T12:00:10","date_gmt":"2022-05-13T10:00:10","guid":{"rendered":"http:\/\/cfabellavista.org\/?page_id=40"},"modified":"2022-05-13T12:46:54","modified_gmt":"2022-05-13T10:46:54","slug":"castella","status":"publish","type":"page","link":"https:\/\/agora.xtec.cat\/cfabellavista\/els-nostres-cursos\/castella\/","title":{"rendered":"Llengua Castellana"},"content":{"rendered":"<p><span style=\"color: #000000;\"><strong>Castell\u00e0 1<br \/>\n<\/strong><\/span><\/p>\n<p>Aprendrem l\u2019alfabet i els n\u00fameros. Aprendrem a presentar-nos. Comen\u00e7arem a llegir, dir i a escriure frases d&#8217;\u00fas quotidi\u00e0. Farem audicions, lectures, exercicis, \u00fas d\u2019aparells multim\u00e8dia, etc.<\/p>\n<p>Certificat A1 (3\u202fh setmanals). Durada: 105 h.<\/p>\n<p><strong><span style=\"color: #000000;\">Castell\u00e0 2<\/span><br \/>\n<\/strong><\/p>\n<p>Ampliem els coneixements de la llengua oral i escrita. Treballarem m\u00e9s la lectura, l\u2019escriptura, la mem\u00f2ria, la concentraci\u00f3, etc.<\/p>\n<p>Certificat A2 (4\u202fh setmanals). Durada: 140 h<\/p>\n<p><strong><span style=\"color: #000000;\">Els nivells s\u00f3n d\u2019acord amb el Marc Europeu Com\u00fa de Refer\u00e8ncia: A1 i A2.\u00a0<\/span><\/strong><\/p>\n","protected":false},"excerpt":{"rendered":"<p>Castell\u00e0 1<\/p>\n<p>Aprendrem l\u2019alfabet i els n\u00fameros. Aprendrem a presentar-nos. Comen\u00e7arem a llegir, dir i a escriure frases d&#8217;\u00fas quotidi\u00e0. Farem audicions, lectures, exercicis, \u00fas d\u2019aparells multim\u00e8dia, etc.<br \/>\nCertificat A1 (3\u202fh setmanals). Durada: 105 h.<br \/>\nCastell\u00e0 2<\/p>\n<p>Ampliem els coneixements de la llengua oral i escrita. Treballarem m\u00e9s la&hellip;  <a href=\"https:\/\/agora.xtec.cat\/cfabellavista\/els-nostres-cursos\/castella\/\" title=\"Read Llengua Castellana\">Llegeix m\u00e9s\u00bb<\/a><\/p>\n","protected":false},"author":1,"featured_media":0,"parent":646,"menu_order":0,"comment_status":"closed","ping_status":"closed","template":"page-templates\/side-menu.php","meta":{"_bbp_topic_count":0,"_bbp_reply_count":0,"_bbp_total_topic_count":0,"_bbp_total_reply_count":0,"_bbp_voice_count":0,"_bbp_anonymous_reply_count":0,"_bbp_topic_count_hidden":0,"_bbp_reply_count_hidden":0,"_bbp_forum_subforum_count":0,"footnotes":""},"class_list":["post-398","page","type-page","status-publish","hentry"],"post_mailing_queue_ids":[],"_links":{"self":[{"href":"https:\/\/agora.xtec.cat\/cfabellavista\/wp-json\/wp\/v2\/pages\/398","targetHints":{"allow":["GET"]}}],"collection":[{"href":"https:\/\/agora.xtec.cat\/cfabellavista\/wp-json\/wp\/v2\/pages"}],"about":[{"href":"https:\/\/agora.xtec.cat\/cfabellavista\/wp-json\/wp\/v2\/types\/page"}],"author":[{"embeddable":true,"href":"https:\/\/agora.xtec.cat\/cfabellavista\/wp-json\/wp\/v2\/users\/1"}],"replies":[{"embeddable":true,"href":"https:\/\/agora.xtec.cat\/cfabellavista\/wp-json\/wp\/v2\/comments?post=398"}],"version-history":[{"count":3,"href":"https:\/\/agora.xtec.cat\/cfabellavista\/wp-json\/wp\/v2\/pages\/398\/revisions"}],"predecessor-version":[{"id":2099,"href":"https:\/\/agora.xtec.cat\/cfabellavista\/wp-json\/wp\/v2\/pages\/398\/revisions\/2099"}],"up":[{"embeddable":true,"href":"https:\/\/agora.xtec.cat\/cfabellavista\/wp-json\/wp\/v2\/pages\/646"}],"wp:attachment":[{"href":"https:\/\/agora.xtec.cat\/cfabellavista\/wp-json\/wp\/v2\/media?parent=398"}],"curies":[{"name":"wp","href":"https:\/\/api.w.org\/{rel}","templated":true}]}}