{"id":2513,"date":"2026-04-13T14:50:34","date_gmt":"2026-04-13T12:50:34","guid":{"rendered":"https:\/\/agora.xtec.cat\/cfabellavista\/?page_id=2513"},"modified":"2026-04-13T19:33:50","modified_gmt":"2026-04-13T17:33:50","slug":"xerrades-informatives-maig-2024","status":"publish","type":"page","link":"https:\/\/agora.xtec.cat\/cfabellavista\/preinscripcio-24-25\/xerrades-informatives-maig-2024\/","title":{"rendered":"Sessions informatives dijous 21 de maig 2026"},"content":{"rendered":"<h3>Horaris de les sessions informatives. Truca&#8217;ns i demana&#8217;ns cita.<\/h3>\n<p>Us convidem a participar en les nostres xerrades informatives gratu\u00eftes sobre formaci\u00f3 per a la millora de les compet\u00e8ncies, que tindran lloc el dijous 21 de maig. Les sessions seran impartides per persones expertes i oferirem informaci\u00f3 sobre les opcions i itineraris disponibles per millorar les compet\u00e8ncies digitals, ling\u00fc\u00edstiques i de continuaci\u00f3 dels estudis.<\/p>\n<p>Animeu-vos a participar i aprofitar aquesta oportunitat per millorar les vostres compet\u00e8ncies i continuar el vostre creixement personal i professional.<\/p>\n<ul>\n<li aria-level=\"1\">Sessi\u00f3 informativa sobre <b>instrumental, catal\u00e0 i castell\u00e0<\/b>: DIJOUS, 21 DE MAIG, 11.00 h i 18.00 h<\/li>\n<li aria-level=\"1\">Sessi\u00f3 informativa sobre <b>inform\u00e0tica<\/b>: DIJOUS, 21 DE MAIG, 17.30 h<\/li>\n<li aria-level=\"1\">Xerrada informativa sobre la<b> prova d&#8217;acc\u00e9s a grau superior<\/b>: DIJOUS, 21 DE MAIG, 19.00 h<\/li>\n<li aria-level=\"1\">Xerrada informativa sobre <b>angl\u00e8s<\/b>: DIJOUS, 21 DE MAIG, 18.00 h<\/li>\n<\/ul>\n<p>Per participar en les xerrades, cal demanar cita al <strong>938 402 653 o b\u00e9 al\u00a0<\/strong><\/p>\n<p><a href=\"https:\/\/agora.xtec.cat\/cfabellavista\/wp-content\/uploads\/usu1356\/2026\/04\/Quadrat-Sessions-INSTA.png\"><img loading=\"lazy\" decoding=\"async\" class=\"alignleft size-medium wp-image-2993\" src=\"https:\/\/agora.xtec.cat\/cfabellavista\/wp-content\/uploads\/usu1356\/2026\/04\/Quadrat-Sessions-INSTA-300x297.png\" alt=\"\" width=\"300\" height=\"297\" \/><\/a><\/p>\n","protected":false},"excerpt":{"rendered":"<p>Horaris de les sessions informatives. Truca&#8217;ns i demana&#8217;ns cita.<br \/>\nUs convidem a participar en les nostres xerrades informatives gratu\u00eftes sobre formaci\u00f3 per a la millora de les compet\u00e8ncies, que tindran lloc el dijous 21 de maig. Les sessions seran impartides per persones expertes i oferirem informaci\u00f3&hellip;  <a href=\"https:\/\/agora.xtec.cat\/cfabellavista\/preinscripcio-24-25\/xerrades-informatives-maig-2024\/\" title=\"Read Sessions informatives dijous 21 de maig 2026\">Llegeix m\u00e9s\u00bb<\/a><\/p>\n","protected":false},"author":1,"featured_media":0,"parent":2509,"menu_order":4,"comment_status":"closed","ping_status":"closed","template":"","meta":{"_bbp_topic_count":0,"_bbp_reply_count":0,"_bbp_total_topic_count":0,"_bbp_total_reply_count":0,"_bbp_voice_count":0,"_bbp_anonymous_reply_count":0,"_bbp_topic_count_hidden":0,"_bbp_reply_count_hidden":0,"_bbp_forum_subforum_count":0,"footnotes":""},"class_list":["post-2513","page","type-page","status-publish","hentry"],"post_mailing_queue_ids":[],"_links":{"self":[{"href":"https:\/\/agora.xtec.cat\/cfabellavista\/wp-json\/wp\/v2\/pages\/2513","targetHints":{"allow":["GET"]}}],"collection":[{"href":"https:\/\/agora.xtec.cat\/cfabellavista\/wp-json\/wp\/v2\/pages"}],"about":[{"href":"https:\/\/agora.xtec.cat\/cfabellavista\/wp-json\/wp\/v2\/types\/page"}],"author":[{"embeddable":true,"href":"https:\/\/agora.xtec.cat\/cfabellavista\/wp-json\/wp\/v2\/users\/1"}],"replies":[{"embeddable":true,"href":"https:\/\/agora.xtec.cat\/cfabellavista\/wp-json\/wp\/v2\/comments?post=2513"}],"version-history":[{"count":6,"href":"https:\/\/agora.xtec.cat\/cfabellavista\/wp-json\/wp\/v2\/pages\/2513\/revisions"}],"predecessor-version":[{"id":2998,"href":"https:\/\/agora.xtec.cat\/cfabellavista\/wp-json\/wp\/v2\/pages\/2513\/revisions\/2998"}],"up":[{"embeddable":true,"href":"https:\/\/agora.xtec.cat\/cfabellavista\/wp-json\/wp\/v2\/pages\/2509"}],"wp:attachment":[{"href":"https:\/\/agora.xtec.cat\/cfabellavista\/wp-json\/wp\/v2\/media?parent=2513"}],"curies":[{"name":"wp","href":"https:\/\/api.w.org\/{rel}","templated":true}]}}