{"id":2509,"date":"2026-04-13T14:49:43","date_gmt":"2026-04-13T12:49:43","guid":{"rendered":"https:\/\/agora.xtec.cat\/cfabellavista\/?page_id=2509"},"modified":"2026-04-13T19:26:38","modified_gmt":"2026-04-13T17:26:38","slug":"preinscripcio-24-25","status":"publish","type":"page","link":"https:\/\/agora.xtec.cat\/cfabellavista\/preinscripcio-24-25\/","title":{"rendered":"Preinscripci\u00f3 26-27"},"content":{"rendered":"<p>A l&#8217;esquerra o a sota de la teva pantalla trobar\u00e0s informaci\u00f3 sobre la preinscripci\u00f3.<\/p>\n","protected":false},"excerpt":{"rendered":"<p>A l&#8217;esquerra o a sota de la teva pantalla trobar\u00e0s informaci\u00f3 sobre la preinscripci\u00f3.<\/p>\n","protected":false},"author":1,"featured_media":0,"parent":0,"menu_order":0,"comment_status":"closed","ping_status":"closed","template":"page-templates\/side-menu.php","meta":{"_bbp_topic_count":0,"_bbp_reply_count":0,"_bbp_total_topic_count":0,"_bbp_total_reply_count":0,"_bbp_voice_count":0,"_bbp_anonymous_reply_count":0,"_bbp_topic_count_hidden":0,"_bbp_reply_count_hidden":0,"_bbp_forum_subforum_count":0,"footnotes":""},"class_list":["post-2509","page","type-page","status-publish","hentry"],"post_mailing_queue_ids":[],"_links":{"self":[{"href":"https:\/\/agora.xtec.cat\/cfabellavista\/wp-json\/wp\/v2\/pages\/2509","targetHints":{"allow":["GET"]}}],"collection":[{"href":"https:\/\/agora.xtec.cat\/cfabellavista\/wp-json\/wp\/v2\/pages"}],"about":[{"href":"https:\/\/agora.xtec.cat\/cfabellavista\/wp-json\/wp\/v2\/types\/page"}],"author":[{"embeddable":true,"href":"https:\/\/agora.xtec.cat\/cfabellavista\/wp-json\/wp\/v2\/users\/1"}],"replies":[{"embeddable":true,"href":"https:\/\/agora.xtec.cat\/cfabellavista\/wp-json\/wp\/v2\/comments?post=2509"}],"version-history":[{"count":5,"href":"https:\/\/agora.xtec.cat\/cfabellavista\/wp-json\/wp\/v2\/pages\/2509\/revisions"}],"predecessor-version":[{"id":2990,"href":"https:\/\/agora.xtec.cat\/cfabellavista\/wp-json\/wp\/v2\/pages\/2509\/revisions\/2990"}],"wp:attachment":[{"href":"https:\/\/agora.xtec.cat\/cfabellavista\/wp-json\/wp\/v2\/media?parent=2509"}],"curies":[{"name":"wp","href":"https:\/\/api.w.org\/{rel}","templated":true}]}}