{"id":2363,"date":"2026-04-13T10:55:35","date_gmt":"2026-04-13T08:55:35","guid":{"rendered":"https:\/\/agora.xtec.cat\/cfabellavista\/?page_id=2363"},"modified":"2026-04-13T19:41:29","modified_gmt":"2026-04-13T17:41:29","slug":"horaris-preinscripcio","status":"publish","type":"page","link":"https:\/\/agora.xtec.cat\/cfabellavista\/preinscripcio-24-25\/horaris-preinscripcio\/","title":{"rendered":"Horaris Preinscripci\u00f3 26-27"},"content":{"rendered":"<p data-start=\"34\" data-end=\"234\">El per\u00edode d\u2019inscripci\u00f3 ser\u00e0 <strong data-start=\"63\" data-end=\"87\">del 19 al 29 de juny<\/strong>.<br data-start=\"88\" data-end=\"91\" \/>Per formalitzar-la, caldr\u00e0 <strong data-start=\"118\" data-end=\"141\" data-is-only-node=\"\">demanar cita pr\u00e8via<\/strong> per presentar la documentaci\u00f3 corresponent i rebre orientaci\u00f3 sobre el nivell m\u00e9s adequat.<\/p>\n<p data-start=\"236\" data-end=\"352\">Es recorda que, en el moment de la cita, caldr\u00e0 aportar <strong data-start=\"292\" data-end=\"322\">l\u2019original i una fotoc\u00f2pia<\/strong> de la documentaci\u00f3 requerida. (DNI\/NIE\/passaport, etc.)<\/p>\n<p><strong>HORARI D&#8217;INFORMACI\u00d3 FINS AL 18 DE JUNY<\/strong><\/p>\n<ul>\n<li aria-level=\"1\">Dilluns de 15 h a 19 h<\/li>\n<li aria-level=\"1\">De dimarts a\u00a0 divendres de 9.30 h a 13 h<\/li>\n<\/ul>\n<p><strong>PREINSCRIPCI\u00d3 DEL19 al 29 DE JUNY<\/strong><\/p>\n<ul>\n<li aria-level=\"1\">19, 23 i 26 de 9.30 h a 13 h<\/li>\n<li aria-level=\"1\">22, 25 i 29 de 15 h a 19 h<\/li>\n<\/ul>\n<p>Cal demanar cita al 938 402 653.<\/p>\n<p>M\u00e9s informaci\u00f3: <a href=\"https:\/\/preinscripcio.gencat.cat\/ca\/estudis\/educacio-adults\/inici\/\">fes clic aqu\u00ed<\/a><\/p>\n<h5><\/h5>\n<p>&nbsp;<\/p>\n","protected":false},"excerpt":{"rendered":"<p>El per\u00edode d\u2019inscripci\u00f3 ser\u00e0 del 19 al 29 de juny.Per formalitzar-la, caldr\u00e0 demanar cita pr\u00e8via per presentar la documentaci\u00f3 corresponent i rebre orientaci\u00f3 sobre el nivell m\u00e9s adequat.<br \/>\nEs recorda que, en el moment de la cita, caldr\u00e0 aportar l\u2019original i una fotoc\u00f2pia de la documentaci\u00f3&hellip;  <a href=\"https:\/\/agora.xtec.cat\/cfabellavista\/preinscripcio-24-25\/horaris-preinscripcio\/\" title=\"Read Horaris Preinscripci\u00f3 26-27\">Llegeix m\u00e9s\u00bb<\/a><\/p>\n","protected":false},"author":1,"featured_media":0,"parent":2509,"menu_order":1,"comment_status":"closed","ping_status":"closed","template":"page-templates\/side-menu.php","meta":{"_bbp_topic_count":0,"_bbp_reply_count":0,"_bbp_total_topic_count":0,"_bbp_total_reply_count":0,"_bbp_voice_count":0,"_bbp_anonymous_reply_count":0,"_bbp_topic_count_hidden":0,"_bbp_reply_count_hidden":0,"_bbp_forum_subforum_count":0,"footnotes":""},"class_list":["post-2363","page","type-page","status-publish","hentry"],"post_mailing_queue_ids":[],"_links":{"self":[{"href":"https:\/\/agora.xtec.cat\/cfabellavista\/wp-json\/wp\/v2\/pages\/2363","targetHints":{"allow":["GET"]}}],"collection":[{"href":"https:\/\/agora.xtec.cat\/cfabellavista\/wp-json\/wp\/v2\/pages"}],"about":[{"href":"https:\/\/agora.xtec.cat\/cfabellavista\/wp-json\/wp\/v2\/types\/page"}],"author":[{"embeddable":true,"href":"https:\/\/agora.xtec.cat\/cfabellavista\/wp-json\/wp\/v2\/users\/1"}],"replies":[{"embeddable":true,"href":"https:\/\/agora.xtec.cat\/cfabellavista\/wp-json\/wp\/v2\/comments?post=2363"}],"version-history":[{"count":7,"href":"https:\/\/agora.xtec.cat\/cfabellavista\/wp-json\/wp\/v2\/pages\/2363\/revisions"}],"predecessor-version":[{"id":3003,"href":"https:\/\/agora.xtec.cat\/cfabellavista\/wp-json\/wp\/v2\/pages\/2363\/revisions\/3003"}],"up":[{"embeddable":true,"href":"https:\/\/agora.xtec.cat\/cfabellavista\/wp-json\/wp\/v2\/pages\/2509"}],"wp:attachment":[{"href":"https:\/\/agora.xtec.cat\/cfabellavista\/wp-json\/wp\/v2\/media?parent=2363"}],"curies":[{"name":"wp","href":"https:\/\/api.w.org\/{rel}","templated":true}]}}