{"id":21,"date":"2020-07-22T16:14:14","date_gmt":"2020-07-22T14:14:14","guid":{"rendered":"http:\/\/agora.xtec.cat\/cfabellavista\/?page_id=21"},"modified":"2022-03-16T20:00:43","modified_gmt":"2022-03-16T19:00:43","slug":"on-som-2","status":"publish","type":"page","link":"https:\/\/agora.xtec.cat\/cfabellavista\/lescola\/on-som-2\/","title":{"rendered":"On som?"},"content":{"rendered":"<p>El<strong> Centre de Formaci\u00f3 d\u2019Adults Bellavista<\/strong> est\u00e0 situat en el barri Bellavista de Les Franqueses del Vall\u00e8s, al Carrer Rossell\u00f3 37. (molt a prop de l\u2019estaci\u00f3 RENFE de Granollers Nord \u2013 Les Franqueses).<\/p>\n<p>\ud83d\udce8 cfabellavista@xtec.cat<\/p>\n<p>\u260e Tel. 938402653<\/p>\n<div class=\"adr\"><span class=\"street-address\">c. Rossell\u00f3, 37<\/span><br \/>\n<span class=\"postal-code\">08520<\/span>\u00a0<span class=\"locality\">Les Franqueses del Vall\u00e8s<\/span><\/p>\n<div class=\"tel\"><\/div>\n<\/div>\n<p><iframe loading=\"lazy\" src=\"https:\/\/www.google.com\/maps\/embed?pb=!1m18!1m12!1m3!1d2982.781176384666!2d2.2955837155954657!3d41.61724337924369!2m3!1f0!2f0!3f0!3m2!1i1024!2i768!4f13.1!3m3!1m2!1s0x12a4c7d35ef0ad35%3A0xe2d4356d89eda57a!2sCFA+Bellavista!5e0!3m2!1sca!2ses!4v1545222322129\" width=\"800\" height=\"600\" frameborder=\"0\"><\/iframe><br \/>\n<strong>Com arribar-hi:<br \/>\n<\/strong><\/p>\n<ul>\n<li>Tren: Rodalies R2, Les Franqueses &#8211; Granollers nord<\/li>\n<\/ul>\n","protected":false},"excerpt":{"rendered":"<p>El Centre de Formaci\u00f3 d\u2019Adults Bellavista est\u00e0 situat en el barri Bellavista de Les Franqueses del Vall\u00e8s, al Carrer Rossell\u00f3 37. (molt a prop de l\u2019estaci\u00f3 RENFE de Granollers Nord \u2013 Les Franqueses).<br \/>\n\ud83d\udce8 cfabellavista@xtec.cat<br \/>\n\u260e Tel. 938402653<br \/>\nc. Rossell\u00f3, 37<br \/>\n08520\u00a0Les Franqueses del Vall\u00e8s<\/p>\n<p>Com arribar-hi:<\/p>\n<ul>\n<li>Tren: Rodalies R2, Les&hellip;  <a href=\"https:\/\/agora.xtec.cat\/cfabellavista\/lescola\/on-som-2\/\" title=\"Read On som?\">Llegeix m\u00e9s\u00bb<\/a><br \/>\n","protected":false},"author":1,"featured_media":0,"parent":1493,"menu_order":0,"comment_status":"closed","ping_status":"closed","template":"page-templates\/side-menu.php","meta":{"_bbp_topic_count":0,"_bbp_reply_count":0,"_bbp_total_topic_count":0,"_bbp_total_reply_count":0,"_bbp_voice_count":0,"_bbp_anonymous_reply_count":0,"_bbp_topic_count_hidden":0,"_bbp_reply_count_hidden":0,"_bbp_forum_subforum_count":0,"footnotes":""},"class_list":["post-21","page","type-page","status-publish","hentry"],"post_mailing_queue_ids":[],"_links":{"self":[{"href":"https:\/\/agora.xtec.cat\/cfabellavista\/wp-json\/wp\/v2\/pages\/21","targetHints":{"allow":["GET"]}}],"collection":[{"href":"https:\/\/agora.xtec.cat\/cfabellavista\/wp-json\/wp\/v2\/pages"}],"about":[{"href":"https:\/\/agora.xtec.cat\/cfabellavista\/wp-json\/wp\/v2\/types\/page"}],"author":[{"embeddable":true,"href":"https:\/\/agora.xtec.cat\/cfabellavista\/wp-json\/wp\/v2\/users\/1"}],"replies":[{"embeddable":true,"href":"https:\/\/agora.xtec.cat\/cfabellavista\/wp-json\/wp\/v2\/comments?post=21"}],"version-history":[{"count":4,"href":"https:\/\/agora.xtec.cat\/cfabellavista\/wp-json\/wp\/v2\/pages\/21\/revisions"}],"predecessor-version":[{"id":2062,"href":"https:\/\/agora.xtec.cat\/cfabellavista\/wp-json\/wp\/v2\/pages\/21\/revisions\/2062"}],"up":[{"embeddable":true,"href":"https:\/\/agora.xtec.cat\/cfabellavista\/wp-json\/wp\/v2\/pages\/1493"}],"wp:attachment":[{"href":"https:\/\/agora.xtec.cat\/cfabellavista\/wp-json\/wp\/v2\/media?parent=21"}],"curies":[{"name":"wp","href":"https:\/\/api.w.org\/{rel}","templated":true}]}}