{"id":1404,"date":"2024-04-04T08:00:30","date_gmt":"2024-04-04T06:00:30","guid":{"rendered":"http:\/\/agora.xtec.cat\/cfabellavista\/?page_id=1404"},"modified":"2024-05-13T11:52:10","modified_gmt":"2024-05-13T09:52:10","slug":"instruccions-de-pagament-quota-de-material","status":"publish","type":"page","link":"https:\/\/agora.xtec.cat\/cfabellavista\/secretaria\/preu\/instruccions-de-pagament-quota-de-material\/","title":{"rendered":"Instruccions de pagament quota de material CFA Bellavista (NO IOC)"},"content":{"rendered":"<p>Demanem una col\u00b7laboraci\u00f3 amb el pagament d\u2019una <strong>quota de material anual de 20 euros<\/strong>. El pagament es realitzar\u00e0, per transfer\u00e8ncia bancaria, durant el mes de setembre, sempre que estigueu <strong>admesos.<br \/>\n<\/strong><\/p>\n<ol>\n<li>Realitzar una transfer\u00e8ncia banc\u00e0ria <strong>CFA BELLAVISTA amb el n\u00famero de compte bancari:<\/strong><strong> ES21 0182 9766 1002 0021 0805 <\/strong>del banc BBVA.<strong><br \/>\n<\/strong><\/p>\n<ol>\n<li style=\"list-style-type: none;\">\n<ol>\n<li><strong>Import:<\/strong> 20 euros<\/li>\n<li><strong>Concepte:<\/strong> heu d&#8217;indicar el vostre nom i cognoms i l&#8217;ensenyament que fareu.<\/li>\n<\/ol>\n<\/li>\n<\/ol>\n<\/li>\n<li>Haureu de guardar el <strong>resguard de pagament<\/strong> i lliurar-lo el primer dia de classe. Tamb\u00e9 el podeu enviar al correu electr\u00f2nic del centre <span style=\"color: #0000ff;\">cfabellavista@xtec.cat<\/span> o b\u00e9 del vostre professor o professora.<\/li>\n<\/ol>\n<p>&nbsp;<\/p>\n","protected":false},"excerpt":{"rendered":"<p>Demanem una col\u00b7laboraci\u00f3 amb el pagament d\u2019una quota de material anual de 20 euros. El pagament es realitzar\u00e0, per transfer\u00e8ncia bancaria, durant el mes de setembre, sempre que estigueu admesos.<\/p>\n<ol>\n<li>Realitzar una transfer\u00e8ncia banc\u00e0ria CFA BELLAVISTA amb el n\u00famero de compte bancari: ES21 0182 9766 1002&hellip;  <a href=\"https:\/\/agora.xtec.cat\/cfabellavista\/secretaria\/preu\/instruccions-de-pagament-quota-de-material\/\" title=\"Read Instruccions de pagament quota de material CFA Bellavista (NO IOC)\">Llegeix m\u00e9s\u00bb<\/a><br \/>\n","protected":false},"author":1,"featured_media":0,"parent":1374,"menu_order":0,"comment_status":"closed","ping_status":"closed","template":"","meta":{"_bbp_topic_count":0,"_bbp_reply_count":0,"_bbp_total_topic_count":0,"_bbp_total_reply_count":0,"_bbp_voice_count":0,"_bbp_anonymous_reply_count":0,"_bbp_topic_count_hidden":0,"_bbp_reply_count_hidden":0,"_bbp_forum_subforum_count":0,"footnotes":""},"class_list":["post-1404","page","type-page","status-publish","hentry"],"post_mailing_queue_ids":[],"_links":{"self":[{"href":"https:\/\/agora.xtec.cat\/cfabellavista\/wp-json\/wp\/v2\/pages\/1404","targetHints":{"allow":["GET"]}}],"collection":[{"href":"https:\/\/agora.xtec.cat\/cfabellavista\/wp-json\/wp\/v2\/pages"}],"about":[{"href":"https:\/\/agora.xtec.cat\/cfabellavista\/wp-json\/wp\/v2\/types\/page"}],"author":[{"embeddable":true,"href":"https:\/\/agora.xtec.cat\/cfabellavista\/wp-json\/wp\/v2\/users\/1"}],"replies":[{"embeddable":true,"href":"https:\/\/agora.xtec.cat\/cfabellavista\/wp-json\/wp\/v2\/comments?post=1404"}],"version-history":[{"count":6,"href":"https:\/\/agora.xtec.cat\/cfabellavista\/wp-json\/wp\/v2\/pages\/1404\/revisions"}],"predecessor-version":[{"id":2597,"href":"https:\/\/agora.xtec.cat\/cfabellavista\/wp-json\/wp\/v2\/pages\/1404\/revisions\/2597"}],"up":[{"embeddable":true,"href":"https:\/\/agora.xtec.cat\/cfabellavista\/wp-json\/wp\/v2\/pages\/1374"}],"wp:attachment":[{"href":"https:\/\/agora.xtec.cat\/cfabellavista\/wp-json\/wp\/v2\/media?parent=1404"}],"curies":[{"name":"wp","href":"https:\/\/api.w.org\/{rel}","templated":true}]}}